{"id":1287,"date":"2024-09-20T02:54:02","date_gmt":"2024-09-20T02:54:02","guid":{"rendered":"https:\/\/keweicorten.com\/?post_type=product&#038;p=1287"},"modified":"2025-01-15T06:25:33","modified_gmt":"2025-01-15T06:25:33","slug":"fem-kerti-gombok","status":"publish","type":"product","link":"https:\/\/keweicorten.com\/hu\/fem-kerti-gombok\/","title":{"rendered":"f\u00e9m kerti g\u00f6mb\u00f6k"},"content":{"rendered":"<h2>Az id\u0151j\u00e1r\u00e1s\u00e1ll\u00f3 ac\u00e9l t\u0171zgoly\u00f3 jellemz\u0151i \u00e9s tervez\u00e9si felhaszn\u00e1l\u00e1sa:<\/h2>\n<p>Anyagi jellemz\u0151k: Az id\u0151j\u00e1r\u00e1s\u00e1ll\u00f3 ac\u00e9l fel\u00fclete id\u0151vel fokozatosan oxid\u00e1l\u00f3dik, stabil rozsdar\u00e9teget k\u00e9pezve, amely nem csak sz\u00e9p, de nem ig\u00e9nyel k\u00fcl\u00f6n\u00f6sebb karbantart\u00e1st. Ez a v\u00e1ltoz\u00e1s a t\u0171zgoly\u00f3t harmonikusabb\u00e1 teszi a term\u00e9szeti k\u00f6rnyezettel, durva sz\u00e9ps\u00e9get mutatva.<br \/>\nFarag\u00e1s \u00e9s szab\u00e1smint\u00e1k<\/p>\n<p>Mintav\u00e1laszt\u00e1s: Sok f\u00e9m kerti g\u00f6mb fel\u00fclet\u00e9t l\u00e9zerrel faragt\u00e1k ki, \u00e9s \u00f6sszetett mint\u00e1zattal rendelkeznek, mint p\u00e9ld\u00e1ul levelek, mint\u00e1k, \u00e1llatok k\u00e9pei stb. Ezek az \u00fcreges mint\u00e1k gy\u00f6ny\u00f6r\u0171 f\u00e9ny- \u00e9s \u00e1rny\u00e9khat\u00e1st keltenek a l\u00e1ng \u00e9g\u00e9sekor, k\u00fcl\u00f6n\u00f6sen \u00e9jszaka.<br \/>\nMultifunkcion\u00e1lis kialak\u00edt\u00e1s<\/p>\n<p>T\u0171zgoly\u00f3 funkci\u00f3: A f\u00e9m kerti g\u00f6mb\u00f6k t\u0171zrak\u00f3helyk\u00e9nt is haszn\u00e1lhat\u00f3k, f\u00e1t, szenet vagy f\u00f6ldg\u00e1zt \u00e9getve, \u00edgy a szabadt\u00e9ri t\u00e1rsas alkalmak meleg k\u00f6zpontj\u00e1v\u00e1 v\u00e1lnak. Kialak\u00edt\u00e1sa egyszerre funkcion\u00e1lis \u00e9s m\u0171v\u00e9szi.<br \/>\nF\u00e9nyhat\u00e1sok: Az \u00e9jszakai vil\u00e1g\u00edt\u00e1s ut\u00e1n, ak\u00e1r l\u00e1ngok haszn\u00e1lata n\u00e9lk\u00fcl is, t\u00e1jf\u00e9nyk\u00e9nt haszn\u00e1lhat\u00f3k l\u00e1gy megvil\u00e1g\u00edt\u00e1s \u00e9s vizu\u00e1lis hat\u00e1sok biztos\u00edt\u00e1s\u00e1ra.<\/p>\n<div class=\"J_module\">\n<div class=\"detail-decorate-json-renderer-container\">\n<div class=\"magic-10\">\n<figure style=\"width: 550px\" class=\"wp-caption alignnone\"><a href=\"https:\/\/keweicorten.com\/hu\/kapcsolatfelvetel\/\"><img fetchpriority=\"high\" decoding=\"async\" title=\"t\u0171zg\u00f6mb\" src=\"https:\/\/sc04.alicdn.com\/kf\/H86b7111d868b4cfa80c1c85b59d4a6fdD\/232904194\/H86b7111d868b4cfa80c1c85b59d4a6fdD.jpg\" alt=\"\" width=\"550\" height=\"550\" \/><\/a><figcaption class=\"wp-caption-text\">t\u0171zg\u00f6mb<\/figcaption><\/figure>\n<\/div>\n<\/div>\n<\/div>","protected":false},"excerpt":{"rendered":"<p><strong>Corten ac\u00e9l f\u00e9m kerti g\u00f6mb\u00f6k<\/strong><\/p>\n<ul>\n<li><strong>Anyag:<\/strong> A corten ac\u00e9l id\u0151vel term\u00e9szetes m\u00f3don \u00f6regszik, \u00e9s gy\u00f6ny\u00f6r\u0171 rozsd\u00e1s patin\u00e1t kap. F\u00f6ldes, organikus megjelen\u00e9st k\u00f6lcs\u00f6n\u00f6z kertj\u00e9nek.<\/li>\n<li><strong>Tervez\u00e9si felhaszn\u00e1l\u00e1s:<\/strong> Ezek a g\u00f6mb\u00f6k nagyszer\u0171ek \u00f6n\u00e1ll\u00f3 szobork\u00e9nt, de vir\u00e1g\u00e1gy\u00e1sokba vagy sziklakertekbe is be\u00e9p\u00edthet\u0151k.<\/li>\n<li><strong>Vil\u00e1g\u00edt\u00e1si lehet\u0151s\u00e9g:<\/strong> Egyes cortenac\u00e9l g\u00f6mb\u00f6k \u00fcregesek, kiv\u00e1gott mint\u00e1kkal, amelyek bel\u00fclr\u0151l vil\u00e1g\u00edthat\u00f3k, hogy \u00e9jszaka vil\u00e1g\u00edt\u00f3 hat\u00e1st keltsenek.<\/li>\n<\/ul>","protected":false},"featured_media":1288,"comment_status":"open","ping_status":"closed","template":"","meta":{"_eb_attr":"","_monsterinsights_skip_tracking":false,"_monsterinsights_sitenote_active":false,"_monsterinsights_sitenote_note":"","_monsterinsights_sitenote_category":0,"_uf_show_specific_survey":0,"_uf_disable_surveys":false},"product_brand":[],"product_cat":[54],"product_tag":[],"class_list":{"0":"post-1287","1":"product","2":"type-product","3":"status-publish","4":"has-post-thumbnail","6":"product_cat-wood-fire-pit","8":"first","9":"instock","10":"shipping-taxable","11":"product-type-simple"},"_links":{"self":[{"href":"https:\/\/keweicorten.com\/hu\/wp-json\/wp\/v2\/product\/1287"}],"collection":[{"href":"https:\/\/keweicorten.com\/hu\/wp-json\/wp\/v2\/product"}],"about":[{"href":"https:\/\/keweicorten.com\/hu\/wp-json\/wp\/v2\/types\/product"}],"replies":[{"embeddable":true,"href":"https:\/\/keweicorten.com\/hu\/wp-json\/wp\/v2\/comments?post=1287"}],"version-history":[{"count":1,"href":"https:\/\/keweicorten.com\/hu\/wp-json\/wp\/v2\/product\/1287\/revisions"}],"predecessor-version":[{"id":1289,"href":"https:\/\/keweicorten.com\/hu\/wp-json\/wp\/v2\/product\/1287\/revisions\/1289"}],"wp:featuredmedia":[{"embeddable":true,"href":"https:\/\/keweicorten.com\/hu\/wp-json\/wp\/v2\/media\/1288"}],"wp:attachment":[{"href":"https:\/\/keweicorten.com\/hu\/wp-json\/wp\/v2\/media?parent=1287"}],"wp:term":[{"taxonomy":"product_brand","embeddable":true,"href":"https:\/\/keweicorten.com\/hu\/wp-json\/wp\/v2\/product_brand?post=1287"},{"taxonomy":"product_cat","embeddable":true,"href":"https:\/\/keweicorten.com\/hu\/wp-json\/wp\/v2\/product_cat?post=1287"},{"taxonomy":"product_tag","embeddable":true,"href":"https:\/\/keweicorten.com\/hu\/wp-json\/wp\/v2\/product_tag?post=1287"}],"curies":[{"name":"wp","href":"https:\/\/api.w.org\/{rel}","templated":true}]}}