{"id":1290,"date":"2024-09-20T03:07:47","date_gmt":"2024-09-20T03:07:47","guid":{"rendered":"https:\/\/keweicorten.com\/?post_type=product&#038;p=1290"},"modified":"2025-01-15T06:25:15","modified_gmt":"2025-01-15T06:25:15","slug":"tuzgolyo-tuzgodor","status":"publish","type":"product","link":"https:\/\/keweicorten.com\/hu\/tuzgolyo-tuzgodor\/","title":{"rendered":"t\u0171zgoly\u00f3 t\u0171zg\u00f6d\u00f6r"},"content":{"rendered":"<table>\n<tbody>\n<tr>\n<td colspan=\"1\" rowspan=\"1\">\n<div data-spm-anchor-id=\"a2700.details.0.i33.12296f7bDBOMdC\">Term\u00e9k neve<\/div>\n<\/td>\n<td colspan=\"4\" rowspan=\"1\">\n<div>Corten ac\u00e9l orsz\u00e1g t\u00e9ma G\u00f6mb k\u00fclt\u00e9ri t\u0171zrak\u00f3helyek G\u00f6mb<\/div>\n<\/td>\n<\/tr>\n<tr>\n<td colspan=\"1\" rowspan=\"1\">\n<div>Anyag<\/div>\n<\/td>\n<td colspan=\"4\" rowspan=\"1\">\n<div>Corten ac\u00e9l, rozsdamentes ac\u00e9l<\/div>\n<\/td>\n<\/tr>\n<tr>\n<td colspan=\"1\" rowspan=\"1\">\n<div>M\u00e9ret<\/div>\n<\/td>\n<td colspan=\"4\" rowspan=\"1\">\n<div>600mm\/800mm\/1000mm1200mm vagy testreszabva<\/div>\n<\/td>\n<\/tr>\n<tr>\n<td colspan=\"1\" rowspan=\"1\">\n<div>Fel\u00fclet<\/div>\n<\/td>\n<td colspan=\"4\" rowspan=\"1\">\n<div>\u00a0el\u0151rozsd\u00e1s\u00edtott<\/div>\n<\/td>\n<\/tr>\n<tr>\n<td colspan=\"1\" rowspan=\"1\">\n<div>Technol\u00f3gia<\/div>\n<\/td>\n<td colspan=\"4\" rowspan=\"1\">\n<div>\u00a0L\u00e9zerv\u00e1g\u00e1s, hajl\u00edt\u00e1s, lyukaszt\u00e1s, hegeszt\u00e9s, id\u0151j\u00e1r\u00e1s-v\u00e9delem<\/div>\n<\/td>\n<\/tr>\n<tr>\n<td colspan=\"1\" rowspan=\"1\">\n<div>Alkalmaz\u00e1s<\/div>\n<\/td>\n<td colspan=\"4\" rowspan=\"1\">\n<div>K\u00fclt\u00e9ri vagy udvari dekor\u00e1ci\u00f3<\/div>\n<\/td>\n<\/tr>\n<\/tbody>\n<\/table>\n<div class=\"magic-13\" data-spm-anchor-id=\"a2700.details.0.i42.4bbf1dd4ILKWXr\"><span class=\"magic-26\" data-spm-anchor-id=\"a2700.details.0.i44.4bbf1dd4ILKWXr\">Ez a k\u00fclt\u00e9ri fat\u00fczel\u00e9s\u0171 t\u0171zg\u00f6mb t\u0171zrak\u00f3hely egyedi f\u00f3kuszpontot ad a k\u00fclt\u00e9ri sz\u00f3rakoz\u00f3helynek. A t\u0171zg\u00f6mb t\u0171zrak\u00f3hely \u00f6nt\u00f6ttvas szerkezet\u0171, oxid\u00e1lt fel\u00fclet\u0171, rusztikus \u00e9s b\u00e1jos megjelen\u00e9s\u0171. R\u00e1ad\u00e1sul a csillagkiv\u00e1g\u00e1sok seg\u00edtenek extra hangulatot var\u00e1zsolni a teraszra. Ez a t\u0171zrak\u00f3hely mind\u00f6ssze k\u00e9t darabb\u00f3l \u00e1ll, \u00edgy \u00d6nnek csak annyit kell tennie, hogy a g\u00f6mb\u00f6t a henger\u00e1llv\u00e1nyra helyezi, \u00e9s m\u00e1ris <\/span><span class=\"magic-25\" style=\"font-family: Arial;\">haszn\u00e1latra k\u00e9szen \u00e1ll.<\/span><\/div>\n<div data-spm-anchor-id=\"a2700.details.0.i43.4bbf1dd4ILKWXr\">\n<div class=\"text-title\">\n<div>\n<figure style=\"width: 692px\" class=\"wp-caption alignnone\"><a href=\"https:\/\/keweicorten.com\/hu\"><img fetchpriority=\"high\" decoding=\"async\" title=\"t\u0171zg\u00f6mb t\u0171zg\u00f6d\u00f6r\" src=\"https:\/\/sc04.alicdn.com\/kf\/H0e8d0afa3c4a434eba89d3359ef061381\/235088504\/H0e8d0afa3c4a434eba89d3359ef061381.jpg\" alt=\"\" width=\"692\" height=\"692\" \/><\/a><figcaption class=\"wp-caption-text\">t\u0171zg\u00f6mb t\u0171zg\u00f6d\u00f6r<\/figcaption><\/figure>\n<\/div>\n<div class=\"magic-23\"><b class=\"magic-24\"><span class=\"magic-4\" data-spm-anchor-id=\"a2700.details.0.i45.4bbf1dd4ILKWXr\">Biztons\u00e1gi tippek<\/span><\/b><\/div>\n<\/div>\n<div class=\"text-content\">\n<div><span class=\"magic-32\" style=\"font-family: Arial;\"><b>\u00a0<\/b><\/span><\/div>\n<p><span class=\"magic-32\" style=\"font-family: Arial;\">T\u0171zrak\u00f3hely\u00e9t 10 l\u00e1b t\u00e1vols\u00e1gra helyezze el b\u00e1rmely \u00e9p\u00edtm\u00e9nyt\u0151l vagy szomsz\u00e9dos udvart\u00f3l.<\/span><\/div>\n<div class=\"text-content\"><span class=\"magic-32\" style=\"font-family: Arial;\">Ne helyezze a t\u0171zrak\u00f3helyet fedett veranda, f\u00e1k vagy f\u00e1b\u00f3l k\u00e9sz\u00fclt fed\u00e9lzet al\u00e1.<br \/>\nA t\u0171zgy\u00fajt\u00e1s el\u0151tt t\u00f6bb mint 5 l\u00e1bnyi t\u00e1vols\u00e1gra kell lennie a gy\u00fal\u00e9kony anyagoknak.<br \/>\nNe haszn\u00e1lja a t\u0171zrak\u00f3helyet, ha t\u00fal szeles vagy t\u00fal sz\u00e1raz az id\u0151.<br \/>\nSoha ne hagyja fel\u00fcgyelet n\u00e9lk\u00fcl a t\u0171zrak\u00f3helyet, mivel a sz\u00e9l gyorsan szikr\u00e1kat r\u00faghat ki.<br \/>\nMindig haszn\u00e1ljon piszkavasat, amikor a t\u0171zrak\u00f3helyen pr\u00f3b\u00e1lja mozgatni a r\u00f6nk\u00f6ket.<br \/>\nHaszn\u00e1ljon szikrasz\u0171r\u0151t, hogy a parazsat a t\u0171zrak\u00f3helyen bel\u00fcl tartsa.<\/span><\/div>\n<div>\n<div class=\"J_module\">\n<div class=\"detail-decorate-json-renderer-container\">\n<div class=\"magic-19\">\n<div class=\"magic-20\">\n<div class=\"magic-21\">\n<div><\/div>\n<div class=\"magic-22\"><span class=\"magic-23\" data-spm-anchor-id=\"a2700.details.0.i42.e46844d4FPSStc\">A t\u0171zrak\u00f3 t\u00e1l Corten ac\u00e9lb\u00f3l (vagy id\u0151j\u00e1r\u00e1s\u00e1ll\u00f3 ac\u00e9lb\u00f3l) k\u00e9sz\u00fclt, amely egy olyan \u00f6tv\u00f6zet, amely term\u00e9szetesen rozsdabevonatot k\u00e9pez az els\u0151 9 h\u00f3nap alatt, amikor az id\u0151j\u00e1r\u00e1snak kitett. \u00c9rdekes m\u00f3don, ennek a speci\u00e1lis \u00f6tv\u00f6zetnek az \u00f6sszet\u00e9tele miatt ez a rozsdabevonat egy v\u00e9d\u0151r\u00e9teget k\u00e9pez, amely megakad\u00e1lyozza a tov\u00e1bbi rozsd\u00e1sod\u00e1st. Az alatta l\u00e9v\u0151 ac\u00e9l s\u00e9rtetlen marad, mivel a k\u00fcls\u0151 r\u00e9teg tov\u00e1bbra is v\u00e9di \u00e9s regener\u00e1lja a v\u00edz \u00e9s az oxig\u00e9n hat\u00e1s\u00e1nak kit\u00e9ve.<\/span><\/div>\n<\/div>\n<\/div>\n<\/div>\n<\/div>\n<\/div>\n<div class=\"J_module\">\n<div class=\"icbu-pc-images magic-1\">\n<div>\n<div class=\"flex-layout-v\">\n<div class=\"flex-layout-h magic-1\">\n<div class=\"magic-24\">\n<figure style=\"width: 715px\" class=\"wp-caption alignnone\"><a href=\"https:\/\/keweicorten.com\/hu\"><img decoding=\"async\" class=\"magic-25\" title=\"t\u0171zrak\u00f3hely\" src=\"https:\/\/sc04.alicdn.com\/kf\/Hf12500ad95134ae791d1dd097784240aV\/230328874\/Hf12500ad95134ae791d1dd097784240aV.jpg\" alt=\"\" width=\"715\" height=\"536\" data-src=\"\/\/sc04.alicdn.com\/kf\/Hf12500ad95134ae791d1dd097784240aV\/230328874\/Hf12500ad95134ae791d1dd097784240aV.jpg\" data-spm-anchor-id=\"a2700.details.0.i43.e46844d4FPSStc\" \/><\/a><figcaption class=\"wp-caption-text\">t\u0171zrak\u00f3hely<\/figcaption><\/figure>\n<\/div>\n<\/div>\n<\/div>\n<\/div>\n<\/div>\n<\/div>\n<\/div>\n<\/div>","protected":false},"excerpt":{"rendered":"<p>Product name Corten Steel Country Theme Sphere Outdoor Firepits Sphere Material Corten steel, stainless steel Size 600mm\/800mm\/1000mm1200mm or customized Surface \u00a0pre-rusted Technology \u00a0Laser cut, bending, punching, welding,weathering Application Outdoor Or Courtyard Decor This outdoor wood-burning fire ball fire pit will add a unique focal point to your outdoor entertaining space. The fire ball fire pit [&hellip;]<\/p>","protected":false},"featured_media":1291,"comment_status":"open","ping_status":"closed","template":"","meta":{"_eb_attr":"","_monsterinsights_skip_tracking":false,"_monsterinsights_sitenote_active":false,"_monsterinsights_sitenote_note":"","_monsterinsights_sitenote_category":0,"_uf_show_specific_survey":0,"_uf_disable_surveys":false},"product_brand":[],"product_cat":[54],"product_tag":[],"class_list":{"0":"post-1290","1":"product","2":"type-product","3":"status-publish","4":"has-post-thumbnail","6":"product_cat-wood-fire-pit","8":"first","9":"instock","10":"shipping-taxable","11":"product-type-simple"},"_links":{"self":[{"href":"https:\/\/keweicorten.com\/hu\/wp-json\/wp\/v2\/product\/1290"}],"collection":[{"href":"https:\/\/keweicorten.com\/hu\/wp-json\/wp\/v2\/product"}],"about":[{"href":"https:\/\/keweicorten.com\/hu\/wp-json\/wp\/v2\/types\/product"}],"replies":[{"embeddable":true,"href":"https:\/\/keweicorten.com\/hu\/wp-json\/wp\/v2\/comments?post=1290"}],"version-history":[{"count":1,"href":"https:\/\/keweicorten.com\/hu\/wp-json\/wp\/v2\/product\/1290\/revisions"}],"predecessor-version":[{"id":1292,"href":"https:\/\/keweicorten.com\/hu\/wp-json\/wp\/v2\/product\/1290\/revisions\/1292"}],"wp:featuredmedia":[{"embeddable":true,"href":"https:\/\/keweicorten.com\/hu\/wp-json\/wp\/v2\/media\/1291"}],"wp:attachment":[{"href":"https:\/\/keweicorten.com\/hu\/wp-json\/wp\/v2\/media?parent=1290"}],"wp:term":[{"taxonomy":"product_brand","embeddable":true,"href":"https:\/\/keweicorten.com\/hu\/wp-json\/wp\/v2\/product_brand?post=1290"},{"taxonomy":"product_cat","embeddable":true,"href":"https:\/\/keweicorten.com\/hu\/wp-json\/wp\/v2\/product_cat?post=1290"},{"taxonomy":"product_tag","embeddable":true,"href":"https:\/\/keweicorten.com\/hu\/wp-json\/wp\/v2\/product_tag?post=1290"}],"curies":[{"name":"wp","href":"https:\/\/api.w.org\/{rel}","templated":true}]}}