{"id":1293,"date":"2024-09-20T03:24:33","date_gmt":"2024-09-20T03:24:33","guid":{"rendered":"https:\/\/keweicorten.com\/?post_type=product&#038;p=1293"},"modified":"2025-01-15T06:25:05","modified_gmt":"2025-01-15T06:25:05","slug":"tuzgomb","status":"publish","type":"product","link":"https:\/\/keweicorten.com\/hu\/tuzgomb\/","title":{"rendered":"g\u00f6mb alak\u00fa t\u0171zrak\u00f3hely"},"content":{"rendered":"<p>A kerti g\u00f6mb alak\u00fa t\u0171zrak\u00f3hely egy m\u0171v\u00e9szi szabadt\u00e9ri t\u0171zrak\u00f3hely, amely \u00e1ltal\u00e1ban g\u00f6mb alak\u00fa, a fel\u00fclet\u00e9n d\u00edszes kiv\u00e1g\u00e1sokkal, p\u00e9ld\u00e1ul f\u00e1kkal, \u00e1llatokkal, geometriai form\u00e1kkal vagy term\u00e9szeti t\u00e1jakkal. Ezek az \u00fcreges kialak\u00edt\u00e1sok lehet\u0151v\u00e9 teszik, hogy a l\u00e1ng f\u00e9nye \u00e1thaladjon a g\u00f6mb\u00f6n, \u00e9s \u00edgy egy nagyon egyedi vizu\u00e1lis hat\u00e1st \u00e9rjenek el, amely egyszerre sz\u00e9p \u00e9s praktikus. Gyakran haszn\u00e1lj\u00e1k \u0151ket udvarokon, teraszokon vagy kertekben, mind t\u00e1jd\u00edsz\u00edt\u00e9sk\u00e9nt, mind pedig a szabadt\u00e9ri \u00f6sszej\u00f6vetelek meleg\u00e9nek \u00e9s f\u00e9ny\u00e9nek biztos\u00edt\u00e1s\u00e1ra.<\/p>\n<p>Anyag\u00e1t tekintve a kerti t\u0171zg\u00f6mb \u00e1ltal\u00e1ban magas h\u0151m\u00e9rs\u00e9kletnek ellen\u00e1ll\u00f3 anyagokb\u00f3l, p\u00e9ld\u00e1ul Corten ac\u00e9lb\u00f3l vagy \u00f6nt\u00f6ttvasb\u00f3l k\u00e9sz\u00fcl, amelyek hossz\u00fa ideig haszn\u00e1lhat\u00f3k k\u00fcl\u00f6nb\u00f6z\u0151 \u00e9ghajlati viszonyok k\u00f6z\u00f6tt, \u00e9s id\u0151vel az id\u0151j\u00e1r\u00e1snak kitett ac\u00e9l term\u00e9szetes rozsdar\u00e9teget k\u00e9pez, ami tov\u00e1bb fokozza a sz\u00e9ps\u00e9g\u00e9t.<\/p>\n<ul>\n<li><strong>Fat\u00fczel\u00e9s<\/strong>: Ezt a t\u0171zrak\u00f3helyt\u00edpust fa \u00e9get\u00e9s\u00e9re tervezt\u00e9k, amely autentikus szabadt\u00e9ri t\u0171z \u00e9lm\u00e9ny\u00e9t ny\u00fajtja. Meleget \u00e9s hangulatot biztos\u00edt, \u00edgy t\u00f6k\u00e9letes kerti partikhoz, szabadt\u00e9ri \u00f6sszej\u00f6vetelekhez, vagy csak a h\u00e1ts\u00f3 udvarban val\u00f3 pihen\u00e9shez.<\/li>\n<li><strong>G\u00f6mb alak\u00fa<\/strong>: A g\u00f6mb alak\u00fa kialak\u00edt\u00e1s nem csak egyed\u00fcl\u00e1ll\u00f3an n\u00e9z ki, de seg\u00edt a t\u0171z befogad\u00e1s\u00e1ban is, lehet\u0151v\u00e9 t\u00e9ve a jobb l\u00e9g\u00e1raml\u00e1st, hogy a t\u0171z hat\u00e9konyan \u00e9gjen.<\/li>\n<\/ul>\n<figure style=\"width: 600px\" class=\"wp-caption alignnone\"><a href=\"https:\/\/keweicorten.com\/hu\/kapcsolatfelvetel\/\"><img fetchpriority=\"high\" decoding=\"async\" title=\"g\u00f6mb alak\u00fa t\u0171zrak\u00f3hely\" src=\"https:\/\/sc04.alicdn.com\/kf\/H346972e3a97f45569d86468b4be3ba7eE\/268101461\/H346972e3a97f45569d86468b4be3ba7eE.jpg\" alt=\"\" width=\"600\" height=\"600\" \/><\/a><figcaption class=\"wp-caption-text\">g\u00f6mb alak\u00fa t\u0171zrak\u00f3hely<\/figcaption><\/figure>\n<table class=\"is-zebra all magic-18\" style=\"height: 253px;\" width=\"666\">\n<tbody>\n<tr>\n<td colspan=\"1\" rowspan=\"1\">\n<div class=\"magic-19\" data-spm-anchor-id=\"a2700.details.0.i39.61a77bc0e2PXFi\"><b>Term\u00e9k neve<\/b><\/div>\n<\/td>\n<td colspan=\"1\" rowspan=\"1\">\n<div class=\"magic-20\">L\u00e9zerv\u00e1gott f\u00e9m t\u0171zg\u00f6d\u00f6r Corten ac\u00e9l t\u0171zg\u00f6mb<\/div>\n<\/td>\n<\/tr>\n<tr>\n<td colspan=\"1\" rowspan=\"1\">\n<div class=\"magic-19\"><b>T\u00edpus<\/b><\/div>\n<\/td>\n<td colspan=\"1\" rowspan=\"1\">\n<div class=\"magic-20\">G\u00f6mb t\u0171zg\u00f6d\u00f6r<\/div>\n<\/td>\n<\/tr>\n<tr>\n<td colspan=\"1\" rowspan=\"1\">\n<div class=\"magic-19\"><b>Anyag<\/b><\/div>\n<\/td>\n<td colspan=\"1\" rowspan=\"1\">\n<div class=\"magic-20\">Corten ac\u00e9l, rozsdamentes ac\u00e9l<\/div>\n<\/td>\n<\/tr>\n<tr>\n<td colspan=\"1\" rowspan=\"1\">\n<div class=\"magic-19\"><b>M\u00e9ret<\/b><\/div>\n<\/td>\n<td colspan=\"1\" rowspan=\"1\">\n<div class=\"magic-20\">Diameter:600mm,800mm,1000mm.   Vastags\u00e1g: vastags\u00e1g: 3mm<\/div>\n<\/td>\n<\/tr>\n<tr>\n<td colspan=\"1\" rowspan=\"1\">\n<div class=\"magic-19\"><b>Technol\u00f3gia<\/b><\/div>\n<\/td>\n<td colspan=\"1\" rowspan=\"1\">\n<div class=\"magic-20\">Bizony\u00edt\u00e1s, l\u00e9zerv\u00e1g\u00e1s, hajl\u00edt\u00e1s, lyukaszt\u00e1s, hegeszt\u00e9s, rozsd\u00e1sod\u00e1s<\/div>\n<\/td>\n<\/tr>\n<tr>\n<td colspan=\"1\" rowspan=\"1\">\n<div class=\"magic-19\"><b>Fel\u00fcletkezel\u00e9s<\/b><\/div>\n<\/td>\n<td colspan=\"1\" rowspan=\"1\">\n<div class=\"magic-20\">El\u0151re rozsd\u00e1s\u00edtott, fekete festett, testre szabhat\u00f3<\/div>\n<\/td>\n<\/tr>\n<tr>\n<td colspan=\"1\" rowspan=\"1\">\n<div class=\"magic-19\"><b>Csomag<\/b><\/div>\n<\/td>\n<td colspan=\"1\" rowspan=\"1\">\n<div class=\"magic-20\">Bel\u00fcl: K\u00edv\u00fcl: kop\u00e1sg\u00e1tl\u00f3 habpap\u00edr, k\u00edv\u00fcl: Karton doboz<\/div>\n<\/td>\n<\/tr>\n<tr>\n<td colspan=\"1\" rowspan=\"1\">\n<div class=\"magic-19\"><b>MOQ<\/b><\/div>\n<\/td>\n<td colspan=\"1\" rowspan=\"1\">\n<div class=\"magic-20\">10 darab<\/div>\n<\/td>\n<\/tr>\n<tr>\n<td colspan=\"1\" rowspan=\"1\">\n<div class=\"magic-19\"><b>OEM &amp; ODM<\/b><\/div>\n<\/td>\n<td colspan=\"1\" rowspan=\"1\">\n<div class=\"magic-20\">Testreszabott szolg\u00e1ltat\u00e1s \u00e1ll rendelkez\u00e9sre.<\/div>\n<\/td>\n<\/tr>\n<\/tbody>\n<\/table>\n<figure style=\"width: 750px\" class=\"wp-caption alignnone\"><a href=\"https:\/\/keweicorten.com\/hu\"><img decoding=\"async\" title=\"t\u0171zgoly\u00f3\" src=\"https:\/\/sc01.alicdn.com\/kf\/H7386550bb1674ba28c2ba45229edb1fe5\/235950374\/H7386550bb1674ba28c2ba45229edb1fe5.jpg\" alt=\"\" width=\"750\" height=\"558\" \/><\/a><figcaption class=\"wp-caption-text\">t\u0171zgoly\u00f3<\/figcaption><\/figure>","protected":false},"excerpt":{"rendered":"<p><span data-spm-anchor-id=\"a2700.details.0.i40.4b3768b038lsUz\">Ez az 1000 mm-es g\u00f6mb 4 mm vastag corten ac\u00e9lb\u00f3l k\u00e9sz\u00fclt, rozsda patin\u00e1s kivitelben.<\/span><\/p>\n<div>Minden t\u0171zt\u00e1lhoz sz\u00e1mozott f\u00e9mlemez tartozik, amely biztos\u00edtja, hogy minden k\u00e9zzel k\u00e9sz\u00edtett t\u0171zrak\u00f3hely egyedi m\u0171alkot\u00e1s.<\/div>","protected":false},"featured_media":1294,"comment_status":"open","ping_status":"closed","template":"","meta":{"_eb_attr":"","_monsterinsights_skip_tracking":false,"_monsterinsights_sitenote_active":false,"_monsterinsights_sitenote_note":"","_monsterinsights_sitenote_category":0,"_uf_show_specific_survey":0,"_uf_disable_surveys":false},"product_brand":[],"product_cat":[62,20],"product_tag":[],"class_list":{"0":"post-1293","1":"product","2":"type-product","3":"status-publish","4":"has-post-thumbnail","6":"product_cat-corten-sculpture","7":"product_cat-fire-pit","9":"first","10":"instock","11":"shipping-taxable","12":"product-type-simple"},"_links":{"self":[{"href":"https:\/\/keweicorten.com\/hu\/wp-json\/wp\/v2\/product\/1293"}],"collection":[{"href":"https:\/\/keweicorten.com\/hu\/wp-json\/wp\/v2\/product"}],"about":[{"href":"https:\/\/keweicorten.com\/hu\/wp-json\/wp\/v2\/types\/product"}],"replies":[{"embeddable":true,"href":"https:\/\/keweicorten.com\/hu\/wp-json\/wp\/v2\/comments?post=1293"}],"version-history":[{"count":1,"href":"https:\/\/keweicorten.com\/hu\/wp-json\/wp\/v2\/product\/1293\/revisions"}],"predecessor-version":[{"id":1295,"href":"https:\/\/keweicorten.com\/hu\/wp-json\/wp\/v2\/product\/1293\/revisions\/1295"}],"wp:featuredmedia":[{"embeddable":true,"href":"https:\/\/keweicorten.com\/hu\/wp-json\/wp\/v2\/media\/1294"}],"wp:attachment":[{"href":"https:\/\/keweicorten.com\/hu\/wp-json\/wp\/v2\/media?parent=1293"}],"wp:term":[{"taxonomy":"product_brand","embeddable":true,"href":"https:\/\/keweicorten.com\/hu\/wp-json\/wp\/v2\/product_brand?post=1293"},{"taxonomy":"product_cat","embeddable":true,"href":"https:\/\/keweicorten.com\/hu\/wp-json\/wp\/v2\/product_cat?post=1293"},{"taxonomy":"product_tag","embeddable":true,"href":"https:\/\/keweicorten.com\/hu\/wp-json\/wp\/v2\/product_tag?post=1293"}],"curies":[{"name":"wp","href":"https:\/\/api.w.org\/{rel}","templated":true}]}}