{"id":1296,"date":"2024-09-20T07:01:54","date_gmt":"2024-09-20T07:01:54","guid":{"rendered":"https:\/\/keweicorten.com\/?post_type=product&#038;p=1296"},"modified":"2025-01-15T06:24:54","modified_gmt":"2025-01-15T06:24:54","slug":"corten-kerti-paravanok","status":"publish","type":"product","link":"https:\/\/keweicorten.com\/hu\/corten-kerti-paravanok\/","title":{"rendered":"corten kerti parav\u00e1nok"},"content":{"rendered":"<h2>A Corten kerti k\u00e9perny\u0151k f\u0151 jellemz\u0151i:<\/h2>\n<ol>\n<li><strong>Anyag<\/strong>:\n<ul>\n<li><strong>Corten ac\u00e9l<\/strong>: Az id\u0151j\u00e1r\u00e1s\u00e1ll\u00f3 tulajdons\u00e1gair\u00f3l ismert cortenac\u00e9l stabil rozsdaszer\u0171 megjelen\u00e9st k\u00f6lcs\u00f6n\u00f6z az elemeknek val\u00f3 kitetts\u00e9g ut\u00e1n. Ez a patina megv\u00e9di az ac\u00e9lt a tov\u00e1bbi korr\u00f3zi\u00f3t\u00f3l, \u00edgy ide\u00e1lis a hossz\u00fa t\u00e1v\u00fa k\u00fclt\u00e9ri haszn\u00e1latra.<\/li>\n<li><strong>Alacsony karbantart\u00e1s<\/strong>: Miut\u00e1n a rozsdav\u00e9d\u0151 r\u00e9teg kialakul, a parav\u00e1nok nagyon kev\u00e9s karbantart\u00e1st ig\u00e9nyelnek, mivel a patina megv\u00e9di az alatta l\u00e9v\u0151 f\u00e9met a tov\u00e1bbi roml\u00e1st\u00f3l.<\/li>\n<\/ul>\n<\/li>\n<li><strong>Tervez\u00e9s<\/strong>:\n<ul>\n<li><strong>Mint\u00e1s kiv\u00e1g\u00e1sok<\/strong>: A Corten kerti parav\u00e1nok jellemz\u0151en bonyolult l\u00e9zerv\u00e1gott vagy k\u00e9zzel v\u00e1gott mint\u00e1kkal rendelkeznek, az absztrakt geometriai mint\u00e1kt\u00f3l kezdve a term\u00e9szet ihlette mot\u00edvumokig, mint p\u00e9ld\u00e1ul levelek, f\u00e1k vagy vir\u00e1gok. Ezek a kiv\u00e1g\u00e1sok \u00e1tengedik a f\u00e9nyt, leny\u0171g\u00f6z\u0151 \u00e1rny\u00e9kokat \u00e9s vizu\u00e1lis hat\u00e1sokat l\u00e9trehozva.<\/li>\n<li><strong>Testreszabhat\u00f3<\/strong>: Sok corten k\u00e9perny\u0151 testre szabhat\u00f3, hogy megfeleljen az egy\u00e9ni tervez\u00e9si preferenci\u00e1knak, bele\u00e9rtve a m\u00e9retet, a mint\u00e1t \u00e9s az alakot.<\/li>\n<\/ul>\n<\/li>\n<li><strong>Felhaszn\u00e1l\u00e1sok<\/strong>:\n<ul>\n<li><strong>Adatv\u00e9delmi k\u00e9perny\u0151k<\/strong>: A Corten parav\u00e1nok priv\u00e1t k\u00fclt\u00e9ri ter\u00fcletek kialak\u00edt\u00e1s\u00e1ra haszn\u00e1lhat\u00f3k, amelyek a kert vagy a terasz egyes r\u00e9szeit elrejtik a kil\u00e1t\u00e1st\u00f3l, mik\u00f6zben a kiv\u00e1g\u00e1soknak k\u00f6sz\u00f6nhet\u0151en nyitott, szell\u0151s \u00e9rz\u00e9st keltenek.<\/li>\n<li><strong>Kerti v\u00e1laszfalak<\/strong>: Ezek a kerti t\u00e9relv\u00e1laszt\u00f3k\u00e9nt is szolg\u00e1lhatnak, seg\u00edtve a kert k\u00fcl\u00f6nb\u00f6z\u0151 ter\u00fcleteinek elk\u00fcl\u00f6n\u00edt\u00e9s\u00e9t a k\u00fcl\u00f6nb\u00f6z\u0151 felhaszn\u00e1l\u00e1si c\u00e9lokra (pl. \u00e9tkez\u0151, pihen\u0151 vagy \u00fcltet\u00e9si z\u00f3n\u00e1k).<\/li>\n<li><strong>Dekorat\u00edv elemek<\/strong>: A gyakorlati alkalmaz\u00e1s mellett a corten parav\u00e1nokat gyakran puszt\u00e1n eszt\u00e9tikai c\u00e9lokra is haszn\u00e1lj\u00e1k, m\u0171v\u00e9szi elemet adva a k\u00fclt\u00e9ri t\u00e9rnek.<\/li>\n<li><strong>K\u00fasz\u00f3n\u00f6v\u00e9ny-t\u00e1mogat\u00e1s<\/strong>: A Corten parav\u00e1nok r\u00e1csk\u00e9nt is szolg\u00e1lhatnak a k\u00fasz\u00f3n\u00f6v\u00e9nyek sz\u00e1m\u00e1ra, \u00e9s f\u00e9mszer\u0171 megjelen\u00e9s\u00fckh\u00f6z z\u00f6ldet adhatnak.<\/li>\n<\/ul>\n<\/li>\n<li><strong>Id\u0151j\u00e1r\u00e1s\u00e1ll\u00f3s\u00e1g<\/strong>:\n<ul>\n<li><strong>Tart\u00f3s minden k\u00f6r\u00fclm\u00e9nyek k\u00f6z\u00f6tt<\/strong>: A cortenac\u00e9l id\u0151j\u00e1r\u00e1si folyamata adja az erej\u00e9t, \u00edgy a corten k\u00e9perny\u0151k ellen\u00e1llnak az es\u0151nek, a sz\u00e9lnek \u00e9s a napnak an\u00e9lk\u00fcl, hogy szerkezetileg romlan\u00e1nak.<\/li>\n<\/ul>\n<\/li>\n<li><strong>M\u00e9retek \u00e9s telep\u00edt\u00e9s<\/strong>:\n<ul>\n<li><strong>Sokoldal\u00fas\u00e1g<\/strong>: A Corten kerti parav\u00e1nok k\u00fcl\u00f6nb\u00f6z\u0151 m\u00e9retekben kaphat\u00f3k, hogy megfeleljenek a k\u00fcl\u00f6nb\u00f6z\u0151 tereknek \u00e9s ig\u00e9nyeknek.<\/li>\n<li><strong>Szabadon \u00e1ll\u00f3 vagy falra szerelhet\u0151<\/strong>: A f\u00f6ldbe helyezhet\u0151k szabadon \u00e1ll\u00f3 parav\u00e1nk\u00e9nt, vagy megl\u00e9v\u0151 szerkezetekhez, p\u00e9ld\u00e1ul falakhoz vagy ker\u00edt\u00e9sekhez csatlakoztathat\u00f3k.<\/li>\n<\/ul>\n<\/li>\n<\/ol>\n<h2>A Corten kerti parav\u00e1nok el\u0151nyei:<\/h2>\n<ul>\n<li><strong>Eszt\u00e9tikai vonzer\u0151<\/strong>: A term\u00e9szetes rozsdabevonat j\u00f3l illeszkedik a k\u00fcl\u00f6nb\u00f6z\u0151 k\u00fclt\u00e9ri k\u00f6rnyezetekhez, meleg, f\u00f6ldes t\u00f3nust biztos\u00edt, amely gy\u00f6ny\u00f6r\u0171 kontrasztot alkot a z\u00f6lddel.<\/li>\n<li><strong>Tart\u00f3ss\u00e1g<\/strong>: A corten kerti parav\u00e1nokat \u00fagy tervezt\u00e9k, hogy ellen\u00e1lljanak a k\u00fclt\u00e9ri elemeknek, \u00e9s hossz\u00fa t\u00e1von minden kertet gazdag\u00edtanak.<\/li>\n<li><strong>Minim\u00e1lis karbantart\u00e1s<\/strong>: A rozsd\u00e1s patina kialakul\u00e1sa ut\u00e1n a parav\u00e1nok szinte semmilyen karbantart\u00e1st nem ig\u00e9nyelnek.<\/li>\n<\/ul>\n<table border=\"1\" data-spm-anchor-id=\"a2700.details.0.i38.253559f23mRDXW\">\n<tbody>\n<tr>\n<td>Term\u00e9k neve<\/td>\n<td>\u00a0corten k\u00e9perny\u0151k mag\u00e1n\u00e9let ac\u00e9l corten k\u00e9perny\u0151 gy\u00e1rt\u00f3 corten \u00fcres rozsda k\u00e9perny\u0151<\/td>\n<\/tr>\n<tr>\n<td>Anyag<\/td>\n<td>Cor-ten ac\u00e9l, sz\u00e9nac\u00e9l, rozsdamentes ac\u00e9l<\/td>\n<\/tr>\n<tr>\n<td>Befejez\u00e9s<\/td>\n<td>Rozsd\u00e1s, fekete<\/td>\n<\/tr>\n<tr>\n<td>Norm\u00e1l m\u00e9ret<\/td>\n<td>38X15cm,60X32cm,48x24cm vagy testreszabott<\/td>\n<\/tr>\n<tr>\n<td>Tervez\u00e9s<\/td>\n<td>Egyedi testreszabott<\/td>\n<\/tr>\n<tr>\n<td>Alkalmaz\u00e1s<\/td>\n<td>K\u00fclt\u00e9ri gyep dekor\u00e1ci\u00f3<\/td>\n<\/tr>\n<\/tbody>\n<\/table>\n<figure style=\"width: 704px\" class=\"wp-caption alignnone\"><a href=\"https:\/\/keweicorten.com\/hu\"><img fetchpriority=\"high\" decoding=\"async\" title=\"corten k\u00e9perny\u0151k\" src=\"https:\/\/sc04.alicdn.com\/kf\/H73a20dbdfcdc4f58a6724b94790c8cb8Z\/272909659\/H73a20dbdfcdc4f58a6724b94790c8cb8Z.jpg\" alt=\"\" width=\"704\" height=\"704\" \/><\/a><figcaption class=\"wp-caption-text\">corten k\u00e9perny\u0151k<\/figcaption><\/figure>","protected":false},"excerpt":{"rendered":"<p>Az itt l\u00e1that\u00f3 Corten ac\u00e9l k\u00e9perny\u0151 felt\u0171n\u0151 megjelen\u00e9st biztos\u00edt otthon\u00e1nak \u00e9s kertj\u00e9nek szerves megjelen\u00e9se miatt, amikor rozsd\u00e1sodik, a Corten id\u0151j\u00e1r\u00e1s\u00e1ll\u00f3 ac\u00e9l gazdag, m\u00e9ly barna-piros oxidfel\u00fcletet fejleszt ki, csod\u00e1latos dolog lenne egy dekorat\u00edv szobor hozz\u00e1ad\u00e1sa, hogy kieg\u00e9sz\u00edtse kertj\u00e9t vagy otthon\u00e1t.<\/p>","protected":false},"featured_media":1297,"comment_status":"open","ping_status":"closed","template":"","meta":{"_eb_attr":"","_monsterinsights_skip_tracking":false,"_monsterinsights_sitenote_active":false,"_monsterinsights_sitenote_note":"","_monsterinsights_sitenote_category":0,"_uf_show_specific_survey":0,"_uf_disable_surveys":false},"product_brand":[],"product_cat":[57],"product_tag":[],"class_list":{"0":"post-1296","1":"product","2":"type-product","3":"status-publish","4":"has-post-thumbnail","6":"product_cat-screen-panel","8":"first","9":"instock","10":"shipping-taxable","11":"product-type-simple"},"_links":{"self":[{"href":"https:\/\/keweicorten.com\/hu\/wp-json\/wp\/v2\/product\/1296"}],"collection":[{"href":"https:\/\/keweicorten.com\/hu\/wp-json\/wp\/v2\/product"}],"about":[{"href":"https:\/\/keweicorten.com\/hu\/wp-json\/wp\/v2\/types\/product"}],"replies":[{"embeddable":true,"href":"https:\/\/keweicorten.com\/hu\/wp-json\/wp\/v2\/comments?post=1296"}],"version-history":[{"count":1,"href":"https:\/\/keweicorten.com\/hu\/wp-json\/wp\/v2\/product\/1296\/revisions"}],"predecessor-version":[{"id":1298,"href":"https:\/\/keweicorten.com\/hu\/wp-json\/wp\/v2\/product\/1296\/revisions\/1298"}],"wp:featuredmedia":[{"embeddable":true,"href":"https:\/\/keweicorten.com\/hu\/wp-json\/wp\/v2\/media\/1297"}],"wp:attachment":[{"href":"https:\/\/keweicorten.com\/hu\/wp-json\/wp\/v2\/media?parent=1296"}],"wp:term":[{"taxonomy":"product_brand","embeddable":true,"href":"https:\/\/keweicorten.com\/hu\/wp-json\/wp\/v2\/product_brand?post=1296"},{"taxonomy":"product_cat","embeddable":true,"href":"https:\/\/keweicorten.com\/hu\/wp-json\/wp\/v2\/product_cat?post=1296"},{"taxonomy":"product_tag","embeddable":true,"href":"https:\/\/keweicorten.com\/hu\/wp-json\/wp\/v2\/product_tag?post=1296"}],"curies":[{"name":"wp","href":"https:\/\/api.w.org\/{rel}","templated":true}]}}