{"id":1299,"date":"2024-09-20T07:17:42","date_gmt":"2024-09-20T07:17:42","guid":{"rendered":"https:\/\/keweicorten.com\/?post_type=product&#038;p=1299"},"modified":"2025-01-15T06:24:46","modified_gmt":"2025-01-15T06:24:46","slug":"fem-kepernyo-panelek","status":"publish","type":"product","link":"https:\/\/keweicorten.com\/hu\/fem-kepernyo-panelek\/","title":{"rendered":"f\u00e9m k\u00e9perny\u0151 panelek"},"content":{"rendered":"<p>A f\u00e9m parav\u00e1npanelek st\u00edlusos \u00e9s tart\u00f3s megold\u00e1st jelentenek a k\u00fclt\u00e9ri terek mag\u00e1n\u00e9let\u00e9nek \u00e9s eszt\u00e9tikai \u00e9rt\u00e9k\u00e9nek n\u00f6vel\u00e9s\u00e9re. Ezek a f\u00e9m parav\u00e1npanelek jellemz\u0151en olyan anyagokb\u00f3l k\u00e9sz\u00fclnek, mint a corten ac\u00e9l, alum\u00ednium vagy rozsdamentes ac\u00e9l, \u00e9s k\u00fcl\u00f6nf\u00e9le mint\u00e1kban, p\u00e9ld\u00e1ul geometriai mint\u00e1kban, term\u00e9szet ihlette mot\u00edvumokban vagy absztrakt form\u00e1kban kaphat\u00f3k.<\/p>\n<p>N\u00e9h\u00e1ny n\u00e9pszer\u0171 t\u00edpus:<\/p>\n<ul>\n<li><strong>Corten ac\u00e9llemezek<\/strong>: Ezek az id\u0151 m\u00fal\u00e1s\u00e1val term\u00e9szetes rozsdaszer\u0171 fel\u00fcletet kapnak, amely j\u00f3l illeszkedik a kertekhez \u00e9s a k\u00fclt\u00e9ri k\u00f6rnyezethez.<\/li>\n<li><strong>Alum\u00ednium panelek<\/strong>: K\u00f6nny\u0171 \u00e9s rozsdamentes, k\u00fcl\u00f6nb\u00f6z\u0151 kivitelekben \u00e9s sz\u00ednekben kaphat\u00f3.<\/li>\n<li><strong>L\u00e9zerv\u00e1gott panelek<\/strong>: Ezek bonyolult, dekorat\u00edv kiv\u00e1g\u00e1sokkal rendelkeznek, amelyek \u00e1tengedik a f\u00e9nyt, mik\u00f6zben biztos\u00edtj\u00e1k a mag\u00e1n\u00e9letet.<\/li>\n<\/ul>\n<table class=\"all magic-4\">\n<tbody>\n<tr>\n<td colspan=\"1\" rowspan=\"1\">\n<div class=\"magic-5\" data-spm-anchor-id=\"a2700.details.0.i37.3f646f66fyuP5C\">Term\u00e9k neve<\/div>\n<\/td>\n<td colspan=\"4\" rowspan=\"1\">\n<div class=\"magic-6\">K\u00fclt\u00e9ri modern st\u00edlus\u00fa grafika k\u00e9perny\u0151 ker\u00edt\u00e9s rozsd\u00e1s f\u00e9m ac\u00e9l adatv\u00e9delmi k\u00e9perny\u0151<\/div>\n<\/td>\n<\/tr>\n<tr>\n<td colspan=\"1\" rowspan=\"1\">\n<div class=\"magic-5\">Anyag<\/div>\n<\/td>\n<td colspan=\"4\" rowspan=\"1\">\n<div class=\"magic-6\">Corten ac\u00e9l, rozsdamentes ac\u00e9l<\/div>\n<\/td>\n<\/tr>\n<tr>\n<td colspan=\"1\" rowspan=\"1\">\n<div class=\"magic-5\">M\u00e9ret<\/div>\n<\/td>\n<td colspan=\"4\" rowspan=\"1\">\n<div class=\"magic-6\">1800 * 900mm, 2mm vastag vagy testreszabott<\/div>\n<\/td>\n<\/tr>\n<tr>\n<td colspan=\"1\" rowspan=\"1\">\n<div class=\"magic-5\">Fel\u00fclet<\/div>\n<\/td>\n<td colspan=\"4\" rowspan=\"1\">\n<div class=\"magic-6\">\u00a0el\u0151rozsd\u00e1s\u00edtott<\/div>\n<\/td>\n<\/tr>\n<tr>\n<td colspan=\"1\" rowspan=\"1\">\n<div class=\"magic-5\">Technol\u00f3gia<\/div>\n<\/td>\n<td colspan=\"4\" rowspan=\"1\">\n<div class=\"magic-6\">\u00a0L\u00e9zerv\u00e1g\u00e1s, hajl\u00edt\u00e1s, lyukaszt\u00e1s, hegeszt\u00e9s, id\u0151j\u00e1r\u00e1s-v\u00e9delem<\/div>\n<\/td>\n<\/tr>\n<tr>\n<td colspan=\"1\" rowspan=\"1\">\n<div class=\"magic-5\">Alkalmaz\u00e1s<\/div>\n<\/td>\n<td colspan=\"4\" rowspan=\"1\">\n<div class=\"magic-9\">K\u00fclt\u00e9ri vagy udvari dekor\u00e1ci\u00f3<\/div>\n<\/td>\n<\/tr>\n<\/tbody>\n<\/table>\n<p><span data-spm-anchor-id=\"a2700.details.0.i37.5d654e69Sbz9JA\">L\u00e9zer k\u00e9perny\u0151 panel - exkluz\u00edv kivitel<\/span><br \/>\nT\u00f6m\u00f6r k\u00e9perny\u0151panel, 2-3 mm vastag<br \/>\nPorsz\u00f3r\u00e1ssal, rozsdamentes bevonattal vagy fest\u00e9kbevonattal<br \/>\nA falra akasztva, csavarokkal az oszlopra r\u00f6gz\u00edtve vagy a kem\u00e9ny talajon a l\u00e1b\u00e1ra er\u0151s\u00edtve.<br \/>\nKop\u00e1s\u00e1ll\u00f3, \u00e9vekig karbantarthat\u00f3 \u00e9s probl\u00e9mamentes haszn\u00e1latra alkalmas<br \/>\nBelt\u00e9ren \u00e9s k\u00fclt\u00e9ren egyar\u00e1nt haszn\u00e1lhat\u00f3.<br \/>\nStandard m\u00e9ret: 900x1800mm vagy testreszabott.<\/p>\n<figure style=\"width: 750px\" class=\"wp-caption alignnone\"><a href=\"https:\/\/keweicorten.com\/hu\/kapcsolatfelvetel\/\"><img fetchpriority=\"high\" decoding=\"async\" title=\"panel elv\u00e1laszt\u00f3 szoba\" src=\"https:\/\/sc04.alicdn.com\/kf\/H64e3151244ed4b99824b11960bcb95b1N\/253038816\/H64e3151244ed4b99824b11960bcb95b1N.jpg\" alt=\"\" width=\"750\" height=\"542\" \/><\/a><figcaption class=\"wp-caption-text\">panel elv\u00e1laszt\u00f3 szoba<\/figcaption><\/figure>","protected":false},"excerpt":{"rendered":"<p>Anyag r\u00e9szletek: Corten ac\u00e9l, horganyzott ac\u00e9l vagy egyedi anyag: rozsd\u00e1s patin\u00e1s fel\u00fclet, porsz\u00f3rt fel\u00fclet, fest\u00e9s stb.<\/p>\n<p>A patina v\u00e9d a tov\u00e1bbi korr\u00f3zi\u00f3t\u00f3l<\/p>\n<p>Lakoss\u00e1gi \u00e9s kereskedelmi k\u00f6rnyezetben egyar\u00e1nt haszn\u00e1lhat\u00f3<\/p>","protected":false},"featured_media":1300,"comment_status":"open","ping_status":"closed","template":"","meta":{"_eb_attr":"","_monsterinsights_skip_tracking":false,"_monsterinsights_sitenote_active":false,"_monsterinsights_sitenote_note":"","_monsterinsights_sitenote_category":0,"_uf_show_specific_survey":0,"_uf_disable_surveys":false},"product_brand":[],"product_cat":[57],"product_tag":[],"class_list":{"0":"post-1299","1":"product","2":"type-product","3":"status-publish","4":"has-post-thumbnail","6":"product_cat-screen-panel","8":"first","9":"instock","10":"shipping-taxable","11":"product-type-simple"},"_links":{"self":[{"href":"https:\/\/keweicorten.com\/hu\/wp-json\/wp\/v2\/product\/1299"}],"collection":[{"href":"https:\/\/keweicorten.com\/hu\/wp-json\/wp\/v2\/product"}],"about":[{"href":"https:\/\/keweicorten.com\/hu\/wp-json\/wp\/v2\/types\/product"}],"replies":[{"embeddable":true,"href":"https:\/\/keweicorten.com\/hu\/wp-json\/wp\/v2\/comments?post=1299"}],"version-history":[{"count":1,"href":"https:\/\/keweicorten.com\/hu\/wp-json\/wp\/v2\/product\/1299\/revisions"}],"predecessor-version":[{"id":1301,"href":"https:\/\/keweicorten.com\/hu\/wp-json\/wp\/v2\/product\/1299\/revisions\/1301"}],"wp:featuredmedia":[{"embeddable":true,"href":"https:\/\/keweicorten.com\/hu\/wp-json\/wp\/v2\/media\/1300"}],"wp:attachment":[{"href":"https:\/\/keweicorten.com\/hu\/wp-json\/wp\/v2\/media?parent=1299"}],"wp:term":[{"taxonomy":"product_brand","embeddable":true,"href":"https:\/\/keweicorten.com\/hu\/wp-json\/wp\/v2\/product_brand?post=1299"},{"taxonomy":"product_cat","embeddable":true,"href":"https:\/\/keweicorten.com\/hu\/wp-json\/wp\/v2\/product_cat?post=1299"},{"taxonomy":"product_tag","embeddable":true,"href":"https:\/\/keweicorten.com\/hu\/wp-json\/wp\/v2\/product_tag?post=1299"}],"curies":[{"name":"wp","href":"https:\/\/api.w.org\/{rel}","templated":true}]}}