{"id":1302,"date":"2024-09-20T08:13:16","date_gmt":"2024-09-20T08:13:16","guid":{"rendered":"https:\/\/keweicorten.com\/?post_type=product&#038;p=1302"},"modified":"2025-01-15T06:24:37","modified_gmt":"2025-01-15T06:24:37","slug":"lezervagott-fem-kepernyok","status":"publish","type":"product","link":"https:\/\/keweicorten.com\/hu\/lezervagott-fem-kepernyok\/","title":{"rendered":"l\u00e9zerv\u00e1gott f\u00e9m k\u00e9perny\u0151k"},"content":{"rendered":"<p>A l\u00e9zerv\u00e1gott f\u00e9m parav\u00e1nok st\u00edlusos \u00e9s funkcion\u00e1lis m\u00f3dja annak, hogy a belt\u00e9ri \u00e9s k\u00fclt\u00e9ri terekbe mag\u00e1n\u00e9letet, \u00e1rny\u00e9kot vagy dekorat\u00edv elemeket vigyenek. Ezeket \u00fagy hozz\u00e1k l\u00e9tre, hogy prec\u00edzi\u00f3s l\u00e9zertechnol\u00f3gi\u00e1val bonyolult mint\u00e1kat vagy mint\u00e1kat v\u00e1gnak a f\u00e9mlemezekbe. Ezek a parav\u00e1nok n\u00e9pszer\u0171ek a kertekben, teraszokon \u00e9s m\u00e9g a bels\u0151 terekben is, mivel vizu\u00e1lis \u00e9rdekess\u00e9get teremtenek, mik\u00f6zben fenntartj\u00e1k a l\u00e9g\u00e1raml\u00e1st \u00e9s a f\u00e9nyt.<\/p>\n<p><strong>Gyakori felhaszn\u00e1l\u00e1s:<\/strong><\/p>\n<ol>\n<li><strong>Adatv\u00e9delmi k\u00e9perny\u0151k<\/strong>: Ide\u00e1lis a ter\u00fcletek elz\u00e1r\u00e1s\u00e1ra an\u00e9lk\u00fcl, hogy teljesen elz\u00e1rn\u00e1 azokat.<\/li>\n<li><strong>Dekorat\u00edv elv\u00e1laszt\u00f3k<\/strong>: Terek elv\u00e1laszt\u00e1s\u00e1ra vagy a falak m\u0171v\u00e9szi sz\u00ednes\u00edt\u00e9s\u00e9re szolg\u00e1l.<\/li>\n<li><strong>Ker\u00edt\u00e9s<\/strong>: Modern, dekorat\u00edv ker\u00edt\u00e9smegold\u00e1sokhoz haszn\u00e1lhat\u00f3.<\/li>\n<li><strong>Pergola panelek<\/strong>: K\u00fclt\u00e9ri szerkezetekhez, p\u00e9ld\u00e1ul pergol\u00e1khoz \u00e1rny\u00e9kol\u00e1s \u00e9s d\u00edsz\u00edt\u00e9s c\u00e9lj\u00e1b\u00f3l.<\/li>\n<li><strong>\u00c9p\u00fcletek burkol\u00e1sa<\/strong>: Felt\u0171n\u0151 homlokzatok l\u00e9trehoz\u00e1sa geometrikus vagy organikus mint\u00e1kkal.\n<figure style=\"width: 699px\" class=\"wp-caption alignnone\"><a href=\"https:\/\/keweicorten.com\/hu\/kapcsolatfelvetel\/\"><img fetchpriority=\"high\" decoding=\"async\" title=\"k\u00fclt\u00e9ri elv\u00e1laszt\u00f3 k\u00e9perny\u0151\" src=\"https:\/\/sc04.alicdn.com\/kf\/H85266be5e3dc462a85f820c052485447j\/253038816\/H85266be5e3dc462a85f820c052485447j.jpg\" alt=\"\" width=\"699\" height=\"393\" \/><\/a><figcaption class=\"wp-caption-text\">k\u00fclt\u00e9ri elv\u00e1laszt\u00f3 k\u00e9perny\u0151<\/figcaption><\/figure>\n<p>1. Adatv\u00e9delem: Az udvari adatv\u00e9delmi panelek nagyfok\u00fa mag\u00e1n\u00e9letet biztos\u00edtanak, \u00edgy a k\u00edv\u00fcl\u00e1ll\u00f3k nem l\u00e1thatnak be a t\u00e9rbe.<br \/>\n2. Tart\u00f3ss\u00e1g: Ez azt jelenti, hogy ellen\u00e1llnak a zord id\u0151j\u00e1r\u00e1si k\u00f6r\u00fclm\u00e9nyeknek, \u00e9s a f\u00e9mlemezek<br \/>\ntart\u00f3s.<br \/>\n3. Alacsony karbantart\u00e1si ig\u00e9ny: A dekorat\u00edv f\u00e9m ker\u00edt\u00e9spanelek nagyon kev\u00e9s karbantart\u00e1st ig\u00e9nyelnek.<br \/>\n4. Eszt\u00e9tikai vonzer\u0151: A f\u00e9m \u00e1rny\u00e9kol\u00f3panelek a mint\u00e1k, sz\u00ednek \u00e9s mint\u00e1k sz\u00e9les v\u00e1laszt\u00e9k\u00e1ban kaphat\u00f3k, \u00edgy k\u00f6nnyebb\u00e9 v\u00e1lik<br \/>\ntal\u00e1ljon egyet, amelyik megfelel az \u00d6n szem\u00e9lyes st\u00edlus\u00e1nak.<\/li>\n<\/ol>","protected":false},"excerpt":{"rendered":"<p>A Corten ac\u00e9llemezeket sz\u00e9les k\u00f6rben haszn\u00e1lj\u00e1k sz\u00e1mos k\u00fclt\u00e9ri alkalmaz\u00e1sban, mivel rozsdav\u00e9d\u0151 r\u00e9teget k\u00e9pez, ami hossz\u00fa \u00e9lettartamot biztos\u00edt, \u00edgy alacsony karbantart\u00e1si ig\u00e9ny\u0171 megold\u00e1s a legk\u00fcl\u00f6nb\u00f6z\u0151bb felhaszn\u00e1l\u00e1si c\u00e9lokra.<\/p>","protected":false},"featured_media":1303,"comment_status":"open","ping_status":"closed","template":"","meta":{"_eb_attr":"","_monsterinsights_skip_tracking":false,"_monsterinsights_sitenote_active":false,"_monsterinsights_sitenote_note":"","_monsterinsights_sitenote_category":0,"_uf_show_specific_survey":0,"_uf_disable_surveys":false},"product_brand":[],"product_cat":[57],"product_tag":[],"class_list":{"0":"post-1302","1":"product","2":"type-product","3":"status-publish","4":"has-post-thumbnail","6":"product_cat-screen-panel","8":"first","9":"instock","10":"shipping-taxable","11":"product-type-simple"},"_links":{"self":[{"href":"https:\/\/keweicorten.com\/hu\/wp-json\/wp\/v2\/product\/1302"}],"collection":[{"href":"https:\/\/keweicorten.com\/hu\/wp-json\/wp\/v2\/product"}],"about":[{"href":"https:\/\/keweicorten.com\/hu\/wp-json\/wp\/v2\/types\/product"}],"replies":[{"embeddable":true,"href":"https:\/\/keweicorten.com\/hu\/wp-json\/wp\/v2\/comments?post=1302"}],"version-history":[{"count":1,"href":"https:\/\/keweicorten.com\/hu\/wp-json\/wp\/v2\/product\/1302\/revisions"}],"predecessor-version":[{"id":1304,"href":"https:\/\/keweicorten.com\/hu\/wp-json\/wp\/v2\/product\/1302\/revisions\/1304"}],"wp:featuredmedia":[{"embeddable":true,"href":"https:\/\/keweicorten.com\/hu\/wp-json\/wp\/v2\/media\/1303"}],"wp:attachment":[{"href":"https:\/\/keweicorten.com\/hu\/wp-json\/wp\/v2\/media?parent=1302"}],"wp:term":[{"taxonomy":"product_brand","embeddable":true,"href":"https:\/\/keweicorten.com\/hu\/wp-json\/wp\/v2\/product_brand?post=1302"},{"taxonomy":"product_cat","embeddable":true,"href":"https:\/\/keweicorten.com\/hu\/wp-json\/wp\/v2\/product_cat?post=1302"},{"taxonomy":"product_tag","embeddable":true,"href":"https:\/\/keweicorten.com\/hu\/wp-json\/wp\/v2\/product_tag?post=1302"}],"curies":[{"name":"wp","href":"https:\/\/api.w.org\/{rel}","templated":true}]}}