{"id":1305,"date":"2024-09-20T08:36:04","date_gmt":"2024-09-20T08:36:04","guid":{"rendered":"https:\/\/keweicorten.com\/?post_type=product&#038;p=1305"},"modified":"2025-01-15T06:24:28","modified_gmt":"2025-01-15T06:24:28","slug":"lezerrel-vagott-falpanelek","status":"publish","type":"product","link":"https:\/\/keweicorten.com\/hu\/lezerrel-vagott-falpanelek\/","title":{"rendered":"l\u00e9zerrel v\u00e1gott falpanelek"},"content":{"rendered":"<p>A l\u00e9zerv\u00e1gott falpanelek dekorat\u00edv \u00e9s funkcion\u00e1lis elemek, amelyeket gyakran haszn\u00e1lnak bels\u0151 \u00e9s k\u00fcls\u0151 terekben egyar\u00e1nt. Ezek a panelek jellemz\u0151en olyan anyagokb\u00f3l k\u00e9sz\u00fclnek, mint a f\u00e9m (p\u00e9ld\u00e1ul cortenac\u00e9l, alum\u00ednium vagy rozsdamentes ac\u00e9l), fa vagy kompozit anyagok. L\u00e9zertechnol\u00f3gia seg\u00edts\u00e9g\u00e9vel bonyolult mint\u00e1kat, mint\u00e1kat vagy geometriai alakzatokat v\u00e1gnak a panel fel\u00fclet\u00e9be.<\/p>\n<ul>\n<li><strong>Szobai v\u00e1laszfalak:<\/strong> Ezek a panelek elv\u00e1laszthatj\u00e1k a tereket egy nyitott ter\u0171 otthonban vagy irod\u00e1ban.<\/li>\n<li><strong>Fali m\u0171v\u00e9szet:<\/strong> M\u0171v\u00e9szeti elemk\u00e9nt nappalikban, teraszokon vagy k\u00fclt\u00e9ri ter\u00fcleteken.<\/li>\n<li><strong>Adatv\u00e9delmi k\u00e9perny\u0151k:<\/strong> Az elszigetelts\u00e9g \u00e9rzet\u00e9nek fokoz\u00e1s\u00e1ra erk\u00e9lyeken, teraszokon vagy kertekben.<\/li>\n<li><strong>Ker\u00edt\u00e9s vagy kapu:<\/strong> Fokozott biztons\u00e1g vagy dekor\u00e1ci\u00f3 k\u00fclt\u00e9ri ter\u00fcleteken.<\/li>\n<\/ul>\n<p><strong>L\u00e9zerv\u00e1gott falpanelek El\u0151ny\u00f6k:<\/strong><\/p>\n<ul>\n<li><strong>Testreszab\u00e1s:<\/strong> A mint\u00e1k szem\u00e9lyre szabhat\u00f3k, hogy b\u00e1rmilyen eszt\u00e9tik\u00e1nak megfeleljenek.<\/li>\n<li><strong>Tart\u00f3ss\u00e1g:<\/strong> Az olyan f\u00e9mek, mint a cortenac\u00e9l, id\u0151vel rozsdav\u00e9d\u0151 patin\u00e1t kapnak, ami alkalmass\u00e1 teszi \u0151ket a k\u00fclt\u00e9ri haszn\u00e1latra.<\/li>\n<li><strong>Sokoldal\u00fas\u00e1g:<\/strong> Modern, rusztikus vagy hagyom\u00e1nyos kialak\u00edt\u00e1sban is haszn\u00e1lhat\u00f3.<\/li>\n<\/ul>","protected":false},"excerpt":{"rendered":"<p><span class=\"magic-17\" style=\"color: #f70843;\">100% El\u00e9gedetts\u00e9gi garancia<\/span><\/p>\n<div><span class=\"magic-17\" style=\"color: #f70843;\">Anyag - Corten ac\u00e9l<br \/>\n<\/span><\/div>\n<div><span class=\"magic-17\" style=\"color: #f70843;\">Belt\u00e9ren \u00e9s k\u00fclt\u00e9ren egyar\u00e1nt haszn\u00e1lhat\u00f3.<\/span><\/div>\n<div>\n<table class=\"has-title all magic-9\">\n<tbody>\n<tr>\n<td colspan=\"1\" rowspan=\"1\">\n<div class=\"magic-10\" data-spm-anchor-id=\"a2700.details.0.i39.2f0453fbTWsH9o\">Term\u00e9k t\u00edpusa<\/div>\n<\/td>\n<td colspan=\"1\" rowspan=\"1\">\n<div class=\"magic-11\">F\u00e9m k\u00e9perny\u0151 panel<\/div>\n<\/td>\n<td colspan=\"1\" rowspan=\"1\">\n<div class=\"magic-12\">Anyag<\/div>\n<\/td>\n<td colspan=\"1\" rowspan=\"1\">\n<div class=\"magic-13\">Corten ac\u00e9l, f\u00e9m<\/div>\n<\/td>\n<\/tr>\n<tr>\n<td colspan=\"1\" rowspan=\"1\">\n<div class=\"magic-10\">M\u00e9retek<\/div>\n<\/td>\n<td colspan=\"1\" rowspan=\"1\">\n<div class=\"magic-11\">Testreszabott<\/div>\n<\/td>\n<td colspan=\"1\" rowspan=\"1\">\n<div class=\"magic-12\">Mint\u00e1zat<\/div>\n<\/td>\n<td colspan=\"1\" rowspan=\"1\">\n<div class=\"magic-13\">Testreszabott<\/div>\n<\/td>\n<\/tr>\n<tr>\n<td colspan=\"1\" rowspan=\"1\">\n<div class=\"magic-10\">Alkalmaz\u00e1s<\/div>\n<\/td>\n<td colspan=\"3\" rowspan=\"1\">\n<div class=\"magic-14\">Osztott, mag\u00e1n\u00e9let, dekor\u00e1ci\u00f3, stb.<\/div>\n<\/td>\n<\/tr>\n<tr>\n<td colspan=\"1\" rowspan=\"1\">\n<div class=\"magic-10\">Csomagol\u00e1s<\/div>\n<\/td>\n<td colspan=\"3\" rowspan=\"1\">\n<div class=\"magic-14\">Fa tok, karton, testreszabott<\/div>\n<\/td>\n<\/tr>\n<\/tbody>\n<\/table>\n<\/div>","protected":false},"featured_media":1306,"comment_status":"open","ping_status":"closed","template":"","meta":{"_eb_attr":"","_monsterinsights_skip_tracking":false,"_monsterinsights_sitenote_active":false,"_monsterinsights_sitenote_note":"","_monsterinsights_sitenote_category":0,"_uf_show_specific_survey":0,"_uf_disable_surveys":false},"product_brand":[],"product_cat":[57],"product_tag":[],"class_list":{"0":"post-1305","1":"product","2":"type-product","3":"status-publish","4":"has-post-thumbnail","6":"product_cat-screen-panel","8":"first","9":"instock","10":"shipping-taxable","11":"product-type-simple"},"_links":{"self":[{"href":"https:\/\/keweicorten.com\/hu\/wp-json\/wp\/v2\/product\/1305"}],"collection":[{"href":"https:\/\/keweicorten.com\/hu\/wp-json\/wp\/v2\/product"}],"about":[{"href":"https:\/\/keweicorten.com\/hu\/wp-json\/wp\/v2\/types\/product"}],"replies":[{"embeddable":true,"href":"https:\/\/keweicorten.com\/hu\/wp-json\/wp\/v2\/comments?post=1305"}],"version-history":[{"count":1,"href":"https:\/\/keweicorten.com\/hu\/wp-json\/wp\/v2\/product\/1305\/revisions"}],"predecessor-version":[{"id":1307,"href":"https:\/\/keweicorten.com\/hu\/wp-json\/wp\/v2\/product\/1305\/revisions\/1307"}],"wp:featuredmedia":[{"embeddable":true,"href":"https:\/\/keweicorten.com\/hu\/wp-json\/wp\/v2\/media\/1306"}],"wp:attachment":[{"href":"https:\/\/keweicorten.com\/hu\/wp-json\/wp\/v2\/media?parent=1305"}],"wp:term":[{"taxonomy":"product_brand","embeddable":true,"href":"https:\/\/keweicorten.com\/hu\/wp-json\/wp\/v2\/product_brand?post=1305"},{"taxonomy":"product_cat","embeddable":true,"href":"https:\/\/keweicorten.com\/hu\/wp-json\/wp\/v2\/product_cat?post=1305"},{"taxonomy":"product_tag","embeddable":true,"href":"https:\/\/keweicorten.com\/hu\/wp-json\/wp\/v2\/product_tag?post=1305"}],"curies":[{"name":"wp","href":"https:\/\/api.w.org\/{rel}","templated":true}]}}