{"id":1308,"date":"2024-09-23T02:48:35","date_gmt":"2024-09-23T02:48:35","guid":{"rendered":"https:\/\/keweicorten.com\/?post_type=product&#038;p=1308"},"modified":"2025-01-15T06:24:20","modified_gmt":"2025-01-15T06:24:20","slug":"corten-acel-viztartaly","status":"publish","type":"product","link":"https:\/\/keweicorten.com\/hu\/corten-acel-viztartaly\/","title":{"rendered":"corten ac\u00e9l v\u00edztart\u00e1ly"},"content":{"rendered":"<p>A cortenac\u00e9l v\u00edzt\u00e1lak a modern kertek \u00e9s k\u00fclt\u00e9ri terek n\u00e9pszer\u0171 kieg\u00e9sz\u00edt\u0151i az id\u0151vel kialakul\u00f3, rusztikus megjelen\u00e9s\u00fcknek k\u00f6sz\u00f6nhet\u0151en. Az id\u0151j\u00e1r\u00e1s\u00e1ll\u00f3 ac\u00e9lnak is nevezett ac\u00e9l az elemeknek val\u00f3 kitetts\u00e9g ut\u00e1n stabil rozsdaszer\u0171 megjelen\u00e9st k\u00e9pez, ami jellegzetes, f\u00f6ldsz\u00edn\u0171, narancsbarna sz\u00ednt k\u00f6lcs\u00f6n\u00f6z neki. Ezek a t\u00e1lak leny\u0171g\u00f6z\u0151 f\u00f3kuszpontk\u00e9nt, v\u00edzj\u00e1t\u00e9kk\u00e9nt vagy ak\u00e1r mad\u00e1rf\u00fcrd\u0151k\u00e9nt is szolg\u00e1lhatnak a kertekben.<\/p>\n<h2>A cortenac\u00e9l v\u00edzt\u00e1lak jellemz\u0151i a k\u00f6vetkez\u0151k:<\/h2>\n<ul>\n<li><strong>Tart\u00f3ss\u00e1g<\/strong>: A Corten ac\u00e9l rendk\u00edv\u00fcl ellen\u00e1ll\u00f3 a korr\u00f3zi\u00f3val szemben, ami azt jelenti, hogy a szabadban hossz\u00fa \u00e9vekig kitart.<\/li>\n<li><strong>Eszt\u00e9tikai vonzer\u0151<\/strong>: A term\u00e9szetesen oxid\u00e1l\u00f3d\u00f3 fel\u00fclet \u00e9l\u00e9nk patin\u00e1t hoz l\u00e9tre, amely j\u00f3l illeszkedik a term\u00e9szethez \u00e9s a kort\u00e1rs diz\u00e1jnhoz.<\/li>\n<li><strong>K\u00fcl\u00f6nb\u00f6z\u0151 m\u00e9retek<\/strong>: A v\u00edzt\u00e1lak t\u00f6bbf\u00e9le m\u00e9retben kaphat\u00f3k, a kis dekorat\u00edv t\u00e1lakt\u00f3l a nagym\u00e9ret\u0171 t\u00e1lakig, amelyek egy nagyobb kerti t\u00e1j r\u00e9sz\u00e9t k\u00e9pezhetik.<\/li>\n<li><strong>Sokoldal\u00fas\u00e1g<\/strong>: Ezek a cortenac\u00e9l v\u00edzt\u00e1lak haszn\u00e1lhat\u00f3k \u00f6n\u00e1ll\u00f3 elemk\u00e9nt, sz\u00f6k\u0151k\u00fatrendszer r\u00e9szek\u00e9nt, vagy dekorat\u00edv k\u00f6vek vagy n\u00f6v\u00e9nyek mell\u00e9 helyezve.<\/li>\n<\/ul>\n<div class=\"J_module\">\n<div class=\"detail-decorate-json-renderer-container\">\n<div class=\"magic-1\">\n<div class=\"magic-2\">\n<div class=\"magic-3\">\n<div class=\"magic-4\"><span class=\"magic-8\"><span class=\"magic-5\" style=\"font-family: Arial;\">A cortenac\u00e9l v\u00edztart\u00e1lyokat kempingben t\u0171zrak\u00f3helyhez vagy es\u0151k\u00fathoz haszn\u00e1lj\u00e1k a kertben \u00e9s a h\u00e1ts\u00f3 udvarban.<span data-spm-anchor-id=\"a2700.details.0.i42.1cc76ac413SX1S\"> A Corten ac\u00e9l anyag rusztikus, er\u0151s, \u00e9s id\u0151vel rozsdav\u00e9d\u0151 r\u00e9teggel bor\u00edtja mag\u00e1t.<\/span><\/span><\/span><\/div>\n<\/div>\n<\/div>\n<\/div>\n<\/div>\n<\/div>\n<div class=\"J_module\">\n<div class=\"icbu-pc-images magic-10\">\n<div>\n<div class=\"flex-layout-h\">\n<div class=\"flex-layout-v magic-11\">\n<table class=\"all magic-39\">\n<tbody>\n<tr>\n<td colspan=\"1\" rowspan=\"1\">\n<div class=\"magic-40\" data-spm-anchor-id=\"a2700.details.0.i43.1cc76ac413SX1S\"><b>Term\u00e9k neve\u00a0<\/b><\/div>\n<\/td>\n<td colspan=\"1\" rowspan=\"1\">\n<div class=\"magic-41\">F\u00e9m t\u0171zrak\u00f3hely<\/div>\n<\/td>\n<\/tr>\n<tr>\n<td colspan=\"1\" rowspan=\"1\">\n<div class=\"magic-40\"><b>Anyag\u00a0<\/b><\/div>\n<\/td>\n<td colspan=\"1\" rowspan=\"1\">\n<div class=\"magic-41\">corten ac\u00e9l ,rozsdamentes ac\u00e9l ,alum\u00ednium \u00e9s ac\u00e9l<\/div>\n<\/td>\n<\/tr>\n<tr>\n<td colspan=\"1\" rowspan=\"1\">\n<div class=\"magic-40\"><b>M\u00e9ret<\/b><\/div>\n<\/td>\n<td colspan=\"1\" rowspan=\"1\">\n<div class=\"magic-41\">60cm, 70cm, 80cm, 90cm, 100cm, 120cm, 150cm \u00e1tm\u00e9r\u0151j\u0171, az \u00d6n ig\u00e9nyei szerint egyedi m\u00e9retet biztos\u00edtunk.<\/div>\n<\/td>\n<\/tr>\n<tr>\n<td colspan=\"1\" rowspan=\"1\">\n<div class=\"magic-40\"><b>Vastags\u00e1g\u00a0<\/b><\/div>\n<\/td>\n<td colspan=\"1\" rowspan=\"1\">\n<div class=\"magic-41\">2mm, 3mm, 4mm<\/div>\n<\/td>\n<\/tr>\n<tr>\n<td colspan=\"1\" rowspan=\"1\">\n<div class=\"magic-40\"><b>Befejez\u00e9s\u00a0<\/b><\/div>\n<\/td>\n<td colspan=\"1\" rowspan=\"1\">\n<div class=\"magic-41\">\u00a0Term\u00e9szetes rozsda \/ fekete magas h\u0151m\u00e9rs\u00e9klet\u0171 porsz\u00f3r\u00e1s<\/div>\n<\/td>\n<\/tr>\n<tr>\n<td colspan=\"1\" rowspan=\"1\">\n<div class=\"magic-40\"><b>Csomagol\u00e1s<\/b><\/div>\n<\/td>\n<td colspan=\"1\" rowspan=\"1\">\n<div class=\"magic-41\">3K + kem\u00e9ny barna dobozos csomagol\u00e1s sz\u00ednes c\u00edmk\u00e9vel<\/div>\n<\/td>\n<\/tr>\n<tr>\n<td colspan=\"1\" rowspan=\"1\">\n<div class=\"magic-40\"><b>Haszn\u00e1lat<\/b><\/div>\n<\/td>\n<td colspan=\"1\" rowspan=\"1\">\n<div class=\"magic-41\">Otthon \u00e9s kert dekor\u00e1ci\u00f3<\/div>\n<\/td>\n<\/tr>\n<\/tbody>\n<\/table>\n<\/div>\n<\/div>\n<\/div>\n<\/div>\n<\/div>","protected":false},"excerpt":{"rendered":"<p class=\"magic-47\"><span class=\"magic-43\" style=\"color: #0f0202; font-family: Georgia;\">El\u0151ny\u00fcnk :<\/span><\/p>\n<p class=\"magic-47\"><span class=\"magic-43\" style=\"color: #0f0202; font-family: Georgia;\">A. Klasszikus formatervez\u00e9s \u00e9s a legjobb min\u0151s\u00e9g versenyk\u00e9pes \u00e1ron<\/span><\/p>\n<p class=\"magic-47\"><span class=\"magic-43\" style=\"color: #0f0202; font-family: Georgia;\">B. T\u00f6bb sz\u00e1z k\u00fcl\u00f6nb\u00f6z\u0151 st\u00edlus a sz\u00e9les v\u00e1laszt\u00e9k\u00e9rt<\/p>\n<p>C. hagyom\u00e1nyos vagy antik sz\u00ednut\u00e1nzat, tetsz\u0151leges sz\u00ednben<\/p>\n<p>D. Megb\u00edzhat\u00f3 szolg\u00e1ltat\u00e1s gyors \u00e9s szoros egy\u00fcttm\u0171k\u00f6d\u00e9ssel.<\/span><\/p>","protected":false},"featured_media":1309,"comment_status":"open","ping_status":"closed","template":"","meta":{"_eb_attr":"","_monsterinsights_skip_tracking":false,"_monsterinsights_sitenote_active":false,"_monsterinsights_sitenote_note":"","_monsterinsights_sitenote_category":0,"_uf_show_specific_survey":0,"_uf_disable_surveys":false},"product_brand":[],"product_cat":[54],"product_tag":[],"class_list":{"0":"post-1308","1":"product","2":"type-product","3":"status-publish","4":"has-post-thumbnail","6":"product_cat-wood-fire-pit","8":"first","9":"instock","10":"shipping-taxable","11":"product-type-simple"},"_links":{"self":[{"href":"https:\/\/keweicorten.com\/hu\/wp-json\/wp\/v2\/product\/1308"}],"collection":[{"href":"https:\/\/keweicorten.com\/hu\/wp-json\/wp\/v2\/product"}],"about":[{"href":"https:\/\/keweicorten.com\/hu\/wp-json\/wp\/v2\/types\/product"}],"replies":[{"embeddable":true,"href":"https:\/\/keweicorten.com\/hu\/wp-json\/wp\/v2\/comments?post=1308"}],"version-history":[{"count":1,"href":"https:\/\/keweicorten.com\/hu\/wp-json\/wp\/v2\/product\/1308\/revisions"}],"predecessor-version":[{"id":1310,"href":"https:\/\/keweicorten.com\/hu\/wp-json\/wp\/v2\/product\/1308\/revisions\/1310"}],"wp:featuredmedia":[{"embeddable":true,"href":"https:\/\/keweicorten.com\/hu\/wp-json\/wp\/v2\/media\/1309"}],"wp:attachment":[{"href":"https:\/\/keweicorten.com\/hu\/wp-json\/wp\/v2\/media?parent=1308"}],"wp:term":[{"taxonomy":"product_brand","embeddable":true,"href":"https:\/\/keweicorten.com\/hu\/wp-json\/wp\/v2\/product_brand?post=1308"},{"taxonomy":"product_cat","embeddable":true,"href":"https:\/\/keweicorten.com\/hu\/wp-json\/wp\/v2\/product_cat?post=1308"},{"taxonomy":"product_tag","embeddable":true,"href":"https:\/\/keweicorten.com\/hu\/wp-json\/wp\/v2\/product_tag?post=1308"}],"curies":[{"name":"wp","href":"https:\/\/api.w.org\/{rel}","templated":true}]}}