{"id":1311,"date":"2024-09-23T03:00:44","date_gmt":"2024-09-23T03:00:44","guid":{"rendered":"https:\/\/keweicorten.com\/?post_type=product&#038;p=1311"},"modified":"2025-01-15T06:24:07","modified_gmt":"2025-01-15T06:24:07","slug":"fem-vizi-funkcio-tal","status":"publish","type":"product","link":"https:\/\/keweicorten.com\/hu\/fem-vizi-funkcio-tal\/","title":{"rendered":"f\u00e9m v\u00edzi funkci\u00f3 t\u00e1l"},"content":{"rendered":"<h2>F\u00e9m v\u00edzi funkci\u00f3 t\u00e1l jellemz\u0151i:<\/h2>\n<p>Korr\u00f3zi\u00f3\u00e1ll\u00f3s\u00e1g: Az id\u0151j\u00e1r\u00e1s\u00e1ll\u00f3 ac\u00e9l er\u0151s korr\u00f3zi\u00f3\u00e1ll\u00f3s\u00e1ggal rendelkezik, \u00e9s m\u00e9g akkor is j\u00f3 \u00e1llapotban marad, ha hossz\u00fa ideig ki van t\u00e9ve a sz\u00e9lnek \u00e9s az es\u0151nek a h\u00e1zon k\u00edv\u00fcl.<br \/>\nTerm\u00e9szetes sz\u00e9ps\u00e9g: A fel\u00fclet id\u0151vel fokozatosan egyedi rozsdaszerkezetet mutat, \u00e9s a narancsbarna term\u00e9szetes megjelen\u00e9s\u00e9t alak\u00edtja ki, amely nagyon \u00f6sszhangban van a modern \u00e9s a term\u00e9szetes tervez\u00e9si st\u00edlus kombin\u00e1ci\u00f3j\u00e1val.<br \/>\nK\u00f6rnyezetv\u00e9delem: Az id\u0151j\u00e1r\u00e1s\u00e1ll\u00f3 ac\u00e9l k\u00f6rnyezetbar\u00e1t anyag, a korrod\u00e1lt ac\u00e9l nem ig\u00e9nyel tov\u00e1bbi karbantart\u00e1st, \u00e9s nem lesz hat\u00e1ssal a k\u00f6rnyezetre.<br \/>\nSokoldal\u00fas\u00e1g: Az id\u0151j\u00e1r\u00e1s\u00e1ll\u00f3 ac\u00e9l t\u00e1l haszn\u00e1lhat\u00f3 az udvaron v\u00edzj\u00e1t\u00e9khoz, mad\u00e1rf\u00fcrd\u0151nek, halast\u00f3nak vagy t\u00e1jk\u00e9pi dekor\u00e1ci\u00f3nak, illetve sz\u00f6k\u0151k\u00fat r\u00e9szek\u00e9nt.<br \/>\nM\u00e9retv\u00e1laszt\u00e9k: A helyig\u00e9nyt\u0151l f\u00fcgg\u0151en az id\u0151j\u00e1r\u00e1s\u00e1ll\u00f3 ac\u00e9l t\u00e1lak t\u00f6bbf\u00e9le m\u00e9retben kaphat\u00f3k, a kis dekorat\u00edv v\u00edzt\u00e1lakt\u00f3l a nagy, parkos\u00edtott medenc\u00e9kig.<br \/>\nHaszn\u00e1lati forgat\u00f3k\u00f6nyv:<br \/>\n1. T\u00e1jv\u00edz<br \/>\n2. Sz\u00f6k\u0151k\u00fat kialak\u00edt\u00e1sa<br \/>\n3. Udvari k\u00f6zpont dekor\u00e1ci\u00f3<\/p>\n<p>A Corten ac\u00e9l f\u00e9m v\u00edzt\u00e1rol\u00f3 t\u00e1lnak sz\u00e1mos el\u0151nye van, mind eszt\u00e9tikai, mind gyakorlati szempontb\u00f3l.Ipari hangulat\u00faak, de nem durv\u00e1k vagy hidegek, \u00e9s gy\u00f6ny\u00f6r\u0171 r\u00e9zsz\u00edn\u0171 t\u00f3nusaik m\u00e9lys\u00e9get \u00e9s kontrasztot adnak a tervnek. A Corten ac\u00e9l t\u0171zg\u00f6d\u00f6r a t\u00f6k\u00e9letes, alacsony karbantart\u00e1si ig\u00e9ny\u0171 kerti funkci\u00f3. Corten ac\u00e9l t\u0171zrak\u00f3helyek. Fedezze fel a cortenac\u00e9l t\u0171zrak\u00f3helyek tart\u00f3ss\u00e1g\u00e1t \u00e9s rusztikus sz\u00e9ps\u00e9g\u00e9t. Mind a fa-, mind a g\u00e1zt\u00fczel\u00e9s\u0171 v\u00e1ltozatokban minden corten t\u0171zrak\u00f3hely egyedi patin\u00e1s bevonatot kap, \u00e9s nem csak t\u0171zelemk\u00e9nt, hanem m\u0171alkot\u00e1sk\u00e9nt is szolg\u00e1l.<\/p>\n<figure style=\"width: 627px\" class=\"wp-caption alignnone\"><a href=\"https:\/\/keweicorten.com\/hu\"><img fetchpriority=\"high\" decoding=\"async\" title=\"kerti vizes t\u00e1l\" src=\"https:\/\/sc04.alicdn.com\/kf\/H75f6bcdaad934358a327cd4efdbeb9ae2\/238887437\/H75f6bcdaad934358a327cd4efdbeb9ae2.jpg\" alt=\"\" width=\"627\" height=\"627\" \/><\/a><figcaption class=\"wp-caption-text\">kerti vizes t\u00e1l<\/figcaption><\/figure>\n<p><b><span class=\"magic-15\" data-spm-anchor-id=\"a2700.details.0.i42.7d417f93rLNuig\">A t\u0171zrak\u00f3helyet k\u00fcl\u00f6nf\u00e9le belt\u00e9ri vagy k\u00fclt\u00e9ri, p\u00e9ld\u00e1ul k\u00fclt\u00e9ri kertben, p\u00e1rtban, grillez\u00e9shez haszn\u00e1lj\u00e1k. <\/span><\/b><\/p>","protected":false},"excerpt":{"rendered":"<p>Corten ac\u00e9l t\u0171zrak\u00f3helyek. Fedezze fel a cortenac\u00e9l t\u0171zrak\u00f3helyek tart\u00f3ss\u00e1g\u00e1t \u00e9s rusztikus sz\u00e9ps\u00e9g\u00e9t. Mind a fa-, mind a g\u00e1zt\u00fczel\u00e9s\u0171 v\u00e1ltozatokban minden corten t\u0171zrak\u00f3hely egyedi patin\u00e1s bevonatot kap, \u00e9s nem csak t\u0171zrak\u00f3helyk\u00e9nt, hanem m\u0171alkot\u00e1sk\u00e9nt is szolg\u00e1l.<\/p>","protected":false},"featured_media":1312,"comment_status":"open","ping_status":"closed","template":"","meta":{"_eb_attr":"","_monsterinsights_skip_tracking":false,"_monsterinsights_sitenote_active":false,"_monsterinsights_sitenote_note":"","_monsterinsights_sitenote_category":0,"_uf_show_specific_survey":0,"_uf_disable_surveys":false},"product_brand":[],"product_cat":[54],"product_tag":[],"class_list":{"0":"post-1311","1":"product","2":"type-product","3":"status-publish","4":"has-post-thumbnail","6":"product_cat-wood-fire-pit","8":"first","9":"instock","10":"shipping-taxable","11":"product-type-simple"},"_links":{"self":[{"href":"https:\/\/keweicorten.com\/hu\/wp-json\/wp\/v2\/product\/1311"}],"collection":[{"href":"https:\/\/keweicorten.com\/hu\/wp-json\/wp\/v2\/product"}],"about":[{"href":"https:\/\/keweicorten.com\/hu\/wp-json\/wp\/v2\/types\/product"}],"replies":[{"embeddable":true,"href":"https:\/\/keweicorten.com\/hu\/wp-json\/wp\/v2\/comments?post=1311"}],"version-history":[{"count":1,"href":"https:\/\/keweicorten.com\/hu\/wp-json\/wp\/v2\/product\/1311\/revisions"}],"predecessor-version":[{"id":1313,"href":"https:\/\/keweicorten.com\/hu\/wp-json\/wp\/v2\/product\/1311\/revisions\/1313"}],"wp:featuredmedia":[{"embeddable":true,"href":"https:\/\/keweicorten.com\/hu\/wp-json\/wp\/v2\/media\/1312"}],"wp:attachment":[{"href":"https:\/\/keweicorten.com\/hu\/wp-json\/wp\/v2\/media?parent=1311"}],"wp:term":[{"taxonomy":"product_brand","embeddable":true,"href":"https:\/\/keweicorten.com\/hu\/wp-json\/wp\/v2\/product_brand?post=1311"},{"taxonomy":"product_cat","embeddable":true,"href":"https:\/\/keweicorten.com\/hu\/wp-json\/wp\/v2\/product_cat?post=1311"},{"taxonomy":"product_tag","embeddable":true,"href":"https:\/\/keweicorten.com\/hu\/wp-json\/wp\/v2\/product_tag?post=1311"}],"curies":[{"name":"wp","href":"https:\/\/api.w.org\/{rel}","templated":true}]}}