{"id":1314,"date":"2024-09-23T06:19:58","date_gmt":"2024-09-23T06:19:58","guid":{"rendered":"https:\/\/keweicorten.com\/?post_type=product&#038;p=1314"},"modified":"2025-01-15T06:23:53","modified_gmt":"2025-01-15T06:23:53","slug":"corten-acel-faszen-grill-grill-kulteri-grill","status":"publish","type":"product","link":"https:\/\/keweicorten.com\/hu\/corten-acel-faszen-grill-grill-kulteri-grill\/","title":{"rendered":"Corten ac\u00e9l fasz\u00e9n BBQ k\u00fclt\u00e9ri grill"},"content":{"rendered":"<p>A Corten Steel Charcoal BBQ k\u00fclt\u00e9ri grill egyes\u00edti az id\u0151j\u00e1r\u00e1s\u00e1ll\u00f3 ac\u00e9l tart\u00f3ss\u00e1g\u00e1t \u00e9s rusztikus b\u00e1j\u00e1t a fasz\u00e9npar\u00e1zs grill funkcionalit\u00e1s\u00e1val. A Corten ac\u00e9l az id\u0151 m\u00fal\u00e1s\u00e1val rozsdav\u00e9d\u0151 r\u00e9teget fejleszt, ami egyedi megjelen\u00e9st k\u00f6lcs\u00f6n\u00f6z neki, \u00e9s ellen\u00e1ll\u00f3v\u00e1 teszi a korr\u00f3zi\u00f3val szemben, \u00edgy ide\u00e1lis k\u00fclt\u00e9ri haszn\u00e1latra.<\/p>\n<p>Jellemz\u0151k:<br \/>\n1: Corten ac\u00e9l ellen\u00e1ll a zord id\u0151j\u00e1r\u00e1si k\u00f6r\u00fclm\u00e9nyeknek, \u00edgy kiv\u00e1l\u00f3 v\u00e1laszt\u00e1s a tart\u00f3snak sz\u00e1nt k\u00fclt\u00e9ri grillekhez.<br \/>\n2. Rusztikus eszt\u00e9tika: A term\u00e9szetesen kialakul\u00f3 rozsdar\u00e9teg gy\u00f6ny\u00f6r\u0171, f\u00f6ldes megjelen\u00e9st k\u00f6lcs\u00f6n\u00f6z, amely kieg\u00e9sz\u00edti a k\u00fclt\u00e9ri tereket.<br \/>\n3. Alacsony karbantart\u00e1s: A rozsdar\u00e9teg v\u00e9di az alatta l\u00e9v\u0151 ac\u00e9lt, \u00edgy minim\u00e1lis karbantart\u00e1st ig\u00e9nyel.<br \/>\n4. H\u0151megtart\u00e1s: A corten ac\u00e9l j\u00f3l megtartja a h\u0151t, \u00edgy hat\u00e9kony a grillez\u00e9shez \u00e9s a f\u0151z\u00e9shez.<br \/>\n5. Tervez\u00e9si sokoldal\u00fas\u00e1g: Sok Corten ac\u00e9l BBQ-grill eleg\u00e1ns, modern diz\u00e1jnnal rendelkezik, amely funkcion\u00e1lis f\u0151z\u0151berendez\u00e9sk\u00e9nt \u00e9s dekorat\u00edv elemk\u00e9nt is szolg\u00e1lhat a terasz vagy a kert sz\u00e1m\u00e1ra.<\/p>\n<p>A Corten ac\u00e9l fasz\u00e9n BBQ k\u00fclt\u00e9ri grillek sz\u00e1mos gy\u00e1rt\u00f3ja min\u0151s\u00e9gi garanci\u00e1t v\u00e1llal arra, hogy term\u00e9ke megfeleljen a v\u00e1s\u00e1rl\u00f3 elv\u00e1r\u00e1sainak. A garancia kiterjedhet a grill szerkezet\u00e9re \u00e9s tart\u00f3ss\u00e1g\u00e1ra, a felhaszn\u00e1lt anyagok min\u0151s\u00e9g\u00e9re \u00e9s a grill funkcionalit\u00e1s\u00e1ra.<\/p>\n<figure style=\"width: 700px\" class=\"wp-caption alignnone\"><a href=\"https:\/\/keweicorten.com\/hu\"><img fetchpriority=\"high\" decoding=\"async\" title=\"barbecue grill\" src=\"https:\/\/sc04.alicdn.com\/kf\/He0ed5e93b12c40358fb48f957cefcb69S\/252624420\/He0ed5e93b12c40358fb48f957cefcb69S.jpg\" alt=\"\" width=\"700\" height=\"700\" \/><\/a><figcaption class=\"wp-caption-text\">barbecue grill<\/figcaption><\/figure>\n<h3 class=\"magic-5\"><span class=\"magic-6\"><span data-spm-anchor-id=\"a2700.details.0.i39.5eaf3f8dvvep9e\">Garden Party fa fasz\u00e9n Corten f\u00e9m BBQ grill t\u0171zrak\u00f3hely<\/span><\/span><\/h3>\n<div class=\"magic-7\">\n<div class=\"magic-8\">\n<div class=\"magic-9\">\n<div>Az \u00e1raml\u00e1s mutatja a nyersanyag m\u00e9ret\u00e9t \u00e9s vastags\u00e1g\u00e1t:<\/div>\n<p>1. A t\u0171zsk\u00e1la vagy a k\u00fap magass\u00e1ga \u00e1ltal\u00e1ban 27 cm, 2,0 mm-es corten f\u00e9mlemezzel hengerelve.<\/p>\n<div>2.A s\u00fct\u0151lemez :Hidegen hengerelt 10 mm-es ac\u00e9llemez, \u00e1tm\u00e9r\u0151je 100 cm.<br \/>\n3.A t\u0171zkamra 2,0 mm vastag Corten ac\u00e9l felhaszn\u00e1l\u00e1s\u00e1val<br \/>\n4.A hamutart\u00e1ly :2 mm Corten ac\u00e9l<br \/>\n5.Down test :Corten ac\u00e9l vastags\u00e1ga :2 mm M\u00e9ret:700*500*500 mm<\/div>\n<div>\n<figure style=\"width: 700px\" class=\"wp-caption alignnone\"><a href=\"https:\/\/keweicorten.com\/hu\/kapcsolatfelvetel\/\"><img decoding=\"async\" title=\"f\u00fcst\u00f6l\u0151 grill\" src=\"https:\/\/sc04.alicdn.com\/kf\/H3251a163a5d842c7bd1860b59de2a48bk\/252624420\/H3251a163a5d842c7bd1860b59de2a48bk.jpg\" alt=\"\" width=\"700\" height=\"700\" \/><\/a><figcaption class=\"wp-caption-text\">f\u00fcst\u00f6l\u0151 grill<\/figcaption><\/figure>\n<\/div>\n<\/div>\n<\/div>\n<\/div>","protected":false},"excerpt":{"rendered":"<p>A Corten Steel Charcoal BBQ Outdoor Grill combines the durability and rustic charm of weathering steel with the functionality of a charcoal grill. Corten steel develops a protective layer of rust over time, which gives it a unique appearance and makes it resistant to corrosion, ideal for outdoor use. Features: 1.Durability: Corten steel can withstand [&hellip;]<\/p>","protected":false},"featured_media":1315,"comment_status":"open","ping_status":"closed","template":"","meta":{"_eb_attr":"","_monsterinsights_skip_tracking":false,"_monsterinsights_sitenote_active":false,"_monsterinsights_sitenote_note":"","_monsterinsights_sitenote_category":0,"_uf_show_specific_survey":0,"_uf_disable_surveys":false},"product_brand":[],"product_cat":[63],"product_tag":[],"class_list":{"0":"post-1314","1":"product","2":"type-product","3":"status-publish","4":"has-post-thumbnail","6":"product_cat-steel-bbq-grill","8":"first","9":"instock","10":"shipping-taxable","11":"product-type-simple"},"_links":{"self":[{"href":"https:\/\/keweicorten.com\/hu\/wp-json\/wp\/v2\/product\/1314"}],"collection":[{"href":"https:\/\/keweicorten.com\/hu\/wp-json\/wp\/v2\/product"}],"about":[{"href":"https:\/\/keweicorten.com\/hu\/wp-json\/wp\/v2\/types\/product"}],"replies":[{"embeddable":true,"href":"https:\/\/keweicorten.com\/hu\/wp-json\/wp\/v2\/comments?post=1314"}],"version-history":[{"count":1,"href":"https:\/\/keweicorten.com\/hu\/wp-json\/wp\/v2\/product\/1314\/revisions"}],"predecessor-version":[{"id":1316,"href":"https:\/\/keweicorten.com\/hu\/wp-json\/wp\/v2\/product\/1314\/revisions\/1316"}],"wp:featuredmedia":[{"embeddable":true,"href":"https:\/\/keweicorten.com\/hu\/wp-json\/wp\/v2\/media\/1315"}],"wp:attachment":[{"href":"https:\/\/keweicorten.com\/hu\/wp-json\/wp\/v2\/media?parent=1314"}],"wp:term":[{"taxonomy":"product_brand","embeddable":true,"href":"https:\/\/keweicorten.com\/hu\/wp-json\/wp\/v2\/product_brand?post=1314"},{"taxonomy":"product_cat","embeddable":true,"href":"https:\/\/keweicorten.com\/hu\/wp-json\/wp\/v2\/product_cat?post=1314"},{"taxonomy":"product_tag","embeddable":true,"href":"https:\/\/keweicorten.com\/hu\/wp-json\/wp\/v2\/product_tag?post=1314"}],"curies":[{"name":"wp","href":"https:\/\/api.w.org\/{rel}","templated":true}]}}