{"id":1317,"date":"2024-09-23T06:34:32","date_gmt":"2024-09-23T06:34:32","guid":{"rendered":"https:\/\/keweicorten.com\/?post_type=product&#038;p=1317"},"modified":"2025-01-15T06:23:43","modified_gmt":"2025-01-15T06:23:43","slug":"kulteri-corten-acel-rozsda-grill","status":"publish","type":"product","link":"https:\/\/keweicorten.com\/hu\/kulteri-corten-acel-rozsda-grill\/","title":{"rendered":"K\u00fclt\u00e9ri Corten ac\u00e9l rozsda BBQ"},"content":{"rendered":"<h2>Corten ac\u00e9l faszenes grill jellemz\u0151i<\/h2>\n<p>A k\u00fclt\u00e9ri Corten ac\u00e9l rozsd\u00e1s grill egyes\u00edti a funkcionalit\u00e1st \u00e9s az eszt\u00e9tikai vonzer\u0151t. A Corten ac\u00e9l anyag id\u0151j\u00e1r\u00e1s\u00e1ll\u00f3 tulajdons\u00e1gair\u00f3l ismert, amelyek id\u0151vel rozsdaszer\u0171 v\u00e9d\u0151fel\u00fcletet alak\u00edtanak ki, \u00edgy tart\u00f3s \u00e9s vizu\u00e1lisan is felt\u0171n\u0151. Ezek a k\u00fclt\u00e9ri Corten ac\u00e9l rozsda BBQ-k gyakran z\u00f6kken\u0151mentesen illeszkednek a k\u00fclt\u00e9ri k\u00f6rnyezetbe, rusztikus, ipari hangulatot k\u00f6lcs\u00f6n\u00f6zve kertj\u00e9nek vagy terasz\u00e1nak.<\/p>\n<table class=\"all magic-22\">\n<tbody>\n<tr>\n<td colspan=\"2\" rowspan=\"1\">\n<div class=\"magic-23\" data-spm-anchor-id=\"a2700.details.0.i39.767b11fcnAZI6v\">Term\u00e9k neve<\/div>\n<\/td>\n<td colspan=\"3\" rowspan=\"1\">\n<div class=\"magic-26\">Nagy fat\u00fczel\u00e9s\u0171 Corten ac\u00e9l f\u00e9m hordozhat\u00f3 BBQ grillek<\/div>\n<\/td>\n<\/tr>\n<tr>\n<td colspan=\"2\" rowspan=\"1\">\n<div class=\"magic-23\">Nyersanyag<\/div>\n<\/td>\n<td colspan=\"3\" rowspan=\"1\">\n<div class=\"magic-26\">Corten f\u00e9mlemez, sz\u00e9nac\u00e9l<\/div>\n<\/td>\n<\/tr>\n<tr>\n<td colspan=\"2\" rowspan=\"1\">\n<div class=\"magic-28\">V\u00e1laszthat\u00f3 m\u00e9ret<\/div>\n<\/td>\n<td colspan=\"3\" rowspan=\"1\">\n<div class=\"magic-30\">1000mm \u00e9s kerek t\u00edpus ,is elfogadja OEM testreszabott<\/div>\n<\/td>\n<\/tr>\n<tr>\n<td colspan=\"2\" rowspan=\"1\">\n<div class=\"magic-23\">\u00dczemanyag t\u00edpus<\/div>\n<\/td>\n<td colspan=\"3\" rowspan=\"1\">\n<div class=\"magic-26\">\u00c1ltal\u00e1ban fasz\u00e9n fa, is lehet v\u00e1ltoztatni g\u00e1z \/ prop\u00e1n t\u00edpus\u00e1t<\/div>\n<\/td>\n<\/tr>\n<tr>\n<td colspan=\"2\" rowspan=\"1\">\n<div class=\"magic-28\">Csomag<\/div>\n<\/td>\n<td colspan=\"3\" rowspan=\"1\">\n<div class=\"magic-30\">Kartoncsomagol\u00e1s raklapokkal<\/div>\n<\/td>\n<\/tr>\n<tr>\n<td colspan=\"2\" rowspan=\"1\">\n<div class=\"magic-28\">MOQ<\/div>\n<\/td>\n<td colspan=\"3\" rowspan=\"1\">\n<div class=\"magic-30\">1db, \u00e9s 80db egy 20GP kont\u00e9nerhez<\/div>\n<\/td>\n<\/tr>\n<tr>\n<td colspan=\"2\" rowspan=\"1\">\n<div class=\"magic-28\">F\u0151 piac<\/div>\n<\/td>\n<td colspan=\"3\" rowspan=\"1\">\n<div class=\"magic-30\">Eur\u00f3pa\/ USA\/ Ausztr\u00e1lia<\/div>\n<\/td>\n<\/tr>\n<\/tbody>\n<\/table>\n<div class=\"J_module\">\n<div class=\"detail-decorate-json-renderer-container\">\n<div class=\"magic-4\">\n<div class=\"magic-7\" data-spm-anchor-id=\"a2700.details.0.i41.767b11fcnAZI6v\">\n<div class=\"magic-8\">\n<div class=\"magic-9\">\n<p><span class=\"magic-10\">A hagyom\u00e1nyos k\u00fclt\u00e9ri f\u0171t\u0151berendez\u00e9sekkel ellent\u00e9tben a k\u00fclt\u00e9ri Corten Steel Rust BBQ 360 fokos ny\u00edlt l\u00e1ngot k\u00edn\u00e1l, \u00e9s sz\u00f3rakoztat\u00f3, cs\u00e1b\u00edt\u00f3 \u00e9s mag\u00e1val ragad\u00f3 elemet hoz a k\u00fclt\u00e9ri \u00e9letter\u00e9be.<\/span><span class=\"magic-10\">Ak\u00e1r hagyom\u00e1nyos, minimalista, rusztikus vagy kort\u00e1rs a k\u00fclt\u00e9ri dekor\u00e1ci\u00f3ja, mindig van olyan t\u0171zrak\u00f3hely, amely megfelel az \u00d6n szem\u00e9lyes \u00edzl\u00e9s\u00e9nek.<\/span><span class=\"magic-10\">Opcion\u00e1lis tartoz\u00e9kok \u00e1llnak rendelkez\u00e9sre.<\/span><\/p>\n<div>\n<div class=\"flex-layout-v magic-20\">\n<div class=\"magic-21\">\n<figure style=\"width: 616px\" class=\"wp-caption alignnone\"><a href=\"https:\/\/keweicorten.com\/hu\"><img fetchpriority=\"high\" decoding=\"async\" class=\"magic-22\" title=\"fasz\u00e9n grill\" src=\"https:\/\/sc04.alicdn.com\/kf\/Hc2409745ccc84643881e8baac0e202c8d\/223026859\/Hc2409745ccc84643881e8baac0e202c8d.jpg\" alt=\"\" width=\"616\" height=\"616\" data-src=\"\/\/sc04.alicdn.com\/kf\/Hc2409745ccc84643881e8baac0e202c8d\/223026859\/Hc2409745ccc84643881e8baac0e202c8d.jpg\" data-spm-anchor-id=\"a2700.details.0.i44.20af498aXXDt0K\" \/><\/a><figcaption class=\"wp-caption-text\">fasz\u00e9n grill<\/figcaption><\/figure>\n<\/div>\n<\/div>\n<div class=\"text-wrapper magic-23\">\n<div class=\"text-wrapper-right text-theme-light text-align-left\" data-spm-anchor-id=\"a2700.details.0.i43.20af498aXXDt0K\">\n<div class=\"text-title\" data-spm-anchor-id=\"a2700.details.0.i41.20af498aXXDt0K\">BBQ grills\u00fct\u0151 fels\u0151 f\u0151z\u0151gy\u0171r\u0171 lemez<\/div>\n<div class=\"text-content\"><span data-spm-anchor-id=\"a2700.details.0.i42.20af498aXXDt0K\">Ez a fels\u0151 lemez el\u00e9g vastag, edzett sz\u00e9nac\u00e9lb\u00f3l k\u00e9sz\u00fcl.Ez az anyagt\u00edpus megakad\u00e1lyozza az alakv\u00e1ltoz\u00e1st a magas h\u0151m\u00e9rs\u00e9kletnek val\u00f3 kitetts\u00e9g sor\u00e1n.<\/span><\/div>\n<\/div>\n<\/div>\n<\/div>\n<\/div>\n<\/div>\n<\/div>\n<\/div>\n<\/div>\n<\/div>\n<div class=\"J_module\">\n<div class=\"icbu-pc-detailManyImage magic-11\">\n<div class=\"J_module\">\n<div class=\"icbu-pc-images magic-0\">\n<div class=\"flex-layout-h\">\n<div class=\"text-wrapper magic-24\">\n<div class=\"text-wrapper-left text-theme-light text-align-left\">\n<div data-spm-anchor-id=\"a2700.details.0.i47.20af498aXXDt0K\"><\/div>\n<div class=\"text-title\" data-spm-anchor-id=\"a2700.details.0.i47.20af498aXXDt0K\">BBQ grill t\u0171z t\u00e1l<\/div>\n<div class=\"text-title\" data-spm-anchor-id=\"a2700.details.0.i47.20af498aXXDt0K\">Haszn\u00e1lhat\u00f3 t\u0171zrak\u00f3 t\u00e1lk\u00e9nt a f\u0151z\u0151t\u00e1l gy\u0171r\u0171s lemez\u00e9vel, vagy an\u00e9lk\u00fcl.A t\u0171zrak\u00f3 t\u00e1l egyetlen darab corten ac\u00e9lb\u00f3l k\u00e9sz\u00fclt, varratok \u00e9s hegeszt\u00e9si varratok n\u00e9lk\u00fcl.A t\u0171zrak\u00f3 t\u00e1l vastags\u00e1ga 2 mm.<\/div>\n<\/div>\n<\/div>\n<div class=\"flex-layout-v magic-20\">\n<div class=\"magic-25\">\n<figure style=\"width: 618px\" class=\"wp-caption alignnone\"><a href=\"https:\/\/keweicorten.com\/hu\/kapcsolatfelvetel\/\"><img decoding=\"async\" class=\"magic-26\" title=\"k\u00fclt\u00e9ri grill\" src=\"https:\/\/sc04.alicdn.com\/kf\/H753c3cf1341a40ed9a0ee9f74fe4b065O\/223026859\/H753c3cf1341a40ed9a0ee9f74fe4b065O.jpg\" alt=\"\" width=\"618\" height=\"618\" data-src=\"\/\/sc04.alicdn.com\/kf\/H753c3cf1341a40ed9a0ee9f74fe4b065O\/223026859\/H753c3cf1341a40ed9a0ee9f74fe4b065O.jpg\" \/><\/a><figcaption class=\"wp-caption-text\">k\u00fclt\u00e9ri grill<\/figcaption><\/figure>\n<\/div>\n<\/div>\n<\/div>\n<\/div>\n<\/div>\n<div class=\"J_module\">\n<div class=\"icbu-pc-images magic-0\">\n<div>\n<div class=\"flex-layout-h\">\n<div class=\"flex-layout-v magic-20\">\n<div class=\"magic-27\">\n<figure style=\"width: 616px\" class=\"wp-caption alignnone\"><a href=\"https:\/\/keweicorten.com\/hu\"><img decoding=\"async\" class=\"magic-28\" title=\"hordozhat\u00f3 grill\" src=\"https:\/\/sc04.alicdn.com\/kf\/H73bfd555311d40dcaf54d4700570657dA\/223026859\/H73bfd555311d40dcaf54d4700570657dA.jpg\" alt=\"\" width=\"616\" height=\"616\" data-src=\"\/\/sc04.alicdn.com\/kf\/H73bfd555311d40dcaf54d4700570657dA\/223026859\/H73bfd555311d40dcaf54d4700570657dA.jpg\" \/><\/a><figcaption class=\"wp-caption-text\">hordozhat\u00f3 grill<\/figcaption><\/figure>\n<\/div>\n<\/div>\n<div class=\"text-wrapper magic-23\" data-spm-anchor-id=\"a2700.details.0.i48.20af498aXXDt0K\">\n<div class=\"text-wrapper-right text-theme-light text-align-left\">\n<div class=\"text-title\">BBQ grill alap\u00fa tart\u00e1ly<\/div>\n<div class=\"text-content\">\n<p>Az alaptart\u00e1ly k\u00fcl\u00f6nleges min\u0151s\u00e9g\u0171 ac\u00e9lb\u00f3l k\u00e9sz\u00fcl, amely rezet tartalmaz (Corten). A Corten ac\u00e9lt n\u00e9ha id\u0151j\u00e1r\u00e1s\u00e1ll\u00f3 ac\u00e9lnak is nevezik.Eg\u00e9sz \u00e9vben kint hagyhat\u00f3; az alap id\u0151vel gy\u00f6ny\u00f6r\u0171, karbantart\u00e1smentes patin\u00e1t fejleszt.<\/p>\n<\/div>\n<\/div>\n<\/div>\n<\/div>\n<\/div>\n<\/div>\n<\/div>\n<\/div>\n<\/div>","protected":false},"excerpt":{"rendered":"<p>K\u00e9sz\u00edtsen eg\u00e9szs\u00e9ges \u00e9telt a szabadban ezzel a grillel ell\u00e1tott t\u0171zrak\u00f3hellyel, mik\u00f6zben vastag, lapos s\u00fct\u0151lapot haszn\u00e1lhat teppanyakik\u00e9nt.Egyszer\u0171, klasszikus vonalvezet\u00e9s\u00e9vel a grills\u00fct\u0151nk praktikusabb \u00e9s st\u00edlusosabb, mint egy hagyom\u00e1nyos grills\u00fct\u0151, \u00e9s t\u00f6k\u00e9letesen illeszkedik minden ter\u00fcletre, a kertt\u0151l az eleg\u00e1ns \u00e9ttermi teraszig.Amikor elj\u00f6n az ideje egy hangulatos \u00f6sszej\u00f6vetelnek a szabadban, ez az eleg\u00e1ns m\u0171t\u00e1rgy meleg, bar\u00e1ts\u00e1gos helly\u00e9 alakul \u00e1t a f\u0151z\u00e9shez \u00e9s a vend\u00e9gek sz\u00f3rakoztat\u00e1s\u00e1hoz.<\/p>","protected":false},"featured_media":1318,"comment_status":"open","ping_status":"closed","template":"","meta":{"_eb_attr":"","_monsterinsights_skip_tracking":false,"_monsterinsights_sitenote_active":false,"_monsterinsights_sitenote_note":"","_monsterinsights_sitenote_category":0,"_uf_show_specific_survey":0,"_uf_disable_surveys":false},"product_brand":[],"product_cat":[63],"product_tag":[],"class_list":{"0":"post-1317","1":"product","2":"type-product","3":"status-publish","4":"has-post-thumbnail","6":"product_cat-steel-bbq-grill","8":"first","9":"instock","10":"shipping-taxable","11":"product-type-simple"},"_links":{"self":[{"href":"https:\/\/keweicorten.com\/hu\/wp-json\/wp\/v2\/product\/1317"}],"collection":[{"href":"https:\/\/keweicorten.com\/hu\/wp-json\/wp\/v2\/product"}],"about":[{"href":"https:\/\/keweicorten.com\/hu\/wp-json\/wp\/v2\/types\/product"}],"replies":[{"embeddable":true,"href":"https:\/\/keweicorten.com\/hu\/wp-json\/wp\/v2\/comments?post=1317"}],"version-history":[{"count":3,"href":"https:\/\/keweicorten.com\/hu\/wp-json\/wp\/v2\/product\/1317\/revisions"}],"predecessor-version":[{"id":1321,"href":"https:\/\/keweicorten.com\/hu\/wp-json\/wp\/v2\/product\/1317\/revisions\/1321"}],"wp:featuredmedia":[{"embeddable":true,"href":"https:\/\/keweicorten.com\/hu\/wp-json\/wp\/v2\/media\/1318"}],"wp:attachment":[{"href":"https:\/\/keweicorten.com\/hu\/wp-json\/wp\/v2\/media?parent=1317"}],"wp:term":[{"taxonomy":"product_brand","embeddable":true,"href":"https:\/\/keweicorten.com\/hu\/wp-json\/wp\/v2\/product_brand?post=1317"},{"taxonomy":"product_cat","embeddable":true,"href":"https:\/\/keweicorten.com\/hu\/wp-json\/wp\/v2\/product_cat?post=1317"},{"taxonomy":"product_tag","embeddable":true,"href":"https:\/\/keweicorten.com\/hu\/wp-json\/wp\/v2\/product_tag?post=1317"}],"curies":[{"name":"wp","href":"https:\/\/api.w.org\/{rel}","templated":true}]}}