{"id":1322,"date":"2024-09-23T07:02:46","date_gmt":"2024-09-23T07:02:46","guid":{"rendered":"https:\/\/keweicorten.com\/?post_type=product&#038;p=1322"},"modified":"2024-09-23T07:02:46","modified_gmt":"2024-09-23T07:02:46","slug":"q450nqr1-corten-acellemez","status":"publish","type":"product","link":"https:\/\/keweicorten.com\/hu\/q450nqr1-corten-acellemez\/","title":{"rendered":"Q450NQR1 Corten ac\u00e9llemez"},"content":{"rendered":"<p>A Q450NQR1 Corten ac\u00e9llemez egy nagy szil\u00e1rds\u00e1g\u00fa, alacsony \u00f6tv\u00f6z\u00e9s\u0171 (HSLA) szerkezeti ac\u00e9lmin\u0151s\u00e9g, amelyet els\u0151sorban a l\u00e9gk\u00f6ri korr\u00f3zi\u00f3val szembeni fokozott ellen\u00e1ll\u00e1sa miatt haszn\u00e1lnak, \u00edgy ide\u00e1lis k\u00fclt\u00e9ri alkalmaz\u00e1sokhoz. A Corten ac\u00e9lcsal\u00e1d tagja, amelyet gyakran haszn\u00e1lnak \u00e9p\u00edt\u00e9szeti, k\u00fclt\u00e9ri szerkezetekben \u00e9s ipari alkalmaz\u00e1sokban, ahol tart\u00f3ss\u00e1gra \u00e9s rusztikus megjelen\u00e9sre van sz\u00fcks\u00e9g.<\/p>\n<h2>\u00a0A Q450NQR1 Corten ac\u00e9llemez f\u0151 jellemz\u0151i:<\/h2>\n<p>1. Korr\u00f3zi\u00f3\u00e1ll\u00f3s\u00e1g: Ez megv\u00e9di a tov\u00e1bbi korr\u00f3zi\u00f3t\u00f3l.<br \/>\n2. Nagy szil\u00e1rds\u00e1g: A \"Q\" a n\u00e9vben a foly\u00e1shat\u00e1rra utal, amely 450 MPa, \u00edgy alkalmas szerkezeti c\u00e9lokra.<br \/>\n3. Tart\u00f3ss\u00e1g: Kiv\u00e1l\u00f3 mechanikai tulajdons\u00e1gokkal rendelkezik a hossz\u00fa t\u00e1v\u00fa haszn\u00e1lathoz zord k\u00f6rnyezetben.<br \/>\n4. Minim\u00e1lis karbantart\u00e1s: A term\u00e9szetes rozsdar\u00e9tegnek k\u00f6sz\u00f6nhet\u0151en kevesebb karbantart\u00e1st ig\u00e9nyel a festett vagy bevonatos fel\u00fcletekhez k\u00e9pest.<\/p>\n<p>Tipikus alkalmaz\u00e1sok:<br \/>\n- Hidak<br \/>\n- Kerti \u00e9p\u00edtm\u00e9nyek \u00e9s k\u00fclt\u00e9ri b\u00fatorok<br \/>\n- Szobrok \u00e9s m\u0171v\u00e9szeti install\u00e1ci\u00f3k<br \/>\n- Sz\u00e1ll\u00edt\u00e1si kont\u00e9nerek<br \/>\n- Ipari k\u00e9m\u00e9nyek vagy sil\u00f3k<\/p>\n<figure id=\"attachment_1324\" aria-describedby=\"caption-attachment-1324\" style=\"width: 359px\" class=\"wp-caption alignnone\"><img fetchpriority=\"high\" decoding=\"async\" class=\"wp-image-1324\" src=\"https:\/\/keweicorten.com\/wp-content\/uploads\/2024\/09\/\u8010\u5019\u677f-300x300.jpg\" alt=\"\" width=\"359\" height=\"359\" srcset=\"https:\/\/keweicorten.com\/wp-content\/uploads\/2024\/09\/\u8010\u5019\u677f-300x300.jpg 300w, https:\/\/keweicorten.com\/wp-content\/uploads\/2024\/09\/\u8010\u5019\u677f-150x150.jpg 150w, https:\/\/keweicorten.com\/wp-content\/uploads\/2024\/09\/\u8010\u5019\u677f-12x12.jpg 12w, https:\/\/keweicorten.com\/wp-content\/uploads\/2024\/09\/\u8010\u5019\u677f-600x600.jpg 600w, https:\/\/keweicorten.com\/wp-content\/uploads\/2024\/09\/\u8010\u5019\u677f-100x100.jpg 100w, https:\/\/keweicorten.com\/wp-content\/uploads\/2024\/09\/\u8010\u5019\u677f.jpg 700w\" sizes=\"(max-width: 359px) 100vw, 359px\" \/><figcaption id=\"caption-attachment-1324\" class=\"wp-caption-text\">cortenac\u00e9l<\/figcaption><\/figure>","protected":false},"excerpt":{"rendered":"<p>Ellen\u00e1ll az es\u0151, h\u00f3, j\u00e9g, k\u00f6d \u00e9s egy\u00e9b id\u0151j\u00e1r\u00e1si k\u00f6r\u00fclm\u00e9nyek korroz\u00edv hat\u00e1sainak, mivel egy<\/p>\n<p>s\u00f6t\u00e9tbarna oxid\u00e1lt bevonat a f\u00e9men, ez\u00e1ltal megakad\u00e1lyozza a m\u00e9lyebb behatol\u00e1st, \u00e9s kik\u00fcsz\u00f6b\u00f6li az \u00e9vekig tart\u00f3 fest\u00e9s \u00e9s a dr\u00e1ga rozsd\u00e1sod\u00e1s sz\u00fcks\u00e9gess\u00e9g\u00e9t.<\/p>\n<p>karbantart\u00e1s.<\/p>","protected":false},"featured_media":1323,"comment_status":"open","ping_status":"closed","template":"","meta":{"_eb_attr":"","_monsterinsights_skip_tracking":false,"_monsterinsights_sitenote_active":false,"_monsterinsights_sitenote_note":"","_monsterinsights_sitenote_category":0,"_uf_show_specific_survey":0,"_uf_disable_surveys":false},"product_brand":[],"product_cat":[21],"product_tag":[],"class_list":{"0":"post-1322","1":"product","2":"type-product","3":"status-publish","4":"has-post-thumbnail","6":"product_cat-weather-resistant-steel-plate","8":"first","9":"instock","10":"shipping-taxable","11":"product-type-simple"},"_links":{"self":[{"href":"https:\/\/keweicorten.com\/hu\/wp-json\/wp\/v2\/product\/1322"}],"collection":[{"href":"https:\/\/keweicorten.com\/hu\/wp-json\/wp\/v2\/product"}],"about":[{"href":"https:\/\/keweicorten.com\/hu\/wp-json\/wp\/v2\/types\/product"}],"replies":[{"embeddable":true,"href":"https:\/\/keweicorten.com\/hu\/wp-json\/wp\/v2\/comments?post=1322"}],"version-history":[{"count":1,"href":"https:\/\/keweicorten.com\/hu\/wp-json\/wp\/v2\/product\/1322\/revisions"}],"predecessor-version":[{"id":1325,"href":"https:\/\/keweicorten.com\/hu\/wp-json\/wp\/v2\/product\/1322\/revisions\/1325"}],"wp:featuredmedia":[{"embeddable":true,"href":"https:\/\/keweicorten.com\/hu\/wp-json\/wp\/v2\/media\/1323"}],"wp:attachment":[{"href":"https:\/\/keweicorten.com\/hu\/wp-json\/wp\/v2\/media?parent=1322"}],"wp:term":[{"taxonomy":"product_brand","embeddable":true,"href":"https:\/\/keweicorten.com\/hu\/wp-json\/wp\/v2\/product_brand?post=1322"},{"taxonomy":"product_cat","embeddable":true,"href":"https:\/\/keweicorten.com\/hu\/wp-json\/wp\/v2\/product_cat?post=1322"},{"taxonomy":"product_tag","embeddable":true,"href":"https:\/\/keweicorten.com\/hu\/wp-json\/wp\/v2\/product_tag?post=1322"}],"curies":[{"name":"wp","href":"https:\/\/api.w.org\/{rel}","templated":true}]}}