{"id":1335,"date":"2024-09-24T02:49:42","date_gmt":"2024-09-24T02:49:42","guid":{"rendered":"https:\/\/keweicorten.com\/?post_type=product&#038;p=1335"},"modified":"2025-01-15T06:23:33","modified_gmt":"2025-01-15T06:23:33","slug":"lezervagas-fem-corten-acel-kepernyo","status":"publish","type":"product","link":"https:\/\/keweicorten.com\/hu\/lezervagas-fem-corten-acel-kepernyo\/","title":{"rendered":"l\u00e9zerv\u00e1g\u00e1s f\u00e9m corten ac\u00e9l k\u00e9perny\u0151"},"content":{"rendered":"<p>A l\u00e9zerv\u00e1gott cortenac\u00e9l parav\u00e1nok eszt\u00e9tikai \u00e9s funkcion\u00e1lis c\u00e9lokra egyar\u00e1nt n\u00e9pszer\u0171ek k\u00fcl- \u00e9s belt\u00e9ri terekben. Az id\u0151j\u00e1r\u00e1s\u00e1ll\u00f3 ac\u00e9lk\u00e9nt is ismert corten ac\u00e9l rendk\u00edv\u00fcl tart\u00f3s, \u00e9s id\u0151vel egyedi rozsdaszer\u0171 patin\u00e1t fejleszt, amely megv\u00e9di a tov\u00e1bbi korr\u00f3zi\u00f3t\u00f3l, \u00e9s jellegzetes ipari megjelen\u00e9st k\u00f6lcs\u00f6n\u00f6z neki.<\/p>\n<h2>A l\u00e9zerv\u00e1g\u00f3 f\u00e9m corten ac\u00e9l k\u00e9perny\u0151 felhaszn\u00e1l\u00e1sa:<\/h2>\n<ol>\n<li><strong>Adatv\u00e9delmi k\u00e9perny\u0151k<\/strong>: A Corten parav\u00e1nokat gyakran haszn\u00e1lj\u00e1k kertekben vagy teraszokon adatv\u00e9delmi panelk\u00e9nt, amelyek elszigetelts\u00e9get biztos\u00edtanak, ugyanakkor dekorat\u00edv megjelen\u00e9st biztos\u00edtanak.<\/li>\n<li><strong>Dekorat\u00edv fal jellemz\u0151i<\/strong>: Ezek a k\u00e9perny\u0151k gy\u00f6ny\u00f6r\u0171, textur\u00e1lt h\u00e1tt\u00e9rk\u00e9nt szolg\u00e1lhatnak a falakon, mind belt\u00e9ren, mind k\u00fclt\u00e9ren, m\u00e9lys\u00e9get \u00e9s m\u0171v\u00e9szi jelleget k\u00f6lcs\u00f6n\u00f6zve.<\/li>\n<li><strong>Szobai v\u00e1laszfalak<\/strong>: Belt\u00e9rben a cortenac\u00e9l parav\u00e1nok eleg\u00e1ns t\u00e9relv\u00e1laszt\u00f3k\u00e9nt haszn\u00e1lhat\u00f3k nyitott terekben.<\/li>\n<li><strong>K\u00fclt\u00e9ri ker\u00edt\u00e9sek \u00e9s kapuk<\/strong>: A l\u00e9zerv\u00e1gott mint\u00e1k lehet\u0151v\u00e9 teszik a ker\u00edt\u00e9s vagy kapu kialak\u00edt\u00e1s\u00e1nak testreszab\u00e1s\u00e1t.<\/li>\n<li><strong>\u00c9p\u00edt\u00e9szeti akcentusok<\/strong>: Haszn\u00e1lhat\u00f3 \u00e9p\u00fcletek homlokzatain funkcion\u00e1lis c\u00e9lokra, mint p\u00e9ld\u00e1ul napellenz\u0151 vagy tiszt\u00e1n dekorat\u00edv elemek.<\/li>\n<li><strong>Kert jellemz\u0151i<\/strong>: Gyakran be\u00e9p\u00edtik a t\u00e1jtervez\u00e9sbe, hogy f\u00f3kuszpontokat hozzanak l\u00e9tre, k\u00fcl\u00f6n\u00f6sen a l\u00e9zerv\u00e1gott botanikai vagy absztrakt mint\u00e1k eset\u00e9ben.<\/li>\n<\/ol>\n<figure style=\"width: 700px\" class=\"wp-caption alignnone\"><a href=\"https:\/\/keweicorten.com\/hu\/termek\/corten-kerti-paravanok\/\"><img fetchpriority=\"high\" decoding=\"async\" title=\"corten ac\u00e9l t\u00e9relv\u00e1laszt\u00f3\" src=\"https:\/\/sc04.alicdn.com\/kf\/Ha5bd72f10af14e85b735c24e7732ca75E\/235950374\/Ha5bd72f10af14e85b735c24e7732ca75E.jpg\" alt=\"\" width=\"700\" height=\"700\" \/><\/a><figcaption class=\"wp-caption-text\">corten ac\u00e9l t\u00e9relv\u00e1laszt\u00f3<\/figcaption><\/figure>\n<figure style=\"width: 702px\" class=\"wp-caption alignnone\"><a href=\"https:\/\/keweicorten.com\/hu\/products\/\"><img decoding=\"async\" title=\"parav\u00e1nker\u00edt\u00e9s\" src=\"https:\/\/sc04.alicdn.com\/kf\/H2c81b89ee3ce41ae9c42fe2650984af7f\/235950374\/H2c81b89ee3ce41ae9c42fe2650984af7f.jpg\" alt=\"\" width=\"702\" height=\"395\" \/><\/a><figcaption class=\"wp-caption-text\">parav\u00e1nker\u00edt\u00e9s<\/figcaption><\/figure>","protected":false},"excerpt":{"rendered":"<p class=\"magic-13\">Dekorat\u00edv rozsd\u00e1s f\u00e9m k\u00fcls\u0151 falpanel ker\u00edt\u00e9s kerti ker\u00edt\u00e9s<\/p>\n<div class=\"magic-14\">\n<div class=\"magic-15\">\n<div class=\"magic-16\">\n<p class=\"magic-17\">1. Oszt\u00e1ly: SUS201\/304\/316 rozsdamentes ac\u00e9llemez, alum\u00edniumlemez, CNC \u00e9s l\u00e9zerv\u00e1g\u00f3 cor-ten ac\u00e9l, SUS201\/304\/316 rozsdamentes ac\u00e9llemez, alum\u00edniumlemez.<br \/>\n2. Vastags\u00e1g: 0,5 mm-25 mm<br \/>\n3. Szabv\u00e1ny: GB, ASTM, JIS stb.<br \/>\n4. Tan\u00fas\u00edt\u00e1s: CTI, ROHS, ISO9001, SGS, CTI, ROHS<\/p>\n<\/div>\n<\/div>\n<\/div>","protected":false},"featured_media":1336,"comment_status":"open","ping_status":"closed","template":"","meta":{"_eb_attr":"","_monsterinsights_skip_tracking":false,"_monsterinsights_sitenote_active":false,"_monsterinsights_sitenote_note":"","_monsterinsights_sitenote_category":0,"_uf_show_specific_survey":0,"_uf_disable_surveys":false},"product_brand":[],"product_cat":[57],"product_tag":[],"class_list":{"0":"post-1335","1":"product","2":"type-product","3":"status-publish","4":"has-post-thumbnail","6":"product_cat-screen-panel","8":"first","9":"instock","10":"shipping-taxable","11":"product-type-simple"},"_links":{"self":[{"href":"https:\/\/keweicorten.com\/hu\/wp-json\/wp\/v2\/product\/1335"}],"collection":[{"href":"https:\/\/keweicorten.com\/hu\/wp-json\/wp\/v2\/product"}],"about":[{"href":"https:\/\/keweicorten.com\/hu\/wp-json\/wp\/v2\/types\/product"}],"replies":[{"embeddable":true,"href":"https:\/\/keweicorten.com\/hu\/wp-json\/wp\/v2\/comments?post=1335"}],"version-history":[{"count":1,"href":"https:\/\/keweicorten.com\/hu\/wp-json\/wp\/v2\/product\/1335\/revisions"}],"predecessor-version":[{"id":1337,"href":"https:\/\/keweicorten.com\/hu\/wp-json\/wp\/v2\/product\/1335\/revisions\/1337"}],"wp:featuredmedia":[{"embeddable":true,"href":"https:\/\/keweicorten.com\/hu\/wp-json\/wp\/v2\/media\/1336"}],"wp:attachment":[{"href":"https:\/\/keweicorten.com\/hu\/wp-json\/wp\/v2\/media?parent=1335"}],"wp:term":[{"taxonomy":"product_brand","embeddable":true,"href":"https:\/\/keweicorten.com\/hu\/wp-json\/wp\/v2\/product_brand?post=1335"},{"taxonomy":"product_cat","embeddable":true,"href":"https:\/\/keweicorten.com\/hu\/wp-json\/wp\/v2\/product_cat?post=1335"},{"taxonomy":"product_tag","embeddable":true,"href":"https:\/\/keweicorten.com\/hu\/wp-json\/wp\/v2\/product_tag?post=1335"}],"curies":[{"name":"wp","href":"https:\/\/api.w.org\/{rel}","templated":true}]}}