{"id":1344,"date":"2024-09-24T07:04:01","date_gmt":"2024-09-24T07:04:01","guid":{"rendered":"https:\/\/keweicorten.com\/?post_type=product&#038;p=1344"},"modified":"2025-01-15T06:23:15","modified_gmt":"2025-01-15T06:23:15","slug":"szabadteri-fozes-bbq","status":"publish","type":"product","link":"https:\/\/keweicorten.com\/hu\/szabadteri-fozes-bbq\/","title":{"rendered":"K\u00fclt\u00e9ri f\u0151z\u00e9s BBQ"},"content":{"rendered":"<p>\u00dagy t\u0171nik, mintha szabadt\u00e9ri s\u00fct\u00e9si BBQ lehet\u0151s\u00e9geket keresn\u00e9l! Tekintettel a corten ac\u00e9l, a rozsd\u00e1s BBQ-k \u00e9s a t\u0171zrak\u00f3helyek ir\u00e1nti \u00e9rdekl\u0151d\u00e9s\u00e9re, \u00fagy k\u00e9pzelem, hogy egy tart\u00f3s \u00e9s st\u00edlusos opci\u00f3t szeretne a szabadt\u00e9ri grillez\u00e9shez.<\/p>\n<h2>A szabadt\u00e9ri s\u00fct\u00e9s t\u00edpusai BBQ:<\/h2>\n<ol>\n<li><strong>Corten ac\u00e9l BBQ<\/strong>:\n<ul>\n<li><strong>Anyag<\/strong>: A Corten ac\u00e9l (id\u0151j\u00e1r\u00e1s\u00e1ll\u00f3 ac\u00e9l) id\u0151vel rozsdav\u00e9d\u0151 r\u00e9teget k\u00e9pez, amely megakad\u00e1lyozza a tov\u00e1bbi korr\u00f3zi\u00f3t, \u00edgy t\u00f6k\u00e9letes k\u00fclt\u00e9ri haszn\u00e1latra.<\/li>\n<li><strong>Jellemz\u0151k<\/strong>: Gyakran t\u00f6bbfunkci\u00f3s, \u00e9s megdupl\u00e1zza a grill, a t\u0171zrak\u00f3hely vagy ak\u00e1r a f\u0151z\u0151fel\u00fclet funkci\u00f3j\u00e1t. A rozsd\u00e1s fel\u00fclet rusztikus eszt\u00e9tik\u00e1t k\u00f6lcs\u00f6n\u00f6z a k\u00fclt\u00e9ri t\u00e9rnek.<\/li>\n<li><strong>N\u00e9pszer\u0171 modellek<\/strong>: Tartalmazza a grillasztalokat, t\u0171zrak\u00f3 grilleket vagy \u00f6n\u00e1ll\u00f3 cortenac\u00e9l grilleket.<\/li>\n<\/ul>\n<\/li>\n<li><strong>Fasz\u00e9n BBQ<\/strong>:\n<ul>\n<li>K\u00f6zismert arr\u00f3l, hogy f\u00fcst\u00f6s \u00edzt ad az \u00e9teleknek, \u00e9s gyakran hagyom\u00e1nyosabbnak tekintik.<\/li>\n<li>Hordozhat\u00f3 vagy be\u00e9p\u00edthet\u0151 kivitelben kaphat\u00f3.<\/li>\n<\/ul>\n<\/li>\n<\/ol>\n<table class=\"all magic-8\" style=\"height: 193px;\" width=\"610\">\n<tbody>\n<tr>\n<td colspan=\"1\" rowspan=\"1\">\n<div class=\"magic-9\"><b><span style=\"font-size: medium;\" data-spm-anchor-id=\"a2700.details.0.i40.29453909VZqwlj\">Term\u00e9k neve<\/span><\/b><\/div>\n<\/td>\n<td colspan=\"1\" rowspan=\"1\">\n<div class=\"magic-10\"><span style=\"font-size: medium;\">k\u00fclt\u00e9ri BBQ GRILL<\/span><\/div>\n<\/td>\n<\/tr>\n<tr>\n<td colspan=\"1\" rowspan=\"1\">\n<div class=\"magic-9\"><b><span style=\"font-size: medium;\">Anyag<\/span><\/b><\/div>\n<\/td>\n<td colspan=\"1\" rowspan=\"1\">\n<div class=\"magic-10\"><span style=\"font-size: medium;\">corten ac\u00e9l, enyhe ac\u00e9l.<\/span><\/div>\n<\/td>\n<\/tr>\n<tr>\n<td colspan=\"1\" rowspan=\"1\">\n<div class=\"magic-9\"><b><span style=\"font-size: medium;\">Sz\u00ednes<\/span><\/b><\/div>\n<\/td>\n<td colspan=\"1\" rowspan=\"1\">\n<div class=\"magic-10\"><span style=\"font-size: medium;\">rozsd\u00e1s<\/span><\/div>\n<\/td>\n<\/tr>\n<tr>\n<td colspan=\"1\" rowspan=\"1\">\n<div class=\"magic-9\"><b><span style=\"font-size: medium;\">Brade<\/span><\/b><\/div>\n<\/td>\n<td colspan=\"1\" rowspan=\"1\">\n<div class=\"magic-10\"><span style=\"font-size: medium;\">SHKW kert<\/span><\/div>\n<\/td>\n<\/tr>\n<tr>\n<td colspan=\"1\" rowspan=\"1\">\n<div class=\"magic-9\"><b><span style=\"font-size: medium;\">M\u00e9ret \u00e9s forma<\/span><\/b><\/div>\n<\/td>\n<td colspan=\"1\" rowspan=\"1\">\n<div class=\"magic-10\"><span style=\"font-size: medium;\">800mm, 1000mm, szabv\u00e1nyos vagy egyedi<\/span><\/div>\n<\/td>\n<\/tr>\n<tr>\n<td colspan=\"1\" rowspan=\"1\">\n<div class=\"magic-9\"><b><span style=\"font-size: medium;\">Vastags\u00e1g:<\/span><\/b><\/div>\n<\/td>\n<td colspan=\"1\" rowspan=\"1\">\n<div class=\"magic-10\"><span style=\"font-size: medium;\">Alap \u00e9s t\u00e1l: 2 mm. f\u0151z\u0151lap: 10mm<\/span><\/div>\n<\/td>\n<\/tr>\n<\/tbody>\n<\/table>\n<p>Corten ac\u00e9l k\u00fclt\u00e9ri f\u0151z\u00e9s BBQ grill<br \/>\nAnyag: term\u00e9szetes rozsdav\u00e9delmi funkci\u00f3val.<br \/>\nJellemz\u0151k: Egyedi megjelen\u00e9s rozsdav\u00f6r\u00f6s sz\u00ednnel, t\u00f6k\u00e9letes kerti vagy terasz dekor\u00e1ci\u00f3s st\u00edlushoz. Nem csak grills\u00fct\u0151k\u00e9nt, hanem par\u00e1zsk\u00e9nt is haszn\u00e1lhat\u00f3.<br \/>\nEl\u0151ny\u00f6k: Az id\u0151 m\u00fal\u00e1s\u00e1val vonz\u00f3bb\u00e1 v\u00e1lik a megjelen\u00e9s.<\/p>\n<figure style=\"width: 700px\" class=\"wp-caption alignnone\"><a href=\"https:\/\/keweicorten.com\/hu\/products\/\"><img fetchpriority=\"high\" decoding=\"async\" title=\"bbq  \" src=\"https:\/\/sc04.alicdn.com\/kf\/H43619cdf90fc42779f3408553b38ed204\/227652262\/H43619cdf90fc42779f3408553b38ed204.jpg\" alt=\"\" width=\"700\" height=\"700\" \/><\/a><figcaption class=\"wp-caption-text\">BBQ<\/figcaption><\/figure>\n<figure style=\"width: 699px\" class=\"wp-caption alignnone\"><a href=\"https:\/\/keweicorten.com\/hu\/products\/\"><img decoding=\"async\" title=\"grill\" src=\"https:\/\/sc04.alicdn.com\/kf\/H655353c891944ef4b128f7c84bc70d7b2\/227652262\/H655353c891944ef4b128f7c84bc70d7b2.jpg\" alt=\"\" width=\"699\" height=\"699\" \/><\/a><figcaption class=\"wp-caption-text\">grill<\/figcaption><\/figure>","protected":false},"excerpt":{"rendered":"<p>Anyag: corten ac\u00e9l<\/p>\n<div><span class=\"magic-16\">A Corten ac\u00e9lt n\u00e9ha id\u0151j\u00e1r\u00e1s\u00e1ll\u00f3 ac\u00e9lnak is nevezik. Az\u00e9rt tart ilyen sok\u00e1ig, mert az els\u0151 korr\u00f3zi\u00f3s r\u00e9teg megakad\u00e1lyozza, hogy a korr\u00f3zi\u00f3<br \/>\na rozsda okozta tov\u00e1bbi roml\u00e1s.<br \/>\n<\/span><\/div>\n<div><span class=\"magic-16\">Min\u00e9l t\u00f6bbet haszn\u00e1lja, ann\u00e1l jobban n\u00e9z ki. Egy id\u0151 ut\u00e1n az ac\u00e9l gy\u00f6ny\u00f6r\u0171 \u00e9s term\u00e9szetes patin\u00e1s r\u00e9teget k\u00e9pez.<br \/>\n<\/span><\/div>\n<div><span class=\"magic-16\">A Corten-ac\u00e9l grillez\u0151 grillel ell\u00e1tott t\u0171zrak\u00f3hely asztala eg\u00e9sz \u00e9vben kint maradhat, an\u00e9lk\u00fcl, hogy fedelet kellene haszn\u00e1lni.<\/span><\/div>","protected":false},"featured_media":1345,"comment_status":"open","ping_status":"closed","template":"","meta":{"_eb_attr":"","_monsterinsights_skip_tracking":false,"_monsterinsights_sitenote_active":false,"_monsterinsights_sitenote_note":"","_monsterinsights_sitenote_category":0,"_uf_show_specific_survey":0,"_uf_disable_surveys":false},"product_brand":[],"product_cat":[63],"product_tag":[],"class_list":{"0":"post-1344","1":"product","2":"type-product","3":"status-publish","4":"has-post-thumbnail","6":"product_cat-steel-bbq-grill","8":"first","9":"instock","10":"shipping-taxable","11":"product-type-simple"},"_links":{"self":[{"href":"https:\/\/keweicorten.com\/hu\/wp-json\/wp\/v2\/product\/1344"}],"collection":[{"href":"https:\/\/keweicorten.com\/hu\/wp-json\/wp\/v2\/product"}],"about":[{"href":"https:\/\/keweicorten.com\/hu\/wp-json\/wp\/v2\/types\/product"}],"replies":[{"embeddable":true,"href":"https:\/\/keweicorten.com\/hu\/wp-json\/wp\/v2\/comments?post=1344"}],"version-history":[{"count":1,"href":"https:\/\/keweicorten.com\/hu\/wp-json\/wp\/v2\/product\/1344\/revisions"}],"predecessor-version":[{"id":1346,"href":"https:\/\/keweicorten.com\/hu\/wp-json\/wp\/v2\/product\/1344\/revisions\/1346"}],"wp:featuredmedia":[{"embeddable":true,"href":"https:\/\/keweicorten.com\/hu\/wp-json\/wp\/v2\/media\/1345"}],"wp:attachment":[{"href":"https:\/\/keweicorten.com\/hu\/wp-json\/wp\/v2\/media?parent=1344"}],"wp:term":[{"taxonomy":"product_brand","embeddable":true,"href":"https:\/\/keweicorten.com\/hu\/wp-json\/wp\/v2\/product_brand?post=1344"},{"taxonomy":"product_cat","embeddable":true,"href":"https:\/\/keweicorten.com\/hu\/wp-json\/wp\/v2\/product_cat?post=1344"},{"taxonomy":"product_tag","embeddable":true,"href":"https:\/\/keweicorten.com\/hu\/wp-json\/wp\/v2\/product_tag?post=1344"}],"curies":[{"name":"wp","href":"https:\/\/api.w.org\/{rel}","templated":true}]}}