{"id":1347,"date":"2024-09-24T07:19:21","date_gmt":"2024-09-24T07:19:21","guid":{"rendered":"https:\/\/keweicorten.com\/?post_type=product&#038;p=1347"},"modified":"2025-01-15T06:23:06","modified_gmt":"2025-01-15T06:23:06","slug":"kulteri-faszen-grill","status":"publish","type":"product","link":"https:\/\/keweicorten.com\/hu\/kulteri-faszen-grill\/","title":{"rendered":"K\u00fclt\u00e9ri fasz\u00e9n BBQ grill"},"content":{"rendered":"<h2>Corten ac\u00e9l alkalmaz\u00e1sa k\u00fclt\u00e9ri fasz\u00e9n BBQ grillben<\/h2>\n<p>Hossz\u00fa t\u00e1v\u00fa tart\u00f3ss\u00e1g: A Corten ac\u00e9l id\u0151j\u00e1r\u00e1s\u00e1ll\u00f3s\u00e1ga miatt ide\u00e1lis a k\u00fclt\u00e9ri grillez\u00e9shez. A hagyom\u00e1nyos ac\u00e9lgrillekkel ellent\u00e9tben a Corten ac\u00e9l hossz\u00fa t\u00e1v\u00fa k\u00fclt\u00e9ri haszn\u00e1latot b\u00edr ki gyakori karbantart\u00e1s vagy rozsd\u00e1sod\u00e1s miatti aggodalom n\u00e9lk\u00fcl.<br \/>\nK\u00fcl\u00f6n\u00f6sen alkalmas nedves vagy v\u00e1ltoz\u00e9kony \u00e9ghajlaton val\u00f3 haszn\u00e1latra, mivel nem korrod\u00e1l gyorsan az es\u0151 \u00e9s a nedvess\u00e9g hat\u00e1s\u00e1ra, mint a k\u00f6z\u00f6ns\u00e9ges ac\u00e9l.<\/p>\n<p>H\u0151hat\u00e9konys\u00e1g \u00e9s h\u0151vezet\u0151 k\u00e9pess\u00e9g: B\u00e1r a Corten ac\u00e9l els\u0151sorban id\u0151j\u00e1r\u00e1s\u00e1ll\u00f3s\u00e1g\u00e1r\u00f3l ismert, j\u00f3 h\u0151vezet\u0151 k\u00e9pess\u00e9ggel is rendelkezik. Ez azt jelenti, hogy a grillez\u00e9s sor\u00e1n hat\u00e9konyan \u00e9s egyenletesen tudja eloszlatni a h\u0151t, \u00edgy az \u00e9tel egyenletesebben melegszik fel, jav\u00edtva ezzel a grillez\u00e9si hat\u00e1st.<br \/>\nEzenk\u00edv\u00fcl a Corten ac\u00e9l vastags\u00e1ga \u00e1ltal\u00e1ban nagyobb, ami azt jelenti, hogy k\u00e9pes h\u0151t t\u00e1rolni, \u00edgy folyamatosan megtartja a h\u0151t, kevesebb \u00fczemanyag-fogyaszt\u00e1s mellett.<\/p>\n<p>Funkcionalit\u00e1s \u00e9s sokf\u00e9les\u00e9g: A Corten k\u00fclt\u00e9ri fasz\u00e9n grillr\u00e1csokat gyakran t\u00f6bbfunkci\u00f3s eszk\u00f6z\u00f6kk\u00e9nt tervezik, amelyek ak\u00e1r grills\u00fct\u0151k\u00e9nt, ak\u00e1r par\u00e1zsk\u00e9nt is haszn\u00e1lhat\u00f3k, tov\u00e1bb n\u00f6velve a felhaszn\u00e1l\u00e1si forgat\u00f3k\u00f6nyvek sokf\u00e9les\u00e9g\u00e9t. Tart\u00f3ss\u00e1ga \u00e9s korr\u00f3zi\u00f3\u00e1ll\u00f3s\u00e1ga lehet\u0151v\u00e9 teszi, hogy ellen\u00e1lljon a magas h\u0151m\u00e9rs\u00e9kletnek, eszt\u00e9tik\u00e1ja pedig a szabadt\u00e9ri \u00f6sszej\u00f6vetelek vizu\u00e1lis k\u00f6z\u00e9ppontj\u00e1v\u00e1 teszi.<\/p>\n<table class=\"all magic-17\" style=\"height: 250px;\" width=\"734\">\n<tbody>\n<tr>\n<td colspan=\"2\" rowspan=\"1\">\n<div class=\"magic-18\" data-spm-anchor-id=\"a2700.details.0.i39.133e3f8dQmxxUd\">Term\u00e9k neve<\/div>\n<\/td>\n<td colspan=\"3\" rowspan=\"1\">\n<div class=\"magic-21\">Garden Party fa fasz\u00e9n Corten f\u00e9m BBQ grill t\u0171zrak\u00f3hely<\/div>\n<\/td>\n<\/tr>\n<tr>\n<td colspan=\"2\" rowspan=\"1\">\n<div class=\"magic-18\">Nyersanyag<\/div>\n<\/td>\n<td colspan=\"3\" rowspan=\"1\">\n<div class=\"magic-21\">Corten f\u00e9mlemez, 304-es \u00e9lelmiszeripari min\u0151s\u00e9g\u0171 rozsdamentes ac\u00e9l<\/div>\n<\/td>\n<\/tr>\n<tr>\n<td colspan=\"2\" rowspan=\"1\">\n<div class=\"magic-23\">V\u00e1laszthat\u00f3 m\u00e9ret<\/div>\n<\/td>\n<td colspan=\"3\" rowspan=\"1\">\n<div class=\"magic-25\">500 * 500 * 1000mm \u00e9s kerek t\u00edpus, valamint elfogadja az OEM testreszabott OEM-et is<\/div>\n<\/td>\n<\/tr>\n<tr>\n<td colspan=\"2\" rowspan=\"1\">\n<div class=\"magic-18\">\u00dczemanyag t\u00edpus<\/div>\n<\/td>\n<td colspan=\"3\" rowspan=\"1\">\n<div class=\"magic-21\">\u00c1ltal\u00e1ban fasz\u00e9n fa, is lehet v\u00e1ltoztatni g\u00e1z \/ prop\u00e1n t\u00edpus\u00e1t<\/div>\n<\/td>\n<\/tr>\n<tr>\n<td colspan=\"2\" rowspan=\"1\">\n<div class=\"magic-23\">Tan\u00fas\u00edt\u00e1s<\/div>\n<\/td>\n<td colspan=\"3\" rowspan=\"1\">\n<div class=\"magic-25\">CE\/ 3C\/ CAS<\/div>\n<\/td>\n<\/tr>\n<tr>\n<td colspan=\"2\" rowspan=\"1\">\n<div class=\"magic-23\">Csomag<\/div>\n<\/td>\n<td colspan=\"3\" rowspan=\"1\">\n<div class=\"magic-25\">Kartoncsomagol\u00e1s raklapokkal<\/div>\n<\/td>\n<\/tr>\n<tr>\n<td colspan=\"2\" rowspan=\"1\">\n<div class=\"magic-23\">MOQ<\/div>\n<\/td>\n<td colspan=\"3\" rowspan=\"1\">\n<div class=\"magic-25\">1db, \u00e9s 80db egy 20GP kont\u00e9nerhez<\/div>\n<\/td>\n<\/tr>\n<tr>\n<td colspan=\"2\" rowspan=\"1\">\n<div class=\"magic-23\">F\u0151 piac<\/div>\n<\/td>\n<td colspan=\"3\" rowspan=\"1\">\n<div class=\"magic-25\">Eur\u00f3pa\/ USA\/ Ausztr\u00e1lia<\/div>\n<\/td>\n<\/tr>\n<\/tbody>\n<\/table>\n<figure style=\"width: 700px\" class=\"wp-caption alignnone\"><a href=\"https:\/\/keweicorten.com\/hu\"><img fetchpriority=\"high\" decoding=\"async\" title=\"T\u0171zrak\u00f3hely\" src=\"https:\/\/sc04.alicdn.com\/kf\/H3251a163a5d842c7bd1860b59de2a48bk\/252624420\/H3251a163a5d842c7bd1860b59de2a48bk.jpg\" alt=\"\" width=\"700\" height=\"700\" \/><\/a><figcaption class=\"wp-caption-text\">T\u0171zrak\u00f3hely<\/figcaption><\/figure>\n<figure style=\"width: 700px\" class=\"wp-caption alignnone\"><a href=\"https:\/\/keweicorten.com\/hu\/products\/\"><img decoding=\"async\" title=\"T\u0171zrak\u00f3hely BBQ Grill\" src=\"https:\/\/sc04.alicdn.com\/kf\/H10865e80ce434dcf8b929e7e39ebec96l\/252624420\/H10865e80ce434dcf8b929e7e39ebec96l.jpg\" alt=\"\" width=\"700\" height=\"700\" \/><\/a><figcaption class=\"wp-caption-text\">T\u0171zrak\u00f3hely BBQ Grill<\/figcaption><\/figure>","protected":false},"excerpt":{"rendered":"<p class=\"magic-5\"><span class=\"magic-6\"><span data-spm-anchor-id=\"a2700.details.0.i44.133e3f8dQmxxUd\">Garden Party fa fasz\u00e9n Corten f\u00e9m BBQ grill t\u0171zrak\u00f3hely<\/span><\/span><\/p>\n<p class=\"magic-5\"><span style=\"font-size: 16px;\">Az \u00e1raml\u00e1s mutatja a nyersanyag m\u00e9ret\u00e9t \u00e9s vastags\u00e1g\u00e1t:<\/span><\/p>\n<div class=\"magic-7\">\n<div class=\"magic-8\">\n<div class=\"magic-9\">1. A t\u0171zsk\u00e1la vagy a k\u00fap magass\u00e1ga \u00e1ltal\u00e1ban 27 cm, 2,0 mm-es corten f\u00e9mlemezzel hengerelve.<\/p>\n<div>2.A s\u00fct\u0151lemez :Hidegen hengerelt 10 mm-es ac\u00e9llemez, \u00e1tm\u00e9r\u0151je 100 cm.<br \/>\n3.A t\u0171zkamra 2,0 mm vastag Corten ac\u00e9l felhaszn\u00e1l\u00e1s\u00e1val<br \/>\n4.A hamutart\u00e1ly :2 mm Corten ac\u00e9l<br \/>\n5.Down test :Corten ac\u00e9l vastags\u00e1ga :2 mm M\u00e9ret:700*500*500 mm<\/div>\n<\/div>\n<\/div>\n<\/div>","protected":false},"featured_media":1348,"comment_status":"open","ping_status":"closed","template":"","meta":{"_eb_attr":"","_monsterinsights_skip_tracking":false,"_monsterinsights_sitenote_active":false,"_monsterinsights_sitenote_note":"","_monsterinsights_sitenote_category":0,"_uf_show_specific_survey":0,"_uf_disable_surveys":false},"product_brand":[],"product_cat":[63],"product_tag":[],"class_list":{"0":"post-1347","1":"product","2":"type-product","3":"status-publish","4":"has-post-thumbnail","6":"product_cat-steel-bbq-grill","8":"first","9":"instock","10":"shipping-taxable","11":"product-type-simple"},"_links":{"self":[{"href":"https:\/\/keweicorten.com\/hu\/wp-json\/wp\/v2\/product\/1347"}],"collection":[{"href":"https:\/\/keweicorten.com\/hu\/wp-json\/wp\/v2\/product"}],"about":[{"href":"https:\/\/keweicorten.com\/hu\/wp-json\/wp\/v2\/types\/product"}],"replies":[{"embeddable":true,"href":"https:\/\/keweicorten.com\/hu\/wp-json\/wp\/v2\/comments?post=1347"}],"version-history":[{"count":1,"href":"https:\/\/keweicorten.com\/hu\/wp-json\/wp\/v2\/product\/1347\/revisions"}],"predecessor-version":[{"id":1352,"href":"https:\/\/keweicorten.com\/hu\/wp-json\/wp\/v2\/product\/1347\/revisions\/1352"}],"wp:featuredmedia":[{"embeddable":true,"href":"https:\/\/keweicorten.com\/hu\/wp-json\/wp\/v2\/media\/1348"}],"wp:attachment":[{"href":"https:\/\/keweicorten.com\/hu\/wp-json\/wp\/v2\/media?parent=1347"}],"wp:term":[{"taxonomy":"product_brand","embeddable":true,"href":"https:\/\/keweicorten.com\/hu\/wp-json\/wp\/v2\/product_brand?post=1347"},{"taxonomy":"product_cat","embeddable":true,"href":"https:\/\/keweicorten.com\/hu\/wp-json\/wp\/v2\/product_cat?post=1347"},{"taxonomy":"product_tag","embeddable":true,"href":"https:\/\/keweicorten.com\/hu\/wp-json\/wp\/v2\/product_tag?post=1347"}],"curies":[{"name":"wp","href":"https:\/\/api.w.org\/{rel}","templated":true}]}}