{"id":1353,"date":"2024-09-24T07:28:46","date_gmt":"2024-09-24T07:28:46","guid":{"rendered":"https:\/\/keweicorten.com\/?post_type=product&#038;p=1353"},"modified":"2025-01-15T06:22:57","modified_gmt":"2025-01-15T06:22:57","slug":"tuzrakohely-bbq-grill","status":"publish","type":"product","link":"https:\/\/keweicorten.com\/hu\/tuzrakohely-bbq-grill\/","title":{"rendered":"t\u0171zrak\u00f3hely bbq grill"},"content":{"rendered":"<p>Elfogadunk mindenf\u00e9le OEM design t\u0171zg\u00f6d\u00f6r t\u0171zg\u00f6d\u00f6r bbq grill, \u00e9s OEM tervek nem lesz l\u00e1that\u00f3 semmilyen nyilv\u00e1nos weboldalakon, \u00e9s mi is elfogadjuk a kis megrendel\u00e9seket a megl\u00e9v\u0151 t\u00e9telek.<\/p>\n<table class=\"all magic-17\">\n<tbody>\n<tr>\n<td colspan=\"2\" rowspan=\"1\">\n<div class=\"magic-18\" data-spm-anchor-id=\"a2700.details.0.i42.69593f8dt8y1yG\">Term\u00e9k neve<\/div>\n<\/td>\n<td colspan=\"3\" rowspan=\"1\">\n<div class=\"magic-21\">Garden Party fa fasz\u00e9n Corten f\u00e9m BBQ grill t\u0171zrak\u00f3hely<\/div>\n<\/td>\n<\/tr>\n<tr>\n<td colspan=\"2\" rowspan=\"1\">\n<div class=\"magic-18\">Nyersanyag<\/div>\n<\/td>\n<td colspan=\"3\" rowspan=\"1\">\n<div class=\"magic-21\">Corten f\u00e9mlemez, 304-es \u00e9lelmiszeripari min\u0151s\u00e9g\u0171 rozsdamentes ac\u00e9l<\/div>\n<\/td>\n<\/tr>\n<tr>\n<td colspan=\"2\" rowspan=\"1\">\n<div class=\"magic-23\">V\u00e1laszthat\u00f3 m\u00e9ret<\/div>\n<\/td>\n<td colspan=\"3\" rowspan=\"1\">\n<div class=\"magic-25\">500 * 500 * 1000mm \u00e9s kerek t\u00edpus, valamint elfogadja az OEM testreszabott OEM-et is<\/div>\n<\/td>\n<\/tr>\n<tr>\n<td colspan=\"2\" rowspan=\"1\">\n<div class=\"magic-18\">\u00dczemanyag t\u00edpus<\/div>\n<\/td>\n<td colspan=\"3\" rowspan=\"1\">\n<div class=\"magic-21\">\u00c1ltal\u00e1ban fasz\u00e9n fa, is lehet v\u00e1ltoztatni g\u00e1z \/ prop\u00e1n t\u00edpus\u00e1t<\/div>\n<\/td>\n<\/tr>\n<tr>\n<td colspan=\"2\" rowspan=\"1\">\n<div class=\"magic-23\">Tan\u00fas\u00edt\u00e1s<\/div>\n<\/td>\n<td colspan=\"3\" rowspan=\"1\">\n<div class=\"magic-25\">CE\/ 3C\/ CAS<\/div>\n<\/td>\n<\/tr>\n<tr>\n<td colspan=\"2\" rowspan=\"1\">\n<div class=\"magic-23\">Csomag<\/div>\n<\/td>\n<td colspan=\"3\" rowspan=\"1\">\n<div class=\"magic-25\">Kartoncsomagol\u00e1s raklapokkal<\/div>\n<\/td>\n<\/tr>\n<tr>\n<td colspan=\"2\" rowspan=\"1\">\n<div class=\"magic-23\">MOQ<\/div>\n<\/td>\n<td colspan=\"3\" rowspan=\"1\">\n<div class=\"magic-25\">1db, \u00e9s 80db egy 20GP kont\u00e9nerhez<\/div>\n<\/td>\n<\/tr>\n<tr>\n<td colspan=\"2\" rowspan=\"1\">\n<div class=\"magic-23\">F\u0151 piac<\/div>\n<\/td>\n<td colspan=\"3\" rowspan=\"1\">\n<div class=\"magic-25\">Eur\u00f3pa\/ USA\/ Ausztr\u00e1lia<\/div>\n<\/td>\n<\/tr>\n<\/tbody>\n<\/table>\n<figure style=\"width: 697px\" class=\"wp-caption alignnone\"><a href=\"https:\/\/keweicorten.com\/hu\"><img fetchpriority=\"high\" decoding=\"async\" title=\"firebbq\" src=\"https:\/\/sc04.alicdn.com\/kf\/He0ed5e93b12c40358fb48f957cefcb69S\/252624420\/He0ed5e93b12c40358fb48f957cefcb69S.jpg\" alt=\"\" width=\"697\" height=\"697\" \/><\/a><figcaption class=\"wp-caption-text\">firebbq<\/figcaption><\/figure>\n<figure style=\"width: 700px\" class=\"wp-caption alignnone\"><a href=\"https:\/\/keweicorten.com\/hu\/kapcsolatfelvetel\/\"><img decoding=\"async\" title=\"grills\" src=\"https:\/\/sc04.alicdn.com\/kf\/H3251a163a5d842c7bd1860b59de2a48bk\/252624420\/H3251a163a5d842c7bd1860b59de2a48bk.jpg\" alt=\"\" width=\"700\" height=\"700\" \/><\/a><figcaption class=\"wp-caption-text\">grills<\/figcaption><\/figure>\n<figure style=\"width: 698px\" class=\"wp-caption alignnone\"><a href=\"https:\/\/keweicorten.com\/hu\/products\/\"><img decoding=\"async\" title=\"barbecue\" src=\"https:\/\/sc04.alicdn.com\/kf\/H10865e80ce434dcf8b929e7e39ebec96l\/252624420\/H10865e80ce434dcf8b929e7e39ebec96l.jpg\" alt=\"\" width=\"698\" height=\"698\" \/><\/a><figcaption class=\"wp-caption-text\">barbecue<\/figcaption><\/figure>","protected":false},"excerpt":{"rendered":"<p>Egyszer\u0171, klasszikus vonalvezet\u00e9s\u00e9vel BBQ-nk praktikusabb \u00e9s st\u00edlusosabb, mint egy hagyom\u00e1nyos grill, \u00e9s t\u00f6k\u00e9letesen illeszkedik minden ter\u00fcletre, a kertt\u0151l az eleg\u00e1ns \u00e9ttermi teraszig.<\/p>","protected":false},"featured_media":1354,"comment_status":"open","ping_status":"closed","template":"","meta":{"_eb_attr":"","_monsterinsights_skip_tracking":false,"_monsterinsights_sitenote_active":false,"_monsterinsights_sitenote_note":"","_monsterinsights_sitenote_category":0,"_uf_show_specific_survey":0,"_uf_disable_surveys":false},"product_brand":[],"product_cat":[63],"product_tag":[],"class_list":{"0":"post-1353","1":"product","2":"type-product","3":"status-publish","4":"has-post-thumbnail","6":"product_cat-steel-bbq-grill","8":"first","9":"instock","10":"shipping-taxable","11":"product-type-simple"},"_links":{"self":[{"href":"https:\/\/keweicorten.com\/hu\/wp-json\/wp\/v2\/product\/1353"}],"collection":[{"href":"https:\/\/keweicorten.com\/hu\/wp-json\/wp\/v2\/product"}],"about":[{"href":"https:\/\/keweicorten.com\/hu\/wp-json\/wp\/v2\/types\/product"}],"replies":[{"embeddable":true,"href":"https:\/\/keweicorten.com\/hu\/wp-json\/wp\/v2\/comments?post=1353"}],"version-history":[{"count":1,"href":"https:\/\/keweicorten.com\/hu\/wp-json\/wp\/v2\/product\/1353\/revisions"}],"predecessor-version":[{"id":1355,"href":"https:\/\/keweicorten.com\/hu\/wp-json\/wp\/v2\/product\/1353\/revisions\/1355"}],"wp:featuredmedia":[{"embeddable":true,"href":"https:\/\/keweicorten.com\/hu\/wp-json\/wp\/v2\/media\/1354"}],"wp:attachment":[{"href":"https:\/\/keweicorten.com\/hu\/wp-json\/wp\/v2\/media?parent=1353"}],"wp:term":[{"taxonomy":"product_brand","embeddable":true,"href":"https:\/\/keweicorten.com\/hu\/wp-json\/wp\/v2\/product_brand?post=1353"},{"taxonomy":"product_cat","embeddable":true,"href":"https:\/\/keweicorten.com\/hu\/wp-json\/wp\/v2\/product_cat?post=1353"},{"taxonomy":"product_tag","embeddable":true,"href":"https:\/\/keweicorten.com\/hu\/wp-json\/wp\/v2\/product_tag?post=1353"}],"curies":[{"name":"wp","href":"https:\/\/api.w.org\/{rel}","templated":true}]}}