{"id":1359,"date":"2024-09-24T07:49:55","date_gmt":"2024-09-24T07:49:55","guid":{"rendered":"https:\/\/keweicorten.com\/?post_type=product&#038;p=1359"},"modified":"2024-09-24T07:49:55","modified_gmt":"2024-09-24T07:49:55","slug":"a588-corten-idojarasallo-acellemez","status":"publish","type":"product","link":"https:\/\/keweicorten.com\/hu\/a588-corten-idojarasallo-acellemez\/","title":{"rendered":"A588 CORTEN id\u0151j\u00e1r\u00e1s\u00e1ll\u00f3 ac\u00e9llemez"},"content":{"rendered":"<h2>Az A588 CORTEN id\u0151j\u00e1r\u00e1s\u00e1ll\u00f3 ac\u00e9llemez jellemz\u0151i <span style=\"font-size: 16px;\">:<\/span><\/h2>\n<ol>\n<li><strong>Fokozott korr\u00f3zi\u00f3\u00e1ll\u00f3s\u00e1g<\/strong>: Az A242-hez hasonl\u00f3an az A588 is v\u00e9d\u0151 oxidr\u00e9teget k\u00e9pez, ha id\u0151j\u00e1r\u00e1snak van kit\u00e9ve, ami minim\u00e1lisra cs\u00f6kkenti a tov\u00e1bbi korr\u00f3zi\u00f3t.<\/li>\n<li><strong>Nagy szil\u00e1rds\u00e1g<\/strong>: Kiv\u00e1l\u00f3 szerkezeti szil\u00e1rds\u00e1got biztos\u00edt, \u00e9s ellen\u00e1ll a zord k\u00f6rnyezeti k\u00f6r\u00fclm\u00e9nyeknek.<\/li>\n<li><strong>Hegeszthet\u0151s\u00e9g<\/strong>: A588 ac\u00e9l k\u00f6nnyen hegeszthet\u0151, \u00edgy alkalmas k\u00fcl\u00f6nb\u00f6z\u0151 szerkezeti projektekhez.<\/li>\n<li><strong>Tart\u00f3ss\u00e1g<\/strong>: Ellen\u00e1ll a sz\u00e9ls\u0151s\u00e9ges h\u0151m\u00e9rs\u00e9kleteknek, \u00edgy ide\u00e1lis k\u00fclt\u00e9ri haszn\u00e1latra \u00e9s hossz\u00fa t\u00e1v\u00fa telep\u00edt\u00e9sre.<\/li>\n<\/ol>\n<h3>\u00d6sszet\u00e9tel:<\/h3>\n<p>Az A588 ac\u00e9l jellemz\u0151en kis mennyis\u00e9g\u0171 rezet, kr\u00f3mot, nikkelt \u00e9s foszfort tartalmaz, amelyek hozz\u00e1j\u00e1rulnak az id\u0151j\u00e1r\u00e1si tulajdons\u00e1gaihoz.<\/p>\n<p>Az A588 Corten ac\u00e9llemezhez sz\u00e1mos el\u0151ny t\u00e1rsul, amelyek lehet\u0151v\u00e9 teszik, hogy ipari alkalmaz\u00e1sokhoz haszn\u00e1lj\u00e1k az eg\u00e9sz vil\u00e1gon. Az A588 id\u0151j\u00e1r\u00e1s\u00e1ll\u00f3 ac\u00e9llemez el\u0151nyei a k\u00f6vetkez\u0151k:<\/p>\n<ul>\n<li>Alacsony karbantart\u00e1si ig\u00e9ny<\/li>\n<li>K\u00f6lts\u00e9gmegtakar\u00edt\u00e1s<\/li>\n<li>Az \u00e9p\u00edt\u00e9s sebess\u00e9ge<\/li>\n<li>Biztons\u00e1gos<\/li>\n<li>K\u00f6rnyezetbar\u00e1t<\/li>\n<li>Eszt\u00e9tikailag vonz\u00f3<\/li>\n<\/ul>\n<p>Az A588 CORTEN id\u0151j\u00e1r\u00e1s\u00e1ll\u00f3 ac\u00e9llemez specifik\u00e1ci\u00f3 els\u0151sorban festetlen alkalmaz\u00e1sokban val\u00f3 felhaszn\u00e1l\u00e1sra szolg\u00e1l, ahol a korr\u00f3zi\u00f3\u00e1ll\u00f3 tulajdons\u00e1gai miatt a hosszabb \u00e9lettartam mellett fontos a s\u00falymegtakar\u00edt\u00e1s vagy a fokozott tart\u00f3ss\u00e1g \u00e9s\/vagy az eszt\u00e9tikus megjelen\u00e9s el\u00e9r\u00e9se.<\/p>\n<figure style=\"width: 650px\" class=\"wp-caption alignnone\"><a href=\"https:\/\/keweicorten.com\/hu\/products\/\"><img fetchpriority=\"high\" decoding=\"async\" title=\"A588 CORTEN id\u0151j\u00e1r\u00e1s\u00e1ll\u00f3 ac\u00e9llemez \" src=\"https:\/\/www.csteelindia.com\/images\/astm-a242-corten-plates.jpg\" alt=\"Corten ac\u00e9l Corten ac\u00e9llemez id\u0151j\u00e1r\u00e1s\u00e1ll\u00f3 ac\u00e9l - vrogue.co\" width=\"650\" height=\"366\" \/><\/a><figcaption class=\"wp-caption-text\">A588 CORTEN id\u0151j\u00e1r\u00e1s\u00e1ll\u00f3 ac\u00e9llemez<\/figcaption><\/figure>\n<figure style=\"width: 650px\" class=\"wp-caption alignnone\"><a href=\"https:\/\/keweicorten.com\/hu\/kapcsolatfelvetel\/\"><img decoding=\"async\" title=\"corten lemezek\" src=\"https:\/\/www.cortensteels.com\/uploads\/202130314\/weathering-corten-steel-plate-a58823590722739.jpg\" alt=\"K\u00edna id\u0151j\u00e1r\u00e1s\u00e1ll\u00f3 Corten ac\u00e9llemez A588 gy\u00e1rt\u00f3k, besz\u00e1ll\u00edt\u00f3k ...\" width=\"650\" height=\"650\" \/><\/a><figcaption class=\"wp-caption-text\">corten lemezek<\/figcaption><\/figure>\n<figure style=\"width: 650px\" class=\"wp-caption alignnone\"><a href=\"https:\/\/keweicorten.com\/hu\/products\/\"><img decoding=\"async\" title=\"corten ac\u00e9llemez\" src=\"https:\/\/th.bing.com\/th\/id\/R.40d0e63328c61babd24d04e063856bdb?rik=NpoNYTQbDSmrgQ&amp;riu=http%3a%2f%2fwww.gescosteel.com%2fphoto%2fpt32409668-a387_gr_5_steel_plate_a387_pressure_vessel_plates_a387_hot_rolled_steel_sheet_10_mm_thickness_a387_11_alloy_steel_plate.jpg&amp;ehk=B1K4358OD3RHH2%2fZ8nb4DSuUIux5ccqh8DKyh0EV76Y%3d&amp;risl=&amp;pid=ImgRaw&amp;r=0\" alt=\"A387 Gr.5 ac\u00e9llemez A387 nyom\u00e1start\u00f3 ed\u00e9ny lemezek A387 melegen hengerelt ac\u00e9llemezek ...\" width=\"650\" height=\"463\" \/><\/a><figcaption class=\"wp-caption-text\">corten ac\u00e9llemez<\/figcaption><\/figure>","protected":false},"excerpt":{"rendered":"<p>Az A588 Corten id\u0151j\u00e1r\u00e1s\u00e1ll\u00f3 ac\u00e9llemez egy m\u00e1sik t\u00edpus\u00fa nagy szil\u00e1rds\u00e1g\u00fa, alacsony \u00f6tv\u00f6z\u00e9s\u0171 szerkezeti ac\u00e9l, amely jobb l\u00e9gk\u00f6ri korr\u00f3zi\u00f3\u00e1ll\u00f3s\u00e1ggal rendelkezik. Gyakran \"id\u0151j\u00e1r\u00e1s\u00e1ll\u00f3 ac\u00e9lk\u00e9nt\" is eml\u00edtik, \u00e9s sz\u00e9les k\u00f6rben haszn\u00e1lj\u00e1k k\u00fclt\u00e9ri alkalmaz\u00e1sokban, mivel az ASTM A242-hez hasonl\u00f3an k\u00e9pes v\u00e9d\u0151 rozsdar\u00e9teget k\u00e9pezni.<\/p>","protected":false},"featured_media":1360,"comment_status":"open","ping_status":"closed","template":"","meta":{"_eb_attr":"","_monsterinsights_skip_tracking":false,"_monsterinsights_sitenote_active":false,"_monsterinsights_sitenote_note":"","_monsterinsights_sitenote_category":0,"_uf_show_specific_survey":0,"_uf_disable_surveys":false},"product_brand":[],"product_cat":[21],"product_tag":[],"class_list":{"0":"post-1359","1":"product","2":"type-product","3":"status-publish","4":"has-post-thumbnail","6":"product_cat-weather-resistant-steel-plate","8":"first","9":"instock","10":"shipping-taxable","11":"product-type-simple"},"_links":{"self":[{"href":"https:\/\/keweicorten.com\/hu\/wp-json\/wp\/v2\/product\/1359"}],"collection":[{"href":"https:\/\/keweicorten.com\/hu\/wp-json\/wp\/v2\/product"}],"about":[{"href":"https:\/\/keweicorten.com\/hu\/wp-json\/wp\/v2\/types\/product"}],"replies":[{"embeddable":true,"href":"https:\/\/keweicorten.com\/hu\/wp-json\/wp\/v2\/comments?post=1359"}],"version-history":[{"count":1,"href":"https:\/\/keweicorten.com\/hu\/wp-json\/wp\/v2\/product\/1359\/revisions"}],"predecessor-version":[{"id":1361,"href":"https:\/\/keweicorten.com\/hu\/wp-json\/wp\/v2\/product\/1359\/revisions\/1361"}],"wp:featuredmedia":[{"embeddable":true,"href":"https:\/\/keweicorten.com\/hu\/wp-json\/wp\/v2\/media\/1360"}],"wp:attachment":[{"href":"https:\/\/keweicorten.com\/hu\/wp-json\/wp\/v2\/media?parent=1359"}],"wp:term":[{"taxonomy":"product_brand","embeddable":true,"href":"https:\/\/keweicorten.com\/hu\/wp-json\/wp\/v2\/product_brand?post=1359"},{"taxonomy":"product_cat","embeddable":true,"href":"https:\/\/keweicorten.com\/hu\/wp-json\/wp\/v2\/product_cat?post=1359"},{"taxonomy":"product_tag","embeddable":true,"href":"https:\/\/keweicorten.com\/hu\/wp-json\/wp\/v2\/product_tag?post=1359"}],"curies":[{"name":"wp","href":"https:\/\/api.w.org\/{rel}","templated":true}]}}