{"id":1362,"date":"2024-09-24T08:13:51","date_gmt":"2024-09-24T08:13:51","guid":{"rendered":"https:\/\/keweicorten.com\/?post_type=product&#038;p=1362"},"modified":"2024-09-24T08:13:51","modified_gmt":"2024-09-24T08:13:51","slug":"corten-acellemez-a871","status":"publish","type":"product","link":"https:\/\/keweicorten.com\/hu\/corten-acellemez-a871\/","title":{"rendered":"Corten ac\u00e9llemez A871"},"content":{"rendered":"<p>Az A871 Corten ac\u00e9llemez egy m\u00e1sik t\u00edpus\u00fa nagy szil\u00e1rds\u00e1g\u00fa, alacsony \u00f6tv\u00f6z\u00e9s\u0171 (HSLA) szerkezeti ac\u00e9l, amelyet kifejezetten \u00fagy terveztek, hogy kiv\u00e1l\u00f3 ellen\u00e1ll\u00e1st biztos\u00edtson a l\u00e9gk\u00f6ri korr\u00f3zi\u00f3val szemben. Az ASTM A588-hoz \u00e9s az A242-hez hasonl\u00f3an az id\u0151j\u00e1r\u00e1s\u00e1ll\u00f3 ac\u00e9lok csal\u00e1dj\u00e1ba tartozik, de kifejezetten olyan alkalmaz\u00e1sokhoz fejlesztett\u00e9k ki, amelyek nagy szil\u00e1rds\u00e1got \u00e9s hossz\u00fa t\u00e1v\u00fa tart\u00f3ss\u00e1got ig\u00e9nyelnek olyan k\u00f6rnyezetben, ahol a l\u00e9gk\u00f6ri korr\u00f3zi\u00f3 aggodalomra ad okot.<\/p>\n<table class=\"table\" style=\"height: 292px;\" width=\"745\" cellspacing=\"0\" cellpadding=\"0\">\n<tbody>\n<tr class=\"firstRow\">\n<td>Term\u00e9k neve<\/td>\n<td>Corten ac\u00e9llemez A871<\/td>\n<\/tr>\n<tr>\n<td>Anyag<\/td>\n<td>Q195,Q235,Q345,45#,SPHC,510L,SS400<\/td>\n<\/tr>\n<tr>\n<td>Sz\u00ednes<\/td>\n<td>RAL vagy ig\u00e9ny szerint<\/td>\n<\/tr>\n<tr>\n<td>Standard<\/td>\n<td>DIN GB ISO JIS BA BA ANSI ASTM<\/td>\n<\/tr>\n<tr>\n<td>Tekercs azonos\u00edt\u00f3<\/td>\n<td>508\/610<\/td>\n<\/tr>\n<tr>\n<td>Fel\u00fcletkezel\u00e9s<\/td>\n<td>Kr\u00f3mozott ;Olajozott vagy olajozatlan;Skin pass,AFP<\/td>\n<\/tr>\n<tr>\n<td>Fizet\u00e9s<\/td>\n<td>L\/C T\/T<\/td>\n<\/tr>\n<tr>\n<td>Fokozat<\/td>\n<td>SGCC\/DX51D\/DX52D<\/td>\n<\/tr>\n<\/tbody>\n<\/table>\n<p>&nbsp;<\/p>\n<p>Az ASTM A871 a nagy szil\u00e1rds\u00e1g\u00fa, alacsony \u00f6tv\u00f6zet\u0171 szerkezeti ac\u00e9llemezek specifik\u00e1ci\u00f3ja, amelyek jav\u00edtott korr\u00f3zi\u00f3\u00e1ll\u00f3s\u00e1ggal rendelkeznek. Ez az ac\u00e9l a Corten ac\u00e9lcsal\u00e1d r\u00e9sze, \u00e9s k\u00fcl\u00f6n\u00f6sen alkalmas olyan alkalmaz\u00e1sokhoz, amelyek a szerkezeti projektekn\u00e9l hossz\u00fa t\u00e1v\u00fa l\u00e9gk\u00f6ri korr\u00f3zi\u00f3\u00e1ll\u00f3s\u00e1got \u00e9s kiv\u00e1l\u00f3 szil\u00e1rds\u00e1got ig\u00e9nyelnek. \u00dagy tervezt\u00e9k, hogy cs\u00f6kkentse a karbantart\u00e1si ig\u00e9nyt az\u00e1ltal, hogy stabil rozsdaszer\u0171 rozsd\u00e1t k\u00e9pezzen<\/p>\n<p>megjelen\u00e9se, ami megv\u00e9di az ac\u00e9lt a tov\u00e1bbi korr\u00f3zi\u00f3t\u00f3l.<\/p>\n<p><img fetchpriority=\"high\" decoding=\"async\" class=\"\" src=\"https:\/\/www.ridhisiddhi.net\/wp-content\/uploads\/2023\/06\/a588-steel-sheet.jpg\" alt=\"ASTM A588 ac\u00e9llemez, corten A588 lemez sz\u00e1ll\u00edt\u00f3 Indi\u00e1ban\" width=\"488\" height=\"469\" \/><img decoding=\"async\" class=\"\" src=\"https:\/\/www.gneesteels.com\/uploads\/201914713\/corten-steel-grade-a588-plate-corten-steel16467639692.jpg\" alt=\"Corten Steel Grade A588 Plate Sz\u00e1ll\u00edt\u00f3k \u00e9s gy\u00e1rt\u00f3k - K\u00edna ...\" width=\"473\" height=\"473\" \/><\/p>\n<p>Az ASTM A871 k\u00e9tf\u00e9le min\u0151s\u00e9gben kaphat\u00f3:<\/p>\n<ul>\n<li><strong>60-as fokozat<\/strong> \u00e9s <strong>65-\u00f6s fokozat<\/strong>, ahol a sz\u00e1mok az ac\u00e9l minim\u00e1lis foly\u00e1shat\u00e1r\u00e1t jel\u00f6lik ksi-ben (ezer font per n\u00e9gyzet h\u00fcvelyk).<\/li>\n<\/ul>","protected":false},"excerpt":{"rendered":"<p>Az ASTM A871-65 egy nagy szil\u00e1rds\u00e1g\u00fa, alacsony \u00f6tv\u00f6z\u00e9s\u0171 szerkezeti ac\u00e9llemez, amely fokozott l\u00e9gk\u00f6ri korr\u00f3zi\u00f3\u00e1ll\u00f3s\u00e1ggal rendelkezik.<\/p>","protected":false},"featured_media":1363,"comment_status":"open","ping_status":"closed","template":"","meta":{"_eb_attr":"","_monsterinsights_skip_tracking":false,"_monsterinsights_sitenote_active":false,"_monsterinsights_sitenote_note":"","_monsterinsights_sitenote_category":0,"_uf_show_specific_survey":0,"_uf_disable_surveys":false},"product_brand":[],"product_cat":[21],"product_tag":[],"class_list":{"0":"post-1362","1":"product","2":"type-product","3":"status-publish","4":"has-post-thumbnail","6":"product_cat-weather-resistant-steel-plate","8":"first","9":"instock","10":"shipping-taxable","11":"product-type-simple"},"_links":{"self":[{"href":"https:\/\/keweicorten.com\/hu\/wp-json\/wp\/v2\/product\/1362"}],"collection":[{"href":"https:\/\/keweicorten.com\/hu\/wp-json\/wp\/v2\/product"}],"about":[{"href":"https:\/\/keweicorten.com\/hu\/wp-json\/wp\/v2\/types\/product"}],"replies":[{"embeddable":true,"href":"https:\/\/keweicorten.com\/hu\/wp-json\/wp\/v2\/comments?post=1362"}],"version-history":[{"count":1,"href":"https:\/\/keweicorten.com\/hu\/wp-json\/wp\/v2\/product\/1362\/revisions"}],"predecessor-version":[{"id":1364,"href":"https:\/\/keweicorten.com\/hu\/wp-json\/wp\/v2\/product\/1362\/revisions\/1364"}],"wp:featuredmedia":[{"embeddable":true,"href":"https:\/\/keweicorten.com\/hu\/wp-json\/wp\/v2\/media\/1363"}],"wp:attachment":[{"href":"https:\/\/keweicorten.com\/hu\/wp-json\/wp\/v2\/media?parent=1362"}],"wp:term":[{"taxonomy":"product_brand","embeddable":true,"href":"https:\/\/keweicorten.com\/hu\/wp-json\/wp\/v2\/product_brand?post=1362"},{"taxonomy":"product_cat","embeddable":true,"href":"https:\/\/keweicorten.com\/hu\/wp-json\/wp\/v2\/product_cat?post=1362"},{"taxonomy":"product_tag","embeddable":true,"href":"https:\/\/keweicorten.com\/hu\/wp-json\/wp\/v2\/product_tag?post=1362"}],"curies":[{"name":"wp","href":"https:\/\/api.w.org\/{rel}","templated":true}]}}