{"id":1365,"date":"2024-09-24T08:26:42","date_gmt":"2024-09-24T08:26:42","guid":{"rendered":"https:\/\/keweicorten.com\/?post_type=product&#038;p=1365"},"modified":"2024-09-24T08:49:31","modified_gmt":"2024-09-24T08:49:31","slug":"wtst52-3-corten-acelcso","status":"publish","type":"product","link":"https:\/\/keweicorten.com\/hu\/wtst52-3-corten-acelcso\/","title":{"rendered":"WTSt52-3 Corten ac\u00e9lcs\u0151"},"content":{"rendered":"<p>A WTSt52-3 Corten ac\u00e9lcs\u0151 egy id\u0151j\u00e1r\u00e1s\u00e1ll\u00f3 ac\u00e9lmin\u0151s\u00e9g, amely a Corten ac\u00e9lok csal\u00e1dj\u00e1ba tartozik. Hasonl\u00f3an m\u00e1s Corten ac\u00e9lokhoz, mint p\u00e9ld\u00e1ul az A242 \u00e9s az A588, a WTSt52-3-at \u00fagy tervezt\u00e9k, hogy kiv\u00e1l\u00f3 korr\u00f3zi\u00f3\u00e1ll\u00f3s\u00e1ggal rendelkezzen az\u00e1ltal, hogy id\u0151j\u00e1r\u00e1si k\u00f6r\u00fclm\u00e9nyeknek kit\u00e9ve v\u00e9d\u0151 patin\u00e1t k\u00e9pez a fel\u00fclet\u00e9n. A patina g\u00e1tk\u00e9nt m\u0171k\u00f6dik, megakad\u00e1lyozza a m\u00e9lyebb korr\u00f3zi\u00f3t, \u00e9s lehet\u0151v\u00e9 teszi, hogy az ac\u00e9l v\u00e9d\u0151r\u00e9tegek n\u00e9lk\u00fcl, zord k\u00f6rnyezetben is haszn\u00e1lhat\u00f3 legyen.<\/p>\n<p>Mint m\u00e1s id\u0151j\u00e1r\u00e1s\u00e1ll\u00f3 ac\u00e9lok, a WTSt52-3 Corten ac\u00e9lcs\u0151 kis mennyis\u00e9g\u0171 \u00f6tv\u00f6z\u00f6tt elemeket tartalmaz, mint p\u00e9ld\u00e1ul:<\/p>\n<ul>\n<li><strong>R\u00e9z<\/strong><\/li>\n<li><strong>Kr\u00f3m<\/strong><\/li>\n<li><strong>Nikkel<\/strong><\/li>\n<li><strong>Foszfor<\/strong> Ezek az elemek fokozz\u00e1k a korr\u00f3zi\u00f3\u00e1ll\u00f3s\u00e1got, \u00e9s lehet\u0151v\u00e9 teszik, hogy a k\u00f6rnyezetnek kit\u00e9ve stabil patin\u00e1t k\u00e9pezzen.<\/li>\n<\/ul>\n<h3>El\u0151ny\u00f6k:<\/h3>\n<ul>\n<li><strong>Eszt\u00e9tikai vonzer\u0151<\/strong>: A patina ipari, rusztikus megjelen\u00e9st biztos\u00edt, amelyet gyakran haszn\u00e1lnak a modern \u00e9p\u00edt\u00e9szeti mint\u00e1kban.<\/li>\n<li><strong>Tart\u00f3ss\u00e1g<\/strong>: Hossz\u00fa t\u00e1v\u00fa teljes\u00edtm\u00e9nyt ny\u00fajt k\u00fclt\u00e9ri alkalmaz\u00e1sokban an\u00e9lk\u00fcl, hogy gyakori \u00e1tfest\u00e9sre vagy jav\u00edt\u00e1sra lenne sz\u00fcks\u00e9g.<\/li>\n<li><strong>K\u00f6lts\u00e9ghat\u00e9kony<\/strong>: Cs\u00f6kkenti a v\u00e9d\u0151bevonatok \u00e9s a rendszeres karbantart\u00e1s sz\u00fcks\u00e9gess\u00e9g\u00e9t, ami cs\u00f6kkenti az \u00e1ltal\u00e1nos \u00e9letciklusk\u00f6lts\u00e9geket.<\/li>\n<\/ul>\n<table style=\"height: 91px;\" width=\"772\">\n<tbody>\n<tr>\n<th>OD tartom\u00e1ny<\/th>\n<td>12-150mm<\/td>\n<\/tr>\n<tr>\n<th>Thk tartom\u00e1ny<\/th>\n<td>1.5-8mm<\/td>\n<\/tr>\n<tr>\n<th>Hossz\u00fas\u00e1g<\/th>\n<td>Egyetlen v\u00e9letlenszer\u0171, dupla v\u00e9letlenszer\u0171 \u00e9s v\u00e1gott hossz\u00fas\u00e1g\u00fa<\/td>\n<\/tr>\n<tr>\n<th>T\u00edpus<\/th>\n<td>Kerek, n\u00e9gyzet, t\u00e9glalap<\/td>\n<\/tr>\n<tr>\n<th>Standard<\/th>\n<td>GB, ASTM, EU<\/td>\n<\/tr>\n<tr>\n<th>Fokozat<\/th>\n<td>Q235NH, Q295NH, Q355NH, 09CUPGENI-A, 09CUPGENI-B, CORTEN A, CORTEN B, ASTM A423 OSZT\u00c1LY 1,<br \/>\nASTM A847, ASTM A588, ASTM A242, ASTM A606, S355JOW, S355JOWP, S355J2W, S355J2WP<\/td>\n<\/tr>\n<\/tbody>\n<\/table>\n<figure style=\"width: 559px\" class=\"wp-caption alignnone\"><a href=\"https:\/\/keweicorten.com\/hu\/kapcsolatfelvetel\/\"><img fetchpriority=\"high\" decoding=\"async\" title=\"corten ac\u00e9llemez\" src=\"https:\/\/www.offersteels.com\/uploads\/allimg\/corten-steel-pipe.jpg\" alt=\"Corten ac\u00e9lcs\u0151 besz\u00e1ll\u00edt\u00f3k, id\u0151j\u00e1r\u00e1si cs\u00f6vek korr\u00f3zi\u00f3\u00e1ll\u00f3s\u00e1ga\" width=\"559\" height=\"419\" \/><\/a><figcaption class=\"wp-caption-text\">corten ac\u00e9llemez<\/figcaption><\/figure>\n<figure style=\"width: 560px\" class=\"wp-caption alignnone\"><a href=\"https:\/\/keweicorten.com\/hu\/products\/\"><img decoding=\"async\" title=\"corten ac\u00e9llemez\" src=\"https:\/\/www.offersteels.com\/uploads\/allimg\/Corten-steel-pipe-productive-process.jpg\" alt=\"Corten ac\u00e9lcs\u0151 termel\u00e9si folyamat\" width=\"560\" height=\"441\" \/><\/a><figcaption class=\"wp-caption-text\">corten ac\u00e9llemez<\/figcaption><\/figure>\n<figure style=\"width: 559px\" class=\"wp-caption alignnone\"><a href=\"https:\/\/keweicorten.com\/hu\/products\/\"><img decoding=\"async\" title=\"Corten ac\u00e9lcs\u0151\" src=\"https:\/\/www.offersteels.com\/uploads\/allimg\/What-is-Corten-Steel-Pipe.jpg\" alt=\"Corten ac\u00e9lcs\u0151 besz\u00e1ll\u00edt\u00f3k, id\u0151j\u00e1r\u00e1si cs\u00f6vek korr\u00f3zi\u00f3\u00e1ll\u00f3s\u00e1ga\" width=\"559\" height=\"419\" \/><\/a><figcaption class=\"wp-caption-text\">Corten ac\u00e9lcs\u0151<\/figcaption><\/figure>","protected":false},"excerpt":{"rendered":"<p>A Corten-ac\u00e9lt els\u0151sorban vas\u00fatvonalakon, j\u00e1rm\u0171vekben, hidakban, pilonokban, fotovoltaikus, nagysebess\u00e9g\u0171 g\u00e9p\u00e9szeti \u00e9s egy\u00e9b ac\u00e9lszerkezetekben haszn\u00e1lj\u00e1k, amelyek hossz\u00fa ideig ki vannak t\u00e9ve a l\u00e9gk\u00f6rnek.<\/p>","protected":false},"featured_media":1366,"comment_status":"open","ping_status":"closed","template":"","meta":{"_eb_attr":"","_monsterinsights_skip_tracking":false,"_monsterinsights_sitenote_active":false,"_monsterinsights_sitenote_note":"","_monsterinsights_sitenote_category":0,"_uf_show_specific_survey":0,"_uf_disable_surveys":false},"product_brand":[],"product_cat":[21],"product_tag":[],"class_list":{"0":"post-1365","1":"product","2":"type-product","3":"status-publish","4":"has-post-thumbnail","6":"product_cat-weather-resistant-steel-plate","8":"first","9":"instock","10":"shipping-taxable","11":"product-type-simple"},"_links":{"self":[{"href":"https:\/\/keweicorten.com\/hu\/wp-json\/wp\/v2\/product\/1365"}],"collection":[{"href":"https:\/\/keweicorten.com\/hu\/wp-json\/wp\/v2\/product"}],"about":[{"href":"https:\/\/keweicorten.com\/hu\/wp-json\/wp\/v2\/types\/product"}],"replies":[{"embeddable":true,"href":"https:\/\/keweicorten.com\/hu\/wp-json\/wp\/v2\/comments?post=1365"}],"version-history":[{"count":1,"href":"https:\/\/keweicorten.com\/hu\/wp-json\/wp\/v2\/product\/1365\/revisions"}],"predecessor-version":[{"id":1367,"href":"https:\/\/keweicorten.com\/hu\/wp-json\/wp\/v2\/product\/1365\/revisions\/1367"}],"wp:featuredmedia":[{"embeddable":true,"href":"https:\/\/keweicorten.com\/hu\/wp-json\/wp\/v2\/media\/1366"}],"wp:attachment":[{"href":"https:\/\/keweicorten.com\/hu\/wp-json\/wp\/v2\/media?parent=1365"}],"wp:term":[{"taxonomy":"product_brand","embeddable":true,"href":"https:\/\/keweicorten.com\/hu\/wp-json\/wp\/v2\/product_brand?post=1365"},{"taxonomy":"product_cat","embeddable":true,"href":"https:\/\/keweicorten.com\/hu\/wp-json\/wp\/v2\/product_cat?post=1365"},{"taxonomy":"product_tag","embeddable":true,"href":"https:\/\/keweicorten.com\/hu\/wp-json\/wp\/v2\/product_tag?post=1365"}],"curies":[{"name":"wp","href":"https:\/\/api.w.org\/{rel}","templated":true}]}}