{"id":1392,"date":"2024-09-25T07:11:51","date_gmt":"2024-09-25T07:11:51","guid":{"rendered":"https:\/\/keweicorten.com\/?post_type=product&#038;p=1392"},"modified":"2024-09-25T08:52:00","modified_gmt":"2024-09-25T08:52:00","slug":"idojarasallo-acel-spa-h","status":"publish","type":"product","link":"https:\/\/keweicorten.com\/hu\/idojarasallo-acel-spa-h\/","title":{"rendered":"Id\u0151j\u00e1r\u00e1s\u00e1ll\u00f3 ac\u00e9l SPA-H"},"content":{"rendered":"<div>\n<p>Az id\u0151j\u00e1r\u00e1s\u00e1ll\u00f3 ac\u00e9l SPA-H egy olyan id\u0151j\u00e1r\u00e1s\u00e1ll\u00f3 ac\u00e9lfajta, amely tart\u00f3ss\u00e1g\u00e1r\u00f3l \u00e9s korr\u00f3zi\u00f3\u00e1ll\u00f3s\u00e1g\u00e1r\u00f3l ismert. Az id\u0151j\u00e1r\u00e1s viszontags\u00e1gainak kit\u00e9ve rozsdav\u00e9d\u0151 r\u00e9teget k\u00e9pez, amely seg\u00edt megel\u0151zni a tov\u00e1bbi korr\u00f3zi\u00f3t \u00e9s fenntartja a szerkezeti integrit\u00e1st. Ez\u00e1ltal ide\u00e1lis k\u00fclt\u00e9ri alkalmaz\u00e1sokhoz, p\u00e9ld\u00e1ul b\u00fatorokhoz, szobrokhoz \u00e9s \u00e9p\u00edt\u00e9szeti elemekhez. Eszt\u00e9tikai vonzereje a jellegzetes rozsdaszer\u0171 megjelen\u00e9s\u00e9vel a modern diz\u00e1jnban is n\u00e9pszer\u0171v\u00e9 teszi.Ez az id\u0151j\u00e1r\u00e1s\u00e1ll\u00f3 ac\u00e9l SPA-H kiv\u00e1l\u00f3 korr\u00f3zi\u00f3\u00e1ll\u00f3s\u00e1ggal rendelkezik, hossz\u00fa ideig k\u00e9pes meg\u0151rizni stabil megjelen\u00e9s\u00e9t \u00e9s szil\u00e1rds\u00e1g\u00e1t a k\u00fclt\u00e9ri k\u00f6rnyezetben, \u00e9s nagyon alkalmas k\u00fclt\u00e9ri b\u00fatorok, t\u0171zrak\u00f3helyek \u00e9s egy\u00e9b term\u00e9kek k\u00e9sz\u00edt\u00e9s\u00e9re.<\/p>\n<\/div>\n<div class=\"pro_det_b_tabs_item_tt\">M\u0171szaki adatok<\/div>\n<div class=\"pro_det_b_tabs_item_con\">\n<p><strong>SPA-H id\u0151j\u00e1r\u00e1s\u00e1ll\u00f3 ac\u00e9l k\u00e9miai \u00f6sszet\u00e9tele<\/strong><\/p>\n<div class=\"pro_page_table\">\n<table>\n<tbody>\n<tr>\n<td>Fokozat<\/td>\n<td>C \u2264<\/td>\n<td>Si<\/td>\n<td>Mn<\/td>\n<td>P<\/td>\n<td>S \u2264<\/td>\n<td>Cu<\/td>\n<td>Cr<\/td>\n<td>Ni \u2264<\/td>\n<\/tr>\n<tr>\n<td>SPA-H<\/td>\n<td>0.12<\/td>\n<td>0.25~0.75<\/td>\n<td>0.20~0.50<\/td>\n<td>0.070~0.150<\/td>\n<td>0.040<\/td>\n<td>0.25~0.60<\/td>\n<td>0.30~1.25<\/td>\n<td>0.65<\/td>\n<\/tr>\n<\/tbody>\n<\/table>\n<\/div>\n<p><strong>SPA-H Id\u0151j\u00e1r\u00e1s\u00e1ll\u00f3 ac\u00e9l szak\u00edt\u00f3 tulajdons\u00e1g k\u00e9r\u00e9se<\/strong><\/p>\n<div class=\"pro_page_table\">\n<table>\n<tbody>\n<tr>\n<td>Fokozat<\/td>\n<td>Lemezvastags\u00e1g<\/td>\n<td>Foly\u00e1shat\u00e1r<\/td>\n<td>Szak\u00edt\u00f3szil\u00e1rds\u00e1g<\/td>\n<td>ny\u00fal\u00e1s<\/td>\n<\/tr>\n<tr>\n<td>SPA-H<\/td>\n<td>\u2264 6,0 mm<\/td>\n<td>\u2265 345 MPa<\/td>\n<td>\u2265 480 MPa<\/td>\n<td>\u2265 22<\/td>\n<\/tr>\n<tr>\n<td><\/td>\n<td>&gt; 6.0mm<\/td>\n<td>\u2265 335 MPa<\/td>\n<td>\u2265 490 MPa<\/td>\n<td>\u2265 15<\/td>\n<\/tr>\n<\/tbody>\n<\/table>\n<\/div>\n<p>Az SPA-H ac\u00e9l sz\u00e1ll\u00edt\u00e1si felt\u00e9tele lehet melegen hengerelt, hidegen hengerelt, AR \/ CR \/ N \/ TMCP \/ T \/ QT, mint az \u00fcgyf\u00e9l k\u00e9r\u00e9s\u00e9re<\/p>\n<p><strong>Kapcsol\u00f3d\u00f3 ac\u00e9l t\u00edpus<\/strong><\/p>\n<div class=\"pro_page_table\">\n<table>\n<tbody>\n<tr>\n<td>Ac\u00e9l t\u00edpus<\/td>\n<td>Standard<\/td>\n<td>Orsz\u00e1gk\u00f3d<\/td>\n<td>C(%)<\/td>\n<td>Si(%)<\/td>\n<td>Mn(%)<\/td>\n<td>P(%)<\/td>\n<td>S(%)<\/td>\n<td>Cr(%)<\/td>\n<td>Cu(%)<\/td>\n<\/tr>\n<tr>\n<td>SPA-H<\/td>\n<td>4620<\/td>\n<td>CNS<\/td>\n<td>\u22660.12<\/td>\n<td>0.25-0.75<\/td>\n<td>0.20-0.50<\/td>\n<td>0.07-0.15<\/td>\n<td>\u22660.04<\/td>\n<td>0.30-1.25<\/td>\n<td>0.25-0.60<\/td>\n<\/tr>\n<tr>\n<td>SPA-H<\/td>\n<td>G3125<\/td>\n<td>JIS<\/td>\n<td>\u22660.12<\/td>\n<td>0.25-0.75<\/td>\n<td>0.20-0.50<\/td>\n<td>0.07-0.15<\/td>\n<td>\u22660.04<\/td>\n<td>0.30-1.25<\/td>\n<td>0.25-0.60<\/td>\n<\/tr>\n<tr>\n<td>Type1<\/td>\n<td>A242<\/td>\n<td>ASTM<\/td>\n<td>\u22660.15<\/td>\n<td><\/td>\n<td>\u22661.00<\/td>\n<td>\u22660.15<\/td>\n<td>\u22660.05<\/td>\n<td><\/td>\n<td>\u22670.20<\/td>\n<\/tr>\n<\/tbody>\n<\/table>\n<\/div>\n<div class=\"pro_page_table\">\n<table>\n<tbody>\n<tr>\n<td>Ac\u00e9l t\u00edpus<\/td>\n<td>Termel\u00e9si fesz\u00fclts\u00e9g (Mpa)<\/td>\n<td>Szak\u00edt\u00f3fesz\u00fclts\u00e9g (Mpa)<\/td>\n<td>Ny\u00fal\u00e1s (%)<\/td>\n<td>Vastags\u00e1g (mm)<\/td>\n<\/tr>\n<tr>\n<td>SPA-H<\/td>\n<td>\u2267345<\/td>\n<td>\u2267480<\/td>\n<td>\u226722<\/td>\n<td>\u22666.0<\/td>\n<\/tr>\n<tr>\n<td>SPA-H<\/td>\n<td>\u2267345<\/td>\n<td>\u2267480<\/td>\n<td>\u226722<\/td>\n<td>\u22666.0<\/td>\n<\/tr>\n<tr>\n<td>Type1<\/td>\n<td>\u2267345<\/td>\n<td>\u2267480<\/td>\n<td>\u226721<\/td>\n<td>\u226620.0<\/td>\n<\/tr>\n<\/tbody>\n<\/table>\n<p><a href=\"https:\/\/keweicorten.com\/hu\"><img fetchpriority=\"high\" decoding=\"async\" class=\"alignnone\" title=\"Id\u0151j\u00e1r\u00e1s\u00e1ll\u00f3 ac\u00e9l SPA-H \" src=\"https:\/\/www.gneesteels.com\/uploads\/201914713\/spa-h-hot-rolled-weather-resistant-steel26300479860.jpg\" alt=\"Id\u0151j\u00e1r\u00e1s\u00e1ll\u00f3 ac\u00e9l SPA-H besz\u00e1ll\u00edt\u00f3k \u00e9s gy\u00e1rt\u00f3k - K\u00edna Factory -shkw\" width=\"660\" height=\"660\" \/><\/a><\/p>\n<p><a href=\"https:\/\/keweicorten.com\/hu\/products\/\"><img decoding=\"async\" class=\"alignnone\" title=\"Id\u0151j\u00e1r\u00e1s\u00e1ll\u00f3 ac\u00e9l SPA-H\" src=\"https:\/\/image.made-in-china.com\/2f0j00pefWQnNhnOrc\/SPA-H-S355j2wp-Weather-Resistant-Metal-Sheet-Corten-Hot-Rolled-Steel-Plate.jpg\" alt=\"Id\u0151j\u00e1r\u00e1s\u00e1ll\u00f3 ac\u00e9l SPA-H besz\u00e1ll\u00edt\u00f3k \u00e9s gy\u00e1rt\u00f3k - K\u00edna Factory\" width=\"660\" height=\"767\" \/><\/a><\/p>\n<\/div>\n<\/div>","protected":false},"excerpt":{"rendered":"<p>JIS G3125 SPA-H Corten ac\u00e9l, SPA-H ac\u00e9llemez\/lemez. SPA-H alacsony \u00f6tv\u00f6z\u00f6tt, nagy szil\u00e1rds\u00e1g\u00fa, l\u00e9gk\u00f6ri korr\u00f3zi\u00f3\u00e1ll\u00f3 ac\u00e9l.<\/p>","protected":false},"featured_media":1393,"comment_status":"open","ping_status":"closed","template":"","meta":{"_eb_attr":"","_monsterinsights_skip_tracking":false,"_monsterinsights_sitenote_active":false,"_monsterinsights_sitenote_note":"","_monsterinsights_sitenote_category":0,"_uf_show_specific_survey":0,"_uf_disable_surveys":false},"product_brand":[],"product_cat":[21],"product_tag":[],"class_list":{"0":"post-1392","1":"product","2":"type-product","3":"status-publish","4":"has-post-thumbnail","6":"product_cat-weather-resistant-steel-plate","8":"first","9":"instock","10":"shipping-taxable","11":"product-type-simple"},"_links":{"self":[{"href":"https:\/\/keweicorten.com\/hu\/wp-json\/wp\/v2\/product\/1392"}],"collection":[{"href":"https:\/\/keweicorten.com\/hu\/wp-json\/wp\/v2\/product"}],"about":[{"href":"https:\/\/keweicorten.com\/hu\/wp-json\/wp\/v2\/types\/product"}],"replies":[{"embeddable":true,"href":"https:\/\/keweicorten.com\/hu\/wp-json\/wp\/v2\/comments?post=1392"}],"version-history":[{"count":2,"href":"https:\/\/keweicorten.com\/hu\/wp-json\/wp\/v2\/product\/1392\/revisions"}],"predecessor-version":[{"id":1395,"href":"https:\/\/keweicorten.com\/hu\/wp-json\/wp\/v2\/product\/1392\/revisions\/1395"}],"wp:featuredmedia":[{"embeddable":true,"href":"https:\/\/keweicorten.com\/hu\/wp-json\/wp\/v2\/media\/1393"}],"wp:attachment":[{"href":"https:\/\/keweicorten.com\/hu\/wp-json\/wp\/v2\/media?parent=1392"}],"wp:term":[{"taxonomy":"product_brand","embeddable":true,"href":"https:\/\/keweicorten.com\/hu\/wp-json\/wp\/v2\/product_brand?post=1392"},{"taxonomy":"product_cat","embeddable":true,"href":"https:\/\/keweicorten.com\/hu\/wp-json\/wp\/v2\/product_cat?post=1392"},{"taxonomy":"product_tag","embeddable":true,"href":"https:\/\/keweicorten.com\/hu\/wp-json\/wp\/v2\/product_tag?post=1392"}],"curies":[{"name":"wp","href":"https:\/\/api.w.org\/{rel}","templated":true}]}}