{"id":1444,"date":"2024-09-26T02:26:55","date_gmt":"2024-09-26T02:26:55","guid":{"rendered":"https:\/\/keweicorten.com\/?post_type=product&#038;p=1444"},"modified":"2024-09-26T02:26:55","modified_gmt":"2024-09-26T02:26:55","slug":"kulteri-szemetvalogato-szemetesek","status":"publish","type":"product","link":"https:\/\/keweicorten.com\/hu\/kulteri-szemetvalogato-szemetesek\/","title":{"rendered":"K\u00fclt\u00e9ri szem\u00e9t v\u00e1logat\u00e1s szemetes kuk\u00e1k"},"content":{"rendered":"<p>A k\u00fclt\u00e9ri szem\u00e9tv\u00e1logat\u00f3 szemetes egy kifejezetten k\u00fclt\u00e9ri k\u00f6rnyezetbe tervezett szem\u00e9tgy\u0171jt\u0151 berendez\u00e9s, amelynek c\u00e9lja a szem\u00e9tv\u00e1logat\u00e1s \u00e9s az \u00fajrahasznos\u00edt\u00e1s el\u0151seg\u00edt\u00e9se, a k\u00f6rnyezetszennyez\u00e9s cs\u00f6kkent\u00e9se \u00e9s a v\u00e1rosi \u00f6kol\u00f3giai k\u00f6rnyezet jav\u00edt\u00e1sa. A k\u00f6vetkez\u0151kben a k\u00fclt\u00e9ri szem\u00e9tv\u00e1logat\u00f3 kuk\u00e1k n\u00e9h\u00e1ny alkalmaz\u00e1sa \u00e9s el\u0151nye szerepel:<\/p>\n<h2>\u00a0Alkalmaz\u00e1si ter\u00fclet:<\/h2>\n<ul>\n<li>Parkok \u00e9s fest\u0151i helyek : Szem\u00e9tv\u00e1logat\u00f3 v\u00f6dr\u00f6ket \u00e1ll\u00edtanak fel nyilv\u00e1nos helyeken, p\u00e9ld\u00e1ul parkokban \u00e9s fest\u0151i helyeken, hogy megk\u00f6nny\u00edts\u00e9k a turist\u00e1k sz\u00e1m\u00e1ra a szem\u00e9t elhelyez\u00e9s\u00e9t \u00e9s jav\u00edts\u00e1k a szem\u00e9toszt\u00e1lyoz\u00e1si tudatoss\u00e1got.<\/li>\n<li>V\u00e1rosi utc\u00e1k : A s\u0171r\u0171n lakott ter\u00fcleteken, p\u00e9ld\u00e1ul a v\u00e1ros f\u0151utc\u00e1in \u00e9s kereskedelmi negyedekben, hogy megk\u00f6nny\u00edts\u00e9k a polg\u00e1rok sz\u00e1m\u00e1ra a szem\u00e9toszt\u00e1lyoz\u00e1st \u00e9s a v\u00e1ros tiszt\u00e1n tart\u00e1s\u00e1t.<\/li>\n<li>Campus : \u00c1ll\u00edtson fel szemeteseket az iskol\u00e1ban, hogy a tanul\u00f3k m\u00e1r gyermekkorukt\u00f3l kezdve megtanulj\u00e1k a szem\u00e9toszt\u00e1lyoz\u00e1s szok\u00e1s\u00e1t.<\/li>\n<li>K\u00f6z\u00f6ss\u00e9g : A lakott ter\u00fcleteken fel\u00e1ll\u00edtottak, hogy a lakosokat a szem\u00e9toszt\u00e1lyoz\u00e1sban val\u00f3 r\u00e9szv\u00e9telre \u00f6szt\u00f6n\u00f6zz\u00e9k, \u00e9s jav\u00edts\u00e1k a k\u00f6z\u00f6ss\u00e9g k\u00f6rnyezet\u00e9nek eg\u00e9szs\u00e9g\u00e9t.<\/li>\n<li>T\u00f6megk\u00f6zleked\u00e9si meg\u00e1ll\u00f3k: A buszp\u00e1lyaudvarokon, metr\u00f3\u00e1llom\u00e1sokon \u00e9s m\u00e1s k\u00f6zleked\u00e9si csom\u00f3pontokon fel\u00e1ll\u00edtva, hogy megk\u00f6nny\u00edts\u00e9k az utasok sz\u00e1m\u00e1ra a szem\u00e9t oszt\u00e1lyoz\u00e1s\u00e1t \u00e9s \u00e1rtalmatlan\u00edt\u00e1s\u00e1t.<\/li>\n<\/ul>\n<h2>A k\u00fclt\u00e9ri szem\u00e9tv\u00e1logat\u00f3 kuk\u00e1k el\u0151nyei<\/h2>\n<ul>\n<li>K\u00f6rnyezetv\u00e9delem \u00e9s fenntarthat\u00f3 fejl\u0151d\u00e9s : Az \u00fajrahasznos\u00edthat\u00f3 t\u00e1rgyak oszt\u00e1lyoz\u00e1s\u00e1val \u00f6szt\u00f6n\u00f6zze az \u00fajrahasznos\u00edthat\u00f3 t\u00e1rgyak \u00fajrahasznos\u00edt\u00e1s\u00e1t \u00e9s \u00fajrafelhaszn\u00e1l\u00e1s\u00e1t a k\u00f6rnyezeti terhel\u00e9s cs\u00f6kkent\u00e9se \u00e9rdek\u00e9ben.<\/li>\n<li>\u00a0A k\u00f6zv\u00e9lem\u00e9ny figyelm\u00e9nek felkelt\u00e9se : A nyilv\u00e1noss\u00e1g t\u00e1j\u00e9koztat\u00e1sa \u00e9s felvil\u00e1gos\u00edt\u00e1sa a szem\u00e9toszt\u00e1lyoz\u00e1s fontoss\u00e1g\u00e1r\u00f3l, valamint a k\u00f6zv\u00e9lem\u00e9ny figyelm\u00e9nek felkelt\u00e9se a k\u00f6rnyezetv\u00e9delemre.<\/li>\n<li>Sz\u00e9p\u00edtse a k\u00f6rnyezetet: Ez jav\u00edthatja a v\u00e1ros megjelen\u00e9s\u00e9t, \u00e9s cs\u00f6kkentheti a szem\u00e9t k\u00f6rnyezetre gyakorolt hat\u00e1s\u00e1t.<\/li>\n<li>A kezel\u00e9si k\u00f6lts\u00e9gek cs\u00f6kkent\u00e9se : A hat\u00e9kony szem\u00e9toszt\u00e1lyoz\u00e1s cs\u00f6kkentheti a szem\u00e9tsz\u00e1ll\u00edt\u00e1s k\u00f6lts\u00e9geit, \u00e9s jav\u00edthatja a szem\u00e9toszt\u00e1lyoz\u00e1s \u00e9s -\u00e1rtalmatlan\u00edt\u00e1s hat\u00e9konys\u00e1g\u00e1t.<\/li>\n<li>V\u00e1ltozatos kialak\u00edt\u00e1s : A modern szem\u00e9tv\u00e1logat\u00f3 v\u00f6dr\u00f6k gyakran k\u00fcl\u00f6nb\u00f6z\u0151 sz\u00ednekkel \u00e9s log\u00f3kkal rendelkeznek, hogy megk\u00f6nny\u00edts\u00e9k a nyilv\u00e1noss\u00e1g sz\u00e1m\u00e1ra a k\u00fcl\u00f6nb\u00f6z\u0151 szem\u00e9tkateg\u00f3ri\u00e1k azonos\u00edt\u00e1s\u00e1t.<\/li>\n<\/ul>\n<table class=\"table\" border=\"1\" cellspacing=\"1\" cellpadding=\"1\">\n<tbody>\n<tr>\n<td colspan=\"1\" rowspan=\"1\">\n<div class=\"magic-5\"><strong>Term\u00e9k neve<\/strong><\/div>\n<\/td>\n<td colspan=\"1\" rowspan=\"1\">\n<div class=\"magic-7\">K\u00fclt\u00e9ri nyilv\u00e1nos kereskedelmi Corten ac\u00e9l szem\u00e9t nagy f\u00e9m v\u00e1logat\u00e1s szem\u00e9t \u00fajrahasznos\u00edt\u00e1sa szem\u00e9t szem\u00e9tgy\u0171jt\u0151<\/div>\n<\/td>\n<\/tr>\n<tr>\n<td colspan=\"1\" rowspan=\"1\">\n<div class=\"magic-5\"><strong>Anyag<\/strong><\/div>\n<\/td>\n<td colspan=\"1\" rowspan=\"1\">\n<div class=\"magic-7\">Corten ac\u00e9l<\/div>\n<\/td>\n<\/tr>\n<tr>\n<td colspan=\"1\" rowspan=\"1\">\n<div class=\"magic-5\"><strong>M\u00e9ret<\/strong><\/div>\n<\/td>\n<td colspan=\"1\" rowspan=\"1\">\n<div class=\"magic-7\">T\u00e1mogat\u00e1s testreszabott<\/div>\n<\/td>\n<\/tr>\n<tr>\n<td colspan=\"1\" rowspan=\"1\">\n<div class=\"magic-5\"><strong>Vastags\u00e1g<\/strong><\/div>\n<\/td>\n<td colspan=\"1\" rowspan=\"1\">\n<div class=\"magic-7\">2-10mm<\/div>\n<\/td>\n<\/tr>\n<tr>\n<td colspan=\"1\" rowspan=\"1\">\n<div class=\"magic-5\"><strong>Befejez\u00e9s<\/strong><\/div>\n<\/td>\n<td colspan=\"1\" rowspan=\"1\">\n<div class=\"magic-7\">Korr\u00f3zi\u00f3s kezel\u00e9s ,gy\u00f3gy\u00edt\u00f3 kezel\u00e9s<\/div>\n<\/td>\n<\/tr>\n<tr>\n<td colspan=\"1\" rowspan=\"1\">\n<div class=\"magic-5\"><strong>Jellemz\u0151k<\/strong><\/div>\n<\/td>\n<td colspan=\"1\" rowspan=\"1\">\n<div class=\"magic-7\">Rozsdamentes, v\u00edz\u00e1ll\u00f3<\/div>\n<\/td>\n<\/tr>\n<tr>\n<td colspan=\"1\" rowspan=\"1\">\n<div class=\"magic-5\"><strong>Haszn\u00e1lat<\/strong><\/div>\n<\/td>\n<td colspan=\"1\" rowspan=\"1\">\n<div class=\"magic-7\">Utca\/park\/kert\/kertek\/kertek\/k\u00fclter\u00fclet\/kereskedelmi\/k\u00f6zter\u00fclet<\/div>\n<\/td>\n<\/tr>\n<tr>\n<td colspan=\"1\" rowspan=\"1\">\n<div class=\"magic-5\"><strong>Fizet\u00e9si hat\u00e1rid\u0151<\/strong><\/div>\n<\/td>\n<td colspan=\"1\" rowspan=\"1\">\n<div class=\"magic-7\">T \/ T, L \/ C, Western Union, Money gram<\/div>\n<\/td>\n<\/tr>\n<\/tbody>\n<\/table>\n<figure style=\"width: 579px\" class=\"wp-caption alignnone\"><a href=\"https:\/\/keweicorten.com\/hu\"><img fetchpriority=\"high\" decoding=\"async\" title=\"K\u00fclt\u00e9ri szem\u00e9t v\u00e1logat\u00e1s szemetes kuk\u00e1k\" src=\"https:\/\/www.keweistove.com\/uploads\/39684\/products\/20240412101431acc66.png?size=523x0\" alt=\"Outdoors Garbage Sorting Trash Cans-Factory, porcel\u00e1n, \u00e1r, gy\u00e1rt\u00f3k, besz\u00e1ll\u00edt\u00f3k, testreszabott, nagykereskedelem, olcs\u00f3, elad\u00f3, rakt\u00e1ron.\" width=\"579\" height=\"581\" \/><\/a><figcaption class=\"wp-caption-text\">K\u00fclt\u00e9ri szem\u00e9t v\u00e1logat\u00e1s szemetes kuk\u00e1k<\/figcaption><\/figure>","protected":false},"excerpt":{"rendered":"<p>A k\u00fclt\u00e9ri szem\u00e9tgy\u0171jt\u0151k fontos szerepet j\u00e1tszanak a v\u00e1ros\u00fczemeltet\u00e9sben, a k\u00f6rnyezetv\u00e9delemben \u00e9s a k\u00f6zoktat\u00e1sban. Az \u00e9sszer\u0171 be\u00e1ll\u00edt\u00e1s \u00e9s haszn\u00e1lat r\u00e9v\u00e9n nemcsak a szem\u00e9toszt\u00e1lyoz\u00e1s hat\u00e9konys\u00e1g\u00e1t jav\u00edtja, hanem a v\u00e1rosi civiliz\u00e1ci\u00f3 \u00e9s a k\u00f6rnyezetv\u00e9delem fontos szimb\u00f3lum\u00e1v\u00e1 is v\u00e1lik.<\/p>","protected":false},"featured_media":1445,"comment_status":"open","ping_status":"closed","template":"","meta":{"_eb_attr":"","_monsterinsights_skip_tracking":false,"_monsterinsights_sitenote_active":false,"_monsterinsights_sitenote_note":"","_monsterinsights_sitenote_category":0,"_uf_show_specific_survey":0,"_uf_disable_surveys":false},"product_brand":[],"product_cat":[23],"product_tag":[],"class_list":{"0":"post-1444","1":"product","2":"type-product","3":"status-publish","4":"has-post-thumbnail","6":"product_cat-patio-furniture","8":"first","9":"instock","10":"shipping-taxable","11":"product-type-simple"},"_links":{"self":[{"href":"https:\/\/keweicorten.com\/hu\/wp-json\/wp\/v2\/product\/1444"}],"collection":[{"href":"https:\/\/keweicorten.com\/hu\/wp-json\/wp\/v2\/product"}],"about":[{"href":"https:\/\/keweicorten.com\/hu\/wp-json\/wp\/v2\/types\/product"}],"replies":[{"embeddable":true,"href":"https:\/\/keweicorten.com\/hu\/wp-json\/wp\/v2\/comments?post=1444"}],"version-history":[{"count":1,"href":"https:\/\/keweicorten.com\/hu\/wp-json\/wp\/v2\/product\/1444\/revisions"}],"predecessor-version":[{"id":1449,"href":"https:\/\/keweicorten.com\/hu\/wp-json\/wp\/v2\/product\/1444\/revisions\/1449"}],"wp:featuredmedia":[{"embeddable":true,"href":"https:\/\/keweicorten.com\/hu\/wp-json\/wp\/v2\/media\/1445"}],"wp:attachment":[{"href":"https:\/\/keweicorten.com\/hu\/wp-json\/wp\/v2\/media?parent=1444"}],"wp:term":[{"taxonomy":"product_brand","embeddable":true,"href":"https:\/\/keweicorten.com\/hu\/wp-json\/wp\/v2\/product_brand?post=1444"},{"taxonomy":"product_cat","embeddable":true,"href":"https:\/\/keweicorten.com\/hu\/wp-json\/wp\/v2\/product_cat?post=1444"},{"taxonomy":"product_tag","embeddable":true,"href":"https:\/\/keweicorten.com\/hu\/wp-json\/wp\/v2\/product_tag?post=1444"}],"curies":[{"name":"wp","href":"https:\/\/api.w.org\/{rel}","templated":true}]}}