{"id":1450,"date":"2024-09-26T02:48:17","date_gmt":"2024-09-26T02:48:17","guid":{"rendered":"https:\/\/keweicorten.com\/?post_type=product&#038;p=1450"},"modified":"2025-01-15T06:22:41","modified_gmt":"2025-01-15T06:22:41","slug":"corten-acel-szemetesek","status":"publish","type":"product","link":"https:\/\/keweicorten.com\/hu\/corten-acel-szemetesek\/","title":{"rendered":"Corten ac\u00e9l szem\u00e9tgy\u0171jt\u0151k"},"content":{"rendered":"<p>Tart\u00f3ss\u00e1g: Az id\u0151j\u00e1r\u00e1s\u00e1ll\u00f3 ac\u00e9l kiv\u00e1l\u00f3 korr\u00f3zi\u00f3\u00e1ll\u00f3s\u00e1ggal \u00e9s kop\u00e1s\u00e1ll\u00f3s\u00e1ggal rendelkezik, amely ellen\u00e1ll a k\u00fcl\u00f6nb\u00f6z\u0151 rossz id\u0151j\u00e1r\u00e1si viszonyoknak \u00e9s meghosszabb\u00edtja az \u00e9lettartamot.<\/p>\n<p>Eszt\u00e9tika: Az id\u0151j\u00e1r\u00e1s\u00e1ll\u00f3 ac\u00e9l egyedi rozsdasz\u00edne \u00e9s text\u00far\u00e1ja harmonikusan illeszkedik a term\u00e9szeti k\u00f6rnyezetbe, \u00e9s \u00edgy n\u00f6veli a sz\u00e9ps\u00e9get.<\/p>\n<p>Egyszer\u0171 karbantart\u00e1s: Az id\u0151j\u00e1r\u00e1s\u00e1ll\u00f3 ac\u00e9l k\u00f6nnyebben tiszt\u00edthat\u00f3, mint m\u00e1s anyagok, ami cs\u00f6kkenti a karbantart\u00e1si k\u00f6lts\u00e9geket.<\/p>\n<p>K\u00f6rnyezetv\u00e9delem: A fenntarthat\u00f3 fejl\u0151d\u00e9s k\u00f6vetelm\u00e9nyeinek megfelel\u0151en az id\u0151j\u00e1r\u00e1s\u00e1ll\u00f3 ac\u00e9l \u00fajrahasznos\u00edthat\u00f3.<\/p>\n<p>Stabilit\u00e1s: Az id\u0151j\u00e1r\u00e1s\u00e1ll\u00f3 ac\u00e9l neh\u00e9z term\u00e9szete miatt a szemetes nem mozdul el k\u00f6nnyen nagy sz\u00e9lben vagy rossz id\u0151j\u00e1r\u00e1s eset\u00e9n.<\/p>\n<p>T\u0171z\u00e1ll\u00f3s\u00e1g: Az id\u0151j\u00e1r\u00e1s\u00e1ll\u00f3 ac\u00e9l j\u00f3 t\u0171z\u00e1ll\u00f3s\u00e1ggal rendelkezik, \u00e9s sz\u00e1mos k\u00f6rnyezetben alkalmazhat\u00f3.<\/p>\n<p>A Corten ac\u00e9l szemetesek kiv\u00e1l\u00f3 min\u0151s\u00e9g\u0171, tart\u00f3s term\u00e9k, amelyet sz\u00e9les k\u00f6rben haszn\u00e1lnak nyilv\u00e1nos helyeken \u00e9s otthoni haszn\u00e1latra. Kiv\u00e1l\u00f3 tulajdons\u00e1gokkal rendelkezik, mint p\u00e9ld\u00e1ul a rozsdav\u00e9delem, a korr\u00f3zi\u00f3v\u00e9delem, a sz\u00e9lv\u00e9delem \u00e9s a napv\u00e9delem, amely hat\u00e9konyan ellen\u00e1ll a k\u00fcl\u00f6nb\u00f6z\u0151 k\u00fcls\u0151 t\u00e9nyez\u0151k er\u00f3zi\u00f3j\u00e1nak, \u00e9s hossz\u00fa ideig meg\u0151rzi a megjelen\u00e9st \u00e9s a haszn\u00e1lati hat\u00e1st. Ezen t\u00falmen\u0151en ez a szemetes nagy kapacit\u00e1s\u00fa, k\u00f6nnyen haszn\u00e1lhat\u00f3, egyszer\u0171 telep\u00edt\u00e9ssel rendelkezik.<\/p>\n<table class=\"hight-light-first-column all magic-4\">\n<tbody>\n<tr>\n<td colspan=\"1\" rowspan=\"1\">\n<div class=\"magic-5\"><span class=\"magic-6\">Term\u00e9k neve<\/span><\/div>\n<\/td>\n<td colspan=\"1\" rowspan=\"1\">\n<div class=\"magic-7\" data-spm-anchor-id=\"a2700.details.0.i40.36d855992VT0SR\"><span class=\"magic-8\">K\u00fclt\u00e9ri nyilv\u00e1nos kereskedelmi Corten ac\u00e9l szem\u00e9t nagy f\u00e9m v\u00e1logat\u00e1s szem\u00e9t \u00fajrahasznos\u00edt\u00e1sa szem\u00e9t szem\u00e9tgy\u0171jt\u0151<\/span><\/div>\n<\/td>\n<\/tr>\n<tr>\n<td colspan=\"1\" rowspan=\"1\">\n<div class=\"magic-5\"><span class=\"magic-6\">Anyag<\/span><\/div>\n<\/td>\n<td colspan=\"1\" rowspan=\"1\">\n<div class=\"magic-7\"><span class=\"magic-8\">Corten ac\u00e9l<\/span><\/div>\n<\/td>\n<\/tr>\n<tr>\n<td colspan=\"1\" rowspan=\"1\">\n<div class=\"magic-5\"><span class=\"magic-6\">M\u00e9ret<\/span><\/div>\n<\/td>\n<td colspan=\"1\" rowspan=\"1\">\n<div class=\"magic-7\"><span class=\"magic-8\">T\u00e1mogat\u00e1s testreszabott<\/span><\/div>\n<\/td>\n<\/tr>\n<tr>\n<td colspan=\"1\" rowspan=\"1\">\n<div class=\"magic-5\"><span class=\"magic-6\">Vastags\u00e1g<\/span><\/div>\n<\/td>\n<td colspan=\"1\" rowspan=\"1\">\n<div class=\"magic-7\"><span class=\"magic-8\">2-10mm<\/span><\/div>\n<\/td>\n<\/tr>\n<tr>\n<td colspan=\"1\" rowspan=\"1\">\n<div class=\"magic-5\"><span class=\"magic-6\">Befejez\u00e9s<\/span><\/div>\n<\/td>\n<td colspan=\"1\" rowspan=\"1\">\n<div class=\"magic-7\" data-spm-anchor-id=\"a2700.details.0.i39.36d855992VT0SR\"><span class=\"magic-8\">Korr\u00f3zi\u00f3s kezel\u00e9s ,gy\u00f3gy\u00edt\u00f3 kezel\u00e9s<\/span><\/div>\n<\/td>\n<\/tr>\n<tr>\n<td colspan=\"1\" rowspan=\"1\">\n<div class=\"magic-5\"><span class=\"magic-6\">Jellemz\u0151k<\/span><\/div>\n<\/td>\n<td colspan=\"1\" rowspan=\"1\">\n<div class=\"magic-7\"><span class=\"magic-8\">Rozsdamentes, v\u00edz\u00e1ll\u00f3<\/span><\/div>\n<\/td>\n<\/tr>\n<tr>\n<td colspan=\"1\" rowspan=\"1\">\n<div class=\"magic-5\"><span class=\"magic-6\">Tan\u00fas\u00edtv\u00e1ny<\/span><\/div>\n<\/td>\n<td colspan=\"1\" rowspan=\"1\">\n<div class=\"magic-7\"><span class=\"magic-8\">SGS\/TUV Rheinland\/ISO9001\/ISO14001\/OHSAS18001<\/span><\/div>\n<\/td>\n<\/tr>\n<tr>\n<td colspan=\"1\" rowspan=\"1\">\n<div class=\"magic-5\"><span class=\"magic-6\">Haszn\u00e1lat<\/span><\/div>\n<\/td>\n<td colspan=\"1\" rowspan=\"1\">\n<div class=\"magic-7\"><span class=\"magic-8\">Utca\/park\/kert\/kertek\/kertek\/k\u00fclter\u00fclet\/kereskedelmi\/k\u00f6zter\u00fclet<\/span><\/div>\n<\/td>\n<\/tr>\n<tr>\n<td colspan=\"1\" rowspan=\"1\">\n<div class=\"magic-5\"><span class=\"magic-6\">Fizet\u00e9si hat\u00e1rid\u0151<\/span><\/div>\n<\/td>\n<td colspan=\"1\" rowspan=\"1\">\n<div class=\"magic-7\"><span class=\"magic-8\">T \/ T, L \/ C, Western Union, Money gram<\/span><\/div>\n<\/td>\n<\/tr>\n<\/tbody>\n<\/table>\n<div><\/div>\n<div>K\u00f6zint\u00e9zm\u00e9nyek: K\u00f6zter\u00fcleteken, p\u00e9ld\u00e1ul parkokban, tereken \u00e9s s\u00e9t\u00e1l\u00f3utc\u00e1kban haszn\u00e1lj\u00e1k, k\u00e9nyelmes szem\u00e9tgy\u0171jt\u00e9st biztos\u00edtva.<br \/>\nKereskedelmi ter\u00fclet: \u00c9ttermek, k\u00e1v\u00e9z\u00f3k \u00e9s egy\u00e9b helyek szabadt\u00e9ri ter\u00fcletei, amelyek egyszerre praktikusak \u00e9s jav\u00edtj\u00e1k a hangulatot.<br \/>\nLak\u00f3\u00f6vezet: A lak\u00f3negyedben tal\u00e1lhat\u00f3 k\u00f6z\u00f6s ter\u00fclet vagy kert, amely sz\u00e9p \u00e9s k\u00e9nyelmes a lak\u00f3k sz\u00e1m\u00e1ra.<\/div>\n<figure style=\"width: 700px\" class=\"wp-caption alignnone\"><a href=\"https:\/\/keweicorten.com\/hu\"><img fetchpriority=\"high\" decoding=\"async\" title=\"Corten ac\u00e9l f\u00e9m hullad\u00e9kgy\u0171jt\u0151k\" src=\"https:\/\/sc04.alicdn.com\/kf\/H1e127c663dd74393b4f53f9ea41248ebz\/230822811\/H1e127c663dd74393b4f53f9ea41248ebz.jpg\" alt=\" Corten Steel Metal Litter Bins-gy\u00e1rt\u00f3k, besz\u00e1ll\u00edt\u00f3k, testreszabott, nagykereskedelem, olcs\u00f3, elad\u00f3, rakt\u00e1ron.shkw\" width=\"700\" height=\"700\" \/><\/a><figcaption class=\"wp-caption-text\">Corten ac\u00e9l f\u00e9m hullad\u00e9kgy\u0171jt\u0151k<\/figcaption><\/figure>\n<figure style=\"width: 698px\" class=\"wp-caption alignnone\"><a href=\"https:\/\/keweicorten.com\/hu\/products\/\"><img decoding=\"async\" title=\" Corten ac\u00e9l szem\u00e9t\" src=\"https:\/\/sc04.alicdn.com\/kf\/Hea8fb4330e9346b19fb3e3f3067b143ee\/230822811\/Hea8fb4330e9346b19fb3e3f3067b143ee.jpg\" alt=\" Corten Steel Rubbish gy\u00e1rt\u00f3k, besz\u00e1ll\u00edt\u00f3k, testreszabott, nagykereskedelem, olcs\u00f3, elad\u00f3, rakt\u00e1ron.-shkw\" width=\"698\" height=\"698\" \/><\/a><figcaption class=\"wp-caption-text\">Corten ac\u00e9l szem\u00e9t<\/figcaption><\/figure>\n<p>A Corten szemeteskos\u00e1r formatervez\u00e9s szempontj\u00e1b\u00f3l kiemelkedik a jellegzetes t\u00e9glalap alak\u00fa kialak\u00edt\u00e1ssal. A 6 mm-es COR-TEN k\u00fcls\u0151 keret egyedi eszt\u00e9tik\u00e1t biztos\u00edt, a horganyzott ac\u00e9lb\u00f3l k\u00e9sz\u00fclt bels\u0151 szemetes pedig ak\u00e1r 110 liter hullad\u00e9kot is befogad.<\/p>","protected":false},"excerpt":{"rendered":"<p>A kiv\u00e1l\u00f3 min\u0151s\u00e9g\u0171, be\u00e9p\u00edtett hamutart\u00f3val ell\u00e1tott szemetesre jellemz\u0151 a magas funkcionalit\u00e1s \u00e9s a k\u00f6nny\u0171 kezelhet\u0151s\u00e9g. A hamutart\u00f3 ki\u00fcr\u00edt\u00e9se gyors \u00e9s egyszer\u0171: a hamutart\u00f3 alatt l\u00e9v\u0151 csappanty\u00fa egyszer\u0171 kinyit\u00e1s\u00e1val a hamu k\u00f6zvetlen\u00fcl a hullad\u00e9kgy\u0171jt\u0151be hull.<\/p>","protected":false},"featured_media":1452,"comment_status":"open","ping_status":"closed","template":"","meta":{"_eb_attr":"","_monsterinsights_skip_tracking":false,"_monsterinsights_sitenote_active":false,"_monsterinsights_sitenote_note":"","_monsterinsights_sitenote_category":0,"_uf_show_specific_survey":0,"_uf_disable_surveys":false},"product_brand":[],"product_cat":[23],"product_tag":[],"class_list":{"0":"post-1450","1":"product","2":"type-product","3":"status-publish","4":"has-post-thumbnail","6":"product_cat-patio-furniture","8":"first","9":"instock","10":"shipping-taxable","11":"product-type-simple"},"_links":{"self":[{"href":"https:\/\/keweicorten.com\/hu\/wp-json\/wp\/v2\/product\/1450"}],"collection":[{"href":"https:\/\/keweicorten.com\/hu\/wp-json\/wp\/v2\/product"}],"about":[{"href":"https:\/\/keweicorten.com\/hu\/wp-json\/wp\/v2\/types\/product"}],"replies":[{"embeddable":true,"href":"https:\/\/keweicorten.com\/hu\/wp-json\/wp\/v2\/comments?post=1450"}],"version-history":[{"count":1,"href":"https:\/\/keweicorten.com\/hu\/wp-json\/wp\/v2\/product\/1450\/revisions"}],"predecessor-version":[{"id":1453,"href":"https:\/\/keweicorten.com\/hu\/wp-json\/wp\/v2\/product\/1450\/revisions\/1453"}],"wp:featuredmedia":[{"embeddable":true,"href":"https:\/\/keweicorten.com\/hu\/wp-json\/wp\/v2\/media\/1452"}],"wp:attachment":[{"href":"https:\/\/keweicorten.com\/hu\/wp-json\/wp\/v2\/media?parent=1450"}],"wp:term":[{"taxonomy":"product_brand","embeddable":true,"href":"https:\/\/keweicorten.com\/hu\/wp-json\/wp\/v2\/product_brand?post=1450"},{"taxonomy":"product_cat","embeddable":true,"href":"https:\/\/keweicorten.com\/hu\/wp-json\/wp\/v2\/product_cat?post=1450"},{"taxonomy":"product_tag","embeddable":true,"href":"https:\/\/keweicorten.com\/hu\/wp-json\/wp\/v2\/product_tag?post=1450"}],"curies":[{"name":"wp","href":"https:\/\/api.w.org\/{rel}","templated":true}]}}