{"id":1495,"date":"2024-09-26T06:37:55","date_gmt":"2024-09-26T06:37:55","guid":{"rendered":"https:\/\/keweicorten.com\/?post_type=product&#038;p=1495"},"modified":"2025-01-15T06:22:32","modified_gmt":"2025-01-15T06:22:32","slug":"rozsdamentes-acel-grillsuto-keszlet","status":"publish","type":"product","link":"https:\/\/keweicorten.com\/hu\/rozsdamentes-acel-grillsuto-keszlet\/","title":{"rendered":"Rozsdamentes ac\u00e9l BBQ k\u00e9szlet"},"content":{"rendered":"<p>A rozsdamentes ac\u00e9lb\u00f3l k\u00e9sz\u00fclt grillk\u00e9szlet minden grillmester sz\u00e1m\u00e1ra k\u00f6telez\u0151 darab. Tart\u00f3s, hossz\u00fa \u00e9lettartam\u00fa \u00e9s k\u00f6nnyen tiszt\u00edthat\u00f3. Nem kell agg\u00f3dnia a rozsda vagy a korr\u00f3zi\u00f3 miatt, ami azt jelenti, hogy eszk\u00f6zei mindig olyan j\u00f3l fognak kin\u00e9zni, mint \u00faj korukban, m\u00e9g sok haszn\u00e1lat ut\u00e1n is.<\/p>\n<p>Ez a rozsdamentes ac\u00e9lb\u00f3l k\u00e9sz\u00fclt BBQ-k\u00e9szlet tartalmazza az \u00f6sszes eszk\u00f6zt, amelyre sz\u00fcks\u00e9ge van ahhoz, hogy a grillez\u00e9s \u00e9lm\u00e9nye sikeres legyen. Lesz benne spatula, fog\u00f3, villa, ken\u0151ecset, grillkefe \u00e9s m\u00e9g sok m\u00e1s - mindez kiv\u00e1l\u00f3 min\u0151s\u00e9g\u0171 rozsdamentes ac\u00e9lb\u00f3l k\u00e9sz\u00fclt.<\/p>\n<p>Ezeket az eszk\u00f6z\u00f6ket \u00fagy tervezt\u00e9k, hogy a grillez\u00e9si folyamatot g\u00f6rd\u00fcl\u00e9kenyebb\u00e9 \u00e9s hat\u00e9konyabb\u00e1 tegy\u00e9k. A megfelel\u0151 eszk\u00f6z\u00f6kkel k\u00f6nnyed\u00e9n megford\u00edthatja a hamburgereket, megford\u00edthatja a kolb\u00e1szokat, \u00e9s k\u00f6nnyed\u00e9n megkenheti a p\u00e1cokat. R\u00e1ad\u00e1sul a h\u0151\u00e1ll\u00f3 foganty\u00fak biztos\u00edtj\u00e1k, hogy ne \u00e9gjen meg, mik\u00f6zben a grillen dolgozik.<\/p>\n<table border=\"0\">\n<tbody>\n<tr>\n<td colspan=\"2\">bbq csipesz, bbq villa, grillcsipesz, grillcsipesz, grillkapar\u00f3k, grillkapar\u00f3<\/td>\n<\/tr>\n<tr>\n<td>\u00a0<a href=\"https:\/\/keweicorten.com\/hu\/products\/\"><img fetchpriority=\"high\" decoding=\"async\" class=\"alignnone\" title=\"barbecue grill\" src=\"https:\/\/sc04.alicdn.com\/kf\/H7855c4c7327146229cdf50da73b79143i\/206073447\/H7855c4c7327146229cdf50da73b79143i.jpg\" alt=\"Grill tartoz\u00e9kok Factory, porcel\u00e1n, \u00e1r\" width=\"400\" height=\"400\" data-src=\"\/\/sc04.alicdn.com\/kf\/H7855c4c7327146229cdf50da73b79143i\/206073447\/H7855c4c7327146229cdf50da73b79143i.jpg\" data-width=\"400\" data-height=\"400\" \/><\/a><\/td>\n<td>\n<table border=\"1\">\n<tbody>\n<tr>\n<td>\u00a0Anyag<\/td>\n<td>\u00a0SS420 + SS410 foganty\u00fa<\/td>\n<\/tr>\n<tr>\n<td>\u00a0M\u00e9ret<\/td>\n<td>\u00a040*15*5cm<\/td>\n<\/tr>\n<tr>\n<td>\u00a0Befejez\u00e9s<\/td>\n<td>\u00a0Ecset\/Pol\u00edroz\u00e1s\/bevonat\/szem\u00e9lyre szabva<\/td>\n<\/tr>\n<tr>\n<td>\u00a0Funkci\u00f3<\/td>\n<td>\u00a0Grillez\u0151 szersz\u00e1mok oxford sz\u00f6vet t\u00e1sk\u00e1val<\/td>\n<\/tr>\n<tr>\n<td>\u00a0Log\u00f3<\/td>\n<td>\u00a0BMA \/ nincs \/ \u00fcgyf\u00e9l log\u00f3ja<\/td>\n<\/tr>\n<tr>\n<td>\u00a0Sz\u00e1ll\u00edt\u00e1s<\/td>\n<td>\u00a0DHL, TNT, UPS, FEDEX, EMS<\/td>\n<\/tr>\n<tr>\n<td>\u00a0Sz\u00e1ll\u00edt\u00e1s<\/td>\n<td>\u00a07-30 nap mennyis\u00e9gt\u0151l f\u00fcgg\u0151en<\/td>\n<\/tr>\n<\/tbody>\n<\/table>\n<\/td>\n<\/tr>\n<\/tbody>\n<\/table>\n<p><a href=\"https:\/\/keweicorten.com\/hu\/kapcsolatfelvetel\/\"><img decoding=\"async\" class=\"alignnone\" title=\"Grill tartoz\u00e9kok \" src=\"https:\/\/s.alicdn.com\/@sc04\/kf\/Haadfa9ae644e49dba1d39883ab9aa4eeZ.jpg_720x720q50.jpg\" alt=\"Grill tartoz\u00e9kok nagykereskedelem, olcs\u00f3, elad\u00f3, rakt\u00e1ron.\" width=\"599\" height=\"599\" \/><\/a><\/p>\n<p><a href=\"https:\/\/keweicorten.com\/hu\/kapcsolatfelvetel\/\"><img decoding=\"async\" class=\"alignnone\" title=\"Grill tartoz\u00e9kok \" src=\"https:\/\/sc04.alicdn.com\/kf\/H5aab0d25d3ea485eb5379bf84249bef0t\/22449\/H5aab0d25d3ea485eb5379bf84249bef0t.jpg\" alt=\"Grill tartoz\u00e9kok gy\u00e1r, porcel\u00e1n, \u00e1r, gy\u00e1rt\u00f3k, besz\u00e1ll\u00edt\u00f3k, testreszabott, nagykereskedelem, olcs\u00f3, elad\u00f3, rakt\u00e1ron.\" width=\"600\" height=\"495\" \/><\/a><\/p>","protected":false},"excerpt":{"rendered":"<p>A rozsdamentes ac\u00e9lb\u00f3l k\u00e9sz\u00fclt grillk\u00e9szlet nagyszer\u0171 befektet\u00e9s minden BBQ-rajong\u00f3 sz\u00e1m\u00e1ra. Nemcsak megk\u00f6nny\u00edti a grillez\u00e9si folyamatot, hanem \u00e9vekig kitart. Teh\u00e1t, ha szeretn\u00e9 a k\u00f6vetkez\u0151 szintre emelni a BBQ-j\u00e1t\u00e9k\u00e1t, fontolja meg egy rozsdamentes ac\u00e9l BBQ-k\u00e9szlet beszerz\u00e9s\u00e9t m\u00e9g ma!<\/p>","protected":false},"featured_media":1496,"comment_status":"open","ping_status":"closed","template":"","meta":{"_eb_attr":"","_monsterinsights_skip_tracking":false,"_monsterinsights_sitenote_active":false,"_monsterinsights_sitenote_note":"","_monsterinsights_sitenote_category":0,"_uf_show_specific_survey":0,"_uf_disable_surveys":false},"product_brand":[],"product_cat":[49],"product_tag":[],"class_list":{"0":"post-1495","1":"product","2":"type-product","3":"status-publish","4":"has-post-thumbnail","6":"product_cat-bbq-accessories","8":"first","9":"instock","10":"shipping-taxable","11":"product-type-simple"},"_links":{"self":[{"href":"https:\/\/keweicorten.com\/hu\/wp-json\/wp\/v2\/product\/1495"}],"collection":[{"href":"https:\/\/keweicorten.com\/hu\/wp-json\/wp\/v2\/product"}],"about":[{"href":"https:\/\/keweicorten.com\/hu\/wp-json\/wp\/v2\/types\/product"}],"replies":[{"embeddable":true,"href":"https:\/\/keweicorten.com\/hu\/wp-json\/wp\/v2\/comments?post=1495"}],"version-history":[{"count":1,"href":"https:\/\/keweicorten.com\/hu\/wp-json\/wp\/v2\/product\/1495\/revisions"}],"predecessor-version":[{"id":1497,"href":"https:\/\/keweicorten.com\/hu\/wp-json\/wp\/v2\/product\/1495\/revisions\/1497"}],"wp:featuredmedia":[{"embeddable":true,"href":"https:\/\/keweicorten.com\/hu\/wp-json\/wp\/v2\/media\/1496"}],"wp:attachment":[{"href":"https:\/\/keweicorten.com\/hu\/wp-json\/wp\/v2\/media?parent=1495"}],"wp:term":[{"taxonomy":"product_brand","embeddable":true,"href":"https:\/\/keweicorten.com\/hu\/wp-json\/wp\/v2\/product_brand?post=1495"},{"taxonomy":"product_cat","embeddable":true,"href":"https:\/\/keweicorten.com\/hu\/wp-json\/wp\/v2\/product_cat?post=1495"},{"taxonomy":"product_tag","embeddable":true,"href":"https:\/\/keweicorten.com\/hu\/wp-json\/wp\/v2\/product_tag?post=1495"}],"curies":[{"name":"wp","href":"https:\/\/api.w.org\/{rel}","templated":true}]}}