{"id":1538,"date":"2024-09-26T08:58:30","date_gmt":"2024-09-26T08:58:30","guid":{"rendered":"https:\/\/keweicorten.com\/?post_type=product&#038;p=1538"},"modified":"2025-01-15T06:22:11","modified_gmt":"2025-01-15T06:22:11","slug":"otthoni-kerteszeti-keszlet","status":"publish","type":"product","link":"https:\/\/keweicorten.com\/hu\/otthoni-kerteszeti-keszlet\/","title":{"rendered":"otthoni kert\u00e9szeti k\u00e9szlet"},"content":{"rendered":"<p>Az otthoni kert\u00e9szked\u00e9s sz\u00f3rakoztat\u00f3 \u00e9s kifizet\u0151d\u0151 \u00e9lm\u00e9ny lehet, de n\u00e9ha neh\u00e9z lehet tudni, hol kezdj\u00fck el, vagy milyen kell\u00e9keket haszn\u00e1ljunk. Itt jelenthet nagyszer\u0171 befektet\u00e9st egy otthoni kert\u00e9szeti k\u00e9szlet. Ezek a k\u00e9szletek \u00e1ltal\u00e1ban tartalmazz\u00e1k az \u00f6sszes olyan eszk\u00f6zt \u00e9s anyagot, amelyre sz\u00fcks\u00e9ge van az otthoni kert\u00e9szked\u00e9s megkezd\u00e9s\u00e9hez, \u00edgy a kezd\u0151k k\u00f6nnyebben belev\u00e1ghatnak.<\/p>\n<p>Az otthoni kert\u00e9szeti k\u00e9szlet haszn\u00e1lat\u00e1nak egyik el\u0151nye, hogy hossz\u00fa t\u00e1von seg\u00edthet p\u00e9nzt megtakar\u00edtani. Ahelyett, hogy minden egyes eszk\u00f6zt k\u00fcl\u00f6n-k\u00fcl\u00f6n v\u00e1s\u00e1rolna meg, a k\u00e9szlet \u00e1ltal\u00e1ban olyan alapvet\u0151 szersz\u00e1mokat tartalmaz, mint a sim\u00edt\u00f3, az \u00e1gv\u00e1g\u00f3 \u00e9s az \u00f6nt\u00f6z\u0151kanna, amelyek mind elengedhetetlenek minden kertben. R\u00e1ad\u00e1sul ezek a k\u00e9szletek gyakran magokat vagy indul\u00f3 n\u00f6v\u00e9nyeket is tartalmaznak, \u00edgy nem kell k\u00fcl\u00f6n p\u00e9nzt k\u00f6ltenie a faiskol\u00e1ban v\u00e1s\u00e1rolt n\u00f6v\u00e9nyekre vagy magokra.<\/p>\n<p><b data-spm-anchor-id=\"a2700.details.0.i35.79516fccEpXinR\">KERT, MINT EGY PROFI, R\u00d6GT\u00d6N A DOBOZB\u00d3L: <\/b>A kert\u00e9szked\u00e9s sokkal sz\u00f3rakoztat\u00f3bb a megfelel\u0151 eszk\u00f6z\u00f6kkel. Ezt a k\u00e9szenl\u00e9tben \u00e1ll\u00f3 k\u00e9szletk\u00e1dat a leginnovat\u00edvabb \u00e9s legtart\u00f3sabb rozsdag\u00e1tl\u00f3 alum\u00ednium szersz\u00e1mainkkal t\u00f6lt\u00f6tt\u00fck meg. Minden egyes darabot \u00fagy tervezt\u00fcnk, hogy l\u00e9p\u00e9st tartson a leglelkesebb kert\u00e9szked\u0151 kert\u00e9p\u00edt\u0151 \u00fctemterv\u00e9vel, mik\u00f6zben el\u00e9g k\u00f6nny\u0171 az eg\u00e9sz napos munk\u00e1hoz.<\/p>\n<div class=\"J_module\">\n<div class=\"detail-decorate-json-renderer-container\">\n<div class=\"magic-1\">\n<div class=\"magic-6\" data-spm-anchor-id=\"a2700.details.0.i43.79516fccEpXinR\">\n<div class=\"magic-7\">\n<div class=\"magic-8\" data-spm-anchor-id=\"a2700.details.0.i46.79516fccEpXinR\"><span class=\"magic-9\" style=\"font-family: Arial;\"><span data-spm-anchor-id=\"a2700.details.0.i42.79516fccEpXinR\"><b data-spm-anchor-id=\"a2700.details.0.i45.79516fccEpXinR\">V\u00c9DJE A KEZ\u00c9T: <\/b>Szeret\u00fcnk a kez\u00fcnkkel dolgozni - de nem akarjuk, hogy a kez\u00fcnk szenvedjen \u00e9rte. Ez\u00e9rt haszn\u00e1lunk olyan anyagokat, amelyek tart\u00f3sak. A Sleek Series ragaszkodik az \u00faj gyepmesteri bambuszkeszty\u0171inkhez, hogy fejlett v\u00e9delmet ny\u00fajtson a b\u0151rs\u00e9r\u00fcl\u00e9sek, v\u00e1g\u00e1sok \u00e9s szennyez\u0151d\u00e9sek ellen. Ne haszn\u00e1ld t\u00f6bb\u00e9 azokat a nagy, esetlen keszty\u0171ket, amikor a h\u00e1zimunk\u00e1t v\u00e9gzed. A hi-tech k\u00e9nyelemmel \u00e9s st\u00edlussal minden h\u00e1zimunka k\u00f6nnyebb\u00e9 v\u00e1lik: A belt\u00e9ri gar\u00e1zsmunk\u00e1t\u00f3l a k\u00fclt\u00e9ri kert\u00e9szked\u00e9sig \u00e9s m\u00e9g sok minden m\u00e1sig! Ezeket a kert\u00e9szkeszty\u0171ket a n\u0151k im\u00e1dj\u00e1k, \u00e9s az apuk\u00e1k is! A legjobb aj\u00e1nd\u00e9k! <\/span><\/span><span class=\"magic-9\" style=\"font-family: Arial;\"><br \/>\n<\/span><\/div>\n<\/div>\n<\/div>\n<\/div>\n<\/div>\n<\/div>\n<div class=\"J_module\">\n<div class=\"icbu-pc-detailManyImage magic-10\"><\/div>\n<\/div>\n<p><img fetchpriority=\"high\" decoding=\"async\" class=\"\" src=\"https:\/\/sc04.alicdn.com\/kf\/Hbc2591bcee4745e0b4aabf3538f8f051r\/277646274\/Hbc2591bcee4745e0b4aabf3538f8f051r.jpg\" width=\"694\" height=\"694\" \/><\/p>","protected":false},"excerpt":{"rendered":"<p>Az otthoni kert\u00e9szeti k\u00e9szlet haszn\u00e1lat\u00e1nak m\u00e1sik el\u0151nye, hogy seg\u00edthet a rendszerez\u00e9sben. Mivel az \u00f6sszes szersz\u00e1m \u00e9s anyag egy helyen van, nem kell agg\u00f3dnia, hogy elvesz\u00edti vagy rossz helyre teszi \u0151ket. Ezenk\u00edv\u00fcl sok otthoni kert\u00e9szeti k\u00e9szlet r\u00e9szletes \u00fatmutat\u00f3t vagy tippeket tartalmaz az \u00fcltet\u00e9shez \u00e9s a kert gondoz\u00e1s\u00e1hoz, \u00edgy biztos lehet abban, hogy eg\u00e9szs\u00e9ges n\u00f6v\u00e9nyeket tud termeszteni.<\/p>","protected":false},"featured_media":1539,"comment_status":"open","ping_status":"closed","template":"","meta":{"_eb_attr":"","_monsterinsights_skip_tracking":false,"_monsterinsights_sitenote_active":false,"_monsterinsights_sitenote_note":"","_monsterinsights_sitenote_category":0,"_uf_show_specific_survey":0,"_uf_disable_surveys":false},"product_brand":[],"product_cat":[50],"product_tag":[],"class_list":{"0":"post-1538","1":"product","2":"type-product","3":"status-publish","4":"has-post-thumbnail","6":"product_cat-flower-assessories","8":"first","9":"instock","10":"shipping-taxable","11":"product-type-simple"},"_links":{"self":[{"href":"https:\/\/keweicorten.com\/hu\/wp-json\/wp\/v2\/product\/1538"}],"collection":[{"href":"https:\/\/keweicorten.com\/hu\/wp-json\/wp\/v2\/product"}],"about":[{"href":"https:\/\/keweicorten.com\/hu\/wp-json\/wp\/v2\/types\/product"}],"replies":[{"embeddable":true,"href":"https:\/\/keweicorten.com\/hu\/wp-json\/wp\/v2\/comments?post=1538"}],"version-history":[{"count":1,"href":"https:\/\/keweicorten.com\/hu\/wp-json\/wp\/v2\/product\/1538\/revisions"}],"predecessor-version":[{"id":1542,"href":"https:\/\/keweicorten.com\/hu\/wp-json\/wp\/v2\/product\/1538\/revisions\/1542"}],"wp:featuredmedia":[{"embeddable":true,"href":"https:\/\/keweicorten.com\/hu\/wp-json\/wp\/v2\/media\/1539"}],"wp:attachment":[{"href":"https:\/\/keweicorten.com\/hu\/wp-json\/wp\/v2\/media?parent=1538"}],"wp:term":[{"taxonomy":"product_brand","embeddable":true,"href":"https:\/\/keweicorten.com\/hu\/wp-json\/wp\/v2\/product_brand?post=1538"},{"taxonomy":"product_cat","embeddable":true,"href":"https:\/\/keweicorten.com\/hu\/wp-json\/wp\/v2\/product_cat?post=1538"},{"taxonomy":"product_tag","embeddable":true,"href":"https:\/\/keweicorten.com\/hu\/wp-json\/wp\/v2\/product_tag?post=1538"}],"curies":[{"name":"wp","href":"https:\/\/api.w.org\/{rel}","templated":true}]}}