{"id":1543,"date":"2024-09-26T09:05:52","date_gmt":"2024-09-26T09:05:52","guid":{"rendered":"https:\/\/keweicorten.com\/?post_type=product&#038;p=1543"},"modified":"2025-01-15T06:22:01","modified_gmt":"2025-01-15T06:22:01","slug":"corten-light-2","status":"publish","type":"product","link":"https:\/\/keweicorten.com\/hu\/corten-light-2\/","title":{"rendered":"corten f\u00e9ny"},"content":{"rendered":"<p>A Corten ac\u00e9l l\u00e1mp\u00e1k (vagy Corten l\u00e1mpatestek) \u00f6tv\u00f6zik a Corten ac\u00e9l tart\u00f3ss\u00e1g\u00e1t \u00e9s id\u0151j\u00e1r\u00e1s\u00e1ll\u00f3 tulajdons\u00e1gait a k\u00fclt\u00e9ri \u00e9s dekorat\u00edv vil\u00e1g\u00edt\u00e1s funkcionalit\u00e1s\u00e1val. A Corten ac\u00e9l, amely arr\u00f3l ismert, hogy k\u00e9pes v\u00e9d\u0151 rozsdar\u00e9teget k\u00e9pezni, egyedi eszt\u00e9tik\u00e1t k\u00f6lcs\u00f6n\u00f6z a vil\u00e1g\u00edt\u00e1si terveknek, \u00edgy n\u00e9pszer\u0171 a t\u00e1j\u00e9p\u00edt\u00e9szetben, a v\u00e1rosi tervez\u00e9sben \u00e9s a modern lakberendez\u00e9sben.<\/p>\n<h3><strong>A Corten ac\u00e9l l\u00e1mp\u00e1k legfontosabb jellemz\u0151i:<\/strong><\/h3>\n<ol>\n<li><strong>Id\u0151j\u00e1r\u00e1s\u00e1ll\u00f3s\u00e1g<\/strong>:\n<ul>\n<li>A Corten-ac\u00e9l l\u00e1mp\u00e1kon term\u00e9szetesen kialakul\u00f3 rozsdar\u00e9teg megv\u00e9di az anyagot a tov\u00e1bbi korr\u00f3zi\u00f3t\u00f3l, \u00edgy rendk\u00edv\u00fcl tart\u00f3sak a k\u00fclt\u00e9ri haszn\u00e1latra k\u00fcl\u00f6nb\u00f6z\u0151 id\u0151j\u00e1r\u00e1si k\u00f6r\u00fclm\u00e9nyek k\u00f6z\u00f6tt.<\/li>\n<\/ul>\n<\/li>\n<li><strong>Egyedi eszt\u00e9tika<\/strong>:\n<ul>\n<li>A Corten ac\u00e9l gazdag, meleg patin\u00e1ja rusztikus, ipari megjelen\u00e9st k\u00f6lcs\u00f6n\u00f6z, \u00edgy ide\u00e1lis mind a kort\u00e1rs, mind a hagyom\u00e1nyos tervez\u00e9si projektekhez. A rozsd\u00e1s, f\u00f6ldes t\u00f3nusok harmonikusan illeszkednek az olyan term\u00e9szetes elemekkel, mint a k\u0151, a fa \u00e9s a z\u00f6ld n\u00f6v\u00e9nyzet.<\/li>\n<\/ul>\n<\/li>\n<li><strong>Alacsony karbantart\u00e1s<\/strong>:\n<ul>\n<li>M\u00e1s anyagokkal ellent\u00e9tben, amelyek fest\u00e9st vagy kezel\u00e9st ig\u00e9nyelhetnek, a Corten ac\u00e9l l\u00e1mp\u00e1k \u00f6nv\u00e9d\u0151k. A patina kialakul\u00e1sa ut\u00e1n a l\u00e1mpatest minim\u00e1lis karbantart\u00e1st ig\u00e9nyel.<\/li>\n<\/ul>\n<\/li>\n<li><strong>Testreszab\u00e1s<\/strong>:\n<ul>\n<li>A Corten ac\u00e9l l\u00e1mp\u00e1k k\u00fcl\u00f6nb\u00f6z\u0151 kivitelben k\u00e9sz\u00fclnek, bele\u00e9rtve a pollereket, az \u00f6sv\u00e9nyvil\u00e1g\u00edt\u00e1st, a fali l\u00e1mp\u00e1kat \u00e9s a f\u00fcgg\u0151l\u00e1mp\u00e1kat. L\u00e9zerv\u00e1gott, bonyolult mint\u00e1kkal, \u00e9rdekes f\u00e9ny- \u00e9s \u00e1rny\u00e9khat\u00e1sokat keltve.<\/li>\n<\/ul>\n<\/li>\n<\/ol>\n<table style=\"height: 194px;\" border=\"1\" width=\"627\">\n<tbody>\n<tr>\n<td><span data-spm-anchor-id=\"a2700.details.0.i39.11b8133fdmfbId\">Term\u00e9k neve\u00a0\u00a0<\/span><\/td>\n<td>\u00a0Sz\u00e1llod\u00e1k Corten ac\u00e9l egyedi k\u00fclt\u00e9ri kerti l\u00e1mp\u00e1k<\/td>\n<\/tr>\n<tr>\n<td>Csomag<\/td>\n<td>\u00a0R\u00e9tegelt lemez<\/td>\n<\/tr>\n<tr>\n<td>Modellsz\u00e1m<\/td>\n<td>SHKW-CL-01<\/td>\n<\/tr>\n<tr>\n<td>Anyag<\/td>\n<td>\u00a0Corten ac\u00e9l<\/td>\n<\/tr>\n<tr>\n<td>M\u00e9ret<\/td>\n<td>\u00a0120*120*450mm\/120*120*120*600mm\/120*120*750mm<\/td>\n<\/tr>\n<\/tbody>\n<\/table>\n<p><a href=\"https:\/\/keweicorten.com\/hu\"><img fetchpriority=\"high\" decoding=\"async\" class=\"alignnone\" title=\"k\u00f6nny\u0171\" src=\"https:\/\/sc04.alicdn.com\/kf\/Hbfd36546659b40b8b1012ec41b13121bi\/235950374\/Hbfd36546659b40b8b1012ec41b13121bi.jpg\" alt=\" corten sz\u00edn\u0171 bollard f\u00e9ny corten kerti l\u00e1mp\u00e1k corten k\u00fclt\u00e9ri fali l\u00e1mp\u00e1k\" width=\"696\" height=\"348\" \/><\/a><\/p>\n<p><a href=\"https:\/\/keweicorten.com\/hu\/products\/\"><img decoding=\"async\" class=\"alignnone\" title=\"k\u00f6nny\u0171\" src=\"https:\/\/sc04.alicdn.com\/kf\/Ha485a993273c4a1abf4c34b1993865875\/235950374\/Ha485a993273c4a1abf4c34b1993865875.jpg\" alt=\"K\u00f6rnyezetv\u00e9delmi-frendly corten sz\u00edn\u0171 poller f\u00e9ny corten kerti l\u00e1mp\u00e1k corten k\u00fclt\u00e9ri fali l\u00e1mp\u00e1k\" width=\"700\" height=\"350\" \/><\/a><\/p>","protected":false},"excerpt":{"rendered":"<p>A Corten f\u00e9ny egy hihetetlen\u00fcl sz\u00e9p \u00e9s sokoldal\u00fa vil\u00e1g\u00edt\u00e1si t\u00edpus, amely egyre n\u00e9pszer\u0171bb a modern designban. A Corten ac\u00e9l, m\u00e1s n\u00e9ven id\u0151j\u00e1r\u00e1s\u00e1ll\u00f3 ac\u00e9l, egyedi \u00e9s rusztikus megjelen\u00e9ssel rendelkezik, amelyet semmilyen m\u00e1s anyagt\u00edpus nem tud fel\u00fclm\u00falni.<\/p>","protected":false},"featured_media":1544,"comment_status":"open","ping_status":"closed","template":"","meta":{"_eb_attr":"","_monsterinsights_skip_tracking":false,"_monsterinsights_sitenote_active":false,"_monsterinsights_sitenote_note":"","_monsterinsights_sitenote_category":0,"_uf_show_specific_survey":0,"_uf_disable_surveys":false},"product_brand":[],"product_cat":[61],"product_tag":[],"class_list":{"0":"post-1543","1":"product","2":"type-product","3":"status-publish","4":"has-post-thumbnail","6":"product_cat-light-post","8":"first","9":"instock","10":"shipping-taxable","11":"product-type-simple"},"_links":{"self":[{"href":"https:\/\/keweicorten.com\/hu\/wp-json\/wp\/v2\/product\/1543"}],"collection":[{"href":"https:\/\/keweicorten.com\/hu\/wp-json\/wp\/v2\/product"}],"about":[{"href":"https:\/\/keweicorten.com\/hu\/wp-json\/wp\/v2\/types\/product"}],"replies":[{"embeddable":true,"href":"https:\/\/keweicorten.com\/hu\/wp-json\/wp\/v2\/comments?post=1543"}],"version-history":[{"count":1,"href":"https:\/\/keweicorten.com\/hu\/wp-json\/wp\/v2\/product\/1543\/revisions"}],"predecessor-version":[{"id":1548,"href":"https:\/\/keweicorten.com\/hu\/wp-json\/wp\/v2\/product\/1543\/revisions\/1548"}],"wp:featuredmedia":[{"embeddable":true,"href":"https:\/\/keweicorten.com\/hu\/wp-json\/wp\/v2\/media\/1544"}],"wp:attachment":[{"href":"https:\/\/keweicorten.com\/hu\/wp-json\/wp\/v2\/media?parent=1543"}],"wp:term":[{"taxonomy":"product_brand","embeddable":true,"href":"https:\/\/keweicorten.com\/hu\/wp-json\/wp\/v2\/product_brand?post=1543"},{"taxonomy":"product_cat","embeddable":true,"href":"https:\/\/keweicorten.com\/hu\/wp-json\/wp\/v2\/product_cat?post=1543"},{"taxonomy":"product_tag","embeddable":true,"href":"https:\/\/keweicorten.com\/hu\/wp-json\/wp\/v2\/product_tag?post=1543"}],"curies":[{"name":"wp","href":"https:\/\/api.w.org\/{rel}","templated":true}]}}