{"id":1549,"date":"2024-09-26T09:12:10","date_gmt":"2024-09-26T09:12:10","guid":{"rendered":"https:\/\/keweicorten.com\/?post_type=product&#038;p=1549"},"modified":"2025-01-15T06:21:51","modified_gmt":"2025-01-15T06:21:51","slug":"led-poller-lampak-kulteri","status":"publish","type":"product","link":"https:\/\/keweicorten.com\/hu\/led-poller-lampak-kulteri\/","title":{"rendered":"led poller l\u00e1mp\u00e1k k\u00fclt\u00e9ri"},"content":{"rendered":"<h3><strong>Alkalmaz\u00e1sai led poller l\u00e1mp\u00e1k k\u00fclt\u00e9ri:<\/strong><\/h3>\n<ol>\n<li><strong>Kerti \u00e9s t\u00e1jk\u00e9pi vil\u00e1g\u00edt\u00e1s<\/strong>:\n<ul>\n<li>A Corten l\u00e1mp\u00e1kat gyakran haszn\u00e1lj\u00e1k kertekben \u00e9s t\u00e1jk\u00e9pekben, hogy megvil\u00e1g\u00edts\u00e1k az utakat, kiemelj\u00e9k a f\u00e1kat vagy n\u00f6v\u00e9nyeket, \u00e9s jav\u00edts\u00e1k a k\u00fclt\u00e9ri \u00fcl\u0151helyeket. Rusztikus megjelen\u00e9s\u00fck z\u00f6kken\u0151mentesen illeszkedik a term\u00e9szetes k\u00f6rnyezetbe.<\/li>\n<\/ul>\n<\/li>\n<li><strong>V\u00e1rosi \u00e9s nyilv\u00e1nos terek<\/strong>:\n<ul>\n<li>A k\u00f6zparkokban, tereken \u00e9s v\u00e1rosi s\u00e9t\u00e1nyokon a Corten ac\u00e9l l\u00e1mp\u00e1kat gyakran haszn\u00e1lj\u00e1k pollerk\u00e9nt vagy utcai l\u00e1mpak\u00e9nt. Id\u0151j\u00e1r\u00e1s\u00e1ll\u00f3s\u00e1guk miatt ide\u00e1lisak hossz\u00fa t\u00e1v\u00fa k\u00fclt\u00e9ri telep\u00edt\u00e9sekhez.<\/li>\n<\/ul>\n<\/li>\n<li><strong>\u00c9p\u00edt\u00e9szeti vil\u00e1g\u00edt\u00e1s<\/strong>:\n<ul>\n<li>A Corten l\u00e1mpatestek egyre n\u00e9pszer\u0171bbek az \u00e9p\u00edt\u00e9szeti projektekben, k\u00fcls\u0151 falakra, homlokzatokra szerelve vagy k\u00fclt\u00e9ri \u00fcl\u0151helyekbe integr\u00e1lva, funkci\u00f3t \u00e9s st\u00edlust is k\u00f6lcs\u00f6n\u00f6zve.<\/li>\n<\/ul>\n<\/li>\n<li><strong>Dekorat\u00edv belt\u00e9ri haszn\u00e1latra<\/strong>:\n<ul>\n<li>Belt\u00e9rben a Corten l\u00e1mp\u00e1k ipari sikkes megjelen\u00e9st k\u00f6lcs\u00f6n\u00f6zhetnek a modern otthonoknak, k\u00e1v\u00e9z\u00f3knak vagy kereskedelmi helyis\u00e9geknek. A Corten ac\u00e9lb\u00f3l k\u00e9sz\u00fclt f\u00fcgg\u0151l\u00e1mp\u00e1k \u00e9s falikarok az anyag sz\u00edn\u00e9nek \u00e9s text\u00far\u00e1j\u00e1nak k\u00f6sz\u00f6nhet\u0151en meleg, l\u00e1gy f\u00e9nyhat\u00e1st biztos\u00edtanak.<\/li>\n<\/ul>\n<\/li>\n<\/ol>\n<h3><strong>El\u0151nyei led poller l\u00e1mp\u00e1k k\u00fclt\u00e9ri:<\/strong><\/h3>\n<ul>\n<li><strong>Tart\u00f3ss\u00e1g<\/strong>: Ellen\u00e1ll a zord id\u0151j\u00e1r\u00e1snak roml\u00e1s n\u00e9lk\u00fcl.<\/li>\n<li><strong>K\u00f6rnyezetbar\u00e1t<\/strong>: Nincs sz\u00fcks\u00e9g fest\u00e9kekre vagy bevonatokra; a Corten term\u00e9szetesen ellen\u00e1ll a korr\u00f3zi\u00f3nak.<\/li>\n<li><strong>Eszt\u00e9tikai vonzer\u0151<\/strong>: Az id\u0151 m\u00fal\u00e1s\u00e1val egyedi patina alakul ki, amely dinamikus, v\u00e1ltoz\u00f3 megjelen\u00e9st biztos\u00edt.<\/li>\n<li><strong>Sokoldal\u00fa kialak\u00edt\u00e1s<\/strong>: A corten l\u00e1mp\u00e1k sz\u00e1mos form\u00e1ban \u00e9s st\u00edlusban k\u00e9sz\u00fclnek, lehet\u0151v\u00e9 t\u00e9ve a kreat\u00edv \u00e9s testreszabott formatervez\u00e9st.<\/li>\n<\/ul>\n<table border=\"1\">\n<tbody>\n<tr>\n<td>Term\u00e9k neve<\/td>\n<td>K\u00fclt\u00e9ri v\u00edz\u00e1ll\u00f3 modern gyepf\u00e9ny Corten ac\u00e9l t\u00e1jk\u00e9pi pollerf\u00e9ny<\/td>\n<\/tr>\n<tr>\n<td>F\u0151darab Nyersanyag<\/td>\n<td>Corten ac\u00e9l<\/td>\n<\/tr>\n<tr>\n<td>A LED ereje<\/td>\n<td>10W, 12W<\/td>\n<\/tr>\n<tr>\n<td>IP Grdae<\/td>\n<td>IP65, IP66<\/td>\n<\/tr>\n<tr>\n<td>Fel\u00fclet sz\u00edne<\/td>\n<td>Rozsd\u00e1s vagy testreszabott<\/td>\n<\/tr>\n<tr>\n<td>T\u00edpus<\/td>\n<td>Egyedi testreszabott<\/td>\n<\/tr>\n<\/tbody>\n<\/table>\n<p><a href=\"https:\/\/keweicorten.com\/hu\"><img fetchpriority=\"high\" decoding=\"async\" class=\"alignnone\" title=\"k\u00fclt\u00e9ri led l\u00e1mpaoszlopok\" src=\"https:\/\/sc04.alicdn.com\/kf\/Hdad8686d076d4158871c35c4c66c1fb7s\/252624420\/Hdad8686d076d4158871c35c4c66c1fb7s.jpg\" alt=\"k\u00fclt\u00e9ri led l\u00e1mpaoszlopok Corten ac\u00e9l T\u00e1jk\u00e9pi pollerf\u00e9ny\" width=\"751\" height=\"501\" \/><\/a><\/p>\n<p><a href=\"https:\/\/keweicorten.com\/hu\/products\/\"><img decoding=\"async\" class=\"alignnone\" title=\"l\u00e1mpa f\u00e9nyoszlop\" src=\"https:\/\/sc04.alicdn.com\/kf\/Hc3e5b19145ce4d02869cc0b16e531dbat\/232904194\/Hc3e5b19145ce4d02869cc0b16e531dbat.png\" alt=\"l\u00e1mpa f\u00e9nyoszlop\" width=\"750\" height=\"449\" \/><\/a><\/p>","protected":false},"excerpt":{"rendered":"<p>A Corten ac\u00e9l l\u00e1mp\u00e1k kiv\u00e1l\u00f3 v\u00e1laszt\u00e1s mindazok sz\u00e1m\u00e1ra, akik hossz\u00fa \u00e9lettartam\u00fa, alacsony karbantart\u00e1si ig\u00e9ny\u0171 \u00e9s vizu\u00e1lisan vonz\u00f3 vil\u00e1g\u00edt\u00e1st szeretn\u00e9nek k\u00fclt\u00e9ri vagy belt\u00e9ri terekbe helyezni. Funkcion\u00e1lis megvil\u00e1g\u00edt\u00e1st \u00e9s eszt\u00e9tikai \u00e9rt\u00e9ket egyar\u00e1nt biztos\u00edtanak, \u00e9s z\u00f6kken\u0151mentesen illeszkednek a term\u00e9szetes t\u00e1jakba vagy a modern \u00e9p\u00edt\u00e9szeti tervekbe.<\/p>","protected":false},"featured_media":1550,"comment_status":"open","ping_status":"closed","template":"","meta":{"_eb_attr":"","_monsterinsights_skip_tracking":false,"_monsterinsights_sitenote_active":false,"_monsterinsights_sitenote_note":"","_monsterinsights_sitenote_category":0,"_uf_show_specific_survey":0,"_uf_disable_surveys":false},"product_brand":[],"product_cat":[61],"product_tag":[],"class_list":{"0":"post-1549","1":"product","2":"type-product","3":"status-publish","4":"has-post-thumbnail","6":"product_cat-light-post","8":"first","9":"instock","10":"shipping-taxable","11":"product-type-simple"},"_links":{"self":[{"href":"https:\/\/keweicorten.com\/hu\/wp-json\/wp\/v2\/product\/1549"}],"collection":[{"href":"https:\/\/keweicorten.com\/hu\/wp-json\/wp\/v2\/product"}],"about":[{"href":"https:\/\/keweicorten.com\/hu\/wp-json\/wp\/v2\/types\/product"}],"replies":[{"embeddable":true,"href":"https:\/\/keweicorten.com\/hu\/wp-json\/wp\/v2\/comments?post=1549"}],"version-history":[{"count":1,"href":"https:\/\/keweicorten.com\/hu\/wp-json\/wp\/v2\/product\/1549\/revisions"}],"predecessor-version":[{"id":1551,"href":"https:\/\/keweicorten.com\/hu\/wp-json\/wp\/v2\/product\/1549\/revisions\/1551"}],"wp:featuredmedia":[{"embeddable":true,"href":"https:\/\/keweicorten.com\/hu\/wp-json\/wp\/v2\/media\/1550"}],"wp:attachment":[{"href":"https:\/\/keweicorten.com\/hu\/wp-json\/wp\/v2\/media?parent=1549"}],"wp:term":[{"taxonomy":"product_brand","embeddable":true,"href":"https:\/\/keweicorten.com\/hu\/wp-json\/wp\/v2\/product_brand?post=1549"},{"taxonomy":"product_cat","embeddable":true,"href":"https:\/\/keweicorten.com\/hu\/wp-json\/wp\/v2\/product_cat?post=1549"},{"taxonomy":"product_tag","embeddable":true,"href":"https:\/\/keweicorten.com\/hu\/wp-json\/wp\/v2\/product_tag?post=1549"}],"curies":[{"name":"wp","href":"https:\/\/api.w.org\/{rel}","templated":true}]}}