{"id":1556,"date":"2024-09-27T02:43:16","date_gmt":"2024-09-27T02:43:16","guid":{"rendered":"https:\/\/keweicorten.com\/?post_type=product&#038;p=1556"},"modified":"2024-09-27T02:45:40","modified_gmt":"2024-09-27T02:45:40","slug":"a588-idojarasallo-acel","status":"publish","type":"product","link":"https:\/\/keweicorten.com\/hu\/a588-idojarasallo-acel\/","title":{"rendered":"a588 id\u0151j\u00e1r\u00e1s\u00e1ll\u00f3 ac\u00e9l"},"content":{"rendered":"<div class=\"layui-field-box\">\n<p>Az A588 id\u0151j\u00e1r\u00e1s\u00e1ll\u00f3 ac\u00e9l nagyon n\u00e9pszer\u0171 \u00e9s sz\u00e9les k\u00f6rben haszn\u00e1lt ac\u00e9lt\u00edpus a k\u00fcl\u00f6nb\u00f6z\u0151 ipar\u00e1gakban nagy szil\u00e1rds\u00e1ga, tart\u00f3ss\u00e1ga \u00e9s korr\u00f3zi\u00f3\u00e1ll\u00f3s\u00e1gi tulajdons\u00e1gai miatt. Ez egy alacsony \u00f6tv\u00f6zet\u0171 ac\u00e9l, amely rezet, kr\u00f3mot, nikkelt \u00e9s m\u00e1s elemeket tartalmaz, amelyek kiv\u00e1l\u00f3 id\u0151j\u00e1r\u00e1s\u00e1ll\u00f3s\u00e1got biztos\u00edtanak. Ezt az ac\u00e9lt gyakran haszn\u00e1lj\u00e1k k\u00fclt\u00e9ri \u00e9p\u00edt\u00e9si alkalmaz\u00e1sokban, p\u00e9ld\u00e1ul hidak, \u00e9p\u00fcletek \u00e9s egy\u00e9b szerkezetek eset\u00e9ben.<\/p>\n<table class=\"all magic-1\" style=\"height: 234px;\" width=\"989\">\n<tbody>\n<tr>\n<td colspan=\"1\" rowspan=\"1\">\n<div class=\"magic-2\" data-spm-anchor-id=\"a2700.details.0.i41.6deeb7e3IgOhEQ\"><span style=\"font-family: Times New Roman, Times; font-size: large;\">T\u00e9tel<\/span><\/div>\n<\/td>\n<td colspan=\"3\" rowspan=\"1\">\n<div class=\"magic-3\"><span style=\"font-family: Times New Roman, Times; font-size: large;\">A588 garde id\u0151j\u00e1r\u00e1s\u00e1ll\u00f3 ac\u00e9llemez<\/span><\/div>\n<\/td>\n<\/tr>\n<tr>\n<td colspan=\"1\" rowspan=\"1\">\n<div class=\"magic-2\"><span style=\"font-family: Times New Roman, Times; font-size: large;\">Fokozat<\/span><\/div>\n<\/td>\n<td colspan=\"3\" rowspan=\"1\">\n<div class=\"magic-3\"><span style=\"font-family: Times New Roman, Times; font-size: large;\">09CuPCrNi-A,09CuP, 09CuPCrNiA, 09CrCuSb Q355NH,Q460NH,Q345GNHL,Q355GNH,Q345GNH,Q295NH,Q310GNH,Q345NH,Q235NH,Q500NH,Q235GNH,Q550NH<br \/>\n<\/span><\/div>\n<div class=\"magic-3\"><span style=\"font-family: Times New Roman, Times; font-size: large;\">,Q265GNH,Q295GNH,Q450NQR1A,S355J0W,S355J2WP,S355J2W,S235J0W,SPA-H<br \/>\nB480GNQR<\/span><\/p>\n<div><span style=\"font-family: Times New Roman, Times; font-size: large;\">CortenA, CortenB<\/span><\/div>\n<\/div>\n<\/td>\n<\/tr>\n<tr>\n<td colspan=\"1\" rowspan=\"1\">\n<div class=\"magic-2\"><span style=\"font-family: Times New Roman, Times; font-size: large;\">Alkalmaz\u00e1s<\/span><\/div>\n<\/td>\n<td colspan=\"3\" rowspan=\"1\">\n<div class=\"magic-3\"><span style=\"font-family: Times New Roman, Times; font-size: large;\">Haszn\u00e1lhat\u00f3 a padl\u00f3lemezben, kont\u00e9nerekben, er\u0151m\u0171vi k\u00e9m\u00e9nyekben, vas\u00fati m\u00e9rn\u00f6ki \u00e9s egy\u00e9b k\u00fclt\u00e9ri ac\u00e9lban, p\u00e9ld\u00e1ul nagy k\u00fclt\u00e9ri szobr\u00e1szati ac\u00e9lban.<\/span><\/div>\n<\/td>\n<\/tr>\n<tr>\n<td colspan=\"1\" rowspan=\"1\">\n<div class=\"magic-2\"><span style=\"font-family: Times New Roman, Times; font-size: large;\">Minta<\/span><\/div>\n<\/td>\n<td colspan=\"3\" rowspan=\"1\">\n<div class=\"magic-5\"><span style=\"font-family: Times New Roman, Times; font-size: large;\">A minta rendelkez\u00e9sre \u00e1ll<\/span><\/div>\n<\/td>\n<\/tr>\n<\/tbody>\n<\/table>\n<h2>A588 id\u0151j\u00e1r\u00e1s\u00e1ll\u00f3 ac\u00e9llemez el\u0151nyei<\/h2>\n<p>Az A588 Corten ac\u00e9llemezhez sz\u00e1mos el\u0151ny t\u00e1rsul, amelyek lehet\u0151v\u00e9 teszik, hogy ipari alkalmaz\u00e1sokhoz haszn\u00e1lj\u00e1k az eg\u00e9sz vil\u00e1gon. Az A588 id\u0151j\u00e1r\u00e1s\u00e1ll\u00f3 ac\u00e9llemez el\u0151nyei a k\u00f6vetkez\u0151k:<\/p>\n<ul>\n<li>Alacsony karbantart\u00e1si ig\u00e9ny<\/li>\n<li>K\u00f6lts\u00e9gmegtakar\u00edt\u00e1s<\/li>\n<li>Az \u00e9p\u00edt\u00e9s sebess\u00e9ge<\/li>\n<li>Biztons\u00e1gos<\/li>\n<li>K\u00f6rnyezetbar\u00e1t<\/li>\n<li>Eszt\u00e9tikailag vonz\u00f3<\/li>\n<\/ul>\n<table style=\"font-weight: 400;\">\n<tbody>\n<tr>\n<td style=\"font-weight: 400;\" colspan=\"1\" rowspan=\"1\">\n<p data-spm-anchor-id=\"a2700.pc-decorate.0.i44.8e343333yaYbbo\">Term\u00e9k neve<\/p>\n<\/td>\n<td style=\"font-weight: 400;\" colspan=\"1\" rowspan=\"1\">Id\u0151j\u00e1r\u00e1s\u00e1ll\u00f3 ac\u00e9llemez<\/td>\n<\/tr>\n<tr>\n<td style=\"font-weight: 400;\" colspan=\"1\" rowspan=\"3\">\n<p data-spm-anchor-id=\"a2700.pc-decorate.0.i26.8e343333yaYbbo\">Specifik\u00e1ci\u00f3<\/p>\n<\/td>\n<td style=\"font-weight: 400;\" colspan=\"1\" rowspan=\"1\">\n<p data-spm-anchor-id=\"0.0.0.i10.3e8c4f05UxthN7\">Vastags\u00e1g: 1mm-100mm<\/p>\n<\/td>\n<\/tr>\n<tr>\n<td style=\"font-weight: 400;\" colspan=\"1\" rowspan=\"1\">Sz\u00e9less\u00e9g: \u22643000mm<\/td>\n<\/tr>\n<tr>\n<td style=\"font-weight: 400;\" colspan=\"1\" rowspan=\"1\">Hossz: \u226412000mm<\/td>\n<\/tr>\n<tr>\n<td style=\"font-weight: 400;\" colspan=\"1\" rowspan=\"1\">\n<p data-spm-anchor-id=\"0.0.0.i16.3e8c4f05UxthN7\">Technika<\/p>\n<\/td>\n<td style=\"font-weight: 400;\" colspan=\"1\" rowspan=\"1\">Melegen hengerelt<\/td>\n<\/tr>\n<tr>\n<td style=\"font-weight: 400;\" colspan=\"1\" rowspan=\"1\">Fel\u00fclet<\/td>\n<td style=\"font-weight: 400;\" colspan=\"1\" rowspan=\"1\">Rozsdakezel\u00e9s, tiszt\u00edt\u00e1s, f\u00fav\u00e1s vagy az \u00fcgyf\u00e9l ig\u00e9nye szerint<\/td>\n<\/tr>\n<\/tbody>\n<\/table>\n<p><a href=\"https:\/\/keweicorten.com\/hu\/products\/\"><img fetchpriority=\"high\" decoding=\"async\" class=\"alignnone\" title=\"Testreszabott ASTM A588 \" src=\"https:\/\/www.shipbuilding-plate.com\/uploads\/202230316\/astm-a588-steel-plate33020225533.jpg\" alt=\"Testreszabott ASTM A588 ac\u00e9llemez besz\u00e1ll\u00edt\u00f3k - nagykereskedelmi \u00e1r -keweicorten\" width=\"650\" height=\"650\" \/><\/a><\/p>\n<p><img decoding=\"async\" class=\"alignnone\" title=\"A588 garde id\u0151j\u00e1r\u00e1s\u00e1ll\u00f3 ac\u00e9llemez\" src=\"https:\/\/sc04.alicdn.com\/kf\/H9a942ed341824d248078e5b222d679c6J\/267682295\/H9a942ed341824d248078e5b222d679c6J.jpg\" alt=\"A588 garde id\u0151j\u00e1r\u00e1s\u00e1ll\u00f3 ac\u00e9llemez \u00e1r, gy\u00e1rt\u00f3k, besz\u00e1ll\u00edt\u00f3k, testreszabott-keweicorten\" width=\"650\" height=\"390\" \/><\/p>\n<\/div>","protected":false},"excerpt":{"rendered":"<p>Az A588 ac\u00e9l megb\u00edzhat\u00f3 \u00e9s tart\u00f3s anyag, amely kiv\u00e1l\u00f3 szil\u00e1rds\u00e1got \u00e9s ellen\u00e1ll\u00e1st biztos\u00edt a k\u00f6rnyezeti t\u00e9nyez\u0151kkel szemben. Sokoldal\u00faan felhaszn\u00e1lhat\u00f3 anyag, amely sz\u00e1mos alkalmaz\u00e1sban haszn\u00e1lhat\u00f3, \u00e9s hossz\u00fa t\u00e1v\u00fa el\u0151ny\u00f6ket ny\u00fajt azok sz\u00e1m\u00e1ra, akik haszn\u00e1lj\u00e1k. Mint ilyen, kiv\u00e1l\u00f3 v\u00e1laszt\u00e1s mindazok sz\u00e1m\u00e1ra, akik megb\u00edzhat\u00f3 \u00e9s k\u00f6lts\u00e9ghat\u00e9kony anyagot keresnek \u00e9p\u00edt\u00e9si projektjeikhez.<\/p>","protected":false},"featured_media":1557,"comment_status":"open","ping_status":"closed","template":"","meta":{"_eb_attr":"","_monsterinsights_skip_tracking":false,"_monsterinsights_sitenote_active":false,"_monsterinsights_sitenote_note":"","_monsterinsights_sitenote_category":0,"_uf_show_specific_survey":0,"_uf_disable_surveys":false},"product_brand":[],"product_cat":[21],"product_tag":[],"class_list":{"0":"post-1556","1":"product","2":"type-product","3":"status-publish","4":"has-post-thumbnail","6":"product_cat-weather-resistant-steel-plate","8":"first","9":"instock","10":"shipping-taxable","11":"product-type-simple"},"_links":{"self":[{"href":"https:\/\/keweicorten.com\/hu\/wp-json\/wp\/v2\/product\/1556"}],"collection":[{"href":"https:\/\/keweicorten.com\/hu\/wp-json\/wp\/v2\/product"}],"about":[{"href":"https:\/\/keweicorten.com\/hu\/wp-json\/wp\/v2\/types\/product"}],"replies":[{"embeddable":true,"href":"https:\/\/keweicorten.com\/hu\/wp-json\/wp\/v2\/comments?post=1556"}],"version-history":[{"count":2,"href":"https:\/\/keweicorten.com\/hu\/wp-json\/wp\/v2\/product\/1556\/revisions"}],"predecessor-version":[{"id":1559,"href":"https:\/\/keweicorten.com\/hu\/wp-json\/wp\/v2\/product\/1556\/revisions\/1559"}],"wp:featuredmedia":[{"embeddable":true,"href":"https:\/\/keweicorten.com\/hu\/wp-json\/wp\/v2\/media\/1557"}],"wp:attachment":[{"href":"https:\/\/keweicorten.com\/hu\/wp-json\/wp\/v2\/media?parent=1556"}],"wp:term":[{"taxonomy":"product_brand","embeddable":true,"href":"https:\/\/keweicorten.com\/hu\/wp-json\/wp\/v2\/product_brand?post=1556"},{"taxonomy":"product_cat","embeddable":true,"href":"https:\/\/keweicorten.com\/hu\/wp-json\/wp\/v2\/product_cat?post=1556"},{"taxonomy":"product_tag","embeddable":true,"href":"https:\/\/keweicorten.com\/hu\/wp-json\/wp\/v2\/product_tag?post=1556"}],"curies":[{"name":"wp","href":"https:\/\/api.w.org\/{rel}","templated":true}]}}