{"id":1581,"date":"2024-09-27T08:37:55","date_gmt":"2024-09-27T08:37:55","guid":{"rendered":"https:\/\/keweicorten.com\/?post_type=product&#038;p=1581"},"modified":"2025-01-15T06:21:36","modified_gmt":"2025-01-15T06:21:36","slug":"corten-lampa","status":"publish","type":"product","link":"https:\/\/keweicorten.com\/hu\/corten-lampa\/","title":{"rendered":"Corten l\u00e1mp\u00e1k"},"content":{"rendered":"<p>A Corten ac\u00e9l l\u00e1mp\u00e1k remek v\u00e1laszt\u00e1s k\u00fcl- \u00e9s belt\u00e9ri dekor\u00e1ci\u00f3hoz, mivel a tart\u00f3ss\u00e1got egyedi rozsd\u00e1s eszt\u00e9tik\u00e1val \u00f6tv\u00f6zik. K\u00fcl\u00f6nb\u00f6z\u0151 form\u00e1kban j\u00f6hetnek l\u00e9tre, mint p\u00e9ld\u00e1ul:<\/p>\n<ol>\n<li><strong>Fali l\u00e1mp\u00e1k<\/strong>: T\u00f6k\u00e9letes k\u00fclt\u00e9ri falakra vagy teraszokra.<\/li>\n<li><strong>Asztali l\u00e1mp\u00e1k<\/strong>: Alkalmas k\u00fclt\u00e9ri \u00e9tkez\u0151- vagy t\u00e1rsalg\u00f3helyis\u00e9gekbe.<\/li>\n<li><strong>\u00c1ll\u00f3l\u00e1mp\u00e1k<\/strong>: Ide\u00e1lis a kertek vagy utak magass\u00e1g\u00e1nak \u00e9s \u00e9rdekess\u00e9g\u00e9nek n\u00f6vel\u00e9s\u00e9re.<\/li>\n<li><strong>Post Lights<\/strong>: Nagyszer\u0171 a felhajt\u00f3k vagy j\u00e1rd\u00e1k megvil\u00e1g\u00edt\u00e1s\u00e1ra.<\/li>\n<li><strong>L\u00f3g\u00f3 f\u00e9nyek<\/strong>: T\u00f6k\u00e9letes fedett teraszokhoz vagy pergol\u00e1khoz.<\/li>\n<\/ol>\n<p>A Corten ac\u00e9ll\u00e1mp\u00e1k teljes\u00edtm\u00e9nye a haszn\u00e1lt f\u00e9nyforr\u00e1s t\u00edpus\u00e1t\u00f3l f\u00fcgg\u0151en v\u00e1ltozhat. \u00cdme n\u00e9h\u00e1ny gyakori teljes\u00edtm\u00e9ny a k\u00fcl\u00f6nb\u00f6z\u0151 t\u00edpus\u00fa l\u00e1mp\u00e1khoz:<\/p>\n<ol>\n<li><strong>LED l\u00e1mp\u00e1k<\/strong>: Jellemz\u0151en 5W \u00e9s 20W k\u00f6z\u00f6tt mozognak, energiahat\u00e9konys\u00e1got \u00e9s hossz\u00fa \u00e9lettartamot k\u00edn\u00e1lva.<\/li>\n<li><strong>Izz\u00f3l\u00e1mp\u00e1k<\/strong>: \u00c1ltal\u00e1ban 40W \u00e9s 100W k\u00f6z\u00f6ttiek, b\u00e1r kev\u00e9sb\u00e9 energiatakar\u00e9kosak.<\/li>\n<li><strong>Halog\u00e9n l\u00e1mp\u00e1k<\/strong>: \u00c1ltal\u00e1ban 20W \u00e9s 70W k\u00f6z\u00f6ttiek, f\u00e9nyes f\u00e9nyt biztos\u00edtanak, de a LED-ekhez k\u00e9pest r\u00f6videbb \u00e9lettartam\u00faak.<\/li>\n<\/ol>\n<table border=\"1\">\n<tbody>\n<tr>\n<td><span data-spm-anchor-id=\"a2700.details.0.i39.446e5956BnWvBb\">Term\u00e9k neve<\/span><\/td>\n<td>K\u00fclt\u00e9ri v\u00edz\u00e1ll\u00f3 modern gyepf\u00e9ny Corten ac\u00e9l t\u00e1jk\u00e9pi pollerf\u00e9ny<\/td>\n<\/tr>\n<tr>\n<td>F\u0151darab Nyersanyag<\/td>\n<td data-spm-anchor-id=\"a2700.details.0.i43.446e5956BnWvBb\">Corten ac\u00e9l<\/td>\n<\/tr>\n<tr>\n<td>A LED ereje<\/td>\n<td>10W, 12W<\/td>\n<\/tr>\n<tr>\n<td>IP Grdae<\/td>\n<td>IP65, IP66<\/td>\n<\/tr>\n<tr>\n<td>Fel\u00fclet sz\u00edne<\/td>\n<td>Rozsd\u00e1s vagy testreszabott<\/td>\n<\/tr>\n<tr>\n<td>T\u00edpus<\/td>\n<td>Egyedi testreszabott<\/td>\n<\/tr>\n<\/tbody>\n<\/table>\n<p>&nbsp;<\/p>\n<p><img fetchpriority=\"high\" decoding=\"async\" class=\"\" src=\"https:\/\/sc04.alicdn.com\/kf\/H46bf762d9ea04031942f9e37b56d1eebI\/255157415\/H46bf762d9ea04031942f9e37b56d1eebI.jpg\" width=\"599\" height=\"599\" \/><\/p>\n<p><img decoding=\"async\" class=\"\" src=\"https:\/\/sc04.alicdn.com\/kf\/Hdad8686d076d4158871c35c4c66c1fb7s\/252624420\/Hdad8686d076d4158871c35c4c66c1fb7s.jpg\" alt=\"K\u00fclt\u00e9ri v\u00edz\u00e1ll\u00f3 modern gyepf\u00e9ny Corten ac\u00e9l t\u00e1jk\u00e9pi pollerf\u00e9ny\" width=\"599\" height=\"400\" \/><\/p>\n<p>&nbsp;<\/p>","protected":false},"excerpt":{"rendered":"<p>A cortenac\u00e9l l\u00e1mp\u00e1k gy\u00f6ny\u00f6r\u0171 kieg\u00e9sz\u00edt\u0151i b\u00e1rmely t\u00e9rnek, modern eleganci\u00e1t \u00e9s ipari hangulatot k\u00f6lcs\u00f6n\u00f6zve. Ezek az id\u0151j\u00e1r\u00e1s\u00e1ll\u00f3 ac\u00e9lb\u00f3l k\u00e9sz\u00fclt l\u00e1mp\u00e1k egyedi rusztikus megjelen\u00e9ssel rendelkeznek, amely kieg\u00e9sz\u00edti a k\u00fcl\u00f6nb\u00f6z\u0151 dekor\u00e1ci\u00f3s st\u00edlusokat.<\/p>","protected":false},"featured_media":1582,"comment_status":"open","ping_status":"closed","template":"","meta":{"_eb_attr":"","_monsterinsights_skip_tracking":false,"_monsterinsights_sitenote_active":false,"_monsterinsights_sitenote_note":"","_monsterinsights_sitenote_category":0,"_uf_show_specific_survey":0,"_uf_disable_surveys":false},"product_brand":[],"product_cat":[61],"product_tag":[],"class_list":{"0":"post-1581","1":"product","2":"type-product","3":"status-publish","4":"has-post-thumbnail","6":"product_cat-light-post","8":"first","9":"instock","10":"shipping-taxable","11":"product-type-simple"},"_links":{"self":[{"href":"https:\/\/keweicorten.com\/hu\/wp-json\/wp\/v2\/product\/1581"}],"collection":[{"href":"https:\/\/keweicorten.com\/hu\/wp-json\/wp\/v2\/product"}],"about":[{"href":"https:\/\/keweicorten.com\/hu\/wp-json\/wp\/v2\/types\/product"}],"replies":[{"embeddable":true,"href":"https:\/\/keweicorten.com\/hu\/wp-json\/wp\/v2\/comments?post=1581"}],"version-history":[{"count":1,"href":"https:\/\/keweicorten.com\/hu\/wp-json\/wp\/v2\/product\/1581\/revisions"}],"predecessor-version":[{"id":1583,"href":"https:\/\/keweicorten.com\/hu\/wp-json\/wp\/v2\/product\/1581\/revisions\/1583"}],"wp:featuredmedia":[{"embeddable":true,"href":"https:\/\/keweicorten.com\/hu\/wp-json\/wp\/v2\/media\/1582"}],"wp:attachment":[{"href":"https:\/\/keweicorten.com\/hu\/wp-json\/wp\/v2\/media?parent=1581"}],"wp:term":[{"taxonomy":"product_brand","embeddable":true,"href":"https:\/\/keweicorten.com\/hu\/wp-json\/wp\/v2\/product_brand?post=1581"},{"taxonomy":"product_cat","embeddable":true,"href":"https:\/\/keweicorten.com\/hu\/wp-json\/wp\/v2\/product_cat?post=1581"},{"taxonomy":"product_tag","embeddable":true,"href":"https:\/\/keweicorten.com\/hu\/wp-json\/wp\/v2\/product_tag?post=1581"}],"curies":[{"name":"wp","href":"https:\/\/api.w.org\/{rel}","templated":true}]}}