{"id":1584,"date":"2024-09-27T08:50:21","date_gmt":"2024-09-27T08:50:21","guid":{"rendered":"https:\/\/keweicorten.com\/?post_type=product&#038;p=1584"},"modified":"2025-01-15T06:21:20","modified_gmt":"2025-01-15T06:21:20","slug":"corten-poller-feny","status":"publish","type":"product","link":"https:\/\/keweicorten.com\/hu\/corten-poller-feny\/","title":{"rendered":"corten poller f\u00e9ny"},"content":{"rendered":"<h2>Mi az a Corten Bollard Light?<\/h2>\n<p>A Corten Bollard Light egy olyan poller l\u00e1mpa, amelynek f\u0151 anyaga a Corten ac\u00e9l, kombin\u00e1lva LED vagy m\u00e1s energiatakar\u00e9kos f\u00e9nyforr\u00e1sokkal, k\u00fclt\u00e9ri vil\u00e1g\u00edt\u00e1shoz tervezve. Az id\u0151j\u00e1r\u00e1s\u00e1ll\u00f3 ac\u00e9l nagy korr\u00f3zi\u00f3\u00e1ll\u00f3s\u00e1ggal \u00e9s tart\u00f3ss\u00e1ggal rendelkezik a fel\u00fclet\u00e9n term\u00e9szetesen kialakult rozsdag\u00e1tl\u00f3 r\u00e9tegnek k\u00f6sz\u00f6nhet\u0151en, mik\u00f6zben egyedi rozsdav\u00f6r\u00f6s text\u00far\u00e1t mutat, amely integr\u00e1l\u00f3dik a term\u00e9szeti k\u00f6rnyezetbe \u00e9s a modern \u00e9p\u00edt\u00e9szetbe.<\/p>\n<p>A pollerf\u00e9nyeket gyakran haszn\u00e1lj\u00e1k \u00fatvil\u00e1g\u00edt\u00e1shoz, t\u00e1jk\u00e9pi d\u00edsz\u00edt\u00e9shez vagy ter\u00fcletjelz\u00e9shez, hogy \u00e9jszaka biztons\u00e1got \u00e9s eszt\u00e9tik\u00e1t ny\u00fajtsanak.<\/p>\n<h2>Az id\u0151j\u00e1r\u00e1s\u00e1ll\u00f3 ac\u00e9ll\u00e1mp\u00e1k jellemz\u0151i:<\/h2>\n<ul>\n<li>Egyedi megjelen\u00e9s<\/li>\n<li>Rendk\u00edv\u00fcl tart\u00f3s<\/li>\n<li>Energiatakar\u00e9koss\u00e1g \u00e9s k\u00f6rnyezetv\u00e9delem<\/li>\n<li>Sokoldal\u00fas\u00e1g<\/li>\n<li>Alacsony karbantart\u00e1si ig\u00e9ny<\/li>\n<\/ul>\n<h2>A modern t\u00e1jk\u00e9pi f\u00e9ny f\u0151 alkalmaz\u00e1si forgat\u00f3k\u00f6nyvei:<\/h2>\n<ul>\n<li>Kertek \u00e9s udvarok<\/li>\n<li>\u00datvil\u00e1g\u00edt\u00e1shoz vagy n\u00f6v\u00e9nyhat\u00e1r dekor\u00e1ci\u00f3hoz haszn\u00e1lhat\u00f3, t\u00f6k\u00e9letesen illeszkedik a z\u00f6ld n\u00f6v\u00e9nyekhez \u00e9s a k\u0151h\u00f6z, hogy k\u00e9nyelmes \u00e9s term\u00e9szetes \u00e9jszakai hangulatot teremtsen.<\/li>\n<li>Kereskedelmi ter\u00fclet<\/li>\n<li>Parkok \u00e9s terek<\/li>\n<li>Tengerparti vagy vizes \u00e9l\u0151helyi k\u00f6rnyezet<\/li>\n<li>Lak\u00f3helyis\u00e9gek<\/li>\n<\/ul>\n<p><a href=\"https:\/\/keweicorten.com\/hu\/kapcsolatfelvetel\/\"><img fetchpriority=\"high\" decoding=\"async\" class=\"alignnone\" title=\"Kerti corten kerti f\u00e9ny\" src=\"https:\/\/sc04.alicdn.com\/kf\/Ha485a993273c4a1abf4c34b1993865875\/235950374\/Ha485a993273c4a1abf4c34b1993865875.jpg\" alt=\"Kerti corten kerti l\u00e1mp\u00e1k porcel\u00e1n gy\u00e1ri \u00e1r -keweicorten\" width=\"640\" height=\"320\" \/><\/a><\/p>\n<h2>Hogyan v\u00e1lasszuk ki a megfelel\u0151 Corten Landscape l\u00e1mpatestet?<\/h2>\n<ul>\n<li>V\u00e1lassza ki a magass\u00e1got \u00e9s a f\u00e9nyforr\u00e1st a vil\u00e1g\u00edt\u00e1si ig\u00e9nyeinek megfelel\u0151en<\/li>\n<li>Kis kert vagy udvar: A l\u00e1mpa magass\u00e1ga 50-70 cm, a f\u00e9ny pedig l\u00e1gy.<\/li>\n<li>Kereskedelmi \u00e9s k\u00f6zter\u00fcletek: 80-100 cm-es l\u00e1mp\u00e1kat v\u00e1lasszon a sz\u00e9les k\u00f6r\u0171 megvil\u00e1g\u00edt\u00e1s \u00e9rdek\u00e9ben.<\/li>\n<li>A tervez\u00e9si st\u00edlus illeszkedik a k\u00f6rnyezethez<\/li>\n<li>Modern \u00e9p\u00edt\u00e9szet: V\u00e1lasszon geometrikus, letisztult vonalvezet\u00e9s\u0171 l\u00e1mp\u00e1kat, hogy visszhangozz\u00e1k az \u00e9p\u00edt\u00e9szeti st\u00edlust.<\/li>\n<li>F\u00e9nyforr\u00e1s teljes\u00edtm\u00e9nye \u00e9s energiatakar\u00e9koss\u00e1gi k\u00f6vetelm\u00e9nyek<\/li>\n<li>A LED f\u00e9nyforr\u00e1s hossz\u00fa \u00e9lettartam\u00fa \u00e9s alacsony energiafogyaszt\u00e1s\u00fa<\/li>\n<\/ul>\n<h2>Mi\u00e9rt v\u00e1lassza a Corten Bollard Lightot?<\/h2>\n<ol>\n<li>Rugalmas kialak\u00edt\u00e1s a k\u00fcl\u00f6nb\u00f6z\u0151 forgat\u00f3k\u00f6nyvek megval\u00f3s\u00edt\u00e1s\u00e1hoz<br \/>\nLegyen sz\u00f3 mag\u00e1nkertr\u0151l, kereskedelmi helyis\u00e9gr\u0151l vagy k\u00f6zter\u00fcletr\u0151l, a Corten Bollard Light a k\u00f6rnyezetbe var\u00e1zsolja a f\u00e9nyt.<\/li>\n<li>K\u00f6rnyezetv\u00e9delem \u00e9s fenntarthat\u00f3s\u00e1g<br \/>\nAz id\u0151j\u00e1r\u00e1s\u00e1ll\u00f3 ac\u00e9l \u00e9s az id\u0151j\u00e1r\u00e1s\u00e1ll\u00f3 ac\u00e9l poller l\u00e1mpaforr\u00e1sok kombin\u00e1ci\u00f3ja kiv\u00e1l\u00f3 v\u00e1laszt\u00e1s a fenntarthat\u00f3 tervez\u00e9shez.<\/li>\n<li>Tart\u00f3s \u00e9s hossz\u00fa \u00e9lettartam<br \/>\nAz id\u0151j\u00e1r\u00e1s\u00e1ll\u00f3 ac\u00e9l magas korr\u00f3zi\u00f3\u00e1ll\u00f3s\u00e1ga biztos\u00edtja, hogy a l\u00e1mp\u00e1k gyakori csere n\u00e9lk\u00fcl, zord k\u00f6rnyezetben is j\u00f3l m\u0171k\u00f6djenek.<\/li>\n<\/ol>\n<table border=\"1\">\n<tbody>\n<tr>\n<td><span data-spm-anchor-id=\"a2700.details.0.i39.446e5956BnWvBb\">Term\u00e9k neve<\/span><\/td>\n<td>K\u00fclt\u00e9ri v\u00edz\u00e1ll\u00f3 modern gyepf\u00e9ny Corten ac\u00e9l t\u00e1jk\u00e9pi pollerf\u00e9ny<\/td>\n<\/tr>\n<tr>\n<td>F\u0151darab Nyersanyag<\/td>\n<td data-spm-anchor-id=\"a2700.details.0.i43.446e5956BnWvBb\">Corten ac\u00e9l<\/td>\n<\/tr>\n<tr>\n<td>A LED ereje<\/td>\n<td>10W, 12W<\/td>\n<\/tr>\n<tr>\n<td>IP fokozat<\/td>\n<td>IP65, IP66<\/td>\n<\/tr>\n<tr>\n<td>Fel\u00fclet sz\u00edne<\/td>\n<td>Rozsd\u00e1s vagy testreszabott<\/td>\n<\/tr>\n<tr>\n<td>T\u00edpus<\/td>\n<td>Egyedi testreszabott<\/td>\n<\/tr>\n<\/tbody>\n<\/table>\n<div style=\"width: 800px;\" class=\"wp-video\"><!--[if lt IE 9]><script>document.createElement('video');<\/script><![endif]-->\n<video class=\"wp-video-shortcode\" id=\"video-1584-1\" width=\"800\" height=\"450\" loop=\"1\" autoplay=\"1\" preload=\"metadata\" controls=\"controls\"><source type=\"video\/mp4\" src=\"https:\/\/keweicorten.com\/wp-content\/uploads\/2024\/09\/Weathering-steel-lamps.mp4?_=1\" \/><a href=\"https:\/\/keweicorten.com\/wp-content\/uploads\/2024\/09\/Weathering-steel-lamps.mp4\">https:\/\/keweicorten.com\/wp-content\/uploads\/2024\/09\/Weathering-steel-lamps.mp4<\/a><\/video><\/div>\n<p><a href=\"https:\/\/keweicorten.com\/hu\/kapcsolatfelvetel\/\"><img decoding=\"async\" class=\"alignnone\" title=\"kerti l\u00e1mp\u00e1k\" src=\"https:\/\/sc04.alicdn.com\/kf\/Hbfd36546659b40b8b1012ec41b13121bi\/235950374\/Hbfd36546659b40b8b1012ec41b13121bi.jpg\" alt=\"Kerti corten kerti l\u00e1mp\u00e1k porcel\u00e1n gy\u00e1ri \u00e1r -keweicorten\" width=\"640\" height=\"320\" \/><\/a><\/p>\n<p>GYIK<\/p>\n<p class=\"magic-11\"><span class=\"magic-6\" style=\"font-family: Arial;\" data-spm-anchor-id=\"a2700.details.0.i40.2c656ceeu1J4FQ\">K: K\u00e9sz\u00edtenek egyedi term\u00e9keket a mi tervrajzaink vagy \u00f6tleteink alapj\u00e1n?<\/span><\/p>\n<p class=\"magic-11\">V: Igen, mi egy professzion\u00e1lis f\u00e9mgy\u00e1rt\u00f3 gy\u00e1r vagyunk, tapasztalt m\u00e9rn\u00f6ki csapattal, hogy az \u00fcgyfelek rajzai \u00e9s \u00f6tletei szerint egyedi term\u00e9keket k\u00e9sz\u00edts\u00fcnk.<\/p>\n<p class=\"magic-11\"><span class=\"magic-43\" style=\"font-family: Arial;\">\u00a0<\/span><\/p>\n<p class=\"magic-11\">K: Mennyi a MOQ?<\/p>\n<p class=\"magic-11\">V: \u00c1ltal\u00e1ban nem hat\u00e1rozzuk meg a MOQ-t, de min\u00e9l t\u00f6bb, ann\u00e1l olcs\u00f3bb. Ezenk\u00edv\u00fcl sz\u00edvesen k\u00e9sz\u00edt\u00fcnk protot\u00edpusokat vagy mint\u00e1kat az \u00fcgyfelek sz\u00e1m\u00e1ra a min\u0151s\u00e9gi szabv\u00e1nyok biztos\u00edt\u00e1sa \u00e9rdek\u00e9ben.<\/p>\n<p>&nbsp;<\/p>\n<p class=\"magic-11\">K: \u00d6n kereskedelmi v\u00e1llalat vagy gy\u00e1rt\u00f3?<\/p>\n<p class=\"magic-11\">V: Mi egy gy\u00e1r vagyunk.<\/p>\n<div>\n<p>&nbsp;<\/p>\n<p>K: Mennyi a sz\u00e1ll\u00edt\u00e1si id\u0151?<br \/>\nV: \u00c1ltal\u00e1ban 5-10 nap, a mennyis\u00e9gt\u0151l f\u00fcgg\u0151en.<\/p>\n<p>&nbsp;<\/p>\n<p>K: Adnak mint\u00e1kat? ingyenes vagy fel\u00e1ras?<\/p>\n<p>V: Igen, felaj\u00e1nlhatjuk a mint\u00e1t.<\/p>\n<\/div>","protected":false},"excerpt":{"rendered":"<p>A Corten oszlopl\u00e1mp\u00e1k modern vil\u00e1g\u00edt\u00e1si megold\u00e1sok, amelyek b\u00e1rmilyen t\u00e9r eszt\u00e9tikai vonzerej\u00e9t n\u00f6velhetik. Kiv\u00e1l\u00f3 min\u0151s\u00e9g\u0171, id\u0151j\u00e1r\u00e1s\u00e1ll\u00f3 corten ac\u00e9lb\u00f3l k\u00e9sz\u00fclnek, ami tart\u00f3ss\u00e1got \u00e9s hossz\u00fa \u00e9lettartamot biztos\u00edt ezeknek a l\u00e1mp\u00e1knak.<\/p>","protected":false},"featured_media":1585,"comment_status":"open","ping_status":"closed","template":"","meta":{"_eb_attr":"","_monsterinsights_skip_tracking":false,"_monsterinsights_sitenote_active":false,"_monsterinsights_sitenote_note":"","_monsterinsights_sitenote_category":0,"_uf_show_specific_survey":0,"_uf_disable_surveys":false},"product_brand":[],"product_cat":[61],"product_tag":[],"class_list":{"0":"post-1584","1":"product","2":"type-product","3":"status-publish","4":"has-post-thumbnail","6":"product_cat-light-post","8":"first","9":"instock","10":"shipping-taxable","11":"product-type-simple"},"_links":{"self":[{"href":"https:\/\/keweicorten.com\/hu\/wp-json\/wp\/v2\/product\/1584"}],"collection":[{"href":"https:\/\/keweicorten.com\/hu\/wp-json\/wp\/v2\/product"}],"about":[{"href":"https:\/\/keweicorten.com\/hu\/wp-json\/wp\/v2\/types\/product"}],"replies":[{"embeddable":true,"href":"https:\/\/keweicorten.com\/hu\/wp-json\/wp\/v2\/comments?post=1584"}],"version-history":[{"count":3,"href":"https:\/\/keweicorten.com\/hu\/wp-json\/wp\/v2\/product\/1584\/revisions"}],"predecessor-version":[{"id":2446,"href":"https:\/\/keweicorten.com\/hu\/wp-json\/wp\/v2\/product\/1584\/revisions\/2446"}],"wp:featuredmedia":[{"embeddable":true,"href":"https:\/\/keweicorten.com\/hu\/wp-json\/wp\/v2\/media\/1585"}],"wp:attachment":[{"href":"https:\/\/keweicorten.com\/hu\/wp-json\/wp\/v2\/media?parent=1584"}],"wp:term":[{"taxonomy":"product_brand","embeddable":true,"href":"https:\/\/keweicorten.com\/hu\/wp-json\/wp\/v2\/product_brand?post=1584"},{"taxonomy":"product_cat","embeddable":true,"href":"https:\/\/keweicorten.com\/hu\/wp-json\/wp\/v2\/product_cat?post=1584"},{"taxonomy":"product_tag","embeddable":true,"href":"https:\/\/keweicorten.com\/hu\/wp-json\/wp\/v2\/product_tag?post=1584"}],"curies":[{"name":"wp","href":"https:\/\/api.w.org\/{rel}","templated":true}]}}