{"id":1613,"date":"2024-09-29T01:53:19","date_gmt":"2024-09-29T01:53:19","guid":{"rendered":"https:\/\/keweicorten.com\/?post_type=product&#038;p=1613"},"modified":"2024-09-29T01:53:19","modified_gmt":"2024-09-29T01:53:19","slug":"b-minosegu-corten-acellemez","status":"publish","type":"product","link":"https:\/\/keweicorten.com\/hu\/b-minosegu-corten-acellemez\/","title":{"rendered":"B min\u0151s\u00e9g\u0171 Corten ac\u00e9llemez"},"content":{"rendered":"<div>\n<p>A B oszt\u00e1ly\u00fa Corten ac\u00e9llemez egy nagy szil\u00e1rds\u00e1g\u00fa, alacsony \u00f6tv\u00f6z\u00e9s\u0171 szerkezeti ac\u00e9l, amely id\u0151j\u00e1r\u00e1s\u00e1ll\u00f3 tulajdons\u00e1gair\u00f3l ismert, \u00edgy ide\u00e1lis k\u00fclt\u00e9ri alkalmaz\u00e1sokhoz. \u00cdme n\u00e9h\u00e1ny kulcsfontoss\u00e1g\u00fa jellemz\u0151je:<\/p>\n<ol>\n<li><strong>Id\u0151j\u00e1r\u00e1s\u00e1ll\u00f3s\u00e1g<\/strong>: A Corten ac\u00e9l rozsdav\u00e9d\u0151 r\u00e9teget k\u00e9pez, amely megakad\u00e1lyozza a tov\u00e1bbi korr\u00f3zi\u00f3t, ez\u00e9rt gyakran haszn\u00e1lj\u00e1k \u00e9p\u00edt\u00e9szeti alkalmaz\u00e1sokban \u00e9s k\u00fclt\u00e9ri szerkezetekben.<\/li>\n<li><strong>Mechanikai tulajdons\u00e1gok<\/strong>: Tipikusan 50 ksi (345 MPa) foly\u00e1shat\u00e1rral \u00e9s 70 ksi (483 MPa) szak\u00edt\u00f3szil\u00e1rds\u00e1ggal rendelkezik.<\/li>\n<li><strong>Alkalmaz\u00e1sok<\/strong>: Gyakran haszn\u00e1lj\u00e1k hidak, \u00e9p\u00fcletek \u00e9s szobrok, valamint k\u00fclt\u00e9ri b\u00fatorok \u00e9s m\u0171v\u00e9szeti install\u00e1ci\u00f3k k\u00e9sz\u00edt\u00e9s\u00e9hez.<\/li>\n<li><strong>Hegeszt\u00e9s \u00e9s gy\u00e1rt\u00e1s<\/strong>: A szok\u00e1sos hegeszt\u00e9si technik\u00e1kkal hegeszthet\u0151, de bizonyos esetekben el\u0151meleg\u00edt\u00e9sre lehet sz\u00fcks\u00e9g a reped\u00e9sek elker\u00fcl\u00e9se \u00e9rdek\u00e9ben.<\/li>\n<li><strong>Befejez\u00e9s<\/strong>: A term\u00e9szetes rozsdasz\u00edn eszt\u00e9tikai vonzer\u0151t biztos\u00edt, amely a modern \u00e9p\u00edt\u00e9szetben gyakran k\u00edv\u00e1natos.<\/li>\n<\/ol>\n<h3 data-fontsize=\"19\" data-lineheight=\"26.79px\">A Corten ac\u00e9l ASTM A588 B oszt\u00e1ly\u00fa lemez \u00e9s lemez specifik\u00e1ci\u00f3ja<\/h3>\n<\/div>\n<div>\n<table style=\"height: 494px;\" border=\"1\" width=\"716\" cellspacing=\"0\" cellpadding=\"0\">\n<tbody>\n<tr>\n<td>\n<h4 data-fontsize=\"14\" data-lineheight=\"20.02px\">T\u00e9tel<\/h4>\n<\/td>\n<td>\n<h4 data-fontsize=\"14\" data-lineheight=\"20.02px\">Corten ac\u00e9l<\/h4>\n<\/td>\n<\/tr>\n<tr>\n<td>\n<h4 data-fontsize=\"14\" data-lineheight=\"20.02px\">Standard<\/h4>\n<\/td>\n<td>\n<h4 data-fontsize=\"14\" data-lineheight=\"20.02px\">ASTM A588, A242, EN 10027-1, CR 10260 \u00c9S IRSM<\/h4>\n<\/td>\n<\/tr>\n<tr>\n<td>\n<h4 data-fontsize=\"14\" data-lineheight=\"20.02px\">Anyag<\/h4>\n<\/td>\n<td>\n<h4 data-fontsize=\"14\" data-lineheight=\"20.02px\">Corten A , Corten B , S235J0W , S235J2W , S355J0WP , S355J0W , S355J2W , S355K2W , A588 Grade A , A588 Grade B , A588 Grade C , A242 Type 1 , A 588 Gr. K , A 242 Type-2 , IRSM-41<\/h4>\n<\/td>\n<\/tr>\n<tr>\n<td>\n<h4 data-fontsize=\"14\" data-lineheight=\"20.02px\">Vastags\u00e1g<\/h4>\n<\/td>\n<td>\n<h4 data-fontsize=\"14\" data-lineheight=\"20.02px\">0.3-500mm<\/h4>\n<\/td>\n<\/tr>\n<tr>\n<td>\n<h4 data-fontsize=\"14\" data-lineheight=\"20.02px\">Sz\u00e9less\u00e9g<\/h4>\n<\/td>\n<td>\n<h4 data-fontsize=\"14\" data-lineheight=\"20.02px\">1000-3500 mm<\/h4>\n<\/td>\n<\/tr>\n<tr>\n<td>\n<h4 data-fontsize=\"14\" data-lineheight=\"20.02px\">Hossz\u00fas\u00e1g<\/h4>\n<\/td>\n<td>\n<h4 data-fontsize=\"14\" data-lineheight=\"20.02px\">1000 - 12000 mm<\/h4>\n<\/td>\n<\/tr>\n<\/tbody>\n<\/table>\n<div class=\"uvc-main-heading ult-responsive\" data-ultimate-target=\".uvc-heading.ultimate-heading-772166f8b0eb826fe h2\" data-responsive-json-new=\"{&quot;font-size&quot;:&quot;&quot;,&quot;line-height&quot;:&quot;&quot;}\">\n<p><strong>Corten B Plate Grade egyen\u00e9rt\u00e9k\u0171<\/strong><\/p>\n<\/div>\n<div class=\"uvc-sub-heading ult-responsive\" data-ultimate-target=\".uvc-heading.ultimate-heading-772166f8b0eb826fe .uvc-sub-heading \" data-responsive-json-new=\"{&quot;font-size&quot;:&quot;&quot;,&quot;line-height&quot;:&quot;&quot;}\">\n<table style=\"height: 46px;\" width=\"715\">\n<tbody>\n<tr>\n<td width=\"308\"><strong>Ac\u00e9lmin\u0151s\u00e9g<\/strong><\/td>\n<td width=\"308\"><strong>EN 10025-5:2004<\/strong><\/td>\n<\/tr>\n<tr>\n<td width=\"308\">COR-TEN B<\/td>\n<td width=\"308\">S355J0W \u00e9s S355J2W<\/td>\n<\/tr>\n<\/tbody>\n<\/table>\n<div class=\"three\">Az ASTM A588 gr.B lemez m\u00e9rettartom\u00e1nya<\/div>\n<div class=\"table-responsive\">\n<table class=\"table table-bordered table-striped table-hover\" style=\"height: 190px;\" width=\"712\">\n<thead>\n<tr>\n<th colspan=\"1\">GRADE<\/th>\n<th colspan=\"1\">TERM\u00c9KT\u00cdPUS<\/th>\n<th colspan=\"1\">SZ\u00c9LESS\u00c9G<br \/>\n(in)<\/th>\n<th colspan=\"1\">THICKNESS<br \/>\n(in)<\/th>\n<th colspan=\"1\">HOSSZ\u00daS\u00c1G<br \/>\n(in)<\/th>\n<\/tr>\n<\/thead>\n<tbody>\n<tr data-index=\"1\" data-offset=\"0\">\n<td rowspan=\"1\">B oszt\u00e1lyzat<\/td>\n<td rowspan=\"1\">T\u00e1ny\u00e9r<\/td>\n<td rowspan=\"1\">72 - 120<\/td>\n<td rowspan=\"1\">0.250 - 2.000<\/td>\n<td rowspan=\"1\">240 - 1020<\/td>\n<\/tr>\n<tr data-index=\"0\" data-offset=\"0\">\n<td rowspan=\"1\">B oszt\u00e1lyzat<\/td>\n<td rowspan=\"1\">T\u00e1ny\u00e9r<\/td>\n<td rowspan=\"1\">72 - 96<\/td>\n<td rowspan=\"1\">0.188 - 0.500<\/td>\n<td rowspan=\"1\">240 - 720<\/td>\n<\/tr>\n<tr data-index=\"2\" data-offset=\"0\">\n<td rowspan=\"1\">B oszt\u00e1lyzat<\/td>\n<td rowspan=\"1\">T\u00e1ny\u00e9r<\/td>\n<td rowspan=\"1\">72 - 131.9<\/td>\n<td rowspan=\"1\">2.01 - 4.90<\/td>\n<td rowspan=\"1\">240 - 1020<\/td>\n<\/tr>\n<\/tbody>\n<\/table>\n<p><a href=\"https:\/\/keweicorten.com\/hu\/products\/\"><img fetchpriority=\"high\" decoding=\"async\" class=\"alignnone\" title=\" ASTM A588 Grade B \" src=\"https:\/\/th.bing.com\/th\/id\/OIP.ejT7J32EJYNbQj05jy0v0AAAAA?rs=1&amp;pid=ImgDetMain\" alt=\"Az ASTM A588 Grade B corten ac\u00e9llemezek alkalmaz\u00e1sa a t\u00e1jtervez\u00e9sben\" width=\"573\" height=\"370\" \/><\/a><\/p>\n<p><a href=\"https:\/\/keweicorten.com\/hu\/kapcsolatfelvetel\/\"><img decoding=\"async\" class=\"alignnone\" title=\" ASTM A588 Grade B \" src=\"https:\/\/www.gescosteel.com\/photo\/ps32365492-grade_b_corten_steel_plate.jpg\" alt=\"B min\u0151s\u00e9g\u0171 Corten ac\u00e9llemez\" width=\"700\" height=\"499\" \/><\/a><\/p>\n<\/div>\n<\/div>\n<\/div>","protected":false},"excerpt":{"rendered":"<p>Az ASTM A588 Grade B Corten ac\u00e9llemez egy nagy szil\u00e1rds\u00e1g\u00fa, alacsony \u00f6tv\u00f6z\u00e9s\u0171 szerkezeti ac\u00e9l, amelyet olyan alkalmaz\u00e1sokhoz terveztek, ahol a l\u00e9gk\u00f6ri korr\u00f3zi\u00f3val szembeni ellen\u00e1ll\u00e1s kulcsfontoss\u00e1g\u00fa.<\/p>","protected":false},"featured_media":1614,"comment_status":"open","ping_status":"closed","template":"","meta":{"_eb_attr":"","_monsterinsights_skip_tracking":false,"_monsterinsights_sitenote_active":false,"_monsterinsights_sitenote_note":"","_monsterinsights_sitenote_category":0,"_uf_show_specific_survey":0,"_uf_disable_surveys":false},"product_brand":[],"product_cat":[21],"product_tag":[],"class_list":{"0":"post-1613","1":"product","2":"type-product","3":"status-publish","4":"has-post-thumbnail","6":"product_cat-weather-resistant-steel-plate","8":"first","9":"instock","10":"shipping-taxable","11":"product-type-simple"},"_links":{"self":[{"href":"https:\/\/keweicorten.com\/hu\/wp-json\/wp\/v2\/product\/1613"}],"collection":[{"href":"https:\/\/keweicorten.com\/hu\/wp-json\/wp\/v2\/product"}],"about":[{"href":"https:\/\/keweicorten.com\/hu\/wp-json\/wp\/v2\/types\/product"}],"replies":[{"embeddable":true,"href":"https:\/\/keweicorten.com\/hu\/wp-json\/wp\/v2\/comments?post=1613"}],"version-history":[{"count":1,"href":"https:\/\/keweicorten.com\/hu\/wp-json\/wp\/v2\/product\/1613\/revisions"}],"predecessor-version":[{"id":1615,"href":"https:\/\/keweicorten.com\/hu\/wp-json\/wp\/v2\/product\/1613\/revisions\/1615"}],"wp:featuredmedia":[{"embeddable":true,"href":"https:\/\/keweicorten.com\/hu\/wp-json\/wp\/v2\/media\/1614"}],"wp:attachment":[{"href":"https:\/\/keweicorten.com\/hu\/wp-json\/wp\/v2\/media?parent=1613"}],"wp:term":[{"taxonomy":"product_brand","embeddable":true,"href":"https:\/\/keweicorten.com\/hu\/wp-json\/wp\/v2\/product_brand?post=1613"},{"taxonomy":"product_cat","embeddable":true,"href":"https:\/\/keweicorten.com\/hu\/wp-json\/wp\/v2\/product_cat?post=1613"},{"taxonomy":"product_tag","embeddable":true,"href":"https:\/\/keweicorten.com\/hu\/wp-json\/wp\/v2\/product_tag?post=1613"}],"curies":[{"name":"wp","href":"https:\/\/api.w.org\/{rel}","templated":true}]}}