{"id":1616,"date":"2024-09-29T02:11:45","date_gmt":"2024-09-29T02:11:45","guid":{"rendered":"https:\/\/keweicorten.com\/?post_type=product&#038;p=1616"},"modified":"2024-09-29T02:11:45","modified_gmt":"2024-09-29T02:11:45","slug":"melegen-hengerelt-corten-acellemez","status":"publish","type":"product","link":"https:\/\/keweicorten.com\/hu\/melegen-hengerelt-corten-acellemez\/","title":{"rendered":"Melegen hengerelt Corten ac\u00e9llemez"},"content":{"rendered":"<p><strong>A melegen hengerelt Corten ac\u00e9llemez (Corten ac\u00e9llemez) specifik\u00e1ci\u00f3i \u00e1ltal\u00e1ban a k\u00f6vetkez\u0151 szempontokat tartalmazz\u00e1k:<\/strong><\/p>\n<p>Vastags\u00e1g: 25 mm.<br \/>\nM\u00e9ret: 1000mm x 2000mm, 1250mm x 2500mm, stb.<br \/>\nK\u00e9miai \u00f6sszet\u00e9tel: A korr\u00f3zi\u00f3\u00e1ll\u00f3s\u00e1g n\u00f6vel\u00e9se \u00e9rdek\u00e9ben \u00e1ltal\u00e1ban vasat, rezet, nikkelt, kr\u00f3mot \u00e9s m\u00e1s elemeket tartalmaz.<br \/>\nSzabv\u00e1nyos: A242 \u00e9s m\u00e1s szabv\u00e1nyoknak.<\/p>\n<table border=\"1\" cellspacing=\"0\">\n<tbody>\n<tr>\n<td>Term\u00e9k<\/td>\n<td>Melegen hengerelt Corten ac\u00e9llemez<\/td>\n<\/tr>\n<tr>\n<td>Vastags\u00e1g<\/td>\n<td>2-100mm vagy az \u00fcgyf\u00e9l k\u00e9r\u00e9s\u00e9re<\/td>\n<\/tr>\n<tr>\n<td>M\u00e9ret<\/td>\n<td>1000-3000mm 1250mm 1500mm 2000mm \u00e9s az \u00fcgyf\u00e9l szerint<\/td>\n<\/tr>\n<tr>\n<td>Alkalmaz\u00e1s<\/td>\n<td>j\u00e1rm\u0171vek, kont\u00e9nerek, \u00e9p\u00fcletek, tornyok \u00e9s egy\u00e9b szerkezetek csavaroz\u00e1s\u00e1val, szegecsel\u00e9s\u00e9vel \u00e9s hegeszt\u00e9s\u00e9vel, szerkezeti r\u00e9szek hegeszt\u00e9s\u00e9vel<\/td>\n<\/tr>\n<tr>\n<td>Fel\u00fclet<\/td>\n<td>Fekete vagy ez\u00fcst<\/td>\n<\/tr>\n<tr>\n<td>Anyag<\/td>\n<td>SPA-H, Q235NH, Q355NH, Q355GNH, 09CuPCrNiA, Corten A, CortenB, SMA400AW\/BW\/CW, SAM490AW\/BW\/CW\/, SAM570W\/P<\/td>\n<\/tr>\n<tr>\n<td>Eredet<\/td>\n<td>POSCO, JISCO, TISCO, LISCO, BAOSTEEL stb.<\/td>\n<\/tr>\n<tr>\n<td>Csomagol\u00e1si m\u00f3d<\/td>\n<td>PVC + v\u00edz\u00e1ll\u00f3 pap\u00edr + er\u0151s, tenger\u00e1ll\u00f3 fa csomagol\u00e1s<\/td>\n<\/tr>\n<tr>\n<td>F\u0151 piac<\/td>\n<td>K\u00f6zel-Kelet, Afrika, \u00c9szak- \u00e9s D\u00e9l-Amerika, Kelet- \u00e9s Nyugat-Eur\u00f3pa.<\/td>\n<\/tr>\n<tr>\n<td>Kik\u00f6t\u0151<\/td>\n<td>Qingdao, Tianjin, Shanghai<\/td>\n<\/tr>\n<tr>\n<td>Sz\u00e1ll\u00edt\u00e1si hat\u00e1rid\u0151<\/td>\n<td>FOB\/CIF\/CFR<\/td>\n<\/tr>\n<tr>\n<td>Sz\u00e1ll\u00edt\u00e1si id\u0151<\/td>\n<td>A let\u00e9t be\u00e9rkez\u00e9se ut\u00e1n 10-15 nappal<\/td>\n<\/tr>\n<\/tbody>\n<\/table>\n<p><strong>A melegen hengerelt Corten ac\u00e9llemez teljes\u00edtm\u00e9nyjellemz\u0151i a k\u00f6vetkez\u0151k:<\/strong><\/p>\n<p>Korr\u00f3zi\u00f3\u00e1ll\u00f3s\u00e1g:<\/p>\n<p>A Corten ac\u00e9l fel\u00fclet stabil rozsdar\u00e9teget k\u00e9pez, hat\u00e9konyan ellen\u00e1ll a tov\u00e1bbi korr\u00f3zi\u00f3nak, alkalmas k\u00fclt\u00e9ri haszn\u00e1latra.<br \/>\nNagy szil\u00e1rds\u00e1g:<\/p>\n<p>Nagy szak\u00edt\u00f3szil\u00e1rds\u00e1ggal \u00e9s foly\u00e1shat\u00e1rral rendelkezik, \u00e9s nagy terhel\u00e9seknek is ellen\u00e1ll.<br \/>\nKiv\u00e1l\u00f3 hegeszthet\u0151s\u00e9g:<\/p>\n<p>Hegeszt\u00e9ssel \u00e9s m\u00e1s feldolgoz\u00e1si m\u00f3dszerekkel feldolgozhat\u00f3, hogy megfeleljen a k\u00fcl\u00f6nb\u00f6z\u0151 alkalmaz\u00e1si k\u00f6vetelm\u00e9nyeknek.<br \/>\nJ\u00f3 alak\u00edthat\u00f3s\u00e1g:<\/p>\n<p>J\u00f3 alak\u00edthat\u00f3s\u00e1ggal, alkalmas \u00f6nt\u00e9si feldolgoz\u00e1sra.<br \/>\nGy\u00f6ny\u00f6r\u0171 megjelen\u00e9s:<\/p>\n<p>Az id\u0151 m\u00fal\u00e1s\u00e1val a term\u00e9szetes sz\u00edn a fel\u00fcleti rozsda miatt megv\u00e1ltozik, ami egyedi m\u0171v\u00e9szi \u00e9rz\u00e9st k\u00f6lcs\u00f6n\u00f6z neki.<br \/>\nH\u0151kezel\u00e9si teljes\u00edtm\u00e9ny:<\/p>\n<p>Nincs sz\u00fcks\u00e9g k\u00fcl\u00f6nleges h\u0151kezel\u00e9sre, de a j\u00f3 mechanikai tulajdons\u00e1gok a feldolgoz\u00e1s ut\u00e1n is megmaradnak.<br \/>\nKop\u00e1s\u00e1ll\u00f3s\u00e1g:<\/p>\n<p>Bizonyos alkalmaz\u00e1sokban j\u00f3 kop\u00e1s\u00e1ll\u00f3s\u00e1got mutat.<\/p>\n<p><a href=\"https:\/\/keweicorten.com\/hu\/products\/\"><img fetchpriority=\"high\" decoding=\"async\" class=\"alignnone\" title=\"Melegen hengerelt Corten ac\u00e9llemez\" src=\"https:\/\/th.bing.com\/th\/id\/OIP.jzXn_qdaUc_AuFmyzx-ysgHaHa?rs=1&amp;pid=ImgDetMain\" alt=\"Melegen hengerelt Corten ac\u00e9llemez f\u00e9m bevonat\u00fa fel\u00fclet \u00e1ra\" width=\"550\" height=\"550\" \/><\/a><\/p>\n<p><a href=\"https:\/\/keweicorten.com\/hu\/products\/\"><img decoding=\"async\" class=\"alignnone\" title=\"Melegen hengerelt Corten ac\u00e9llemez\" src=\"https:\/\/th.bing.com\/th\/id\/OIP.PGlPvUX5GtZLs4uk-2FJewHaHa?rs=1&amp;pid=ImgDetMain\" alt=\" Melegen hengerelt Corten ac\u00e9llemez Sz\u00e1ll\u00edt\u00f3k \u00e9s gy\u00e1rt\u00f3k - K\u00edna ...\" width=\"550\" height=\"550\" \/><\/a><\/p>","protected":false},"excerpt":{"rendered":"<p>Kiv\u00e1l\u00f3 min\u0151s\u00e9g\u0171 melegen hengerelt id\u0151j\u00e1r\u00e1s\u00e1ll\u00f3 ac\u00e9llemezeket k\u00edn\u00e1lunk a m\u0171szaki projektek sz\u00e9les sk\u00e1l\u00e1j\u00e1hoz, amelyek kiv\u00e1l\u00f3 tart\u00f3ss\u00e1got \u00e9s eszt\u00e9tik\u00e1t biztos\u00edtanak. Tov\u00e1bbi inform\u00e1ci\u00f3 most.<\/p>","protected":false},"featured_media":1617,"comment_status":"open","ping_status":"closed","template":"","meta":{"_eb_attr":"","_monsterinsights_skip_tracking":false,"_monsterinsights_sitenote_active":false,"_monsterinsights_sitenote_note":"","_monsterinsights_sitenote_category":0,"_uf_show_specific_survey":0,"_uf_disable_surveys":false},"product_brand":[],"product_cat":[21],"product_tag":[],"class_list":{"0":"post-1616","1":"product","2":"type-product","3":"status-publish","4":"has-post-thumbnail","6":"product_cat-weather-resistant-steel-plate","8":"first","9":"instock","10":"shipping-taxable","11":"product-type-simple"},"_links":{"self":[{"href":"https:\/\/keweicorten.com\/hu\/wp-json\/wp\/v2\/product\/1616"}],"collection":[{"href":"https:\/\/keweicorten.com\/hu\/wp-json\/wp\/v2\/product"}],"about":[{"href":"https:\/\/keweicorten.com\/hu\/wp-json\/wp\/v2\/types\/product"}],"replies":[{"embeddable":true,"href":"https:\/\/keweicorten.com\/hu\/wp-json\/wp\/v2\/comments?post=1616"}],"version-history":[{"count":1,"href":"https:\/\/keweicorten.com\/hu\/wp-json\/wp\/v2\/product\/1616\/revisions"}],"predecessor-version":[{"id":1618,"href":"https:\/\/keweicorten.com\/hu\/wp-json\/wp\/v2\/product\/1616\/revisions\/1618"}],"wp:featuredmedia":[{"embeddable":true,"href":"https:\/\/keweicorten.com\/hu\/wp-json\/wp\/v2\/media\/1617"}],"wp:attachment":[{"href":"https:\/\/keweicorten.com\/hu\/wp-json\/wp\/v2\/media?parent=1616"}],"wp:term":[{"taxonomy":"product_brand","embeddable":true,"href":"https:\/\/keweicorten.com\/hu\/wp-json\/wp\/v2\/product_brand?post=1616"},{"taxonomy":"product_cat","embeddable":true,"href":"https:\/\/keweicorten.com\/hu\/wp-json\/wp\/v2\/product_cat?post=1616"},{"taxonomy":"product_tag","embeddable":true,"href":"https:\/\/keweicorten.com\/hu\/wp-json\/wp\/v2\/product_tag?post=1616"}],"curies":[{"name":"wp","href":"https:\/\/api.w.org\/{rel}","templated":true}]}}