{"id":1619,"date":"2024-09-29T07:14:27","date_gmt":"2024-09-29T07:14:27","guid":{"rendered":"https:\/\/keweicorten.com\/?post_type=product&#038;p=1619"},"modified":"2024-09-29T07:14:28","modified_gmt":"2024-09-29T07:14:28","slug":"hidegen-hengerelt-acellemez","status":"publish","type":"product","link":"https:\/\/keweicorten.com\/hu\/hidegen-hengerelt-acellemez\/","title":{"rendered":"hidegen hengerelt ac\u00e9llemez"},"content":{"rendered":"<p><strong>A hidegen hengerelt ac\u00e9llemez a k\u00f6vetkez\u0151 tulajdons\u00e1gokkal rendelkezik:<\/strong><\/p>\n<ul>\n<li>Sima fel\u00fclet: A hidegen hengerelt ac\u00e9llemez sima fel\u00fclet\u0171 \u00e9s sz\u00e9p megjelen\u00e9s\u0171, amely alkalmas a j\u00f3 fel\u00fcleti min\u0151s\u00e9get ig\u00e9nyl\u0151 alkalmaz\u00e1sokhoz.<\/li>\n<li>Nagy pontoss\u00e1g: A hidegen hengerelt ac\u00e9llemezek vastags\u00e1g- \u00e9s m\u00e9retpontoss\u00e1ga a hidegen hengerelt ac\u00e9llemezek vastags\u00e1g- \u00e9s m\u00e9retpontoss\u00e1ga magas.<\/li>\n<li>Nagy szil\u00e1rds\u00e1g: A hidegen hengerelt ac\u00e9llemezek a feldolgoz\u00e1s sor\u00e1n hidegen deform\u00e1l\u00f3dnak, \u00e9s \u00e1ltal\u00e1ban nagyobb szil\u00e1rds\u00e1ggal \u00e9s kem\u00e9nys\u00e9ggel rendelkeznek, mint a melegen hengerelt ac\u00e9llemezek.<\/li>\n<li>J\u00f3 sz\u00edv\u00f3ss\u00e1g: A lemez m\u00e9g mindig rendelkezik bizonyos sz\u00edv\u00f3ss\u00e1ggal, \u00e9s alkalmas az \u00fct\u0151terhel\u00e9sek elvisel\u00e9s\u00e9re.<\/li>\n<li>K\u00f6nnyen feldolgozhat\u00f3: a hidegen hengerelt ac\u00e9llemezek hegeszthet\u0151k, b\u00e9lyegezhet\u0151k, hajl\u00edthat\u00f3k \u00e9s m\u00e1s ut\u00f3lagos feldolgozhat\u00f3k, hogy megfeleljenek a k\u00fcl\u00f6nb\u00f6z\u0151 ipari ig\u00e9nyeknek.<\/li>\n<li>Korr\u00f3zi\u00f3\u00e1ll\u00f3s\u00e1g: Az ac\u00e9llemez fel\u00fclet\u00e9t \u00e1ltal\u00e1ban rozsd\u00e1tlan\u00edt\u00e1ssal kezelik, \u00e9s egyes fajt\u00e1k jav\u00edthatj\u00e1k a korr\u00f3zi\u00f3\u00e1ll\u00f3s\u00e1got.<\/li>\n<li>F\u00e1rad\u00e1si szil\u00e1rds\u00e1g: A hidegen hengerelt ac\u00e9llemezek \u00e1ltal\u00e1ban nagy f\u00e1rad\u00e1si szil\u00e1rds\u00e1ggal rendelkeznek, \u00e9s olyan alkalmaz\u00e1sokhoz alkalmasak, amelyek tart\u00f3ss\u00e1got ig\u00e9nyelnek.<\/li>\n<\/ul>\n<p><strong>Hidegen hengerelt ac\u00e9llemezek k\u00f6z\u00f6s specifik\u00e1ci\u00f3s t\u00e1bl\u00e1zata\uff1a<\/strong><\/p>\n<table style=\"height: 50px;\" width=\"603\">\n<thead>\n<tr>\n<th>vastags\u00e1g\uff08mm\uff09<\/th>\n<th>sz\u00e9less\u00e9g\uff08mm\uff09<\/th>\n<th>Hossz\u00fas\u00e1g\uff08mm\uff09<\/th>\n<th>Min\u0151s\u00e9g\uff08kg\/m\u00b2\uff09<\/th>\n<\/tr>\n<\/thead>\n<\/table>\n<div>\n<table style=\"height: 34px;\" width=\"602\">\n<tbody>\n<tr>\n<td>0.3<\/td>\n<td>1000<\/td>\n<td>2000<\/td>\n<td>2.3<\/td>\n<\/tr>\n<\/tbody>\n<\/table>\n<\/div>\n<div>\n<table style=\"height: 32px;\" width=\"602\">\n<tbody>\n<tr>\n<td>0.5<\/td>\n<td>1000<\/td>\n<td>2000<\/td>\n<td>3.9<\/td>\n<\/tr>\n<\/tbody>\n<\/table>\n<\/div>\n<div>\n<table style=\"height: 35px;\" width=\"602\">\n<tbody>\n<tr>\n<td>0.8<\/td>\n<td>1000<\/td>\n<td>2000<\/td>\n<td>6.2<\/td>\n<\/tr>\n<\/tbody>\n<\/table>\n<\/div>\n<div>\n<table style=\"height: 38px;\" width=\"600\">\n<tbody>\n<tr>\n<td>1.0<\/td>\n<td>1000<\/td>\n<td>2000<\/td>\n<td>7.85<\/td>\n<\/tr>\n<\/tbody>\n<\/table>\n<\/div>\n<div>\n<table style=\"height: 39px;\" width=\"600\">\n<tbody>\n<tr>\n<td>1.5<\/td>\n<td>1000<\/td>\n<td>2000<\/td>\n<td>11.8<\/td>\n<\/tr>\n<\/tbody>\n<\/table>\n<\/div>\n<div>\n<table style=\"height: 13px;\" width=\"600\">\n<tbody>\n<tr>\n<td>2.0<\/td>\n<td>1000<\/td>\n<td>2000<\/td>\n<td>15.7<\/td>\n<\/tr>\n<\/tbody>\n<\/table>\n<\/div>\n<div>\n<table style=\"height: 32px;\" width=\"600\">\n<tbody>\n<tr>\n<td>3.0<\/td>\n<td>1000<\/td>\n<td>2000<\/td>\n<td>23.4<\/td>\n<\/tr>\n<\/tbody>\n<\/table>\n<p><a href=\"https:\/\/keweicorten.com\/hu\/products\/\"><img fetchpriority=\"high\" decoding=\"async\" class=\"alignnone\" title=\"Hidegen hengerelt id\u0151j\u00e1r\u00e1s\u00e1ll\u00f3 Corten ac\u00e9llemez\" src=\"https:\/\/th.bing.com\/th\/id\/R.7d3d96359760168a62b545d7a34dec4c?rik=UIQkD29QgLt3Ew&amp;pid=ImgRaw&amp;r=0\" alt=\"Hidegen hengerelt id\u0151j\u00e1r\u00e1s\u00e1ll\u00f3 Corten ac\u00e9llemez| keweicorten\" width=\"608\" height=\"355\" \/><\/a><\/p>\n<p><a href=\"https:\/\/keweicorten.com\/hu\/products\/\"><img decoding=\"async\" class=\"alignnone\" title=\"Hidegen hengerelt id\u0151j\u00e1r\u00e1s\u00e1ll\u00f3 Corten ac\u00e9llemez\" src=\"https:\/\/th.bing.com\/th\/id\/R.b047684d38961f37ec21afb9ea1a92ce?rik=oeK6kzxpnhIvpA&amp;pid=ImgRaw&amp;r=0\" alt=\"Hidegen hengerelt rozsdamentes ac\u00e9llemez -keweicorten \" width=\"606\" height=\"606\" \/><\/a><\/p>\n<\/div>","protected":false},"excerpt":{"rendered":"<p>A hidegen hengerelt ac\u00e9llemezeket hideghengerl\u00e9ssel dolgozz\u00e1k fel, \u00e9s \u00e1ltal\u00e1ban nagy szil\u00e1rds\u00e1ggal \u00e9s j\u00f3 fel\u00fcleti fel\u00fclettel rendelkeznek. A hengerm\u0171 norm\u00e1l h\u0151m\u00e9rs\u00e9kleten hengerli, \u00e9s hat\u00e9konyan jav\u00edtja az ac\u00e9l mechanikai tulajdons\u00e1gait.<\/p>","protected":false},"featured_media":1620,"comment_status":"open","ping_status":"closed","template":"","meta":{"_eb_attr":"","_monsterinsights_skip_tracking":false,"_monsterinsights_sitenote_active":false,"_monsterinsights_sitenote_note":"","_monsterinsights_sitenote_category":0,"_uf_show_specific_survey":0,"_uf_disable_surveys":false},"product_brand":[],"product_cat":[21],"product_tag":[],"class_list":{"0":"post-1619","1":"product","2":"type-product","3":"status-publish","4":"has-post-thumbnail","6":"product_cat-weather-resistant-steel-plate","8":"first","9":"instock","10":"shipping-taxable","11":"product-type-simple"},"_links":{"self":[{"href":"https:\/\/keweicorten.com\/hu\/wp-json\/wp\/v2\/product\/1619"}],"collection":[{"href":"https:\/\/keweicorten.com\/hu\/wp-json\/wp\/v2\/product"}],"about":[{"href":"https:\/\/keweicorten.com\/hu\/wp-json\/wp\/v2\/types\/product"}],"replies":[{"embeddable":true,"href":"https:\/\/keweicorten.com\/hu\/wp-json\/wp\/v2\/comments?post=1619"}],"version-history":[{"count":1,"href":"https:\/\/keweicorten.com\/hu\/wp-json\/wp\/v2\/product\/1619\/revisions"}],"predecessor-version":[{"id":1621,"href":"https:\/\/keweicorten.com\/hu\/wp-json\/wp\/v2\/product\/1619\/revisions\/1621"}],"wp:featuredmedia":[{"embeddable":true,"href":"https:\/\/keweicorten.com\/hu\/wp-json\/wp\/v2\/media\/1620"}],"wp:attachment":[{"href":"https:\/\/keweicorten.com\/hu\/wp-json\/wp\/v2\/media?parent=1619"}],"wp:term":[{"taxonomy":"product_brand","embeddable":true,"href":"https:\/\/keweicorten.com\/hu\/wp-json\/wp\/v2\/product_brand?post=1619"},{"taxonomy":"product_cat","embeddable":true,"href":"https:\/\/keweicorten.com\/hu\/wp-json\/wp\/v2\/product_cat?post=1619"},{"taxonomy":"product_tag","embeddable":true,"href":"https:\/\/keweicorten.com\/hu\/wp-json\/wp\/v2\/product_tag?post=1619"}],"curies":[{"name":"wp","href":"https:\/\/api.w.org\/{rel}","templated":true}]}}