{"id":1622,"date":"2024-09-29T08:36:56","date_gmt":"2024-09-29T08:36:56","guid":{"rendered":"https:\/\/keweicorten.com\/?post_type=product&#038;p=1622"},"modified":"2025-10-15T07:02:51","modified_gmt":"2025-10-15T07:02:51","slug":"corten-kerti-paravanok-2","status":"publish","type":"product","link":"https:\/\/keweicorten.com\/hu\/corten-kerti-paravanok-2\/","title":{"rendered":"corten kerti parav\u00e1nok"},"content":{"rendered":"<p style=\"text-align: center;\"><strong>A Corten kerti parav\u00e1nok k\u00fcl\u00f6nb\u00f6z\u0151 specifik\u00e1ci\u00f3kban k\u00e9sz\u00fclnek:<\/strong><\/p>\n<ol>\n<li><strong>Anyagvastags\u00e1g<\/strong>: \u00c1ltal\u00e1ban 2 mm \u00e9s 6 mm k\u00f6z\u00f6tt mozog, a k\u00edv\u00e1nt tart\u00f3ss\u00e1gt\u00f3l \u00e9s eszt\u00e9tik\u00e1t\u00f3l f\u00fcgg\u0151en.<\/li>\n<li><strong>M\u00e9retek<\/strong>: A szabv\u00e1nyos m\u00e9retek k\u00f6z\u00f6tt szerepelhetnek 1m x 2m, 1,5m x 3m m\u00e9ret\u0171 panelek, vagy egyedi m\u00e9retek, amelyek illeszkednek az adott kerttervez\u00e9shez.<\/li>\n<li><strong>Tervez\u00e9s<\/strong>: Kaphat\u00f3 egysz\u00edn\u0171 panelekkel, perfor\u00e1lt mint\u00e1kkal vagy dekorat\u00edv kiv\u00e1g\u00e1sokkal a mag\u00e1n\u00e9let \u00e9s az eszt\u00e9tikum \u00e9rdek\u00e9ben.<\/li>\n<li><strong>Befejez\u00e9s<\/strong>: A term\u00e9szetes rozsdafest\u00e9s az id\u0151 m\u00fal\u00e1s\u00e1val alakul ki, ami a k\u00f6rnyezeti viszonyokt\u00f3l f\u00fcgg\u0151en v\u00e1ltoz\u00f3, egyedi megjelen\u00e9st biztos\u00edt.<\/li>\n<li><strong>Telep\u00edt\u00e9s<\/strong>: Gyakran \u00fagy tervezt\u00e9k, hogy k\u00f6nnyen telep\u00edthet\u0151 legyen, szabadon \u00e1ll\u00f3 vagy szerelt alkalmaz\u00e1ssal.<\/li>\n<\/ol>\n<p><iframe title=\"YouTube video player\" src=\"https:\/\/www.youtube.com\/embed\/q2R3RdexYNE?si=_bYZaV0LabZu30Z-\" width=\"560\" height=\"315\" frameborder=\"0\" allowfullscreen=\"allowfullscreen\"><\/iframe><\/p>\n<table class=\"has-title all magic-11\" style=\"height: 154px;\" width=\"599\">\n<tbody>\n<tr>\n<td>\n<div class=\"magic-12\"><span style=\"font-size: medium;\">Term\u00e9k neve<\/span><\/div>\n<\/td>\n<td>\n<div class=\"magic-13\">Modern Corten ac\u00e9l f\u00e9m udvari ker\u00edt\u00e9s panelek olcs\u00f3 \u00e1rral<\/div>\n<\/td>\n<\/tr>\n<tr>\n<td>\n<div class=\"magic-14\"><span style=\"font-size: medium;\">Anyag<\/span><\/div>\n<\/td>\n<td>\n<div class=\"magic-15\"><span style=\"font-size: medium;\">Corten ac\u00e9l<\/span><\/div>\n<\/td>\n<\/tr>\n<tr>\n<td>\n<div class=\"magic-14\"><span style=\"font-size: medium;\">Sz\u00ednes<\/span><\/div>\n<\/td>\n<td>\n<div class=\"magic-15\"><span style=\"font-size: medium;\">Eredeti vagy rozsdav\u00f6r\u00f6s<\/span><\/div>\n<\/td>\n<\/tr>\n<tr>\n<td>\n<div class=\"magic-14\"><span style=\"font-size: medium;\">M\u00e9ret<\/span><\/div>\n<\/td>\n<td>\n<div class=\"magic-15\"><span style=\"font-size: medium;\">1500mm * 100mm * 10mm vagy testreszabott k\u00f6vetelm\u00e9ny szerint<\/span><\/div>\n<\/td>\n<\/tr>\n<tr>\n<td>\n<div class=\"magic-14\"><span style=\"font-size: medium;\">Alkalmaz\u00e1s<\/span><\/div>\n<\/td>\n<td>\n<div class=\"magic-15\"><span style=\"font-size: medium;\">falf\u00fcgg\u00f6ny, kerti parav\u00e1n, ker\u00edt\u00e9spanelek<\/span><\/div>\n<\/td>\n<\/tr>\n<\/tbody>\n<\/table>\n<p>Kaphat\u00f3 m\u00e9retek: 60x120cm,80x160cm,90x180cm<\/p>\n<p>K\u00fcl\u00f6nb\u00f6z\u0151 divatos design<\/p>\n<p>Anyag r\u00e9szletek: Corten ac\u00e9l, horganyzott ac\u00e9l vagy egyedi anyag.<\/p>\n<p>Befejez\u00e9s: rozsd\u00e1s patin\u00e1s fel\u00fclet, porsz\u00f3rt fel\u00fclet, fest\u00e9s stb.<\/p>\n<p>A patina v\u00e9d a tov\u00e1bbi korr\u00f3zi\u00f3t\u00f3l<\/p>\n<p>Lakoss\u00e1gi \u00e9s kereskedelmi k\u00f6rnyezetben egyar\u00e1nt haszn\u00e1lhat\u00f3<\/p>\n<p>&nbsp;<\/p>\n<p><a href=\"https:\/\/keweicorten.com\/hu\"><img fetchpriority=\"high\" decoding=\"async\" class=\"aligncenter\" title=\"K\u00fclt\u00e9ri kerti parav\u00e1n\" src=\"https:\/\/sc04.alicdn.com\/kf\/H5339dbfd65f6487d81d45d921c42d7874\/252624420\/H5339dbfd65f6487d81d45d921c42d7874.jpg\" alt=\"K\u00fclt\u00e9ri kerti k\u00e9perny\u0151 gy\u00e1rt\u00f3k, besz\u00e1ll\u00edt\u00f3k, testreszabott\" width=\"599\" height=\"447\" \/><\/a><\/p>","protected":false},"excerpt":{"rendered":"<p>A Corten kerti parav\u00e1n t\u00f6k\u00e9letesen \u00f6tv\u00f6zi a m\u0171v\u00e9szetet \u00e9s a funkci\u00f3t, hogy n\u00f6velje kertje sz\u00e9ps\u00e9g\u00e9t, tart\u00f3s mag\u00e1n\u00e9letet \u00e9s v\u00e9delmet biztos\u00edtson, \u00e9s szem\u00e9lyre szabott diz\u00e1jnt mutasson.<\/p>","protected":false},"featured_media":1623,"comment_status":"open","ping_status":"closed","template":"","meta":{"_eb_attr":"","_monsterinsights_skip_tracking":false,"_monsterinsights_sitenote_active":false,"_monsterinsights_sitenote_note":"","_monsterinsights_sitenote_category":0,"_uf_show_specific_survey":0,"_uf_disable_surveys":false},"product_brand":[],"product_cat":[57],"product_tag":[],"class_list":{"0":"post-1622","1":"product","2":"type-product","3":"status-publish","4":"has-post-thumbnail","6":"product_cat-screen-panel","8":"first","9":"instock","10":"shipping-taxable","11":"product-type-simple"},"_links":{"self":[{"href":"https:\/\/keweicorten.com\/hu\/wp-json\/wp\/v2\/product\/1622"}],"collection":[{"href":"https:\/\/keweicorten.com\/hu\/wp-json\/wp\/v2\/product"}],"about":[{"href":"https:\/\/keweicorten.com\/hu\/wp-json\/wp\/v2\/types\/product"}],"replies":[{"embeddable":true,"href":"https:\/\/keweicorten.com\/hu\/wp-json\/wp\/v2\/comments?post=1622"}],"version-history":[{"count":2,"href":"https:\/\/keweicorten.com\/hu\/wp-json\/wp\/v2\/product\/1622\/revisions"}],"predecessor-version":[{"id":5680,"href":"https:\/\/keweicorten.com\/hu\/wp-json\/wp\/v2\/product\/1622\/revisions\/5680"}],"wp:featuredmedia":[{"embeddable":true,"href":"https:\/\/keweicorten.com\/hu\/wp-json\/wp\/v2\/media\/1623"}],"wp:attachment":[{"href":"https:\/\/keweicorten.com\/hu\/wp-json\/wp\/v2\/media?parent=1622"}],"wp:term":[{"taxonomy":"product_brand","embeddable":true,"href":"https:\/\/keweicorten.com\/hu\/wp-json\/wp\/v2\/product_brand?post=1622"},{"taxonomy":"product_cat","embeddable":true,"href":"https:\/\/keweicorten.com\/hu\/wp-json\/wp\/v2\/product_cat?post=1622"},{"taxonomy":"product_tag","embeddable":true,"href":"https:\/\/keweicorten.com\/hu\/wp-json\/wp\/v2\/product_tag?post=1622"}],"curies":[{"name":"wp","href":"https:\/\/api.w.org\/{rel}","templated":true}]}}