{"id":1648,"date":"2024-09-30T06:36:19","date_gmt":"2024-09-30T06:36:19","guid":{"rendered":"https:\/\/keweicorten.com\/?post_type=product&#038;p=1648"},"modified":"2024-09-30T06:36:19","modified_gmt":"2024-09-30T06:36:19","slug":"q295nh-corten-acellemezek-idojarasalloak","status":"publish","type":"product","link":"https:\/\/keweicorten.com\/hu\/q295nh-corten-acellemezek-idojarasalloak\/","title":{"rendered":"Q295NH Corten ac\u00e9l panelek id\u0151j\u00e1r\u00e1s\u00e1ll\u00f3"},"content":{"rendered":"<p><strong>A Q295NH Corten ac\u00e9llemezek teljes\u00edtm\u00e9nyjellemz\u0151i:<\/strong><\/p>\n<p>1. Id\u0151j\u00e1r\u00e1s\u00e1ll\u00f3s\u00e1g:<br \/>\n\u00d6nv\u00e9d\u0151 rozsdar\u00e9teg:<br \/>\nA Q295NH stabil oxidr\u00e9teget (patin\u00e1t) k\u00e9pez, amikor l\u00e9gk\u00f6ri hat\u00e1soknak van kit\u00e9ve, ami megakad\u00e1lyozza a tov\u00e1bbi korr\u00f3zi\u00f3t. Ez a patina id\u0151vel kialakul, \u00edgy az anyag rendk\u00edv\u00fcl id\u0151j\u00e1r\u00e1s\u00e1ll\u00f3v\u00e1 v\u00e1lik, fest\u00e9s vagy tov\u00e1bbi bevonatok n\u00e9lk\u00fcl.<br \/>\nKorr\u00f3zi\u00f3\u00e1ll\u00f3s\u00e1g:<br \/>\nAz ac\u00e9l a hagyom\u00e1nyos ac\u00e9lhoz k\u00e9pest jobban ellen\u00e1ll a l\u00e9gk\u00f6ri korr\u00f3zi\u00f3nak, k\u00fcl\u00f6n\u00f6sen a v\u00e1ltoz\u00f3 p\u00e1ratartalm\u00fa \u00e9s nedves-sz\u00e1raz ciklusokkal jellemezhet\u0151 k\u00f6rnyezetben.<\/p>\n<p>2. Mechanikai tulajdons\u00e1gok:<br \/>\nSzak\u00edt\u00f3szil\u00e1rds\u00e1g: \u2265 490 MPa<br \/>\nFoly\u00e1shat\u00e1r: \u2265 295 MPa<br \/>\nNy\u00fal\u00e1s:\u2265 20%<br \/>\nEzek a mechanikai tulajdons\u00e1gok teszik a Q295NH-t alkalmass\u00e1 a nagy ig\u00e9nybev\u00e9telnek kitett k\u00f6rnyezetekben val\u00f3 alkalmaz\u00e1sra, mik\u00f6zben meg\u0151rzi a rugalmass\u00e1got \u00e9s a sz\u00edv\u00f3ss\u00e1got.<\/p>\n<p>3. \u00dct\u00e9s\u00e1ll\u00f3s\u00e1g:<br \/>\n\u00dct\u00e9si energia:\u2265 27J -20\u00b0C-on<br \/>\nEz a magas \u00fct\u00e9s\u00e1ll\u00f3s\u00e1g alacsony h\u0151m\u00e9rs\u00e9kleten biztos\u00edtja, hogy az ac\u00e9l tart\u00f3s maradjon a zord \u00e9ghajlaton is.4. Nagy tart\u00f3ss\u00e1g:**<br \/>\nHossz\u00fa \u00e9lettartam:<br \/>\nA term\u00e9szetes rozsdar\u00e9teg hossz\u00fa t\u00e1v\u00fa v\u00e9delmet ny\u00fajt, \u00edgy alkalmas k\u00fclt\u00e9ri alkalmaz\u00e1sokhoz, p\u00e9ld\u00e1ul homlokzatokhoz, hidakhoz \u00e9s \u00e9p\u00edt\u00e9szeti elemekhez.<br \/>\nAlacsony karbantart\u00e1s:<br \/>\nAz \u00f6nk\u00e9pz\u0151d\u0151 v\u00e9d\u0151r\u00e9tegnek k\u00f6sz\u00f6nhet\u0151en a fest\u00e9s \u00e9s a karbantart\u00e1s ig\u00e9nye minim\u00e1lis.<\/p>\n<p>5. Hegeszthet\u0151s\u00e9g:<br \/>\nA Q295NH j\u00f3l hegeszthet\u0151, \u00edgy k\u00f6nnyen gy\u00e1rthat\u00f3 \u00e9s be\u00e9p\u00edthet\u0151 nagym\u00e9ret\u0171 szerkezetekbe. Az id\u0151j\u00e1r\u00e1s\u00e1ll\u00f3 tulajdons\u00e1gok meg\u0151rz\u00e9se \u00e9rdek\u00e9ben megfelel\u0151 hegeszt\u00e9si technik\u00e1kat kell alkalmazni.<\/p>\n<p>6. L\u00e9gk\u00f6ri alkalmazkod\u00f3k\u00e9pess\u00e9g:<br \/>\nAlkalmazkodik a zord \u00e9ghajlathoz:<br \/>\nAz ac\u00e9l sz\u00e1raz \u00e9s nedves k\u00f6rnyezetben egyar\u00e1nt j\u00f3l teljes\u00edt, \u00e9s ellen\u00e1ll az UV-sug\u00e1rz\u00e1snak \u00e9s a szennyez\u00e9snek.<br \/>\nPatina fejleszt\u00e9s:<br \/>\nA patina gyorsabban fejl\u0151dik a nedves \u00e9s sz\u00e1raz k\u00f6rnyezet v\u00e1ltakoz\u00e1s\u00e1ban, \u00edgy id\u0151vel jobb v\u00e9delmet ny\u00fajt.<\/p>\n<p>7. Eszt\u00e9tikai vonzer\u0151:<br \/>\nTerm\u00e9szetes, id\u0151j\u00e1r\u00e1sf\u00fcgg\u0151 megjelen\u00e9s:<br \/>\nA rozsd\u00e1s fel\u00fclet vonz\u00f3, rusztikus megjelen\u00e9s\u0171, ami nagyon k\u00edv\u00e1natos az \u00e9p\u00edt\u00e9szeti \u00e9s kert\u00e9p\u00edt\u00e9szeti alkalmaz\u00e1sokban.<\/p>\n<p>8. K\u00f6rnyezeti el\u0151ny\u00f6k:<br \/>\nFenntarthat\u00f3s\u00e1g:<br \/>\nA Q295NH a fest\u00e9k vagy bevonat sz\u00fcks\u00e9gess\u00e9g\u00e9nek kik\u00fcsz\u00f6b\u00f6l\u00e9s\u00e9vel k\u00f6rnyezetbar\u00e1tabbnak tekinthet\u0151. A patina cs\u00f6kkenti az ac\u00e9l roml\u00e1s\u00e1t, meghosszabb\u00edtja az \u00e9lettartam\u00e1t \u00e9s cs\u00f6kkenti a cser\u00e9k sz\u00fcks\u00e9gess\u00e9g\u00e9t.<\/p>\n<p><a href=\"https:\/\/keweicorten.com\/hu\"><img fetchpriority=\"high\" decoding=\"async\" class=\"alignnone\" title=\"Q295NH Corten ac\u00e9l panelek id\u0151j\u00e1r\u00e1s\u00e1ll\u00f3 \" src=\"https:\/\/th.bing.com\/th\/id\/OIP._-rX8x76XtiJCvzh5ULlWwAAAA?rs=1&amp;pid=ImgDetMain\" alt=\"Q295NH Corten ac\u00e9llemezek id\u0151j\u00e1r\u00e1s\u00e1ll\u00f3 gy\u00e1r, porcel\u00e1n, \u00e1r, gy\u00e1rt\u00f3k, \" width=\"600\" height=\"600\" \/><\/a><\/p>\n<p><a href=\"https:\/\/keweicorten.com\/hu\/termek\/corten-kerti-paravanok\/\"><img decoding=\"async\" class=\"alignnone\" title=\"Q295NH Corten ac\u00e9l panelek id\u0151j\u00e1r\u00e1s\u00e1ll\u00f3 \" src=\"https:\/\/th.bing.com\/th\/id\/R.b85b66e6f1a03b187a7a190e3c04c310?rik=kKtgu8fkuFUPLA&amp;riu=http%3a%2f%2fwww.sdxawy.com%2fUploadFiles%2fOthers%2f201507081113359580278.jpg&amp;ehk=TFvcfO%2fBsrEHg0n7Qm9ZVT9EjVarZKMOBTpSW3Gm2LY%3d&amp;risl=&amp;pid=ImgRaw&amp;r=0\" alt=\"Q295NH Corten ac\u00e9llemezek id\u0151j\u00e1r\u00e1s\u00e1ll\u00f3 gy\u00e1r, porcel\u00e1n, \u00e1r, gy\u00e1rt\u00f3k, \" width=\"601\" height=\"413\" \/><\/a><\/p>","protected":false},"excerpt":{"rendered":"<ul>\n<li><strong>Anyag neve:<\/strong> Q295NH Corten ac\u00e9l<\/li>\n<li><strong>T\u00edpus:<\/strong> Id\u0151j\u00e1r\u00e1s\u00e1ll\u00f3 ac\u00e9l<\/li>\n<li><strong>Alkalmaz\u00e1s:<\/strong> \u00c9p\u00fcletpanelek, k\u00fclt\u00e9ri szerkezetek, hidak, kerti b\u00fatorok stb.<\/li>\n<\/ul>","protected":false},"featured_media":1649,"comment_status":"open","ping_status":"closed","template":"","meta":{"_eb_attr":"","_monsterinsights_skip_tracking":false,"_monsterinsights_sitenote_active":false,"_monsterinsights_sitenote_note":"","_monsterinsights_sitenote_category":0,"_uf_show_specific_survey":0,"_uf_disable_surveys":false},"product_brand":[],"product_cat":[21],"product_tag":[],"class_list":{"0":"post-1648","1":"product","2":"type-product","3":"status-publish","4":"has-post-thumbnail","6":"product_cat-weather-resistant-steel-plate","8":"first","9":"instock","10":"shipping-taxable","11":"product-type-simple"},"_links":{"self":[{"href":"https:\/\/keweicorten.com\/hu\/wp-json\/wp\/v2\/product\/1648"}],"collection":[{"href":"https:\/\/keweicorten.com\/hu\/wp-json\/wp\/v2\/product"}],"about":[{"href":"https:\/\/keweicorten.com\/hu\/wp-json\/wp\/v2\/types\/product"}],"replies":[{"embeddable":true,"href":"https:\/\/keweicorten.com\/hu\/wp-json\/wp\/v2\/comments?post=1648"}],"version-history":[{"count":1,"href":"https:\/\/keweicorten.com\/hu\/wp-json\/wp\/v2\/product\/1648\/revisions"}],"predecessor-version":[{"id":1650,"href":"https:\/\/keweicorten.com\/hu\/wp-json\/wp\/v2\/product\/1648\/revisions\/1650"}],"wp:featuredmedia":[{"embeddable":true,"href":"https:\/\/keweicorten.com\/hu\/wp-json\/wp\/v2\/media\/1649"}],"wp:attachment":[{"href":"https:\/\/keweicorten.com\/hu\/wp-json\/wp\/v2\/media?parent=1648"}],"wp:term":[{"taxonomy":"product_brand","embeddable":true,"href":"https:\/\/keweicorten.com\/hu\/wp-json\/wp\/v2\/product_brand?post=1648"},{"taxonomy":"product_cat","embeddable":true,"href":"https:\/\/keweicorten.com\/hu\/wp-json\/wp\/v2\/product_cat?post=1648"},{"taxonomy":"product_tag","embeddable":true,"href":"https:\/\/keweicorten.com\/hu\/wp-json\/wp\/v2\/product_tag?post=1648"}],"curies":[{"name":"wp","href":"https:\/\/api.w.org\/{rel}","templated":true}]}}