{"id":1718,"date":"2024-09-30T09:00:36","date_gmt":"2024-09-30T09:00:36","guid":{"rendered":"https:\/\/keweicorten.com\/?post_type=product&#038;p=1718"},"modified":"2024-09-30T09:01:52","modified_gmt":"2024-09-30T09:01:52","slug":"astm-a709-acel","status":"publish","type":"product","link":"https:\/\/keweicorten.com\/hu\/astm-a709-acel\/","title":{"rendered":"ASTM A709 ac\u00e9l"},"content":{"rendered":"<p>Az ASTM A709 ac\u00e9l a h\u00edd- \u00e9s egy\u00e9b szerkezeti alkalmaz\u00e1sokban haszn\u00e1lt szerkezeti ac\u00e9l szabv\u00e1nyos specifik\u00e1ci\u00f3ja. Ez a specifik\u00e1ci\u00f3 a hidakban val\u00f3 felhaszn\u00e1l\u00e1sra tervezett sz\u00e9n- \u00e9s nagyszil\u00e1rds\u00e1g\u00fa, alacsony \u00f6tv\u00f6z\u00e9s\u0171 ac\u00e9llemezekre \u00e9s szerkezeti idomokra vonatkozik, hangs\u00falyt fektetve a jobb mechanikai tulajdons\u00e1gok biztos\u00edt\u00e1s\u00e1ra \u00e9s a hosszabb \u00e9lettartamot biztos\u00edt\u00f3 jobb l\u00e9gk\u00f6ri korr\u00f3zi\u00f3\u00e1ll\u00f3s\u00e1gra.<\/p>\n<p><strong>ASTM A709 ac\u00e9l (hidakn\u00e1l \u00e1ltal\u00e1nosan haszn\u00e1lt)<\/strong><\/p>\n<ul>\n<li><strong>Vastags\u00e1g (Crassitudo):<\/strong><br \/>\nA szok\u00e1sos vastags\u00e1gtartom\u00e1nyok 6 mm \u00e9s 100 mm k\u00f6z\u00f6tt vannak, de k\u00e9r\u00e9sre vastagabb lemezek is gy\u00e1rthat\u00f3k.<\/li>\n<li><strong>Sz\u00e9less\u00e9g (Latitudo):<\/strong><br \/>\n\u00c1ltal\u00e1ban 1500 mm \u00e9s 3200 mm k\u00f6z\u00f6tti sz\u00e9less\u00e9gben kaphat\u00f3k.<\/li>\n<li><strong>Hossz\u00fas\u00e1g (Longitudo):<\/strong><br \/>\nA hossz\u00fas\u00e1gok v\u00e1ltoz\u00f3ak, \u00e1ltal\u00e1ban 6000 mm \u00e9s 12 000 mm k\u00f6z\u00f6tt mozognak, vagy a projekt ig\u00e9nyei szerint egyedi hossz\u00fas\u00e1gra v\u00e1gva.<\/li>\n<\/ul>\n<p><a href=\"https:\/\/keweicorten.com\/hu\"><img fetchpriority=\"high\" decoding=\"async\" class=\"alignnone\" title=\"ASTM A709 ac\u00e9l\" src=\"https:\/\/steelplates.in\/wp-content\/uploads\/ASTM-A709-Gr-36-50-50S-50W-100-100W-HPS50W-HPS70W-HPS100W-Carbon-Plates-Manufacturers-Dealers-1.jpg\" alt=\"ASTM A709 Grade HPS 70W ac\u00e9llemez \/ lemez sz\u00e1ll\u00edt\u00f3k.\" width=\"550\" height=\"550\" \/><\/a><\/p>\n<table>\n<thead>\n<tr>\n<th><strong>Fokozat<\/strong><\/th>\n<th><strong>Foly\u00e1shat\u00e1r (ksi)<\/strong><\/th>\n<th><strong>Szak\u00edt\u00f3szil\u00e1rds\u00e1g (ksi)<\/strong><\/th>\n<th><strong>Ny\u00fal\u00e1s (%)<\/strong><\/th>\n<th><strong>Korr\u00f3zi\u00f3\u00e1ll\u00f3s\u00e1g<\/strong><\/th>\n<th><strong>Megjegyz\u00e9sek<\/strong><\/th>\n<\/tr>\n<\/thead>\n<tbody>\n<tr>\n<td>A709 Grade 36<\/td>\n<td>36<\/td>\n<td>58-80<\/td>\n<td>20 (2\u2033-ban)<\/td>\n<td>Standard<\/td>\n<td>Szabv\u00e1nyos szerkezeti ac\u00e9l.<\/td>\n<\/tr>\n<tr>\n<td>A709 Grade 50<\/td>\n<td>50<\/td>\n<td>65-85<\/td>\n<td>18 (2\u2033-ban)<\/td>\n<td>M\u00e9rs\u00e9kelt<\/td>\n<td>Magasabb foly\u00e1shat\u00e1r, \u00e1ltal\u00e1nos h\u00eddhaszn\u00e1lat.<\/td>\n<\/tr>\n<tr>\n<td>A709 Grade 50W<\/td>\n<td>50<\/td>\n<td>70-90<\/td>\n<td>18 (2\u2033-ban)<\/td>\n<td>Id\u0151j\u00e1r\u00e1s<\/td>\n<td>Jav\u00edtott l\u00e9gk\u00f6ri korr\u00f3zi\u00f3\u00e1ll\u00f3s\u00e1g, hasonl\u00f3an a Corten ac\u00e9lhoz.<\/td>\n<\/tr>\n<tr>\n<td>A709 Grade HPS 50W<\/td>\n<td>50<\/td>\n<td>70-90<\/td>\n<td>18 (2\u2033-ban)<\/td>\n<td>Id\u0151j\u00e1r\u00e1s<\/td>\n<td>Nagy teljes\u00edtm\u00e9ny\u0171 ac\u00e9l id\u0151j\u00e1r\u00e1s\u00e1ll\u00f3 tulajdons\u00e1gokkal h\u00edd\u00e9p\u00edt\u00e9shez.<\/td>\n<\/tr>\n<tr>\n<td>A709 Grade HPS 70W<\/td>\n<td>70<\/td>\n<td>85-110<\/td>\n<td>16 (2\u2033-ban)<\/td>\n<td>Id\u0151j\u00e1r\u00e1s<\/td>\n<td>Az 50W oszt\u00e1ly nagyobb szil\u00e1rds\u00e1g\u00fa v\u00e1ltozata, id\u0151j\u00e1r\u00e1s\u00e1ll\u00f3.<\/td>\n<\/tr>\n<tr>\n<td>A709 Grade HPS 100W<\/td>\n<td>100<\/td>\n<td>110-130<\/td>\n<td>16 (2\u2033-ban)<\/td>\n<td>Id\u0151j\u00e1r\u00e1s<\/td>\n<td>Nagy teljes\u00edtm\u00e9ny\u0171, nagy szil\u00e1rds\u00e1g\u00fa ac\u00e9l id\u0151j\u00e1r\u00e1s\u00e1ll\u00f3 tulajdons\u00e1gokkal.<\/td>\n<\/tr>\n<\/tbody>\n<\/table>\n<div>\n<p><strong>ASTM A709 ac\u00e9l k\u00e9miai \u00f6sszet\u00e9tele (maxim\u00e1lis \u00e9rt\u00e9kek, % t\u00f6meg szerint)<\/strong><\/p>\n<table>\n<thead>\n<tr>\n<th><strong>Elem<\/strong><\/th>\n<th><strong>36-os fokozat<\/strong><\/th>\n<th><strong>Grade 50 \u00e9s 50W<\/strong><\/th>\n<th><strong>HPS 50W<\/strong><\/th>\n<th><strong>HPS 70W<\/strong><\/th>\n<th><strong>HPS 100W<\/strong><\/th>\n<\/tr>\n<\/thead>\n<tbody>\n<tr>\n<td>Sz\u00e9n (C)<\/td>\n<td>0.26<\/td>\n<td>0.23<\/td>\n<td>0.11<\/td>\n<td>0.11<\/td>\n<td>0.11<\/td>\n<\/tr>\n<tr>\n<td>Mang\u00e1n (Mn)<\/td>\n<td>1.35<\/td>\n<td>1.35<\/td>\n<td>1.35<\/td>\n<td>1.35<\/td>\n<td>1.65<\/td>\n<\/tr>\n<tr>\n<td>Foszfor (P)<\/td>\n<td>0.04<\/td>\n<td>0.04<\/td>\n<td>0.02<\/td>\n<td>0.02<\/td>\n<td>0.02<\/td>\n<\/tr>\n<tr>\n<td>K\u00e9n (S)<\/td>\n<td>0.05<\/td>\n<td>0.05<\/td>\n<td>0.01<\/td>\n<td>0.01<\/td>\n<td>0.01<\/td>\n<\/tr>\n<tr>\n<td>Szil\u00edcium (Si)<\/td>\n<td>0.40<\/td>\n<td>0.40<\/td>\n<td>0.40<\/td>\n<td>0.40<\/td>\n<td>0.40<\/td>\n<\/tr>\n<tr>\n<td>R\u00e9z (Cu)<\/td>\n<td>N\/A<\/td>\n<td>0.20<\/td>\n<td>0.25<\/td>\n<td>0.25<\/td>\n<td>0.25<\/td>\n<\/tr>\n<tr>\n<td>Kr\u00f3m (Cr)<\/td>\n<td>N\/A<\/td>\n<td>0.45<\/td>\n<td>0.40<\/td>\n<td>0.40<\/td>\n<td>0.50<\/td>\n<\/tr>\n<tr>\n<td>Nikkel (Ni)<\/td>\n<td>N\/A<\/td>\n<td>0.25<\/td>\n<td>0.40<\/td>\n<td>0.40<\/td>\n<td>0.50<\/td>\n<\/tr>\n<\/tbody>\n<\/table>\n<p><img decoding=\"async\" class=\"alignnone\" title=\"ASTM A709 ac\u00e9l\" src=\"https:\/\/tse4-mm.cn.bing.net\/th\/id\/OIP-C.h6jTCxJxRs-nz86Dskc2MQHaHa?rs=1&amp;pid=ImgDetMain\" alt=\"K\u00edna ASTM A709 Grade 50 ac\u00e9llemez gy\u00e1rt\u00f3k, besz\u00e1ll\u00edt\u00f3k - Factory\" width=\"550\" height=\"550\" \/><\/p>\n<\/div>","protected":false},"excerpt":{"rendered":"<p>Az ASTM A709 ac\u00e9l egy nagy szil\u00e1rds\u00e1g\u00fa, alacsony \u00f6tv\u00f6z\u00e9s\u0171 szerkezeti ac\u00e9l, amelyet sz\u00e1mos alkalmaz\u00e1sban haszn\u00e1lnak, bele\u00e9rtve a hidakat, \u00e9p\u00fcleteket \u00e9s aut\u00f3p\u00e1ly\u00e1kat. Ez az ac\u00e9l kiv\u00e1l\u00f3 szil\u00e1rds\u00e1g\u00e1r\u00f3l, tart\u00f3ss\u00e1g\u00e1r\u00f3l \u00e9s sz\u00edv\u00f3ss\u00e1g\u00e1r\u00f3l ismert, ez\u00e9rt vil\u00e1gszerte n\u00e9pszer\u0171 v\u00e1laszt\u00e1s \u00e9p\u00edt\u00e9si projektekhez.<\/p>","protected":false},"featured_media":1719,"comment_status":"open","ping_status":"closed","template":"","meta":{"_eb_attr":"","_monsterinsights_skip_tracking":false,"_monsterinsights_sitenote_active":false,"_monsterinsights_sitenote_note":"","_monsterinsights_sitenote_category":0,"_uf_show_specific_survey":0,"_uf_disable_surveys":false},"product_brand":[],"product_cat":[21],"product_tag":[],"class_list":{"0":"post-1718","1":"product","2":"type-product","3":"status-publish","4":"has-post-thumbnail","6":"product_cat-weather-resistant-steel-plate","8":"first","9":"instock","10":"shipping-taxable","11":"product-type-simple"},"_links":{"self":[{"href":"https:\/\/keweicorten.com\/hu\/wp-json\/wp\/v2\/product\/1718"}],"collection":[{"href":"https:\/\/keweicorten.com\/hu\/wp-json\/wp\/v2\/product"}],"about":[{"href":"https:\/\/keweicorten.com\/hu\/wp-json\/wp\/v2\/types\/product"}],"replies":[{"embeddable":true,"href":"https:\/\/keweicorten.com\/hu\/wp-json\/wp\/v2\/comments?post=1718"}],"version-history":[{"count":2,"href":"https:\/\/keweicorten.com\/hu\/wp-json\/wp\/v2\/product\/1718\/revisions"}],"predecessor-version":[{"id":1721,"href":"https:\/\/keweicorten.com\/hu\/wp-json\/wp\/v2\/product\/1718\/revisions\/1721"}],"wp:featuredmedia":[{"embeddable":true,"href":"https:\/\/keweicorten.com\/hu\/wp-json\/wp\/v2\/media\/1719"}],"wp:attachment":[{"href":"https:\/\/keweicorten.com\/hu\/wp-json\/wp\/v2\/media?parent=1718"}],"wp:term":[{"taxonomy":"product_brand","embeddable":true,"href":"https:\/\/keweicorten.com\/hu\/wp-json\/wp\/v2\/product_brand?post=1718"},{"taxonomy":"product_cat","embeddable":true,"href":"https:\/\/keweicorten.com\/hu\/wp-json\/wp\/v2\/product_cat?post=1718"},{"taxonomy":"product_tag","embeddable":true,"href":"https:\/\/keweicorten.com\/hu\/wp-json\/wp\/v2\/product_tag?post=1718"}],"curies":[{"name":"wp","href":"https:\/\/api.w.org\/{rel}","templated":true}]}}