{"id":1744,"date":"2024-10-18T02:15:15","date_gmt":"2024-10-18T02:15:15","guid":{"rendered":"https:\/\/keweicorten.com\/?post_type=product&#038;p=1744"},"modified":"2025-01-15T06:19:50","modified_gmt":"2025-01-15T06:19:50","slug":"idojarasallo-acel-lampaoszlop","status":"publish","type":"product","link":"https:\/\/keweicorten.com\/hu\/idojarasallo-acel-lampaoszlop\/","title":{"rendered":"Id\u0151j\u00e1r\u00e1s ac\u00e9l l\u00e1mpaoszlop"},"content":{"rendered":"<p>Corten ac\u00e9l f\u00e9nydoboz - tart\u00f3s, szem\u00e9lyre szabott, alacsony karbantart\u00e1si ig\u00e9ny\u0171 ide\u00e1lis<\/p>\n<p>A k\u00fclt\u00e9ri vil\u00e1g\u00edt\u00e1s ter\u00fclet\u00e9n alapvet\u0151 fontoss\u00e1g\u00fa, hogy olyan f\u00e9nydobozt v\u00e1lasszon, amely egyszerre sz\u00e9p \u00e9s tart\u00f3s. Kiv\u00e1l\u00f3 tulajdons\u00e1gaival a Corten ac\u00e9l f\u00e9nydoboz ** megoldja a hagyom\u00e1nyos f\u00e9nydobozok k\u00f6z\u00f6s f\u00e1jdalmas pontjait, \u00e9s az els\u0151 v\u00e1laszt\u00e1ss\u00e1 v\u00e1lik az \u00d6n projektj\u00e9hez.<\/p>\n<p>1. Nem k\u00f6nny\u0171 korrod\u00e1lni, tart\u00f3s<br \/>\nA Corten ac\u00e9l legnagyobb el\u0151nye a kiv\u00e1l\u00f3 korr\u00f3zi\u00f3\u00e1ll\u00f3s\u00e1g. A Corten ac\u00e9l leveg\u0151vel \u00e9s v\u00edzzel \u00e9rintkezve egyed\u00fcl\u00e1ll\u00f3 oxid\u00e1ci\u00f3s v\u00e9d\u0151r\u00e9teget k\u00e9pez, amely hat\u00e9konyan megakad\u00e1lyozza a tov\u00e1bbi korr\u00f3zi\u00f3t. Ak\u00e1r es\u0151vel, h\u00f3val, nedvess\u00e9ggel vagy naps\u00fct\u00e9ssel szembes\u00fcl, stabil szerkezetet \u00e9s megjelen\u00e9st k\u00e9pes fenntartani. Ez a term\u00e9szetes m\u00f3don kialakult rozsdat\u00f3nus nemcsak a f\u00e9nydoboz sz\u00e9ps\u00e9g\u00e9t n\u00f6veli, hanem hossz\u00fa t\u00e1v\u00fa korr\u00f3zi\u00f3\u00e1ll\u00f3s\u00e1got is biztos\u00edt, kik\u00fcsz\u00f6b\u00f6lve a gyakori cser\u00e9vel j\u00e1r\u00f3 gondokat.<\/p>\n<p>2. K\u00fcl\u00f6nb\u00f6z\u0151 st\u00edlusok, a testreszab\u00e1s t\u00e1mogat\u00e1sa<br \/>\nK\u00edn\u00e1lunk Id\u0151j\u00e1r\u00e1s ac\u00e9l l\u00e1mpaoszlop k\u00fcl\u00f6nb\u00f6z\u0151 st\u00edlusok, t\u00e1mogatja a szem\u00e9lyre szabott testreszab\u00e1s **. Ak\u00e1r egyszer\u0171 \u00e9s modern kialak\u00edt\u00e1sra, ak\u00e1r \u00f6sszetett mint\u00e1ra vagy m\u00e1rkaidentit\u00e1s farag\u00e1sra van sz\u00fcks\u00e9ge, a Corten ac\u00e9l l\u00e1mpabur\u00e1k megfelelnek az \u00d6n ig\u00e9nyeinek. Rugalmas tervez\u00e9si \u00e9s gy\u00e1rt\u00e1si folyamata lehet\u0151v\u00e9 teszi, hogy egyedi f\u00e9nydobozt hozzon l\u00e9tre az \u00d6n sz\u00e1m\u00e1ra a k\u00fcl\u00f6nb\u00f6z\u0151 jelenetek \u00e9s ig\u00e9nyek szerint, seg\u00edtve a m\u00e1rkak\u00e9p jav\u00edt\u00e1s\u00e1t vagy egyedi t\u00e9r hangulat\u00e1nak megteremt\u00e9s\u00e9t.<\/p>\n<p>3. Alacsony karbantart\u00e1si k\u00f6lts\u00e9g<br \/>\nAz id\u0151j\u00e1r\u00e1s\u00e1ll\u00f3 ac\u00e9l l\u00e1mpaoszlopok rendk\u00edv\u00fcl alacsony karbantart\u00e1si k\u00f6lts\u00e9gekkel rendelkeznek. Ez az anyag nem ig\u00e9nyel tov\u00e1bbi fest\u00e9st vagy v\u00e9d\u0151kezel\u00e9st, \u00e9s maga az oxidr\u00e9teg a legjobb v\u00e9d\u0151g\u00e1t. Csak egy egyszer\u0171 napi tiszt\u00edt\u00e1st kell elv\u00e9geznie, meg\u0151rizheti a l\u00e1mpabur\u00e1k funkci\u00f3j\u00e1t \u00e9s sz\u00e9ps\u00e9g\u00e9t, \u00edgy a k\u00e9s\u0151bbi id\u0151szakban jelent\u0151sen cs\u00f6kkentheti a karbantart\u00e1si k\u00f6lts\u00e9geket.<\/p>\n<p>4 Hossz\u00fa \u00e9lettartam<br \/>\nA legmagasabb tart\u00f3ss\u00e1g\u00e1val az id\u0151j\u00e1r\u00e1s\u00e1ll\u00f3 ac\u00e9l l\u00e1mpaoszlopok \u00e9lettartama sokkal hosszabb, mint a k\u00f6z\u00f6ns\u00e9ges anyagok\u00e9. A Corten ac\u00e9l robusztuss\u00e1ga \u00e9s id\u0151j\u00e1r\u00e1s\u00e1ll\u00f3s\u00e1ga miatt hossz\u00fa ideig stabil tulajdons\u00e1ggal rendelkezik k\u00fclt\u00e9ri k\u00f6rnyezetben, \u00edgy hossz\u00fa t\u00e1v\u00fa befektet\u00e9s, amely nemcsak sz\u00e9p \u00e9s praktikus, hanem hossz\u00fa \u00e9veken \u00e1t szolg\u00e1lja \u00d6nt.<\/p>\n<p><a href=\"https:\/\/keweicorten.com\/hu\"><img fetchpriority=\"high\" decoding=\"async\" class=\"alignnone\" title=\"corten f\u00e9ny\" src=\"https:\/\/sc04.alicdn.com\/kf\/Hbfd36546659b40b8b1012ec41b13121bi\/235950374\/Hbfd36546659b40b8b1012ec41b13121bi.jpg\" alt=\"K\u00f6rnyezetv\u00e9delmi-frendly corten sz\u00edn\u0171 poller f\u00e9ny corten kerti l\u00e1mp\u00e1k corten k\u00fclt\u00e9ri fali l\u00e1mp\u00e1k\" width=\"650\" height=\"325\" \/><\/a><\/p>\n<p>&nbsp;<\/p>","protected":false},"excerpt":{"rendered":"<p>Ha tart\u00f3s, testreszabott, alacsony karbantart\u00e1si ig\u00e9ny\u0171, hossz\u00fa \u00e9lettartam\u00fa k\u00fclt\u00e9ri f\u00e9nydobozt keres, a Corten ac\u00e9l f\u00e9nydoboz k\u00e9ts\u00e9gtelen\u00fcl ide\u00e1lis v\u00e1laszt\u00e1s. Kiv\u00e1l\u00f3 teljes\u00edtm\u00e9nye \u00e9s st\u00edlusos kialak\u00edt\u00e1sa tart\u00f3s sz\u00e9ps\u00e9get \u00e9s funkcionalit\u00e1st k\u00f6lcs\u00f6n\u00f6z projektj\u00e9nek.<\/p>","protected":false},"featured_media":1745,"comment_status":"open","ping_status":"closed","template":"","meta":{"_eb_attr":"","_monsterinsights_skip_tracking":false,"_monsterinsights_sitenote_active":false,"_monsterinsights_sitenote_note":"","_monsterinsights_sitenote_category":0,"_uf_show_specific_survey":0,"_uf_disable_surveys":false},"product_brand":[],"product_cat":[61],"product_tag":[],"class_list":{"0":"post-1744","1":"product","2":"type-product","3":"status-publish","4":"has-post-thumbnail","6":"product_cat-light-post","8":"first","9":"instock","10":"shipping-taxable","11":"product-type-simple"},"_links":{"self":[{"href":"https:\/\/keweicorten.com\/hu\/wp-json\/wp\/v2\/product\/1744"}],"collection":[{"href":"https:\/\/keweicorten.com\/hu\/wp-json\/wp\/v2\/product"}],"about":[{"href":"https:\/\/keweicorten.com\/hu\/wp-json\/wp\/v2\/types\/product"}],"replies":[{"embeddable":true,"href":"https:\/\/keweicorten.com\/hu\/wp-json\/wp\/v2\/comments?post=1744"}],"version-history":[{"count":1,"href":"https:\/\/keweicorten.com\/hu\/wp-json\/wp\/v2\/product\/1744\/revisions"}],"predecessor-version":[{"id":1746,"href":"https:\/\/keweicorten.com\/hu\/wp-json\/wp\/v2\/product\/1744\/revisions\/1746"}],"wp:featuredmedia":[{"embeddable":true,"href":"https:\/\/keweicorten.com\/hu\/wp-json\/wp\/v2\/media\/1745"}],"wp:attachment":[{"href":"https:\/\/keweicorten.com\/hu\/wp-json\/wp\/v2\/media?parent=1744"}],"wp:term":[{"taxonomy":"product_brand","embeddable":true,"href":"https:\/\/keweicorten.com\/hu\/wp-json\/wp\/v2\/product_brand?post=1744"},{"taxonomy":"product_cat","embeddable":true,"href":"https:\/\/keweicorten.com\/hu\/wp-json\/wp\/v2\/product_cat?post=1744"},{"taxonomy":"product_tag","embeddable":true,"href":"https:\/\/keweicorten.com\/hu\/wp-json\/wp\/v2\/product_tag?post=1744"}],"curies":[{"name":"wp","href":"https:\/\/api.w.org\/{rel}","templated":true}]}}