{"id":1747,"date":"2024-10-18T07:48:03","date_gmt":"2024-10-18T07:48:03","guid":{"rendered":"https:\/\/keweicorten.com\/?post_type=product&#038;p=1747"},"modified":"2025-01-15T06:20:00","modified_gmt":"2025-01-15T06:20:00","slug":"kivalo-minosegu-corten-acel-bbq-grill","status":"publish","type":"product","link":"https:\/\/keweicorten.com\/hu\/kivalo-minosegu-corten-acel-bbq-grill\/","title":{"rendered":"Kiv\u00e1l\u00f3 min\u0151s\u00e9g\u0171 Corten ac\u00e9l BBQ grill"},"content":{"rendered":"<div style=\"width: 800px;\" class=\"wp-video\"><!--[if lt IE 9]><script>document.createElement('video');<\/script><![endif]-->\n<video class=\"wp-video-shortcode\" id=\"video-1747-1\" width=\"800\" height=\"450\" loop=\"1\" preload=\"metadata\" controls=\"controls\"><source type=\"video\/mp4\" src=\"https:\/\/keweicorten.com\/wp-content\/uploads\/2024\/10\/corten-steel-BBQ-grill.mp4?_=1\" \/><a href=\"https:\/\/keweicorten.com\/wp-content\/uploads\/2024\/10\/corten-steel-BBQ-grill.mp4\">https:\/\/keweicorten.com\/wp-content\/uploads\/2024\/10\/corten-steel-BBQ-grill.mp4<\/a><\/video><\/div>\n<p>A magas \u00e9letmin\u0151s\u00e9gre val\u00f3 t\u00f6rekv\u00e9s sor\u00e1n napjainkban sok csal\u00e1d sz\u00e1m\u00e1ra a tart\u00f3s \u00e9s k\u00f6nnyen karbantarthat\u00f3, kiv\u00e1l\u00f3 min\u0151s\u00e9g\u0171 Corten ac\u00e9l BBQ grill v\u00e1lt az els\u0151 v\u00e1laszt\u00e1ss\u00e1. Id\u0151j\u00e1r\u00e1s\u00e1ll\u00f3 ac\u00e9l grilleink p\u00e1ratlan grillez\u00e9si \u00e9lm\u00e9nyt ny\u00fajtanak kiv\u00e1l\u00f3 korr\u00f3zi\u00f3\u00e1ll\u00f3s\u00e1guknak, k\u00f6nnyen tiszt\u00edthat\u00f3 kialak\u00edt\u00e1suknak \u00e9s egyszer\u0171 telep\u00edt\u00e9s\u00fcknek k\u00f6sz\u00f6nhet\u0151en.<\/p>\n<ol>\n<li>A term\u00e9k jellemz\u0151i<br \/>\nId\u0151j\u00e1r\u00e1s\u00e1ll\u00f3 ac\u00e9l, er\u0151s \u00e9s tart\u00f3s<br \/>\nA kiv\u00e1l\u00f3 min\u0151s\u00e9g\u0171, kiv\u00e1l\u00f3 korr\u00f3zi\u00f3\u00e1ll\u00f3s\u00e1g\u00fa id\u0151j\u00e1r\u00e1s\u00e1ll\u00f3 ac\u00e9l anyag haszn\u00e1lata m\u00e9g rossz id\u0151j\u00e1r\u00e1si k\u00f6r\u00fclm\u00e9nyek k\u00f6z\u00f6tt is meg\u0151rizheti a j\u00f3 megjelen\u00e9st \u00e9s funkci\u00f3t. Ak\u00e1r k\u00fclt\u00e9ri grillez\u00e9sr\u0151l, ak\u00e1r belt\u00e9ri haszn\u00e1latr\u00f3l van sz\u00f3, ki\u00e1llja az id\u0151 pr\u00f3b\u00e1j\u00e1t.<\/li>\n<li>K\u00f6nnyen tiszt\u00edthat\u00f3 kialak\u00edt\u00e1s, id\u0151t \u00e9s energi\u00e1t takar\u00edt meg<br \/>\nAz egyed\u00fcl\u00e1ll\u00f3 kialak\u00edt\u00e1s rendk\u00edv\u00fcl egyszer\u0171v\u00e9 teszi a tiszt\u00edt\u00e1st. N\u00e9h\u00e1ny perc alatt megtiszt\u00edthatja a grillt, b\u00facs\u00fat mondhat a f\u00e1raszt\u00f3 tiszt\u00edt\u00e1si folyamatnak, \u00e9s t\u00f6bb ideje marad az \u00e9telek \u00e9lvezet\u00e9re.<\/li>\n<li>K\u00f6nnyen telep\u00edthet\u0151, k\u00e9nyelmes \u00e9s gyors<br \/>\nA telep\u00edt\u00e9s b\u00e1rki sz\u00e1m\u00e1ra egyszer\u0171, bonyolult szersz\u00e1mok \u00e9s szak\u00e9rtelem n\u00e9lk\u00fcl. Az egyszer\u0171 \u00f6sszeszerel\u00e9si l\u00e9p\u00e9sek lehet\u0151v\u00e9 teszik, hogy a lehet\u0151 legr\u00f6videbb id\u0151n bel\u00fcl elkezdje a grillez\u00e9st \u00e9s \u00e9lvezze a finom \u00e9teleket.<\/li>\n<\/ol>\n<p>Mi\u00e9rt v\u00e1lasszon minket?<br \/>\nKiv\u00e1l\u00f3 min\u0151s\u00e9g\u0171 anyag: id\u0151j\u00e1r\u00e1s\u00e1ll\u00f3 ac\u00e9l biztos\u00edtja a term\u00e9k hossz\u00fa \u00e9lettartam\u00e1t.<br \/>\nK\u00f6nnyen tiszt\u00edthat\u00f3 kialak\u00edt\u00e1s: Cs\u00f6kkentse a tiszt\u00edt\u00e1ssal j\u00e1r\u00f3 gondokat.<br \/>\nK\u00f6nny\u0171 telep\u00edt\u00e9s: Gyors \u00f6sszeszerel\u00e9s az azonnali grillez\u00e9shez.<\/p>\n<p><a href=\"https:\/\/keweicorten.com\/hu\"><img fetchpriority=\"high\" decoding=\"async\" class=\"alignnone\" title=\"corten ac\u00e9l grills\u00fct\u0151\" src=\"https:\/\/sc04.alicdn.com\/kf\/H4a94e032d1814121892c0ee8ba904035Y\/230328874\/H4a94e032d1814121892c0ee8ba904035Y.jpg\" alt=\"corten ac\u00e9l bbq grill testreszabott, nagykereskedelem, olcs\u00f3, elad\u00f3 keweicorten\" width=\"650\" height=\"433\" \/><\/a><\/p>\n<p><a href=\"https:\/\/keweicorten.com\/hu\/termek\/corten-kerti-paravanok\/\"><img decoding=\"async\" class=\"alignnone\" src=\"https:\/\/sc04.alicdn.com\/kf\/Hb286da351b8f4b9b9b3970b3a8a63625w\/230328874\/Hb286da351b8f4b9b9b3970b3a8a63625w.jpg\" alt=\"corten ac\u00e9l bbq grill testreszabott, nagykereskedelem, olcs\u00f3, elad\u00f3\" width=\"650\" height=\"650\" \/><\/a><\/p>\n<p>A Fire BBQ grill Corten ac\u00e9lb\u00f3l (vagy id\u0151j\u00e1r\u00e1s\u00e1ll\u00f3 ac\u00e9lb\u00f3l) k\u00e9sz\u00fclt, amely egy olyan \u00f6tv\u00f6zet, amely term\u00e9szetes m\u00f3don rozsdabevonatot k\u00e9pez az id\u0151j\u00e1r\u00e1snak kitett els\u0151 9 h\u00f3nap alatt. \u00c9rdekes m\u00f3don, ennek a speci\u00e1lis \u00f6tv\u00f6zetnek az \u00f6sszet\u00e9tele miatt ez a rozsdabevonat egy v\u00e9d\u0151r\u00e9teget k\u00e9pez, amely megakad\u00e1lyozza a tov\u00e1bbi rozsd\u00e1sod\u00e1st. Az alatta l\u00e9v\u0151 ac\u00e9l s\u00e9rtetlen marad, mivel a k\u00fcls\u0151 r\u00e9teg tov\u00e1bbra is v\u00e9di \u00e9s regener\u00e1lja a v\u00edz \u00e9s az oxig\u00e9n hat\u00e1s\u00e1nak kit\u00e9ve.<\/p>\n<p><a href=\"https:\/\/keweicorten.com\/hu\"><img decoding=\"async\" class=\"alignnone\" title=\"corten bbq grill\" src=\"https:\/\/sc04.alicdn.com\/kf\/Hf12500ad95134ae791d1dd097784240aV\/230328874\/Hf12500ad95134ae791d1dd097784240aV.jpg\" alt=\"corten bbq grill Factory, K\u00edna, \u00e1r, gy\u00e1rt\u00f3k keweicorten\" width=\"650\" height=\"487\" \/><\/a><\/p>\n<p class=\"magic-28\" data-spm-anchor-id=\"a2700.details.0.i45.9c387fd44v8MUV\"><b><span class=\"magic-29\"><br \/>\nMi\u00e9rt v\u00e1lasszon minket az egy\u00fcttm\u0171k\u00f6d\u00e9shez?<\/span><\/b><b><\/b><\/p>\n<p class=\"magic-28\"><span class=\"magic-31\"><span class=\"magic-19\" style=\"color: #48916c;\">1. H\u00e1ny terved van?<\/span><\/span><\/p>\n<div class=\"magic-28\">\n<p><span class=\"magic-31\"><span class=\"magic-19\">Jelenleg t\u00f6bb mint t\u00edz st\u00edlus\u00fa bbq corten ac\u00e9l grills\u00fct\u0151vel rendelkez\u00fcnk. Ha sz\u00fcks\u00e9ge van, van <\/span><\/span><span class=\"magic-19\">nem probl\u00e9ma a t\u0171zrak\u00f3helyek testreszab\u00e1sa az \u00d6n ig\u00e9nyei szerint.<\/span><\/p>\n<p class=\"magic-30\"><span class=\"magic-31\"><span style=\"color: #48916c;\">2. H\u00e1ny \u00e9ve k\u00e9sz\u00edt t\u0171zrak\u00f3helyeket? <\/span><\/span><\/p>\n<p class=\"magic-30\"><span class=\"magic-31\">A t\u0171zrak\u00f3helyeket m\u00e1r t\u00f6bb mint 4 \u00e9ve gy\u00e1rtj\u00e1k.<\/span><\/p>\n<p class=\"magic-30\"><span style=\"color: #48916c;\"><span class=\"magic-31\">3. Meg tudja csin\u00e1lni a tervez\u00e9st <\/span>nek\u00fcnk?<\/span><\/p>\n<p class=\"magic-30\"><span class=\"magic-31\">Igen, term\u00e9szetesen. professzion\u00e1lis csapatunk van, amely gazdag tapasztalattal rendelkezik a tervez\u00e9s \u00e9s a gy\u00e1rt\u00e1s ter\u00e9n. Csak k\u00fcldje el nek\u00fcnk a <span style=\"color: #000000;\">rajzok <\/span><\/span><span style=\"color: #000000;\">a sz\u00fcks\u00e9ges t\u0171zrak\u00f3helyeket vagy a f\u00e9nyk\u00e9peket a m\u00e9rettel.<\/span><\/p>\n<p class=\"magic-30\"><span class=\"magic-31\"><span style=\"color: #48916c;\">4. Mi a t\u0171zrak\u00f3helyek csomagja?<\/span><\/span><\/p>\n<p class=\"magic-30\"><span class=\"magic-31\">R\u00e9tegelt lemez doboz, vas raklap, r\u00e9tegelt lemez raklap \u00e9s az \u00fcgyf\u00e9l ig\u00e9nyei szerint.<\/span><\/p>\n<\/div>","protected":false},"excerpt":{"rendered":"<p>Ha id\u0151j\u00e1r\u00e1s\u00e1ll\u00f3 ac\u00e9lr\u00e1csainkat v\u00e1lasztja, nemcsak a magas \u00e9letmin\u0151s\u00e9get, hanem a k\u00e9nyelem \u00e9s a tart\u00f3ss\u00e1g t\u00f6k\u00e9letes kombin\u00e1ci\u00f3j\u00e1t is v\u00e1lasztja. \u00c9lvezz\u00fck egy\u00fctt a grillez\u00e9s \u00f6r\u00f6m\u00e9t!V\u00e1s\u00e1roljon most, hogy elkezdhesse kulin\u00e1ris utaz\u00e1s\u00e1t!<\/p>","protected":false},"featured_media":1748,"comment_status":"open","ping_status":"closed","template":"","meta":{"_eb_attr":"","_monsterinsights_skip_tracking":false,"_monsterinsights_sitenote_active":false,"_monsterinsights_sitenote_note":"","_monsterinsights_sitenote_category":0,"_uf_show_specific_survey":0,"_uf_disable_surveys":false},"product_brand":[],"product_cat":[63],"product_tag":[],"class_list":{"0":"post-1747","1":"product","2":"type-product","3":"status-publish","4":"has-post-thumbnail","6":"product_cat-steel-bbq-grill","8":"first","9":"instock","10":"shipping-taxable","11":"product-type-simple"},"_links":{"self":[{"href":"https:\/\/keweicorten.com\/hu\/wp-json\/wp\/v2\/product\/1747"}],"collection":[{"href":"https:\/\/keweicorten.com\/hu\/wp-json\/wp\/v2\/product"}],"about":[{"href":"https:\/\/keweicorten.com\/hu\/wp-json\/wp\/v2\/types\/product"}],"replies":[{"embeddable":true,"href":"https:\/\/keweicorten.com\/hu\/wp-json\/wp\/v2\/comments?post=1747"}],"version-history":[{"count":2,"href":"https:\/\/keweicorten.com\/hu\/wp-json\/wp\/v2\/product\/1747\/revisions"}],"predecessor-version":[{"id":1756,"href":"https:\/\/keweicorten.com\/hu\/wp-json\/wp\/v2\/product\/1747\/revisions\/1756"}],"wp:featuredmedia":[{"embeddable":true,"href":"https:\/\/keweicorten.com\/hu\/wp-json\/wp\/v2\/media\/1748"}],"wp:attachment":[{"href":"https:\/\/keweicorten.com\/hu\/wp-json\/wp\/v2\/media?parent=1747"}],"wp:term":[{"taxonomy":"product_brand","embeddable":true,"href":"https:\/\/keweicorten.com\/hu\/wp-json\/wp\/v2\/product_brand?post=1747"},{"taxonomy":"product_cat","embeddable":true,"href":"https:\/\/keweicorten.com\/hu\/wp-json\/wp\/v2\/product_cat?post=1747"},{"taxonomy":"product_tag","embeddable":true,"href":"https:\/\/keweicorten.com\/hu\/wp-json\/wp\/v2\/product_tag?post=1747"}],"curies":[{"name":"wp","href":"https:\/\/api.w.org\/{rel}","templated":true}]}}