{"id":1817,"date":"2024-10-25T06:37:18","date_gmt":"2024-10-25T06:37:18","guid":{"rendered":"https:\/\/keweicorten.com\/?post_type=product&#038;p=1817"},"modified":"2025-01-15T06:20:14","modified_gmt":"2025-01-15T06:20:14","slug":"corten-ulteto","status":"publish","type":"product","link":"https:\/\/keweicorten.com\/hu\/corten-ulteto\/","title":{"rendered":"corten vir\u00e1gcser\u00e9p"},"content":{"rendered":"<div data-elementor-type=\"product-post\" data-elementor-id=\"1817\" class=\"elementor elementor-1817\" data-elementor-post-type=\"product\">\n\t\t\t\t<div class=\"elementor-element elementor-element-458aff07 e-flex e-con-boxed e-con e-parent\" data-id=\"458aff07\" data-element_type=\"container\">\n\t\t\t\t\t<div class=\"e-con-inner\">\n\t\t\t\t<div class=\"elementor-element elementor-element-7189a10 elementor-widget__width-initial elementor-widget elementor-widget-video\" data-id=\"7189a10\" data-element_type=\"widget\" data-settings=\"{&quot;youtube_url&quot;:&quot;https:\\\/\\\/www.youtube.com\\\/watch?v=XHOmBV4js_E&quot;,&quot;video_type&quot;:&quot;youtube&quot;,&quot;controls&quot;:&quot;yes&quot;}\" data-widget_type=\"video.default\">\n\t\t\t\t<div class=\"elementor-widget-container\">\n\t\t\t\t\t\t\t<div class=\"elementor-wrapper elementor-open-inline\">\n\t\t\t<div class=\"elementor-video\"><\/div>\t\t<\/div>\n\t\t\t\t\t\t<\/div>\n\t\t\t\t<\/div>\n\t\t\t\t<div class=\"elementor-element elementor-element-adaf943 elementor-widget elementor-widget-video\" data-id=\"adaf943\" data-element_type=\"widget\" data-settings=\"{&quot;youtube_url&quot;:&quot;https:\\\/\\\/www.youtube.com\\\/watch?v=of5nKoMGgLE&quot;,&quot;autoplay&quot;:&quot;yes&quot;,&quot;play_on_mobile&quot;:&quot;yes&quot;,&quot;loop&quot;:&quot;yes&quot;,&quot;video_type&quot;:&quot;youtube&quot;,&quot;controls&quot;:&quot;yes&quot;}\" data-widget_type=\"video.default\">\n\t\t\t\t<div class=\"elementor-widget-container\">\n\t\t\t\t\t\t\t<div class=\"elementor-wrapper elementor-open-inline\">\n\t\t\t<div class=\"elementor-video\"><\/div>\t\t<\/div>\n\t\t\t\t\t\t<\/div>\n\t\t\t\t<\/div>\n\t\t\t\t<div class=\"elementor-element elementor-element-2a730689 elementor-widget elementor-widget-text-editor\" data-id=\"2a730689\" data-element_type=\"widget\" data-widget_type=\"text-editor.default\">\n\t\t\t\t<div class=\"elementor-widget-container\">\n\t\t\t\t\t\t\t\t\t<h2 style=\"text-align: center;\">Corten n\u00f6v\u00e9ny doboz nagy modern t\u00e9glalap alak\u00fa ac\u00e9l n\u00f6v\u00e9nytart\u00f3 doboz<\/h2><div>\u00a0<\/div><p style=\"text-align: center;\"><a href=\"https:\/\/keweicorten.com\/hu\"><img fetchpriority=\"high\" decoding=\"async\" class=\"alignnone\" title=\"corten \u00fcltet\u0151\" src=\"https:\/\/sc04.alicdn.com\/kf\/H86a52c3fadb744d0affd725582820c2fO\/235950374\/H86a52c3fadb744d0affd725582820c2fO.jpg\" alt=\"corten \u00fcltetv\u00e9ny nagykereskedelem, olcs\u00f3, elad\u00f3, rakt\u00e1ron keweicorten\" width=\"750\" height=\"384\" \/><\/a><\/p><p style=\"text-align: center;\">Id\u0151j\u00e1r\u00e1s\u00e1ll\u00f3s\u00e1g: a corten vir\u00e1gcserepek kiv\u00e1l\u00f3 korr\u00f3zi\u00f3\u00e1ll\u00f3s\u00e1ggal rendelkeznek, \u00e9s alkalmasak k\u00fcl\u00f6nb\u00f6z\u0151 k\u00fclt\u00e9ri k\u00f6rnyezetben val\u00f3 haszn\u00e1latra.<\/p><p style=\"text-align: center;\">Megjelen\u00e9s \u00e9s sz\u00edn: A vir\u00e1gcser\u00e9p fel\u00fclete term\u00e9szetes rozsdav\u00f6r\u00f6s sz\u00edn\u0171, ami egyed\u00fcl\u00e1ll\u00f3 sz\u00e9ps\u00e9get k\u00f6lcs\u00f6n\u00f6z neki.<\/p><p style=\"text-align: center;\">Vastags\u00e1g \u00e9s s\u00faly: A vir\u00e1gcser\u00e9p megfelel\u0151 vastags\u00e1g\u00fa id\u0151j\u00e1r\u00e1s\u00e1ll\u00f3 ac\u00e9llemezb\u0151l k\u00e9sz\u00fcl, amely egyszerre er\u0151s, k\u00f6nnyen kezelhet\u0151 \u00e9s haszn\u00e1lhat\u00f3.<\/p><p style=\"text-align: center;\">\u00c1r: A corten vir\u00e1gcser\u00e9p \u00e1ra viszonylag magas, de tart\u00f3ss\u00e1ga \u00e9s eszt\u00e9tik\u00e1ja hossz\u00fa t\u00e1v\u00fa befektet\u00e9ss\u00e9 teszi.<\/p><p style=\"text-align: center;\">M\u00e9retek \u00e9s form\u00e1k: a corten vir\u00e1gcserepek k\u00fcl\u00f6nb\u00f6z\u0151 m\u00e9retekben \u00e9s form\u00e1kban kaphat\u00f3k, hogy megfeleljenek a k\u00fcl\u00f6nb\u00f6z\u0151 n\u00f6v\u00e9nyeknek \u00e9s dekor\u00e1ci\u00f3s ig\u00e9nyeknek.<\/p><p style=\"text-align: center;\">Fel\u00fcletkezel\u00e9s: A vir\u00e1gcser\u00e9p fel\u00fclet\u00e9t speci\u00e1lisan kezelik, hogy egy v\u00e9d\u0151 oxidr\u00e9teget k\u00e9pezzen, amely n\u00f6veli az id\u0151j\u00e1r\u00e1s\u00e1ll\u00f3s\u00e1got \u00e9s az eszt\u00e9tikumot.<\/p><p style=\"text-align: center;\">\u00a0<\/p><p style=\"text-align: center;\">\u00a0<\/p><p style=\"text-align: left;\">\u00a0<\/p>\t\t\t\t\t\t\t\t<\/div>\n\t\t\t\t<\/div>\n\t\t<div class=\"elementor-element elementor-element-ab532f1 e-con-full e-flex e-con e-child\" data-id=\"ab532f1\" data-element_type=\"container\">\n\t\t\t\t<div class=\"elementor-element elementor-element-9769c36 elementor-widget__width-initial elementor-widget elementor-widget-text-editor\" data-id=\"9769c36\" data-element_type=\"widget\" data-widget_type=\"text-editor.default\">\n\t\t\t\t<div class=\"elementor-widget-container\">\n\t\t\t\t\t\t\t\t\t<div>Egyszer\u0171, letisztult design.<\/div><div>\u00a0<\/div><div>\u00a0<\/div><div><span style=\"color: #000000;\">12 GA Cor-b\u00f3l k\u00e9sz\u00fclt<\/span><span style=\"color: #000000;\">T\u00edz ac\u00e9l.<\/span><\/div><div>\u00a0<\/div><div>\u00a0<\/div><div><span style=\"color: #000000;\">Lefoly\u00f3ny\u00edl\u00e1sokkal vagy an\u00e9lk\u00fcl kaphat\u00f3.<\/span><\/div><div>\u00a0<\/div><div>\u00a0<\/div><div><span style=\"color: #000000;\">Kiv\u00e1l\u00f3 k\u00fclt\u00e9ri tart\u00f3ss\u00e1g.<\/span><\/div><div><span style=\"color: #000000;\"> Id\u0151j\u00e1r\u00e1smentes \u00e1llapotban sz\u00e1ll\u00edtj\u00e1k.<\/span><\/div><div>\u00a0<\/div><div>\u00a0<\/div><div><span style=\"color: #000000;\">Egyedi m\u00e9retek \u00e1llnak rendelkez\u00e9sre.<\/span><\/div>\t\t\t\t\t\t\t\t<\/div>\n\t\t\t\t<\/div>\n\t\t\t\t<div class=\"elementor-element elementor-element-87b57e3 elementor-widget elementor-widget-image\" data-id=\"87b57e3\" data-element_type=\"widget\" data-widget_type=\"image.default\">\n\t\t\t\t<div class=\"elementor-widget-container\">\n\t\t\t\t\t\t\t\t\t\t\t\t\t\t\t<img decoding=\"async\" width=\"750\" height=\"750\" src=\"https:\/\/keweicorten.com\/wp-content\/uploads\/2024\/10\/\u5fae\u4fe1\u56fe\u7247_20230707153408.jpg\" class=\"attachment-large size-large wp-image-1822\" alt=\"\" srcset=\"https:\/\/keweicorten.com\/wp-content\/uploads\/2024\/10\/\u5fae\u4fe1\u56fe\u7247_20230707153408.jpg 750w, https:\/\/keweicorten.com\/wp-content\/uploads\/2024\/10\/\u5fae\u4fe1\u56fe\u7247_20230707153408-300x300.jpg 300w, https:\/\/keweicorten.com\/wp-content\/uploads\/2024\/10\/\u5fae\u4fe1\u56fe\u7247_20230707153408-150x150.jpg 150w, https:\/\/keweicorten.com\/wp-content\/uploads\/2024\/10\/\u5fae\u4fe1\u56fe\u7247_20230707153408-12x12.jpg 12w, https:\/\/keweicorten.com\/wp-content\/uploads\/2024\/10\/\u5fae\u4fe1\u56fe\u7247_20230707153408-600x600.jpg 600w, https:\/\/keweicorten.com\/wp-content\/uploads\/2024\/10\/\u5fae\u4fe1\u56fe\u7247_20230707153408-100x100.jpg 100w\" sizes=\"(max-width: 750px) 100vw, 750px\" \/>\t\t\t\t\t\t\t\t\t\t\t\t\t\t\t<\/div>\n\t\t\t\t<\/div>\n\t\t\t\t<\/div>\n\t\t<div class=\"elementor-element elementor-element-bb75c07 e-con-full e-flex e-con e-child\" data-id=\"bb75c07\" data-element_type=\"container\">\n\t\t\t\t<div class=\"elementor-element elementor-element-e8f5e39 elementor-widget__width-initial elementor-widget elementor-widget-image\" data-id=\"e8f5e39\" data-element_type=\"widget\" data-widget_type=\"image.default\">\n\t\t\t\t<div class=\"elementor-widget-container\">\n\t\t\t\t\t\t\t\t\t\t\t\t<figure class=\"wp-caption\">\n\t\t\t\t\t\t\t\t\t\t<img decoding=\"async\" width=\"564\" height=\"564\" src=\"https:\/\/keweicorten.com\/wp-content\/uploads\/2024\/10\/a2df.jpg\" class=\"attachment-large size-large wp-image-1821\" alt=\"\" srcset=\"https:\/\/keweicorten.com\/wp-content\/uploads\/2024\/10\/a2df.jpg 564w, https:\/\/keweicorten.com\/wp-content\/uploads\/2024\/10\/a2df-300x300.jpg 300w, https:\/\/keweicorten.com\/wp-content\/uploads\/2024\/10\/a2df-150x150.jpg 150w, https:\/\/keweicorten.com\/wp-content\/uploads\/2024\/10\/a2df-12x12.jpg 12w, https:\/\/keweicorten.com\/wp-content\/uploads\/2024\/10\/a2df-100x100.jpg 100w\" sizes=\"(max-width: 564px) 100vw, 564px\" \/>\t\t\t\t\t\t\t\t\t\t\t<figcaption class=\"widget-image-caption wp-caption-text\"><\/figcaption>\n\t\t\t\t\t\t\t\t\t\t<\/figure>\n\t\t\t\t\t\t\t\t\t<\/div>\n\t\t\t\t<\/div>\n\t\t\t\t<div class=\"elementor-element elementor-element-0c0063a elementor-widget__width-initial elementor-widget elementor-widget-text-editor\" data-id=\"0c0063a\" data-element_type=\"widget\" data-widget_type=\"text-editor.default\">\n\t\t\t\t<div class=\"elementor-widget-container\">\n\t\t\t\t\t\t\t\t\t<p><b data-spm-anchor-id=\"a2700.details.0.i41.5cc33fd8mJPIfQ\">5 \u00e9v gy\u00e1rt\u00f3i garancia<\/b> - Biztons\u00e1got adunk \u00d6nnek<\/p><p>\u00a0<\/p><p><b>Rendk\u00edv\u00fcl korr\u00f3zi\u00f3\u00e1ll\u00f3<\/b> - A Corten ac\u00e9l karbantart\u00e1s n\u00e9lk\u00fcl ellen\u00e1ll minden id\u0151j\u00e1r\u00e1si k\u00f6r\u00fclm\u00e9nynek. Miut\u00e1n az id\u0151j\u00e1r\u00e1s narancsbarna sz\u00edn\u0171v\u00e9 tette, ez a v\u00e9kony oxid\u00e1ci\u00f3s r\u00e9teg megv\u00e9di az ac\u00e9lt a tov\u00e1bbi korr\u00f3zi\u00f3t\u00f3l.<\/p><p>\u00a0<\/p><p><b>Alkalmaz\u00e1s<\/b> - Ide\u00e1lis mind lakoss\u00e1gi, mind kereskedelmi haszn\u00e1latra<\/p>\t\t\t\t\t\t\t\t<\/div>\n\t\t\t\t<\/div>\n\t\t\t\t<\/div>\n\t\t\t\t\t<\/div>\n\t\t\t\t<\/div>\n\t\t\t\t<\/div>","protected":false},"excerpt":{"rendered":"<p>Corten ac\u00e9l vir\u00e1gcserepek, modern design \u00e9s term\u00e9szetes st\u00edlus, tart\u00f3s \u00e9s sz\u00e9p, ide\u00e1lis a k\u00fclt\u00e9ri k\u00f6rnyezet jav\u00edt\u00e1s\u00e1ra.<\/p>","protected":false},"featured_media":1816,"comment_status":"open","ping_status":"closed","template":"","meta":{"_eb_attr":"","_monsterinsights_skip_tracking":false,"_monsterinsights_sitenote_active":false,"_monsterinsights_sitenote_note":"","_monsterinsights_sitenote_category":0,"_uf_show_specific_survey":0,"_uf_disable_surveys":false},"product_brand":[],"product_cat":[59],"product_tag":[],"class_list":{"0":"post-1817","1":"product","2":"type-product","3":"status-publish","4":"has-post-thumbnail","6":"product_cat-flower-pot","8":"first","9":"instock","10":"shipping-taxable","11":"product-type-simple"},"_links":{"self":[{"href":"https:\/\/keweicorten.com\/hu\/wp-json\/wp\/v2\/product\/1817"}],"collection":[{"href":"https:\/\/keweicorten.com\/hu\/wp-json\/wp\/v2\/product"}],"about":[{"href":"https:\/\/keweicorten.com\/hu\/wp-json\/wp\/v2\/types\/product"}],"replies":[{"embeddable":true,"href":"https:\/\/keweicorten.com\/hu\/wp-json\/wp\/v2\/comments?post=1817"}],"version-history":[{"count":9,"href":"https:\/\/keweicorten.com\/hu\/wp-json\/wp\/v2\/product\/1817\/revisions"}],"predecessor-version":[{"id":1866,"href":"https:\/\/keweicorten.com\/hu\/wp-json\/wp\/v2\/product\/1817\/revisions\/1866"}],"wp:featuredmedia":[{"embeddable":true,"href":"https:\/\/keweicorten.com\/hu\/wp-json\/wp\/v2\/media\/1816"}],"wp:attachment":[{"href":"https:\/\/keweicorten.com\/hu\/wp-json\/wp\/v2\/media?parent=1817"}],"wp:term":[{"taxonomy":"product_brand","embeddable":true,"href":"https:\/\/keweicorten.com\/hu\/wp-json\/wp\/v2\/product_brand?post=1817"},{"taxonomy":"product_cat","embeddable":true,"href":"https:\/\/keweicorten.com\/hu\/wp-json\/wp\/v2\/product_cat?post=1817"},{"taxonomy":"product_tag","embeddable":true,"href":"https:\/\/keweicorten.com\/hu\/wp-json\/wp\/v2\/product_tag?post=1817"}],"curies":[{"name":"wp","href":"https:\/\/api.w.org\/{rel}","templated":true}]}}