{"id":1867,"date":"2024-10-29T02:29:39","date_gmt":"2024-10-29T02:29:39","guid":{"rendered":"https:\/\/keweicorten.com\/?post_type=product&#038;p=1867"},"modified":"2024-10-29T02:31:51","modified_gmt":"2024-10-29T02:31:51","slug":"astm-a606-a588-idojarasi-corten-a-acellemez","status":"publish","type":"product","link":"https:\/\/keweicorten.com\/hu\/astm-a606-a588-idojarasi-corten-a-acellemez\/","title":{"rendered":"ASTM A606 A588 id\u0151j\u00e1r\u00e1s\u00e1ll\u00f3 Corten a ac\u00e9llemez"},"content":{"rendered":"<table>\n<thead>\n<tr>\n<th><strong>Ingatlan<\/strong><\/th>\n<th><strong>ASTM A606<\/strong><\/th>\n<th><strong>ASTM A588 (Corten A)<\/strong><\/th>\n<\/tr>\n<\/thead>\n<tbody>\n<tr>\n<td><strong>Standard<\/strong><\/td>\n<td>ASTM A606-4<\/td>\n<td>ASTM A588 A oszt\u00e1ly<\/td>\n<\/tr>\n<tr>\n<td><strong>T\u00edpus<\/strong><\/td>\n<td>Nagy szil\u00e1rds\u00e1g\u00fa, alacsony \u00f6tv\u00f6z\u00f6tt ac\u00e9l<\/td>\n<td>Id\u0151j\u00e1r\u00e1s\u00e1ll\u00f3 ac\u00e9l<\/td>\n<\/tr>\n<tr>\n<td><strong>Korr\u00f3zi\u00f3\u00e1ll\u00f3s\u00e1g<\/strong><\/td>\n<td>J\u00f3<\/td>\n<td>Kiv\u00e1l\u00f3; ellen\u00e1ll a l\u00e9gk\u00f6ri korr\u00f3zi\u00f3nak<\/td>\n<\/tr>\n<tr>\n<td><strong>Szak\u00edt\u00f3szil\u00e1rds\u00e1g<\/strong><\/td>\n<td>Min. 70 ksi (485 MPa)<\/td>\n<td>Min. 70 ksi (485 MPa)<\/td>\n<\/tr>\n<tr>\n<td><strong>Termel\u00e9si szil\u00e1rds\u00e1g<\/strong><\/td>\n<td>Min. 50 ksi (345 MPa)<\/td>\n<td>Min. 50 ksi (345 MPa)<\/td>\n<\/tr>\n<tr>\n<td><strong>Ny\u00fal\u00e1s<\/strong><\/td>\n<td>Vastags\u00e1g szerint v\u00e1ltozik<\/td>\n<td>Vastags\u00e1g szerint v\u00e1ltozik<\/td>\n<\/tr>\n<tr>\n<td><strong>Vastags\u00e1g tartom\u00e1ny<\/strong><\/td>\n<td>Jellemz\u0151en legfeljebb 50 mm (2 h\u00fcvelyk)<\/td>\n<td>Jellemz\u0151en legfeljebb 50 mm (2 h\u00fcvelyk)<\/td>\n<\/tr>\n<tr>\n<td><strong>Alak\u00edthat\u00f3s\u00e1g<\/strong><\/td>\n<td>J\u00f3<\/td>\n<td>J\u00f3<\/td>\n<\/tr>\n<tr>\n<td><strong>Hegeszthet\u0151s\u00e9g<\/strong><\/td>\n<td>Megfelel\u0151 \u00f3vint\u00e9zked\u00e9sekkel j\u00f3<\/td>\n<td>Megfelel\u0151 \u00f3vint\u00e9zked\u00e9sekkel j\u00f3<\/td>\n<\/tr>\n<tr>\n<td><strong>Alkalmaz\u00e1sok<\/strong><\/td>\n<td>\u00c9p\u00edt\u0151ipar, hidak, tart\u00f3szerkezetek<\/td>\n<td>Hidak, \u00e9p\u00edt\u0151ipar, tengeri alkalmaz\u00e1sok<\/td>\n<\/tr>\n<tr>\n<td><strong>Fel\u00fcletkezel\u00e9s<\/strong><\/td>\n<td>Fr\u00f6ccs\u00f6nt\u00f6tt kivitel vagy a megadottak szerint<\/td>\n<td>Fr\u00f6ccs\u00f6nt\u00f6tt kivitel vagy a megadottak szerint<\/td>\n<\/tr>\n<tr>\n<td><strong>K\u00e9miai \u00f6sszet\u00e9tel<\/strong><\/td>\n<td>Kicsit v\u00e1ltozik az egyedi k\u00f6vetelm\u00e9nyek alapj\u00e1n<\/td>\n<td>Olyan elemeket tartalmaz, mint a r\u00e9z a fokozott id\u0151j\u00e1r\u00e1s\u00e1ll\u00f3s\u00e1g \u00e9rdek\u00e9ben.<\/td>\n<\/tr>\n<\/tbody>\n<\/table>\n<p><a href=\"https:\/\/keweicorten.com\/hu\"><img fetchpriority=\"high\" decoding=\"async\" class=\"alignnone\" title=\"ASTM A588 ac\u00e9llemez \" src=\"https:\/\/i.ytimg.com\/vi\/5OTJne5mkO0\/maxresdefault.jpg\" alt=\"ASTM A588 ac\u00e9llemez \" width=\"556\" height=\"313\" \/><\/a><\/p>\n<p><a href=\"https:\/\/keweicorten.com\/hu\"><img decoding=\"async\" class=\"alignnone\" title=\"ASTM A588 ASTM A606 4 Corten ac\u00e9llemez \" src=\"https:\/\/image.made-in-china.com\/2f0j00rkpiaVFIheYJ\/ASTM-A588-ASTM-A606-4-Corten-Steel-Plate-Gr-a-Gr-B-Corrosion-Resistance-Weathering-Steel-Sheet-for-Outdoor-Metal-Sheet.jpg\" alt=\"ASTM A588 ASTM A606 4 Corten ac\u00e9llemez \" width=\"556\" height=\"556\" \/><\/a><\/p>\n<p><a href=\"https:\/\/keweicorten.com\/hu\"><img decoding=\"async\" class=\"alignnone\" title=\"ASTM A588 Gr.B Corten ac\u00e9llemezek \" src=\"https:\/\/www.csteelindia.com\/images\/astm-588-type2-steel-plates.jpg\" alt=\"ASTM A588 Gr.B Corten ac\u00e9llemezek porcel\u00e1n \u00e1ra | keweicorten\" width=\"559\" height=\"315\" \/><\/a><\/p>","protected":false},"excerpt":{"rendered":"<p>Az ASTM A606 \u00e9s A588 porcel\u00e1n id\u0151j\u00e1r\u00e1s\u00e1ll\u00f3 ac\u00e9llemezek kulcsfontoss\u00e1g\u00fa jellemz\u0151inek \u00e9s alkalmaz\u00e1si forgat\u00f3k\u00f6nyveinek vil\u00e1gos meg\u00e9rt\u00e9se seg\u00edt kiv\u00e1lasztani a megfelel\u0151 anyagot az \u00d6n egyedi m\u00e9rn\u00f6ki ig\u00e9nyeihez.<\/p>","protected":false},"featured_media":1868,"comment_status":"open","ping_status":"closed","template":"","meta":{"_eb_attr":"","_monsterinsights_skip_tracking":false,"_monsterinsights_sitenote_active":false,"_monsterinsights_sitenote_note":"","_monsterinsights_sitenote_category":0,"_uf_show_specific_survey":0,"_uf_disable_surveys":false},"product_brand":[],"product_cat":[21],"product_tag":[],"class_list":{"0":"post-1867","1":"product","2":"type-product","3":"status-publish","4":"has-post-thumbnail","6":"product_cat-weather-resistant-steel-plate","8":"first","9":"instock","10":"shipping-taxable","11":"product-type-simple"},"_links":{"self":[{"href":"https:\/\/keweicorten.com\/hu\/wp-json\/wp\/v2\/product\/1867"}],"collection":[{"href":"https:\/\/keweicorten.com\/hu\/wp-json\/wp\/v2\/product"}],"about":[{"href":"https:\/\/keweicorten.com\/hu\/wp-json\/wp\/v2\/types\/product"}],"replies":[{"embeddable":true,"href":"https:\/\/keweicorten.com\/hu\/wp-json\/wp\/v2\/comments?post=1867"}],"version-history":[{"count":2,"href":"https:\/\/keweicorten.com\/hu\/wp-json\/wp\/v2\/product\/1867\/revisions"}],"predecessor-version":[{"id":1870,"href":"https:\/\/keweicorten.com\/hu\/wp-json\/wp\/v2\/product\/1867\/revisions\/1870"}],"wp:featuredmedia":[{"embeddable":true,"href":"https:\/\/keweicorten.com\/hu\/wp-json\/wp\/v2\/media\/1868"}],"wp:attachment":[{"href":"https:\/\/keweicorten.com\/hu\/wp-json\/wp\/v2\/media?parent=1867"}],"wp:term":[{"taxonomy":"product_brand","embeddable":true,"href":"https:\/\/keweicorten.com\/hu\/wp-json\/wp\/v2\/product_brand?post=1867"},{"taxonomy":"product_cat","embeddable":true,"href":"https:\/\/keweicorten.com\/hu\/wp-json\/wp\/v2\/product_cat?post=1867"},{"taxonomy":"product_tag","embeddable":true,"href":"https:\/\/keweicorten.com\/hu\/wp-json\/wp\/v2\/product_tag?post=1867"}],"curies":[{"name":"wp","href":"https:\/\/api.w.org\/{rel}","templated":true}]}}