{"id":1882,"date":"2024-11-01T06:47:16","date_gmt":"2024-11-01T06:47:16","guid":{"rendered":"https:\/\/keweicorten.com\/?post_type=product&#038;p=1882"},"modified":"2024-11-01T06:47:16","modified_gmt":"2024-11-01T06:47:16","slug":"q310gnh-idojarasallo-acel","status":"publish","type":"product","link":"https:\/\/keweicorten.com\/hu\/q310gnh-idojarasallo-acel\/","title":{"rendered":"Q310GNH id\u0151j\u00e1r\u00e1s\u00e1ll\u00f3 ac\u00e9l"},"content":{"rendered":"<p><strong>Q310GNH ac\u00e9llemez specifik\u00e1ci\u00f3:<\/strong><\/p>\n<table style=\"height: 110px;\" width=\"747\">\n<tbody>\n<tr class=\"firstRow\">\n<td valign=\"top\" width=\"374\">Oszt\u00e1ly: Q310GNH<\/p>\n<p>Szabv\u00e1nyos: 4171<\/p>\n<p>Vastags\u00e1g: 1 mm \u00e9s 100 mm k\u00f6z\u00f6tt, nyitott t\u00e1mogat\u00e1s<\/td>\n<td valign=\"top\" width=\"374\">Sz\u00e9les: 1000mm \u00e9s 4100mm k\u00f6z\u00f6tt, nyitott t\u00e1mogat\u00e1s<\/p>\n<p>Hossz\u00fas\u00e1g: 1000 mm \u00e9s 12000 mm k\u00f6z\u00f6tt, nyitott t\u00e1mogat\u00e1s<\/td>\n<\/tr>\n<\/tbody>\n<\/table>\n<p><strong>Q310GNH id\u0151j\u00e1r\u00e1s\u00e1ll\u00f3 ac\u00e9l alkalmaz\u00e1s:<\/strong><br \/>\nA Q310GNH ac\u00e9llemezt sz\u00e9les k\u00f6rben haszn\u00e1lj\u00e1k j\u00e1rm\u0171vekben, hidakban, tornyokban, kont\u00e9nerekben \u00e9s \u00edgy tov\u00e1bb.<br \/>\nA GB \/ T 4171 Q310GNH id\u0151j\u00e1r\u00e1s\u00e1ll\u00f3 ac\u00e9llemez mechanikai tulajdons\u00e1gai<br \/>\nSzak\u00edt\u00f3szil\u00e1rds\u00e1g Mpa Min:450 foly\u00e1shat\u00e1r Mpa Min:310<\/p>\n<p><strong>\u00a0Q310GNH id\u0151j\u00e1r\u00e1s\u00e1ll\u00f3 ac\u00e9l sz\u00e1ll\u00edt\u00e1si st\u00e1tusz:<\/strong><br \/>\nAc\u00e9lt\u00edpus: Q310GNH id\u0151j\u00e1r\u00e1s\u00e1ll\u00f3 ac\u00e9l<br \/>\nVastags\u00e1g: Nyitott t\u00e1maszk\u00e9szlet<br \/>\nSz\u00e9less\u00e9g: t\u00e1masz nyitott<br \/>\nHossz\u00fas\u00e1g: a t\u00e9nyleges ig\u00e9nyeknek megfelel\u0151en \u00e1ll\u00edthat\u00f3 be<br \/>\nM\u00e1rka: Baosteel, Angang Steel, stb.<\/p>\n<p><a href=\"https:\/\/keweicorten.com\/hu\"><img fetchpriority=\"high\" decoding=\"async\" class=\"alignnone\" title=\"Q310GNH id\u0151j\u00e1r\u00e1s\u00e1ll\u00f3 ac\u00e9llemez,\" src=\"https:\/\/5.imimg.com\/data5\/DB\/BS\/QS\/SELLER-101088024\/gb-t-4171-q310gnh-weather-resistant-steel-plate-500x500.jpg\" alt=\"Q310GNH id\u0151j\u00e1r\u00e1s\u00e1ll\u00f3 ac\u00e9llemez,\" width=\"500\" height=\"417\" \/><\/a><\/p>\n<p>&nbsp;<\/p>","protected":false},"excerpt":{"rendered":"<p>Id\u0151j\u00e1r\u00e1s\u00e1ll\u00f3 ac\u00e9llemez term\u00e9k anyaga:<\/p>\n<p>Magas id\u0151j\u00e1r\u00e1s\u00e1ll\u00f3s\u00e1g\u00fa ac\u00e9l: Q295GNH, Q355GNH, Q265GNH, Q310GNH<\/p>\n<p>Hegesztett id\u0151j\u00e1r\u00e1s\u00e1ll\u00f3 ac\u00e9l: Q235NH, Q295NH Q355NH, Q415NH, Q460NH, Q500NH, Q550NH<\/p>","protected":false},"featured_media":1883,"comment_status":"open","ping_status":"closed","template":"","meta":{"_eb_attr":"","_monsterinsights_skip_tracking":false,"_monsterinsights_sitenote_active":false,"_monsterinsights_sitenote_note":"","_monsterinsights_sitenote_category":0,"_uf_show_specific_survey":0,"_uf_disable_surveys":false},"product_brand":[],"product_cat":[21],"product_tag":[],"class_list":{"0":"post-1882","1":"product","2":"type-product","3":"status-publish","4":"has-post-thumbnail","6":"product_cat-weather-resistant-steel-plate","8":"first","9":"instock","10":"shipping-taxable","11":"product-type-simple"},"_links":{"self":[{"href":"https:\/\/keweicorten.com\/hu\/wp-json\/wp\/v2\/product\/1882"}],"collection":[{"href":"https:\/\/keweicorten.com\/hu\/wp-json\/wp\/v2\/product"}],"about":[{"href":"https:\/\/keweicorten.com\/hu\/wp-json\/wp\/v2\/types\/product"}],"replies":[{"embeddable":true,"href":"https:\/\/keweicorten.com\/hu\/wp-json\/wp\/v2\/comments?post=1882"}],"version-history":[{"count":1,"href":"https:\/\/keweicorten.com\/hu\/wp-json\/wp\/v2\/product\/1882\/revisions"}],"predecessor-version":[{"id":1884,"href":"https:\/\/keweicorten.com\/hu\/wp-json\/wp\/v2\/product\/1882\/revisions\/1884"}],"wp:featuredmedia":[{"embeddable":true,"href":"https:\/\/keweicorten.com\/hu\/wp-json\/wp\/v2\/media\/1883"}],"wp:attachment":[{"href":"https:\/\/keweicorten.com\/hu\/wp-json\/wp\/v2\/media?parent=1882"}],"wp:term":[{"taxonomy":"product_brand","embeddable":true,"href":"https:\/\/keweicorten.com\/hu\/wp-json\/wp\/v2\/product_brand?post=1882"},{"taxonomy":"product_cat","embeddable":true,"href":"https:\/\/keweicorten.com\/hu\/wp-json\/wp\/v2\/product_cat?post=1882"},{"taxonomy":"product_tag","embeddable":true,"href":"https:\/\/keweicorten.com\/hu\/wp-json\/wp\/v2\/product_tag?post=1882"}],"curies":[{"name":"wp","href":"https:\/\/api.w.org\/{rel}","templated":true}]}}