{"id":1885,"date":"2024-11-01T07:23:46","date_gmt":"2024-11-01T07:23:46","guid":{"rendered":"https:\/\/keweicorten.com\/?post_type=product&#038;p=1885"},"modified":"2025-01-15T06:20:28","modified_gmt":"2025-01-15T06:20:28","slug":"corten-kerti-paravan-panelek","status":"publish","type":"product","link":"https:\/\/keweicorten.com\/hu\/corten-kerti-paravan-panelek\/","title":{"rendered":"Corten kerti parav\u00e1n panelek"},"content":{"rendered":"<h3>Alkalmaz\u00e1sok:<\/h3>\n<ol>\n<li><strong>Kerti dekor\u00e1ci\u00f3<\/strong>: Fokozza a kertek \u00e9s a k\u00fclt\u00e9ri terek eszt\u00e9tikai vonzerej\u00e9t.<\/li>\n<li><strong>Adatv\u00e9delmi k\u00e9perny\u0151k<\/strong>: Mag\u00e1n\u00e9letet biztos\u00edt a k\u00fclt\u00e9ri ter\u00fcleteken, p\u00e9ld\u00e1ul a h\u00e1ts\u00f3 udvarokban \u00e9s a teraszokon.<\/li>\n<li><strong>Szobai v\u00e1laszfalak<\/strong>: Belt\u00e9rben nagy helyis\u00e9gek kisebb, intimebb terekre val\u00f3 feloszt\u00e1s\u00e1ra haszn\u00e1lj\u00e1k.<\/li>\n<li><strong>Ker\u00edt\u00e9s panelek<\/strong>: Dekorat\u00edv ker\u00edt\u00e9spanelk\u00e9nt szolg\u00e1lnak, hogy st\u00edlusosabb\u00e1 tegy\u00e9k a hat\u00e1rol\u00f3 ker\u00edt\u00e9seket.<\/li>\n<li><strong>K\u00f6zter\u00fcletek<\/strong>: Parkokban, sz\u00e1llod\u00e1kban \u00e9s m\u00e1s k\u00f6zter\u00fcleteken haszn\u00e1lj\u00e1k dekor\u00e1ci\u00f3k\u00e9nt \u00e9s funkcionalit\u00e1sk\u00e9nt egyar\u00e1nt.<\/li>\n<\/ol>\n<div style=\"width: 800px;\" class=\"wp-video\"><!--[if lt IE 9]><script>document.createElement('video');<\/script><![endif]-->\n<video class=\"wp-video-shortcode\" id=\"video-1885-1\" width=\"800\" height=\"450\" preload=\"metadata\" controls=\"controls\"><source type=\"video\/mp4\" src=\"https:\/\/keweicorten.com\/wp-content\/uploads\/2024\/11\/K0GAlx1UoclzZBzXNrz_355554522488_mp4_264_hd_unlimit_taobao.mp4?_=1\" \/><a href=\"https:\/\/keweicorten.com\/wp-content\/uploads\/2024\/11\/K0GAlx1UoclzZBzXNrz_355554522488_mp4_264_hd_unlimit_taobao.mp4\">https:\/\/keweicorten.com\/wp-content\/uploads\/2024\/11\/K0GAlx1UoclzZBzXNrz_355554522488_mp4_264_hd_unlimit_taobao.mp4<\/a><\/video><\/div>\n<ul>\n<li>\u00a0Vastags\u00e1g: A szok\u00e1sos vastags\u00e1g 8 mm, 10 mm, 12 mm, 14 mm, 16 mm, 18 mm, 20 mm, 22 mm, 25 mm, 30 mm, 40 mm, 50 mm, 60 mm stb.<\/li>\n<li>\u00a0M\u00e9ret : A sz\u00e9less\u00e9g \u00e1ltal\u00e1ban nem t\u00f6bb mint 5 m\u00e9ter, a magass\u00e1g \u00e1ltal\u00e1ban nem t\u00f6bb mint 4 m\u00e9ter. Ha ezt a m\u00e9retet t\u00fall\u00e9pik, akkor \u00e1ltal\u00e1ban sz\u00fcks\u00e9g van a t\u00e1rgy v\u00e1g\u00e1s\u00e1ra, sz\u00ednnel bevonva, majd \u00f6sszeillesztve.<\/li>\n<li>Hegeszt\u00e9si elj\u00e1r\u00e1s: K\u00e9t f\u0151 hegeszt\u00e9si elj\u00e1r\u00e1s l\u00e9tezik az id\u0151j\u00e1r\u00e1s\u00e1ll\u00f3 ac\u00e9lszit\u00e1khoz:<br \/>\n- Teljes hegeszt\u00e9s : A k\u00e9t hegeszt\u00e9sre k\u00e9sz munkadarab \u00f6sszes \u00e9rintkez\u00e9si helye \u00f6sszeolvasztott hegeszt\u00e9s, \u00edgy a fel\u00fcleten nem l\u00e1tszik a hegeszt\u00e9s, \u00e9s a k\u00e9t hegesztett r\u00e9sz k\u00f6z\u00f6tti term\u00e9szetes \u00e1tmenet.<br \/>\n- Ponthegeszt\u00e9s : Az alkatr\u00e9sz oldal\u00e1n forraszt\u00e1si k\u00f6t\u00e9sek ker\u00fclnek a k\u00e9t alkatr\u00e9sz \u00f6sszek\u00f6t\u00e9s\u00e9re, \u00e9s a k\u00e9t alkatr\u00e9sz k\u00f6z\u00f6tti r\u00e9s l\u00e1that\u00f3 az el\u00fcls\u0151 oldalon.<\/li>\n<li>Fel\u00fcletkezel\u00e9s: Az id\u0151j\u00e1r\u00e1s\u00e1ll\u00f3 ac\u00e9l k\u00e9perny\u0151k \u00e1ltal\u00e1ban fel\u00fcletkezel\u00e9st ig\u00e9nyelnek, p\u00e9ld\u00e1ul v\u00e1kuum- vagy v\u00edzbevonat\u00fa (hagyom\u00e1nyos galvaniz\u00e1l\u00e1si m\u00f3dszer), hogy jav\u00edts\u00e1k id\u0151j\u00e1r\u00e1s\u00e1ll\u00f3s\u00e1gukat \u00e9s sz\u00e9ps\u00e9g\u00fcket.<\/li>\n<li>Anyag : K\u00f6z\u00f6ns\u00e9ges id\u0151j\u00e1r\u00e1s\u00e1ll\u00f3 ac\u00e9l.<\/li>\n<\/ul>\n<p><a href=\"https:\/\/keweicorten.com\/hu\"><img fetchpriority=\"high\" decoding=\"async\" class=\"alignnone wp-image-1892 size-full\" title=\"corten k\u00e9perny\u0151 panel\" src=\"https:\/\/keweicorten.com\/wp-content\/uploads\/2024\/11\/\u5fae\u4fe1\u56fe\u7247_20231012150619.jpg\" alt=\"corten k\u00e9perny\u0151 panel\" width=\"750\" height=\"624\" srcset=\"https:\/\/keweicorten.com\/wp-content\/uploads\/2024\/11\/\u5fae\u4fe1\u56fe\u7247_20231012150619.jpg 750w, https:\/\/keweicorten.com\/wp-content\/uploads\/2024\/11\/\u5fae\u4fe1\u56fe\u7247_20231012150619-300x250.jpg 300w, https:\/\/keweicorten.com\/wp-content\/uploads\/2024\/11\/\u5fae\u4fe1\u56fe\u7247_20231012150619-14x12.jpg 14w, https:\/\/keweicorten.com\/wp-content\/uploads\/2024\/11\/\u5fae\u4fe1\u56fe\u7247_20231012150619-600x499.jpg 600w\" sizes=\"(max-width: 750px) 100vw, 750px\" \/><\/a><\/p>","protected":false},"excerpt":{"rendered":"<p>A konkr\u00e9t specifik\u00e1ci\u00f3k az aktu\u00e1lis projekt ig\u00e9nyeinek megfelel\u0151en m\u00f3dos\u00edthat\u00f3k \u00e9s testre szabhat\u00f3k. Ha k\u00fcl\u00f6nleges ig\u00e9nyei vannak, aj\u00e1nlatos k\u00f6zvetlen\u00fcl a gy\u00e1rt\u00f3val felvenni a kapcsolatot r\u00e9szletes konzult\u00e1ci\u00f3 c\u00e9lj\u00e1b\u00f3l.<\/p>","protected":false},"featured_media":1886,"comment_status":"open","ping_status":"closed","template":"","meta":{"_eb_attr":"","_monsterinsights_skip_tracking":false,"_monsterinsights_sitenote_active":false,"_monsterinsights_sitenote_note":"","_monsterinsights_sitenote_category":0,"_uf_show_specific_survey":0,"_uf_disable_surveys":false},"product_brand":[],"product_cat":[57],"product_tag":[],"class_list":{"0":"post-1885","1":"product","2":"type-product","3":"status-publish","4":"has-post-thumbnail","6":"product_cat-screen-panel","8":"first","9":"instock","10":"shipping-taxable","11":"product-type-simple"},"_links":{"self":[{"href":"https:\/\/keweicorten.com\/hu\/wp-json\/wp\/v2\/product\/1885"}],"collection":[{"href":"https:\/\/keweicorten.com\/hu\/wp-json\/wp\/v2\/product"}],"about":[{"href":"https:\/\/keweicorten.com\/hu\/wp-json\/wp\/v2\/types\/product"}],"replies":[{"embeddable":true,"href":"https:\/\/keweicorten.com\/hu\/wp-json\/wp\/v2\/comments?post=1885"}],"version-history":[{"count":1,"href":"https:\/\/keweicorten.com\/hu\/wp-json\/wp\/v2\/product\/1885\/revisions"}],"predecessor-version":[{"id":1894,"href":"https:\/\/keweicorten.com\/hu\/wp-json\/wp\/v2\/product\/1885\/revisions\/1894"}],"wp:featuredmedia":[{"embeddable":true,"href":"https:\/\/keweicorten.com\/hu\/wp-json\/wp\/v2\/media\/1886"}],"wp:attachment":[{"href":"https:\/\/keweicorten.com\/hu\/wp-json\/wp\/v2\/media?parent=1885"}],"wp:term":[{"taxonomy":"product_brand","embeddable":true,"href":"https:\/\/keweicorten.com\/hu\/wp-json\/wp\/v2\/product_brand?post=1885"},{"taxonomy":"product_cat","embeddable":true,"href":"https:\/\/keweicorten.com\/hu\/wp-json\/wp\/v2\/product_cat?post=1885"},{"taxonomy":"product_tag","embeddable":true,"href":"https:\/\/keweicorten.com\/hu\/wp-json\/wp\/v2\/product_tag?post=1885"}],"curies":[{"name":"wp","href":"https:\/\/api.w.org\/{rel}","templated":true}]}}