{"id":1910,"date":"2024-11-05T07:46:19","date_gmt":"2024-11-05T07:46:19","guid":{"rendered":"https:\/\/keweicorten.com\/?post_type=product&#038;p=1910"},"modified":"2025-01-15T06:20:40","modified_gmt":"2025-01-15T06:20:40","slug":"kulteri-grill-corten-bbq","status":"publish","type":"product","link":"https:\/\/keweicorten.com\/hu\/kulteri-grill-corten-bbq\/","title":{"rendered":"K\u00fclt\u00e9ri grill Corten BBQ"},"content":{"rendered":"<p>A k\u00fclt\u00e9ri grill Corten BBQ 10 mm vastag f\u0151z\u0151asztallal rendelkezik, \u00e9s 1000 mm vagy 850 mm \u00e1tm\u00e9r\u0151j\u0171 lehet. A t\u00e1bl\u00e1t kb. 300\u02daC-ra hev\u00edtse fel fat\u0171z\u00f6n kereszt\u00fcl a forr\u00f3 ed\u00e9nyben (sz\u00e9nnel is lehet, de kev\u00e9sb\u00e9 \u00e9rdekes, mert nem adja a l\u00e1ngot \u00e9s nincs f\u00fcstszaga). Ind\u00edtsa el a deszk\u00e1t olajjal \u00e9s f\u0151zze meg. Nagy f\u0151z\u0151fel\u00fclet.<\/p>\n<table>\n<tbody>\n<tr>\n<td>V\u00e9djegy<\/td>\n<td>SHKW kert<\/td>\n<td>Alkalmaz\u00e1s<\/td>\n<td>K\u00fclt\u00e9ri t\u0171zrak\u00f3hely asztali t\u00e1l<\/td>\n<\/tr>\n<tr>\n<td>Termel\u00e9si kapacit\u00e1s<\/td>\n<td>10000 k\u00e9szlet \/h\u00f3nap<\/td>\n<td>Kulcsszavak<\/td>\n<td>Barbeque fasz\u00e9n grill<\/td>\n<\/tr>\n<tr>\n<td>Eredet<\/td>\n<td>K\u00edna<\/td>\n<td>Grill t\u00edpus<\/td>\n<td>Fasz\u00e9n grillek<\/td>\n<\/tr>\n<tr>\n<td>Term\u00e9k neve<\/td>\n<td>K\u00fclt\u00e9ri grill Corten BBQ<\/td>\n<td>Biztons\u00e1gi eszk\u00f6z<\/td>\n<td>L\u00e1ngbiztons\u00e1gi eszk\u00f6z<\/td>\n<\/tr>\n<tr>\n<td>F\u00e9m t\u00edpus<\/td>\n<td>Ac\u00e9l<\/td>\n<td>Anyag<\/td>\n<td>Corten<\/td>\n<\/tr>\n<tr>\n<td>Jellemz\u0151<\/td>\n<td>K\u00f6nnyen \u00f6sszeszerelhet\u0151, k\u00f6nnyen tiszt\u00edthat\u00f3, kocsi<\/td>\n<td>Haszn\u00e1lat<\/td>\n<td>Konyhai f\u0151z\u00e9s\\s\u00fct\u00e9s\\BBQ<\/td>\n<\/tr>\n<tr>\n<td>\u00dczemanyag<\/td>\n<td>Fa fasz\u00e9n<\/td>\n<td>Le\u00edr\u00e1s<\/td>\n<td>Barbecue grill fasz\u00e9n grillez\u0151 grill<\/td>\n<\/tr>\n<\/tbody>\n<\/table>\n<p><a href=\"https:\/\/keweicorten.com\/hu\/termekkategoria\/tuzrakohely\/\"><img fetchpriority=\"high\" decoding=\"async\" class=\"alignnone\" title=\"K\u00fclt\u00e9ri grill Corten BBQ\" src=\"https:\/\/sc04.alicdn.com\/kf\/Habd862920bd5488eab74e502cd481a56f\/276463663\/Habd862920bd5488eab74e502cd481a56f.jpg\" alt=\"K\u00fclt\u00e9ri grill Corten BBQ testreszabott, nagykereskedelem, olcs\u00f3-keweicorten\" width=\"517\" height=\"517\" \/><\/a><\/p>\n<p>A friss z\u00f6lds\u00e9geket tartalmaz\u00f3, kaviccsal k\u00f6r\u00fclvett grill gy\u00f6ny\u00f6r\u0171 helysz\u00ednt biztos\u00edt a szabadt\u00e9ri grillez\u00e9shez.<\/p>\n<div class=\"sr-txt-title\">\n<p class=\"sr-txt-h2\">Csomagol\u00e1s \u00e9s sz\u00e1ll\u00edt\u00e1s<\/p>\n<\/div>\n<div class=\"sr-layout-content\">\n<div class=\"basic-info-list\">\n<div class=\"bsc-item full cf\">\n<div class=\"bac-item-label fl\">Csomag m\u00e9rete: 100.00cm * 100.00cm * 100.00cm * 100.00cm<\/div>\n<\/div>\n<div class=\"bsc-item full cf\">\n<div class=\"bac-item-label fl\">Csomag brutt\u00f3 s\u00falya\uff1a50.000kg<\/div>\n<div><a href=\"https:\/\/keweicorten.com\/hu\/termekkategoria\/tuzrakohely\/\"><img decoding=\"async\" class=\"alignnone wp-image-1914 size-full\" title=\" corten bbq grill\" src=\"https:\/\/keweicorten.com\/wp-content\/uploads\/2024\/11\/\u5fae\u4fe1\u56fe\u7247_20241105154209.jpg\" alt=\" corten bbq grill nagykereskedelem, olcs\u00f3, elad\u00f3, rakt\u00e1ron.\" width=\"700\" height=\"300\" srcset=\"https:\/\/keweicorten.com\/wp-content\/uploads\/2024\/11\/\u5fae\u4fe1\u56fe\u7247_20241105154209.jpg 700w, https:\/\/keweicorten.com\/wp-content\/uploads\/2024\/11\/\u5fae\u4fe1\u56fe\u7247_20241105154209-300x129.jpg 300w, https:\/\/keweicorten.com\/wp-content\/uploads\/2024\/11\/\u5fae\u4fe1\u56fe\u7247_20241105154209-18x8.jpg 18w, https:\/\/keweicorten.com\/wp-content\/uploads\/2024\/11\/\u5fae\u4fe1\u56fe\u7247_20241105154209-600x257.jpg 600w\" sizes=\"(max-width: 700px) 100vw, 700px\" \/><\/a><\/div>\n<p><strong>K\u00fclt\u00e9ri grill Corten BBQ F\u0151 jellemz\u0151k:<\/strong><\/p>\n<p>Id\u0151j\u00e1r\u00e1s\u00e1ll\u00f3 ac\u00e9l<br \/>\nHordozhat\u00f3 kivitel<br \/>\nKompakt szerkezet<br \/>\nK\u00f6nnyen tiszt\u00edthat\u00f3<br \/>\nMagas biztons\u00e1g<br \/>\nEr\u0151s tart\u00f3ss\u00e1g<br \/>\nAlacsony fenntart\u00e1si k\u00f6lts\u00e9g<br \/>\nK\u00f6rnyezetv\u00e9delem \u00e9s energiatakar\u00e9koss\u00e1g<br \/>\nMultifunkcion\u00e1lis haszn\u00e1lat<\/p>\n<p><a href=\"https:\/\/keweicorten.com\/hu\/termekkategoria\/tuzrakohely\/\"><img decoding=\"async\" class=\"alignnone wp-image-1915 size-full\" title=\"K\u00fclt\u00e9ri grill Corten BBQ\" src=\"https:\/\/keweicorten.com\/wp-content\/uploads\/2024\/11\/\u5fae\u4fe1\u56fe\u7247_20241105154214.jpg\" alt=\" K\u00fclt\u00e9ri grill Corten BBQ nagykereskedelem, olcs\u00f3, elad\u00f3, rakt\u00e1ron.-keweicorten\" width=\"700\" height=\"300\" srcset=\"https:\/\/keweicorten.com\/wp-content\/uploads\/2024\/11\/\u5fae\u4fe1\u56fe\u7247_20241105154214.jpg 700w, https:\/\/keweicorten.com\/wp-content\/uploads\/2024\/11\/\u5fae\u4fe1\u56fe\u7247_20241105154214-300x129.jpg 300w, https:\/\/keweicorten.com\/wp-content\/uploads\/2024\/11\/\u5fae\u4fe1\u56fe\u7247_20241105154214-18x8.jpg 18w, https:\/\/keweicorten.com\/wp-content\/uploads\/2024\/11\/\u5fae\u4fe1\u56fe\u7247_20241105154214-600x257.jpg 600w\" sizes=\"(max-width: 700px) 100vw, 700px\" \/><\/a><\/p>\n<\/div>\n<\/div>\n<\/div>","protected":false},"excerpt":{"rendered":"<p>A hordozhat\u00f3 k\u00fclt\u00e9ri grill Corten BBQ egy k\u00fclt\u00e9ri haszn\u00e1latra tervezett grillez\u0151 k\u00e9sz\u00fcl\u00e9k. A Corten ac\u00e9lt sz\u00e9les k\u00f6rben haszn\u00e1lj\u00e1k a k\u00fclt\u00e9ri berendez\u00e9sek gy\u00e1rt\u00e1s\u00e1ban korr\u00f3zi\u00f3\u00e1ll\u00f3s\u00e1ga \u00e9s id\u0151j\u00e1r\u00e1s\u00e1ll\u00f3s\u00e1ga miatt.<\/p>","protected":false},"featured_media":1912,"comment_status":"open","ping_status":"closed","template":"","meta":{"_eb_attr":"","_monsterinsights_skip_tracking":false,"_monsterinsights_sitenote_active":false,"_monsterinsights_sitenote_note":"","_monsterinsights_sitenote_category":0,"_uf_show_specific_survey":0,"_uf_disable_surveys":false},"product_brand":[],"product_cat":[63],"product_tag":[],"class_list":{"0":"post-1910","1":"product","2":"type-product","3":"status-publish","4":"has-post-thumbnail","6":"product_cat-steel-bbq-grill","8":"first","9":"instock","10":"shipping-taxable","11":"product-type-simple"},"_links":{"self":[{"href":"https:\/\/keweicorten.com\/hu\/wp-json\/wp\/v2\/product\/1910"}],"collection":[{"href":"https:\/\/keweicorten.com\/hu\/wp-json\/wp\/v2\/product"}],"about":[{"href":"https:\/\/keweicorten.com\/hu\/wp-json\/wp\/v2\/types\/product"}],"replies":[{"embeddable":true,"href":"https:\/\/keweicorten.com\/hu\/wp-json\/wp\/v2\/comments?post=1910"}],"version-history":[{"count":1,"href":"https:\/\/keweicorten.com\/hu\/wp-json\/wp\/v2\/product\/1910\/revisions"}],"predecessor-version":[{"id":1916,"href":"https:\/\/keweicorten.com\/hu\/wp-json\/wp\/v2\/product\/1910\/revisions\/1916"}],"wp:featuredmedia":[{"embeddable":true,"href":"https:\/\/keweicorten.com\/hu\/wp-json\/wp\/v2\/media\/1912"}],"wp:attachment":[{"href":"https:\/\/keweicorten.com\/hu\/wp-json\/wp\/v2\/media?parent=1910"}],"wp:term":[{"taxonomy":"product_brand","embeddable":true,"href":"https:\/\/keweicorten.com\/hu\/wp-json\/wp\/v2\/product_brand?post=1910"},{"taxonomy":"product_cat","embeddable":true,"href":"https:\/\/keweicorten.com\/hu\/wp-json\/wp\/v2\/product_cat?post=1910"},{"taxonomy":"product_tag","embeddable":true,"href":"https:\/\/keweicorten.com\/hu\/wp-json\/wp\/v2\/product_tag?post=1910"}],"curies":[{"name":"wp","href":"https:\/\/api.w.org\/{rel}","templated":true}]}}