{"id":1935,"date":"2024-11-12T06:27:38","date_gmt":"2024-11-12T06:27:38","guid":{"rendered":"https:\/\/keweicorten.com\/?post_type=product&#038;p=1935"},"modified":"2025-01-15T06:20:58","modified_gmt":"2025-01-15T06:20:58","slug":"godorgomb","status":"publish","type":"product","link":"https:\/\/keweicorten.com\/hu\/godorgomb\/","title":{"rendered":"g\u00f6d\u00f6rg\u00f6mb"},"content":{"rendered":"<p>Az id\u0151j\u00e1r\u00e1s\u00e1ll\u00f3 ac\u00e9l g\u00f6d\u00f6rg\u00f6mb egy id\u0151j\u00e1r\u00e1s\u00e1ll\u00f3 ac\u00e9l (m\u00e1s n\u00e9ven Cowden ac\u00e9l) felhaszn\u00e1l\u00e1s\u00e1val k\u00e9sz\u00fclt t\u0171zg\u00f6mb. Az id\u0151j\u00e1r\u00e1s\u00e1ll\u00f3 ac\u00e9l korr\u00f3zi\u00f3\u00e1ll\u00f3s\u00e1ggal \u00e9s magas h\u0151m\u00e9rs\u00e9klettel szembeni ellen\u00e1ll\u00e1ssal rendelkezik, \u00e9s term\u00e9szetes \u00e9ghajlaton s\u0171r\u0171 oxidr\u00e9teget k\u00e9pes k\u00e9pezni, hogy jav\u00edtsa a l\u00e9gk\u00f6ri korr\u00f3zi\u00f3val szembeni ellen\u00e1ll\u00f3 k\u00e9pess\u00e9g\u00e9t. K\u00fclt\u00e9ri haszn\u00e1lat eset\u00e9n ez az anyag id\u0151vel egyedi rozsd\u00e1sod\u00e1si hat\u00e1st k\u00e9pes kialak\u00edtani, ami vizu\u00e1lisan is vonz\u00f3v\u00e1 teszi.<\/p>\n<p>Az id\u0151j\u00e1r\u00e1s\u00e1ll\u00f3 ac\u00e9l g\u00f6d\u00f6rg\u00f6mb\u00f6ket \u00e1ltal\u00e1ban k\u00fclt\u00e9ri k\u00f6rnyezetben, p\u00e9ld\u00e1ul kertekben, teraszokon vagy nyilv\u00e1nos helyeken haszn\u00e1lj\u00e1k dekorat\u00edv elemk\u00e9nt vagy funkcion\u00e1lis t\u0171zrak\u00f3ed\u00e9nyk\u00e9nt. Meleget \u00e9s vil\u00e1g\u00edt\u00e1st biztos\u00edthatnak, mik\u00f6zben m\u0171alkot\u00e1sk\u00e9nt is funkcion\u00e1lnak, \u00e9s hozz\u00e1j\u00e1rulnak a k\u00f6rnyezet sz\u00e9ps\u00e9g\u00e9hez.<\/p>\n<p>Az id\u0151j\u00e1r\u00e1s\u00e1ll\u00f3 ac\u00e9l g\u00f6d\u00f6rg\u00f6mb kiv\u00e1laszt\u00e1sakor figyelmet kell ford\u00edtani a m\u00e9ret\u00e9re, alakj\u00e1ra \u00e9s fel\u00fcletkezel\u00e9s\u00e9re. Egyes id\u0151j\u00e1r\u00e1s\u00e1ll\u00f3 ac\u00e9l t\u0171zg\u00f6mb\u00f6ket speci\u00e1lisan kezelnek, hogy megakad\u00e1lyozz\u00e1k a piszkos foltok megjelen\u00e9s\u00e9t \u00e9s a rozsdav\u00edz m\u00e1s helyeken t\u00f6rt\u00e9n\u0151 szennyez\u0151d\u00e9s\u00e9t. Ezek a kezel\u00e9sek lehet\u0151v\u00e9 teszik, hogy a t\u0171zg\u00f6mb hossz\u00fa ideig sz\u00e9p maradjon.<\/p>\n<p><a href=\"https:\/\/keweicorten.com\/hu\/products\/\"><img fetchpriority=\"high\" decoding=\"async\" class=\"alignnone wp-image-1936\" title=\"corten t\u0171zg\u00f6mb \" src=\"https:\/\/keweicorten.com\/wp-content\/uploads\/2024\/11\/photobank-85.jpg\" alt=\"corten t\u0171zg\u00f6mb nagykereskedelem, olcs\u00f3, elad\u00f3, rakt\u00e1ron-keweicorten\" width=\"600\" height=\"600\" srcset=\"https:\/\/keweicorten.com\/wp-content\/uploads\/2024\/11\/photobank-85.jpg 700w, https:\/\/keweicorten.com\/wp-content\/uploads\/2024\/11\/photobank-85-300x300.jpg 300w, https:\/\/keweicorten.com\/wp-content\/uploads\/2024\/11\/photobank-85-150x150.jpg 150w, https:\/\/keweicorten.com\/wp-content\/uploads\/2024\/11\/photobank-85-12x12.jpg 12w, https:\/\/keweicorten.com\/wp-content\/uploads\/2024\/11\/photobank-85-600x600.jpg 600w, https:\/\/keweicorten.com\/wp-content\/uploads\/2024\/11\/photobank-85-100x100.jpg 100w\" sizes=\"(max-width: 600px) 100vw, 600px\" \/><\/a><\/p>\n<p>Az id\u0151j\u00e1r\u00e1s\u00e1ll\u00f3 ac\u00e9l f\u00e9m T\u0171zgoly\u00f3 egy olyan m\u0171v\u00e9szeti install\u00e1ci\u00f3 vagy dekor\u00e1ci\u00f3, amely \u00f6tv\u00f6zi az id\u0151j\u00e1r\u00e1s\u00e1ll\u00f3 ac\u00e9l \u00e9s a t\u0171zgoly\u00f3 koncepci\u00f3j\u00e1t. A Corten ac\u00e9lt (Corten ac\u00e9l) gyakran haszn\u00e1lj\u00e1k k\u00fclt\u00e9ri szobr\u00e1szatban, \u00e9p\u00edt\u00e9szeti d\u00edsz\u00edt\u00e9sben \u00e9s t\u00e1jtervez\u00e9sben egyedi rozsd\u00e1s megjelen\u00e9se \u00e9s id\u0151j\u00e1r\u00e1s\u00e1ll\u00f3s\u00e1ga miatt.<\/p>\n<h2>\u00cdme n\u00e9h\u00e1ny r\u00e9szlet az ac\u00e9l f\u00e9m t\u0171zg\u00f6mb\u00f6k id\u0151j\u00e1r\u00e1s\u00e1nak megv\u00e1ltoztat\u00e1s\u00e1r\u00f3l:<\/h2>\n<p><strong>Anyagi tulajdons\u00e1gok<\/strong><br \/>\n1.Weathering ac\u00e9l<br \/>\nKorr\u00f3zi\u00f3\u00e1ll\u00f3s\u00e1g : Az id\u0151j\u00e1r\u00e1s hat\u00e1s\u00e1ra az ac\u00e9l a term\u00e9szetes k\u00f6rnyezetben s\u0171r\u0171 oxidr\u00e9teget k\u00e9pezhet, amely megv\u00e9dheti az ac\u00e9lt a tov\u00e1bbi korr\u00f3zi\u00f3t\u00f3l.<br \/>\nMagas h\u0151m\u00e9rs\u00e9kleti ellen\u00e1ll\u00e1s: Alkalmas magas h\u0151m\u00e9rs\u00e9klet\u0171 eszk\u00f6z\u00f6kh\u00f6z, p\u00e9ld\u00e1ul t\u0171zgoly\u00f3hoz.<\/p>\n<p>2.Fireball :<br \/>\nMagas h\u0151m\u00e9rs\u00e9klett\u0171r\u00e9s : A t\u0171zgoly\u00f3knak magas h\u0151m\u00e9rs\u00e9kletet kell elviselni\u00fck, ez\u00e9rt az id\u0151j\u00e1r\u00e1s\u00e1ll\u00f3 ac\u00e9l kiv\u00e1laszt\u00e1sa nagyon alkalmas.<br \/>\nBiztons\u00e1g : Az id\u0151j\u00e1r\u00e1s\u00e1ll\u00f3 ac\u00e9l szil\u00e1rds\u00e1ga \u00e9s stabilit\u00e1sa magas, ami biztos\u00edthatja a t\u0171zgoly\u00f3k biztons\u00e1gos haszn\u00e1lat\u00e1t magas h\u0151m\u00e9rs\u00e9kleten.<\/p>\n<p><strong>Alkalmaz\u00e1si forgat\u00f3k\u00f6nyv<\/strong><br \/>\n1. K\u00fclt\u00e9ri dekor\u00e1ci\u00f3<br \/>\n2. T\u00e1jtervez\u00e9s<br \/>\n3. M\u0171v\u00e9szeti install\u00e1ci\u00f3<\/p>\n<p><strong>\u00a0Gy\u00e1rt\u00e1si folyamat<\/strong><br \/>\n1. Anyagv\u00e1laszt\u00e1s : Kiv\u00e1l\u00f3 min\u0151s\u00e9g\u0171 id\u0151j\u00e1r\u00e1s\u00e1ll\u00f3 ac\u00e9l kiv\u00e1laszt\u00e1sa az id\u0151j\u00e1r\u00e1s\u00e1ll\u00f3s\u00e1g \u00e9s a magas h\u0151m\u00e9rs\u00e9kleti ellen\u00e1ll\u00e1s biztos\u00edt\u00e1sa \u00e9rdek\u00e9ben.<br \/>\n2. Feldolgoz\u00e1si technol\u00f3gia :<br \/>\nV\u00e1g\u00e1s \u00e9s hegeszt\u00e9s : Haszn\u00e1ljon fejlett v\u00e1g\u00e1si \u00e9s hegeszt\u00e9si technol\u00f3gi\u00e1t, hogy a t\u0171zgoly\u00f3 alakja \u00e9s szerkezete stabil legyen.<br \/>\nFel\u00fcletkezel\u00e9s : Speci\u00e1lis k\u00e9miai kezel\u00e9s vagy term\u00e9szetes korr\u00f3zi\u00f3s folyamat r\u00e9v\u00e9n az id\u0151j\u00e1r\u00e1s\u00e1ll\u00f3 ac\u00e9l fel\u00fclete egys\u00e9ges rozsdar\u00e9teget k\u00e9pez.<br \/>\nT\u0171z\u00e1ll\u00f3 kezel\u00e9s : A t\u0171z\u00e1ll\u00f3 kezel\u00e9st a t\u0171zgoly\u00f3 belsej\u00e9ben v\u00e9gzik, hogy biztos\u00edts\u00e1k a biztons\u00e1got \u00e9s a tart\u00f3ss\u00e1got magas h\u0151m\u00e9rs\u00e9kleten.<\/p>\n<p><strong>Gondoz\u00e1s \u00e9s karbantart\u00e1s<\/strong><br \/>\n1.  Rendszeres ellen\u0151rz\u00e9s : Rendszeresen ellen\u0151rizze az id\u0151j\u00e1r\u00e1s\u00e1ll\u00f3 ac\u00e9l f\u00e9m t\u0171zgoly\u00f3 szerkezet\u00e9t \u00e9s fel\u00fcleti \u00e1llapot\u00e1t a biztons\u00e1g \u00e9s az eszt\u00e9tikum biztos\u00edt\u00e1sa \u00e9rdek\u00e9ben.<br \/>\n2. Tiszt\u00edt\u00e1s \u00e9s karbantart\u00e1s : B\u00e1r az id\u0151j\u00e1r\u00e1s\u00e1ll\u00f3 ac\u00e9l \u00f6ntiszt\u00edt\u00f3 funkci\u00f3val rendelkezik, a j\u00f3 megjelen\u00e9s meg\u0151rz\u00e9se \u00e9rdek\u00e9ben m\u00e9gis rendszeresen meg kell tiszt\u00edtani a fel\u00fcletet a port\u00f3l \u00e9s a t\u00f6rmel\u00e9kt\u0151l.<\/p>\n<p><strong>Testreszab\u00e1s<\/strong><br \/>\n1. Testreszabott szolg\u00e1ltat\u00e1s : Az \u00fcgyfelek ig\u00e9nyei szerint, hogy szem\u00e9lyre szabott szolg\u00e1ltat\u00e1sokat ny\u00fajtson, tervezze \u00e9s gy\u00e1rtja az id\u0151j\u00e1r\u00e1s\u00e1ll\u00f3 ac\u00e9l f\u00e9m t\u0171zgoly\u00f3kat, amelyek megfelelnek a k\u00fcl\u00f6nleges k\u00f6vetelm\u00e9nyeknek.<\/p>\n<div class=\"magic-21\"><a href=\"https:\/\/keweicorten.com\/hu\/products\/\"><img decoding=\"async\" class=\"magic-22 alignnone\" title=\"corten t\u0171zg\u00f6d\u00f6r g\u00f6mb\" src=\"https:\/\/sc04.alicdn.com\/kf\/H49a31c6883ab4523a898050972880b08C\/253038816\/H49a31c6883ab4523a898050972880b08C.jpg\" alt=\"corten t\u0171zg\u00f6d\u00f6r g\u00f6mb testreszabott, nagykereskedelem -keweicorten\" width=\"600\" height=\"600\" data-src=\"\/\/sc04.alicdn.com\/kf\/H49a31c6883ab4523a898050972880b08C\/253038816\/H49a31c6883ab4523a898050972880b08C.jpg\" \/><\/a><\/div>\n<div class=\"magic-23\"><a href=\"https:\/\/keweicorten.com\/hu\"><img decoding=\"async\" class=\"alignnone\" title=\"G\u00f6d\u00f6rg\u00f6mb\" src=\"https:\/\/sc04.alicdn.com\/kf\/He287f4272bb14d48bba22652322de834z\/276376197\/He287f4272bb14d48bba22652322de834z.jpg\" alt=\"Pit globe porcel\u00e1n,\u00e1r,gy\u00e1rt\u00f3k, besz\u00e1ll\u00edt\u00f3k-keweicorten\" width=\"600\" height=\"1026\" \/><\/a><\/div>","protected":false},"excerpt":{"rendered":"<p>A Corten ac\u00e9l t\u0171zgoly\u00f3 a funkcion\u00e1lis \u00e9s dekorat\u00edv k\u00fclt\u00e9ri t\u0171zgoly\u00f3 kombin\u00e1ci\u00f3ja, korr\u00f3zi\u00f3\u00e1ll\u00f3s\u00e1ggal, magas h\u0151m\u00e9rs\u00e9kleti ellen\u00e1ll\u00e1ssal \u00e9s egyed\u00fcl\u00e1ll\u00f3 rozsdahat\u00e1ssal, amely alkalmas k\u00fcl\u00f6nb\u00f6z\u0151 k\u00fclt\u00e9ri k\u00f6rnyezetekben val\u00f3 haszn\u00e1latra.<\/p>","protected":false},"featured_media":1937,"comment_status":"open","ping_status":"closed","template":"","meta":{"_eb_attr":"","_monsterinsights_skip_tracking":false,"_monsterinsights_sitenote_active":false,"_monsterinsights_sitenote_note":"","_monsterinsights_sitenote_category":0,"_uf_show_specific_survey":0,"_uf_disable_surveys":false},"product_brand":[],"product_cat":[54],"product_tag":[],"class_list":{"0":"post-1935","1":"product","2":"type-product","3":"status-publish","4":"has-post-thumbnail","6":"product_cat-wood-fire-pit","8":"first","9":"instock","10":"shipping-taxable","11":"product-type-simple"},"_links":{"self":[{"href":"https:\/\/keweicorten.com\/hu\/wp-json\/wp\/v2\/product\/1935"}],"collection":[{"href":"https:\/\/keweicorten.com\/hu\/wp-json\/wp\/v2\/product"}],"about":[{"href":"https:\/\/keweicorten.com\/hu\/wp-json\/wp\/v2\/types\/product"}],"replies":[{"embeddable":true,"href":"https:\/\/keweicorten.com\/hu\/wp-json\/wp\/v2\/comments?post=1935"}],"version-history":[{"count":1,"href":"https:\/\/keweicorten.com\/hu\/wp-json\/wp\/v2\/product\/1935\/revisions"}],"predecessor-version":[{"id":1939,"href":"https:\/\/keweicorten.com\/hu\/wp-json\/wp\/v2\/product\/1935\/revisions\/1939"}],"wp:featuredmedia":[{"embeddable":true,"href":"https:\/\/keweicorten.com\/hu\/wp-json\/wp\/v2\/media\/1937"}],"wp:attachment":[{"href":"https:\/\/keweicorten.com\/hu\/wp-json\/wp\/v2\/media?parent=1935"}],"wp:term":[{"taxonomy":"product_brand","embeddable":true,"href":"https:\/\/keweicorten.com\/hu\/wp-json\/wp\/v2\/product_brand?post=1935"},{"taxonomy":"product_cat","embeddable":true,"href":"https:\/\/keweicorten.com\/hu\/wp-json\/wp\/v2\/product_cat?post=1935"},{"taxonomy":"product_tag","embeddable":true,"href":"https:\/\/keweicorten.com\/hu\/wp-json\/wp\/v2\/product_tag?post=1935"}],"curies":[{"name":"wp","href":"https:\/\/api.w.org\/{rel}","templated":true}]}}