{"id":1943,"date":"2024-11-13T07:55:20","date_gmt":"2024-11-13T07:55:20","guid":{"rendered":"https:\/\/keweicorten.com\/?post_type=product&#038;p=1943"},"modified":"2024-11-13T07:56:55","modified_gmt":"2024-11-13T07:56:55","slug":"corten-a-acellemez","status":"publish","type":"product","link":"https:\/\/keweicorten.com\/hu\/corten-a-acellemez\/","title":{"rendered":"Corten A ac\u00e9llemez"},"content":{"rendered":"<p class=\"!whitespace-pre-wrap\"><strong>F\u0151bb tulajdons\u00e1gok \u00e9s el\u0151ny\u00f6k\uff1a<\/strong><\/p>\n<ol>\n<li>\n<p class=\"!whitespace-pre-wrap\"><strong>Nagy szil\u00e1rds\u00e1g \u00e9s tart\u00f3ss\u00e1g<\/strong>: A Corten A ac\u00e9llemez kiv\u00e1l\u00f3 mechanikai tulajdons\u00e1gokkal rendelkezik, bele\u00e9rtve a magas szak\u00edt\u00f3szil\u00e1rds\u00e1got \u00e9s foly\u00e1shat\u00e1rt. Ez teszi alkalmass\u00e1 a robusztus szerkezeti integrit\u00e1st ig\u00e9nyl\u0151 alkalmaz\u00e1sokhoz.<\/p>\n<\/li>\n<li>\n<p class=\"!whitespace-pre-wrap\"><strong>Id\u0151j\u00e1r\u00e1s\u00e1ll\u00f3s\u00e1g<\/strong>: A Corten A egyik kiemelked\u0151 tulajdons\u00e1ga a kiv\u00e1l\u00f3 l\u00e9gk\u00f6ri korr\u00f3zi\u00f3val szembeni ellen\u00e1ll\u00e1sa. Ha nedvess\u00e9gnek \u00e9s leveg\u0151nek van kit\u00e9ve, stabil rozsdaszer\u0171 patin\u00e1t k\u00e9pez, amely megv\u00e9di az alatta l\u00e9v\u0151 ac\u00e9lt a tov\u00e1bbi oxid\u00e1ci\u00f3t\u00f3l \u00e9s k\u00e1rosod\u00e1st\u00f3l.<\/p>\n<\/li>\n<li>\n<p class=\"!whitespace-pre-wrap\"><strong>K\u00f6lts\u00e9ghat\u00e9konys\u00e1g<\/strong>: Fejlett tulajdons\u00e1gai ellen\u00e9re a Corten A hossz\u00fa t\u00e1von k\u00f6lts\u00e9ghat\u00e9kony. A karbantart\u00e1s, a fest\u00e9s \u00e9s a v\u00e9d\u0151bevonatok cs\u00f6kkentett sz\u00fcks\u00e9gess\u00e9ge jelent\u0151s megtakar\u00edt\u00e1st jelent az id\u0151 m\u00fal\u00e1s\u00e1val.<\/p>\n<\/li>\n<li>\n<p class=\"!whitespace-pre-wrap\"><strong>Eszt\u00e9tikai vonzer\u0151<\/strong>: Az id\u0151j\u00e1r\u00e1snak kitett Corten A ac\u00e9l term\u00e9szetes, rusztikus megjelen\u00e9se eszt\u00e9tikusan vonz\u00f3v\u00e1 teszi az \u00e9p\u00edt\u00e9szeti terveket \u00e9s a kert\u00e9p\u00edt\u00e9si projekteket. Egyedi megjelen\u00e9se fokozhatja b\u00e1rmely szerkezet vizu\u00e1lis hat\u00e1s\u00e1t.<\/p>\n<\/li>\n<\/ol>\n<p><strong>Fizikai jellemz\u0151k\uff1a<\/strong><br \/>\nVastags\u00e1g: \u00e9s 450 mm k\u00f6z\u00f6tt.<br \/>\nSz\u00e9less\u00e9g: \u00c1ltal\u00e1ban 1500 mm \u00e9s 4500 mm k\u00f6z\u00f6tt.<br \/>\nHossz\u00fas\u00e1g: el\u00e9rheti a 3000 mm \u00e9s 18000 mm k\u00f6z\u00f6tti \u00e9rt\u00e9ket.<\/p>\n<p><strong>Alkalmaz\u00e1si ter\u00fclet\uff1a<\/strong><br \/>\n\u00c9p\u00fclet- \u00e9s szerkezet\u00e9p\u00edt\u00e9s: Id\u0151j\u00e1r\u00e1s\u00e1ll\u00f3s\u00e1ga miatt gyakran haszn\u00e1lj\u00e1k hidakn\u00e1l, \u00e9p\u00fcletek homlokzatain\u00e1l \u00e9s t\u00e1rol\u00f3tart\u00e1lyokn\u00e1l.<br \/>\nSz\u00e1ll\u00edt\u00f3eszk\u00f6z\u00f6k: p\u00e9ld\u00e1ul vas\u00fati j\u00e1rm\u0171vek, teheraut\u00f3k fel\u00e9p\u00edtm\u00e9nyei stb.<br \/>\nDekorat\u00edv felhaszn\u00e1l\u00e1s: Egyedi megjelen\u00e9se \u00e9s id\u0151j\u00e1r\u00e1s\u00e1ll\u00f3s\u00e1ga miatt gyakran haszn\u00e1lj\u00e1k a kerttervez\u00e9sben \u00e9s a m\u0171v\u00e9szi szobr\u00e1szatban is.<\/p>\n<table>\n<tbody>\n<tr>\n<td colspan=\"1\" rowspan=\"1\">\n<div><b>Anyag<\/b><\/div>\n<\/td>\n<td colspan=\"4\" rowspan=\"1\">\n<div>Q355NH Q460NH Q345GNH Q295NH Q295GNH Q235NH 09CuPCrNi-A 05CuPCrNi-A SPA-H B460GNQR B480GNQR Q400NQRI Q450NQRI<br \/>\nCorten A\/B, 09CuCrPNi-A, A588 Gr A\/B\/C\/D, ASTM A242, SPA-H, SPA-C, Q235NH, Q295NH, Q355NH, Q460NH, Q295GNH, Q295GNHL, Q345GNH, Q345GNHL, Q390GNH.<\/div>\n<\/td>\n<\/tr>\n<tr>\n<td colspan=\"1\" rowspan=\"1\">\n<div><b>Sz\u00e9less\u00e9g<\/b><\/div>\n<\/td>\n<td colspan=\"4\" rowspan=\"1\">\n<div>1000mm 1250mm 1500mm 2000mm 2500mm 3000mm 3000mm<\/div>\n<\/td>\n<\/tr>\n<tr>\n<td colspan=\"1\" rowspan=\"1\">\n<div><b>Feldolgoz\u00f3 szolg\u00e1ltat\u00e1s<\/b><\/div>\n<\/td>\n<td colspan=\"4\" rowspan=\"1\">\n<div>Hajl\u00edt\u00e1s, hegeszt\u00e9s, tekercsel\u00e9s, v\u00e1g\u00e1s, lyukaszt\u00e1s<\/div>\n<\/td>\n<\/tr>\n<tr>\n<td colspan=\"1\" rowspan=\"1\">\n<div><b>Vastags\u00e1g<\/b><\/div>\n<\/td>\n<td colspan=\"4\" rowspan=\"1\">\n<div>1.5mm~70mm<\/div>\n<\/td>\n<\/tr>\n<tr>\n<td colspan=\"1\" rowspan=\"2\">\n<div><b>Csomagol\u00e1s r\u00e9szletesen<\/b><\/div>\n<\/td>\n<td colspan=\"4\" rowspan=\"1\">\n<div>Szabv\u00e1nyos exportcsomagol\u00e1s: f\u00e1b\u00f3l k\u00e9sz\u00fclt raklap + karton + ac\u00e9lszalag<\/div>\n<\/td>\n<\/tr>\n<tr>\n<td colspan=\"4\" rowspan=\"1\">\n<div>Testreszabott k\u00f6vetelm\u00e9nyeket fogadunk el<\/div>\n<\/td>\n<\/tr>\n<tr>\n<td colspan=\"1\" rowspan=\"1\">\n<div><b>Technikai folyamat<\/b><\/div>\n<\/td>\n<td colspan=\"4\" rowspan=\"1\">\n<div>L\u00e9zerv\u00e1g\u00e1s &gt; perfor\u00e1l\u00e1s vagy hajl\u00edt\u00e1s &gt; hegeszt\u00e9s \u00e9s pol\u00edroz\u00e1s &gt; fel\u00fcletkezel\u00e9s &gt; csomagol\u00e1s<\/div>\n<\/td>\n<\/tr>\n<tr>\n<td colspan=\"1\" rowspan=\"1\">\n<div><b>Alkalmaz\u00e1s<\/b><\/div>\n<\/td>\n<td colspan=\"4\" rowspan=\"1\">\n<div>Homlokzatokhoz, parav\u00e1nokhoz, t\u00e9relv\u00e1laszt\u00f3khoz \u00e9s egy\u00e9b dekor\u00e1ci\u00f3khoz haszn\u00e1lj\u00e1k.<\/div>\n<\/td>\n<\/tr>\n<\/tbody>\n<\/table>\n<p><a href=\"https:\/\/keweicorten.com\/hu\"><img fetchpriority=\"high\" decoding=\"async\" class=\"alignnone\" title=\"Corten ac\u00e9llemezek\" src=\"https:\/\/www.csteelindia.com\/images\/irsm-41-97-corten-steel-plates.jpg\" alt=\"Corten ac\u00e9llemezek Factory, porcel\u00e1n, \u00e1r, gy\u00e1rt\u00f3k, besz\u00e1ll\u00edt\u00f3k - keweicorten\" width=\"699\" height=\"394\" \/><\/a><\/p>\n<p><a href=\"https:\/\/keweicorten.com\/hu\/products\/\"><img decoding=\"async\" class=\"alignnone\" title=\"Astm A588 ac\u00e9llemez \" src=\"https:\/\/sc01.alicdn.com\/kf\/H52b92eceae0a400495623962a04b0d9bG\/234518937\/H52b92eceae0a400495623962a04b0d9bG.jpg\" alt=\"Astm A588 ac\u00e9llemez gy\u00e1r, porcel\u00e1n, \u00e1r, gy\u00e1rt\u00f3k, besz\u00e1ll\u00edt\u00f3k-keweicorten\" width=\"699\" height=\"524\" \/><\/a><\/p>","protected":false},"excerpt":{"rendered":"<p>A Corten A ac\u00e9llemez \u00e1ra az er\u0151, a tart\u00f3ss\u00e1g \u00e9s az eszt\u00e9tikai vonzer\u0151 kever\u00e9k\u00e9t k\u00edn\u00e1lja, \u00edgy kiv\u00e1l\u00f3 v\u00e1laszt\u00e1s az alkalmaz\u00e1sok sz\u00e9les k\u00f6r\u00e9hez. Ak\u00e1r az \u00e9p\u00edt\u0151iparban, ak\u00e1r a sz\u00e1ll\u00edt\u00e1sban vagy a gy\u00e1rt\u00e1sban vesz r\u00e9szt,<\/p>","protected":false},"featured_media":1944,"comment_status":"open","ping_status":"closed","template":"","meta":{"_eb_attr":"","_monsterinsights_skip_tracking":false,"_monsterinsights_sitenote_active":false,"_monsterinsights_sitenote_note":"","_monsterinsights_sitenote_category":0,"_uf_show_specific_survey":0,"_uf_disable_surveys":false},"product_brand":[],"product_cat":[21],"product_tag":[],"class_list":{"0":"post-1943","1":"product","2":"type-product","3":"status-publish","4":"has-post-thumbnail","6":"product_cat-weather-resistant-steel-plate","8":"first","9":"instock","10":"shipping-taxable","11":"product-type-simple"},"_links":{"self":[{"href":"https:\/\/keweicorten.com\/hu\/wp-json\/wp\/v2\/product\/1943"}],"collection":[{"href":"https:\/\/keweicorten.com\/hu\/wp-json\/wp\/v2\/product"}],"about":[{"href":"https:\/\/keweicorten.com\/hu\/wp-json\/wp\/v2\/types\/product"}],"replies":[{"embeddable":true,"href":"https:\/\/keweicorten.com\/hu\/wp-json\/wp\/v2\/comments?post=1943"}],"version-history":[{"count":2,"href":"https:\/\/keweicorten.com\/hu\/wp-json\/wp\/v2\/product\/1943\/revisions"}],"predecessor-version":[{"id":1949,"href":"https:\/\/keweicorten.com\/hu\/wp-json\/wp\/v2\/product\/1943\/revisions\/1949"}],"wp:featuredmedia":[{"embeddable":true,"href":"https:\/\/keweicorten.com\/hu\/wp-json\/wp\/v2\/media\/1944"}],"wp:attachment":[{"href":"https:\/\/keweicorten.com\/hu\/wp-json\/wp\/v2\/media?parent=1943"}],"wp:term":[{"taxonomy":"product_brand","embeddable":true,"href":"https:\/\/keweicorten.com\/hu\/wp-json\/wp\/v2\/product_brand?post=1943"},{"taxonomy":"product_cat","embeddable":true,"href":"https:\/\/keweicorten.com\/hu\/wp-json\/wp\/v2\/product_cat?post=1943"},{"taxonomy":"product_tag","embeddable":true,"href":"https:\/\/keweicorten.com\/hu\/wp-json\/wp\/v2\/product_tag?post=1943"}],"curies":[{"name":"wp","href":"https:\/\/api.w.org\/{rel}","templated":true}]}}