{"id":2182,"date":"2024-11-20T02:57:43","date_gmt":"2024-11-20T02:57:43","guid":{"rendered":"https:\/\/keweicorten.com\/?post_type=product&#038;p=2182"},"modified":"2024-11-20T02:57:44","modified_gmt":"2024-11-20T02:57:44","slug":"corten-a588-grk-acel","status":"publish","type":"product","link":"https:\/\/keweicorten.com\/hu\/corten-a588-grk-acel\/","title":{"rendered":"Corten A588 GrK ac\u00e9l"},"content":{"rendered":"<p>Corten A588 GrK ac\u00e9l jellemz\u0151i \u00e9s el\u0151nyei:<br \/>\nId\u0151j\u00e1r\u00e1s\u00e1ll\u00f3s\u00e1g: A Corten A588 GrK ac\u00e9l magas id\u0151j\u00e1r\u00e1s\u00e1ll\u00f3s\u00e1ggal rendelkezik, \u00e9s ellen\u00e1ll a l\u00e9gk\u00f6ri korr\u00f3zi\u00f3nak, ami alkalmas a k\u00fclt\u00e9ri, kitett k\u00f6rnyezetben l\u00e9v\u0151 szerkezeti elemekhez.<br \/>\nMechanikai tulajdons\u00e1gok: Az ac\u00e9l szobah\u0151m\u00e9rs\u00e9kleten magas szak\u00edt\u00f3szil\u00e1rds\u00e1ggal \u00e9s foly\u00e1shat\u00e1rral rendelkezik, \u00e9s j\u00f3 ny\u00fal\u00e1si tulajdons\u00e1gokkal rendelkezik.<br \/>\nSz\u00e9les k\u00f6rben haszn\u00e1lj\u00e1k: Gyakran haszn\u00e1lj\u00e1k hidakban, nagym\u00e9ret\u0171 kont\u00e9nerekben, k\u00e9m\u00e9nyekben \u00e9s egy\u00e9b szerkezetekben, k\u00fcl\u00f6n\u00f6sen olyan k\u00f6rnyezetben, ahol nagyfok\u00fa id\u0151j\u00e1r\u00e1s\u00e1ll\u00f3s\u00e1gra van sz\u00fcks\u00e9g.<\/p>\n<p>Rendel\u00e9s \u00e9s csomagol\u00e1s:<br \/>\nMinim\u00e1lis rendel\u00e9si m\u00e9ret: A besz\u00e1ll\u00edt\u00f3 ig\u00e9nyeit\u0151l f\u00fcgg\u0151en \u00e1ltal\u00e1ban 1 tonna vagy ann\u00e1l t\u00f6bb.<br \/>\nCsomagol\u00e1s: A sz\u00e1ll\u00edt\u00e1s biztons\u00e1g\u00e1nak biztos\u00edt\u00e1sa \u00e9rdek\u00e9ben \u00e1ltal\u00e1ban v\u00edz\u00e1ll\u00f3 m\u0171anyag csomagol\u00e1st, k\u00f6tegelt csomagol\u00e1st vagy \u00f6mlesztett sz\u00e1ll\u00edt\u00e1st haszn\u00e1lnak.<\/p>\n<table style=\"height: 411px;\" width=\"555\">\n<thead>\n<tr>\n<th>Ingatlan<\/th>\n<th>\u00c9rt\u00e9k<\/th>\n<\/tr>\n<\/thead>\n<tbody>\n<tr>\n<td><strong>K\u00e9miai \u00f6sszet\u00e9tel<\/strong><\/td>\n<td><\/td>\n<\/tr>\n<tr>\n<td>- Sz\u00e9n (C)<\/td>\n<td>\u2264 0,27%<\/td>\n<\/tr>\n<tr>\n<td>- Mang\u00e1n (Mn)<\/td>\n<td>0.65-1.30%<\/td>\n<\/tr>\n<tr>\n<td>- Foszfor (P)<\/td>\n<td>\u2264 0,04%<\/td>\n<\/tr>\n<tr>\n<td>- K\u00e9n (S)<\/td>\n<td>\u2264 0,05%<\/td>\n<\/tr>\n<tr>\n<td>- Szil\u00edcium (Si)<\/td>\n<td>0.20-0.60%<\/td>\n<\/tr>\n<tr>\n<td>- R\u00e9z (Cu)<\/td>\n<td>0.20-0.40%<\/td>\n<\/tr>\n<tr>\n<td>- Nikkel (Ni)<\/td>\n<td>0.20-0.50%<\/td>\n<\/tr>\n<tr>\n<td>- Kr\u00f3m (Cr)<\/td>\n<td>0.40-0.70%<\/td>\n<\/tr>\n<tr>\n<td><strong>Mechanikai tulajdons\u00e1gok<\/strong><\/td>\n<td><\/td>\n<\/tr>\n<tr>\n<td>- Szak\u00edt\u00f3szil\u00e1rds\u00e1g<\/td>\n<td>450-630 MPa<\/td>\n<\/tr>\n<tr>\n<td>- Termel\u00e9si szil\u00e1rds\u00e1g<\/td>\n<td>\u2265 345 MPa<\/td>\n<\/tr>\n<tr>\n<td>- Ny\u00fal\u00e1s<\/td>\n<td>\u2265 20%<\/td>\n<\/tr>\n<\/tbody>\n<\/table>\n<p><a href=\"https:\/\/keweicorten.com\/hu\"><img fetchpriority=\"high\" decoding=\"async\" class=\"alignnone wp-image-2183\" title=\"Corten A588 GrK ac\u00e9l\" src=\"https:\/\/keweicorten.com\/wp-content\/uploads\/2024\/11\/\u8010\u5019\u94a2\u677f\u666f\u89c2\u5899\u5546\u6d1b@\u89c4\u683c\u9f50\u5168-\u5efa\u6750\u7f51_782f696a.jpg\" alt=\"Corten A588 GrK ac\u00e9l testreszabott, nagykereskedelem, olcs\u00f3, elad\u00f3, rakt\u00e1ron - keweicorten\" width=\"558\" height=\"558\" srcset=\"https:\/\/keweicorten.com\/wp-content\/uploads\/2024\/11\/\u8010\u5019\u94a2\u677f\u666f\u89c2\u5899\u5546\u6d1b@\u89c4\u683c\u9f50\u5168-\u5efa\u6750\u7f51_782f696a.jpg 700w, https:\/\/keweicorten.com\/wp-content\/uploads\/2024\/11\/\u8010\u5019\u94a2\u677f\u666f\u89c2\u5899\u5546\u6d1b@\u89c4\u683c\u9f50\u5168-\u5efa\u6750\u7f51_782f696a-300x300.jpg 300w, https:\/\/keweicorten.com\/wp-content\/uploads\/2024\/11\/\u8010\u5019\u94a2\u677f\u666f\u89c2\u5899\u5546\u6d1b@\u89c4\u683c\u9f50\u5168-\u5efa\u6750\u7f51_782f696a-150x150.jpg 150w, https:\/\/keweicorten.com\/wp-content\/uploads\/2024\/11\/\u8010\u5019\u94a2\u677f\u666f\u89c2\u5899\u5546\u6d1b@\u89c4\u683c\u9f50\u5168-\u5efa\u6750\u7f51_782f696a-12x12.jpg 12w, https:\/\/keweicorten.com\/wp-content\/uploads\/2024\/11\/\u8010\u5019\u94a2\u677f\u666f\u89c2\u5899\u5546\u6d1b@\u89c4\u683c\u9f50\u5168-\u5efa\u6750\u7f51_782f696a-600x600.jpg 600w, https:\/\/keweicorten.com\/wp-content\/uploads\/2024\/11\/\u8010\u5019\u94a2\u677f\u666f\u89c2\u5899\u5546\u6d1b@\u89c4\u683c\u9f50\u5168-\u5efa\u6750\u7f51_782f696a-100x100.jpg 100w\" sizes=\"(max-width: 558px) 100vw, 558px\" \/><\/a><\/p>\n<table style=\"height: 72px;\" width=\"699\">\n<tbody>\n<tr>\n<td><strong>Alkalmaz\u00e1sok<\/strong><\/td>\n<td>Hidak, nagym\u00e9ret\u0171 kont\u00e9nerek, k\u00e9m\u00e9nyek, k\u00fclt\u00e9ri \u00e9p\u00edtm\u00e9nyek<\/td>\n<\/tr>\n<tr>\n<td><strong>Korr\u00f3zi\u00f3\u00e1ll\u00f3s\u00e1g<\/strong><\/td>\n<td>Kiv\u00e1l\u00f3 l\u00e9gk\u00f6ri korr\u00f3zi\u00f3\u00e1ll\u00f3s\u00e1g<\/td>\n<\/tr>\n<\/tbody>\n<\/table>\n<p>&nbsp;<\/p>","protected":false},"excerpt":{"rendered":"<p>A Corten A588 GrK ac\u00e9l egy id\u0151j\u00e1r\u00e1s\u00e1ll\u00f3 ac\u00e9l, amelyet kiv\u00e1l\u00f3 korr\u00f3zi\u00f3\u00e1ll\u00f3s\u00e1gra \u00e9s mechanikai tulajdons\u00e1gokra terveztek, amikor l\u00e9gk\u00f6ri k\u00f6rnyezetnek van kit\u00e9ve. Ez az ac\u00e9l egy nagy szil\u00e1rds\u00e1g\u00fa, alacsony \u00f6tv\u00f6z\u00e9s\u0171 ac\u00e9l, amely f\u0151k\u00e9nt vasb\u00f3l, sz\u00e9nb\u0151l, szil\u00edciumb\u00f3l, mang\u00e1nb\u00f3l \u00e9s r\u00e9zb\u0151l \u00e1ll, \u00e9s kis mennyis\u00e9gben tartalmaz foszfort, k\u00e9nt, nikkelt \u00e9s kr\u00f3mot.<\/p>","protected":false},"featured_media":2183,"comment_status":"open","ping_status":"closed","template":"","meta":{"_eb_attr":"","_monsterinsights_skip_tracking":false,"_monsterinsights_sitenote_active":false,"_monsterinsights_sitenote_note":"","_monsterinsights_sitenote_category":0,"_uf_show_specific_survey":0,"_uf_disable_surveys":false},"product_brand":[],"product_cat":[21],"product_tag":[],"class_list":{"0":"post-2182","1":"product","2":"type-product","3":"status-publish","4":"has-post-thumbnail","6":"product_cat-weather-resistant-steel-plate","8":"first","9":"instock","10":"shipping-taxable","11":"product-type-simple"},"_links":{"self":[{"href":"https:\/\/keweicorten.com\/hu\/wp-json\/wp\/v2\/product\/2182"}],"collection":[{"href":"https:\/\/keweicorten.com\/hu\/wp-json\/wp\/v2\/product"}],"about":[{"href":"https:\/\/keweicorten.com\/hu\/wp-json\/wp\/v2\/types\/product"}],"replies":[{"embeddable":true,"href":"https:\/\/keweicorten.com\/hu\/wp-json\/wp\/v2\/comments?post=2182"}],"version-history":[{"count":1,"href":"https:\/\/keweicorten.com\/hu\/wp-json\/wp\/v2\/product\/2182\/revisions"}],"predecessor-version":[{"id":2186,"href":"https:\/\/keweicorten.com\/hu\/wp-json\/wp\/v2\/product\/2182\/revisions\/2186"}],"wp:featuredmedia":[{"embeddable":true,"href":"https:\/\/keweicorten.com\/hu\/wp-json\/wp\/v2\/media\/2183"}],"wp:attachment":[{"href":"https:\/\/keweicorten.com\/hu\/wp-json\/wp\/v2\/media?parent=2182"}],"wp:term":[{"taxonomy":"product_brand","embeddable":true,"href":"https:\/\/keweicorten.com\/hu\/wp-json\/wp\/v2\/product_brand?post=2182"},{"taxonomy":"product_cat","embeddable":true,"href":"https:\/\/keweicorten.com\/hu\/wp-json\/wp\/v2\/product_cat?post=2182"},{"taxonomy":"product_tag","embeddable":true,"href":"https:\/\/keweicorten.com\/hu\/wp-json\/wp\/v2\/product_tag?post=2182"}],"curies":[{"name":"wp","href":"https:\/\/api.w.org\/{rel}","templated":true}]}}