{"id":2432,"date":"2024-11-26T02:47:59","date_gmt":"2024-11-26T02:47:59","guid":{"rendered":"https:\/\/keweicorten.com\/?post_type=product&#038;p=2432"},"modified":"2025-01-15T06:14:28","modified_gmt":"2025-01-15T06:14:28","slug":"valaszfal-fem-kerti-paravan","status":"publish","type":"product","link":"https:\/\/keweicorten.com\/hu\/valaszfal-fem-kerti-paravan\/","title":{"rendered":"Partition f\u00e9m kerti k\u00e9perny\u0151"},"content":{"rendered":"<h2><a href=\"https:\/\/keweicorten.com\/hu\/kapcsolatfelvetel\/\"><strong>F\u00e9m v\u00e1laszfal kerti k\u00e9perny\u0151: A st\u00edlus \u00e9s a funkcionalit\u00e1s t\u00f6k\u00e9letes kever\u00e9ke a szabadt\u00e9ri t\u00e9rben<\/strong><\/a><\/h2>\n<p>A v\u00e1laszfal f\u00e9m kerti parav\u00e1nok a modern kert\u00e9p\u00edt\u00e9s egyik alapelem\u00e9v\u00e9 v\u00e1lnak, mivel mind gyakorlati el\u0151ny\u00f6ket, mind eszt\u00e9tikai vonzer\u0151t k\u00edn\u00e1lnak. Ak\u00e1r mag\u00e1n\u00e9letet szeretne biztos\u00edtani, ak\u00e1r tereket szeretne kijel\u00f6lni, ak\u00e1r leny\u0171g\u00f6z\u0151 f\u00f3kuszpontokat szeretne l\u00e9trehozni, ezek a sokoldal\u00fa parav\u00e1nok ide\u00e1lis megold\u00e1st jelentenek. \u00cdme minden, amit a f\u00e9m kerti parav\u00e1nok k\u00fclt\u00e9ri kialak\u00edt\u00e1s\u00e1ba val\u00f3 be\u00e9p\u00edt\u00e9s\u00e9r\u0151l tudni kell.<\/p>\n<h3><strong>Mi az a v\u00e1laszfal f\u00e9m kerti parav\u00e1n?<\/strong><\/h3>\n<p>A v\u00e1laszfal f\u00e9m kerti parav\u00e1n egy dekorat\u00edv panel, amely tart\u00f3s anyagokb\u00f3l, p\u00e9ld\u00e1ul cortenac\u00e9lb\u00f3l, alum\u00edniumb\u00f3l vagy porsz\u00f3rt f\u00e9mb\u0151l k\u00e9sz\u00fcl. Ezek a parav\u00e1nok gyakran bonyolult l\u00e9zerv\u00e1gott mint\u00e1kkal rendelkeznek, az absztrakt mint\u00e1kt\u00f3l a term\u00e9szet ihlette mot\u00edvumokig, \u00edgy st\u00edlusos kieg\u00e9sz\u00edt\u0151i b\u00e1rmely kertnek vagy terasznak.<\/p>\n<div style=\"width: 800px;\" class=\"wp-video\"><!--[if lt IE 9]><script>document.createElement('video');<\/script><![endif]-->\n<video class=\"wp-video-shortcode\" id=\"video-2432-1\" width=\"800\" height=\"450\" loop=\"1\" autoplay=\"1\" preload=\"metadata\" controls=\"controls\"><source type=\"video\/mp4\" src=\"https:\/\/keweicorten.com\/wp-content\/uploads\/2024\/11\/decorative-garden-screens-1.mp4?_=1\" \/><a href=\"https:\/\/keweicorten.com\/wp-content\/uploads\/2024\/11\/decorative-garden-screens-1.mp4\">https:\/\/keweicorten.com\/wp-content\/uploads\/2024\/11\/decorative-garden-screens-1.mp4<\/a><\/video><\/div>\n<h3><strong>Az elv\u00e1laszt\u00f3 f\u00e9m kerti k\u00e9perny\u0151k el\u0151nyei<\/strong><\/h3>\n<ol>\n<li><strong>Mag\u00e1n\u00e9let a st\u00edlus fel\u00e1ldoz\u00e1sa n\u00e9lk\u00fcl<\/strong><br \/>\nEzek a dekorat\u00edv kerti parav\u00e1nok eleg\u00e1ns m\u00f3don biztos\u00edtj\u00e1k a mag\u00e1n\u00e9let meg\u0151rz\u00e9s\u00e9t a k\u00fclt\u00e9ri terekben. Ak\u00e1r egy erk\u00e9lyen, ak\u00e1r egy h\u00e1ts\u00f3 udvaron helyezik el \u0151ket, egyed\u00fcl\u00e1ll\u00f3 perfor\u00e1lt kialak\u00edt\u00e1suknak k\u00f6sz\u00f6nhet\u0151en akad\u00e1lyk\u00e9nt m\u0171k\u00f6dnek, mik\u00f6zben \u00e1tengedik a f\u00e9nyt \u00e9s a leveg\u0151 \u00e1raml\u00e1s\u00e1t.<\/li>\n<li><strong>\u0170roszt\u00e1ly<\/strong><br \/>\nHaszn\u00e1ljon k\u00fclt\u00e9ri \u00e1rny\u00e9kol\u00f3kat a kert k\u00fcl\u00f6nb\u00f6z\u0151 ter\u00fcleteinek kijel\u00f6l\u00e9s\u00e9re, p\u00e9ld\u00e1ul az \u00e9tkez\u00e9si z\u00f3n\u00e1k \u00e9s a j\u00e1tsz\u00f3terek elv\u00e1laszt\u00e1s\u00e1ra, vagy a pihen\u00e9shez sz\u00fcks\u00e9ges hangulatos zugok kialak\u00edt\u00e1s\u00e1ra.<\/li>\n<li><strong>Tart\u00f3ss\u00e1g \u00e9s alacsony karbantart\u00e1s<\/strong><br \/>\nEzek a k\u00e9perny\u0151k minim\u00e1lis karbantart\u00e1s mellett ellen\u00e1llnak a zord k\u00fclt\u00e9ri k\u00f6r\u00fclm\u00e9nyeknek, \u00e9s olyan id\u0151j\u00e1r\u00e1s\u00e1ll\u00f3 anyagokb\u00f3l k\u00e9sz\u00fclnek, mint a corten ac\u00e9l vagy a porsz\u00f3rt alum\u00ednium.<\/li>\n<li><strong>Eszt\u00e9tikai vonzer\u0151<\/strong><br \/>\nA l\u00e9zerv\u00e1gott kerti panelek testreszabhat\u00f3 formatervez\u00e9ssel \u00e9s kivitelez\u00e9ssel m\u0171v\u00e9szi jelleget k\u00f6lcs\u00f6n\u00f6znek, \u00e9s a h\u00e9tk\u00f6znapi tereket leny\u0171g\u00f6z\u0151 szabadt\u00e9ri elvonul\u00e1si helly\u00e9 alak\u00edtj\u00e1k \u00e1t.<\/li>\n<li><strong>K\u00f6rnyezetbar\u00e1t lehet\u0151s\u00e9gek<\/strong><br \/>\nSok f\u00e9m k\u00e9perny\u0151 \u00fajrahasznos\u00edthat\u00f3 anyagokb\u00f3l k\u00e9sz\u00fcl, \u00edgy fenntarthat\u00f3 v\u00e1laszt\u00e1s a k\u00f6rnyezettudatos lak\u00e1stulajdonosok sz\u00e1m\u00e1ra.<\/li>\n<\/ol>\n<h3><a href=\"https:\/\/keweicorten.com\/hu\/termek\/corten-kerti-paravanok\/\"><strong>A f\u00e9m kerti k\u00e9perny\u0151k n\u00e9pszer\u0171 alkalmaz\u00e1sai<\/strong><\/a><\/h3>\n<ul>\n<li><strong>Adatv\u00e9delmi panelek:<\/strong> T\u00f6k\u00e9letes a teraszok, erk\u00e9lyek vagy pezsg\u0151f\u00fcrd\u0151k \u00e1rny\u00e9kol\u00e1s\u00e1ra.<\/li>\n<li><strong>Kerti jellemz\u0151k:<\/strong> Haszn\u00e1lja n\u00f6v\u00e9nyek vagy v\u00edzi funkci\u00f3k h\u00e1tterek\u00e9nt, hogy leny\u0171g\u00f6z\u0151 l\u00e1tv\u00e1nyt ny\u00fajtson.<\/li>\n<li><strong>Pergola falak:<\/strong> A pergol\u00e1k vagy pavilonok kialak\u00edt\u00e1s\u00e1t dekorat\u00edv panelekkel jav\u00edthatja.<\/li>\n<li><strong>Fali m\u0171v\u00e9szet:<\/strong> Kisebb k\u00e9perny\u0151ket falik\u00e9pk\u00e9nt szerelhet fel a kort\u00e1rs megjelen\u00e9s \u00e9rdek\u00e9ben.<\/li>\n<\/ul>\n<p><a href=\"https:\/\/keweicorten.com\/hu\/kapcsolatfelvetel\/\"><img fetchpriority=\"high\" decoding=\"async\" class=\"alignnone wp-image-2437 size-full\" title=\" modern t\u00e1j\u00e9p\u00edt\u00e9szeti k\u00e9perny\u0151k\" src=\"https:\/\/keweicorten.com\/wp-content\/uploads\/2024\/11\/photobank-93.jpg\" alt=\" modern t\u00e1j\u00e9p\u00edt\u00e9szeti parav\u00e1nok nagykereskedelem, olcs\u00f3, elad\u00f3, rakt\u00e1ron-keweicorten\" width=\"750\" height=\"750\" srcset=\"https:\/\/keweicorten.com\/wp-content\/uploads\/2024\/11\/photobank-93.jpg 750w, https:\/\/keweicorten.com\/wp-content\/uploads\/2024\/11\/photobank-93-300x300.jpg 300w, https:\/\/keweicorten.com\/wp-content\/uploads\/2024\/11\/photobank-93-150x150.jpg 150w, https:\/\/keweicorten.com\/wp-content\/uploads\/2024\/11\/photobank-93-12x12.jpg 12w, https:\/\/keweicorten.com\/wp-content\/uploads\/2024\/11\/photobank-93-600x600.jpg 600w, https:\/\/keweicorten.com\/wp-content\/uploads\/2024\/11\/photobank-93-100x100.jpg 100w\" sizes=\"(max-width: 750px) 100vw, 750px\" \/><\/a><\/p>\n<h3><a href=\"https:\/\/keweicorten.com\/hu\/termek\/corten-kerti-paravan-panelek\/\"><strong>Mi\u00e9rt v\u00e1lassza a Corten ac\u00e9lt a kerti parav\u00e1nhoz?<\/strong><\/a><\/h3>\n<p>A Corten-ac\u00e9l a f\u00e9m kerti parav\u00e1nok n\u00e9pszer\u0171 anyaga egyedi rozsdaszer\u0171 megjelen\u00e9se \u00e9s kiv\u00e9teles tart\u00f3ss\u00e1ga miatt. Id\u0151vel v\u00e9d\u0151 patin\u00e1t k\u00e9pez, amely fokozza id\u0151j\u00e1r\u00e1s\u00e1ll\u00f3s\u00e1g\u00e1t, \u00edgy t\u00f6k\u00e9letes v\u00e1laszt\u00e1s k\u00fclt\u00e9ri haszn\u00e1latra.<\/p>\n<h3><strong>Tippek a megfelel\u0151 part\u00edci\u00f3 kiv\u00e1laszt\u00e1s\u00e1hoz F\u00e9m kerti k\u00e9perny\u0151<\/strong><\/h3>\n<ul>\n<li><strong>Anyag:<\/strong> V\u00e1lasszon olyan anyagot, amely megfelel az \u00e9ghajlati \u00e9s karbantart\u00e1si preferenci\u00e1inak.<\/li>\n<li><strong>Tervez\u00e9s:<\/strong> V\u00e1lasszon modern, klasszikus vagy rusztikus mint\u00e1kat, amelyek kieg\u00e9sz\u00edtik a kert st\u00edlus\u00e1t.<\/li>\n<li><strong>M\u00e9ret:<\/strong> Gy\u0151z\u0151dj\u00f6n meg r\u00f3la, hogy a parav\u00e1n illeszkedik a tervezett t\u00e9rbe, \u00e9s bet\u00f6lti a c\u00e9lj\u00e1t, legyen sz\u00f3 ak\u00e1r a mag\u00e1n\u00e9let v\u00e9delm\u00e9r\u0151l, ak\u00e1r a dekor\u00e1ci\u00f3r\u00f3l.<\/li>\n<li><strong>Telep\u00edt\u00e9s:<\/strong> Egyes k\u00e9perny\u0151k szabadon \u00e1ll\u00f3ak, m\u00edg m\u00e1sok r\u00f6gz\u00edt\u00e9st ig\u00e9nyelnek. Fontolja meg, hogy mi felel meg legjobban az \u00d6n ig\u00e9nyeinek.<\/li>\n<\/ul>\n<p><a href=\"https:\/\/keweicorten.com\/hu\/kapcsolatfelvetel\/\"><img decoding=\"async\" class=\"alignnone wp-image-2438 size-full\" title=\" l\u00e9zerv\u00e1gott kerti panelek\" src=\"https:\/\/keweicorten.com\/wp-content\/uploads\/2024\/11\/\u5fae\u4fe1\u56fe\u7247_20230704114302.jpg\" alt=\" l\u00e9zerv\u00e1gott kerti panelek Factory, porcel\u00e1n, \u00e1r, gy\u00e1rt\u00f3k, besz\u00e1ll\u00edt\u00f3k, testreszabott-keweicorten\" width=\"750\" height=\"624\" srcset=\"https:\/\/keweicorten.com\/wp-content\/uploads\/2024\/11\/\u5fae\u4fe1\u56fe\u7247_20230704114302.jpg 750w, https:\/\/keweicorten.com\/wp-content\/uploads\/2024\/11\/\u5fae\u4fe1\u56fe\u7247_20230704114302-300x250.jpg 300w, https:\/\/keweicorten.com\/wp-content\/uploads\/2024\/11\/\u5fae\u4fe1\u56fe\u7247_20230704114302-14x12.jpg 14w, https:\/\/keweicorten.com\/wp-content\/uploads\/2024\/11\/\u5fae\u4fe1\u56fe\u7247_20230704114302-600x499.jpg 600w\" sizes=\"(max-width: 750px) 100vw, 750px\" \/><\/a><\/p>","protected":false},"excerpt":{"rendered":"<p>A f\u00e9m kerti v\u00e1laszfalak sokoldal\u00fa \u00e9s st\u00edlusos megold\u00e1st jelentenek a k\u00fclt\u00e9ri terek feldob\u00e1s\u00e1ra. Ezek a parav\u00e1nok a mag\u00e1n\u00e9let megteremt\u00e9s\u00e9t\u0151l a leny\u0171g\u00f6z\u0151 dekor\u00e1ci\u00f3s elemekig sz\u00e9ps\u00e9get \u00e9s funkcionalit\u00e1st k\u00f6lcs\u00f6n\u00f6znek a kerteknek, teraszoknak \u00e9s egy\u00e9b helyeknek.<\/p>","protected":false},"featured_media":2442,"comment_status":"open","ping_status":"closed","template":"","meta":{"_eb_attr":"","_monsterinsights_skip_tracking":false,"_monsterinsights_sitenote_active":false,"_monsterinsights_sitenote_note":"","_monsterinsights_sitenote_category":0,"_uf_show_specific_survey":0,"_uf_disable_surveys":false},"product_brand":[],"product_cat":[57],"product_tag":[],"class_list":{"0":"post-2432","1":"product","2":"type-product","3":"status-publish","4":"has-post-thumbnail","6":"product_cat-screen-panel","8":"first","9":"instock","10":"shipping-taxable","11":"product-type-simple"},"_links":{"self":[{"href":"https:\/\/keweicorten.com\/hu\/wp-json\/wp\/v2\/product\/2432"}],"collection":[{"href":"https:\/\/keweicorten.com\/hu\/wp-json\/wp\/v2\/product"}],"about":[{"href":"https:\/\/keweicorten.com\/hu\/wp-json\/wp\/v2\/types\/product"}],"replies":[{"embeddable":true,"href":"https:\/\/keweicorten.com\/hu\/wp-json\/wp\/v2\/comments?post=2432"}],"version-history":[{"count":1,"href":"https:\/\/keweicorten.com\/hu\/wp-json\/wp\/v2\/product\/2432\/revisions"}],"predecessor-version":[{"id":2443,"href":"https:\/\/keweicorten.com\/hu\/wp-json\/wp\/v2\/product\/2432\/revisions\/2443"}],"wp:featuredmedia":[{"embeddable":true,"href":"https:\/\/keweicorten.com\/hu\/wp-json\/wp\/v2\/media\/2442"}],"wp:attachment":[{"href":"https:\/\/keweicorten.com\/hu\/wp-json\/wp\/v2\/media?parent=2432"}],"wp:term":[{"taxonomy":"product_brand","embeddable":true,"href":"https:\/\/keweicorten.com\/hu\/wp-json\/wp\/v2\/product_brand?post=2432"},{"taxonomy":"product_cat","embeddable":true,"href":"https:\/\/keweicorten.com\/hu\/wp-json\/wp\/v2\/product_cat?post=2432"},{"taxonomy":"product_tag","embeddable":true,"href":"https:\/\/keweicorten.com\/hu\/wp-json\/wp\/v2\/product_tag?post=2432"}],"curies":[{"name":"wp","href":"https:\/\/api.w.org\/{rel}","templated":true}]}}