{"id":2644,"date":"2024-12-02T02:50:12","date_gmt":"2024-12-02T02:50:12","guid":{"rendered":"https:\/\/keweicorten.com\/?post_type=product&#038;p=2644"},"modified":"2025-01-15T06:14:19","modified_gmt":"2025-01-15T06:14:19","slug":"pellet-turo","status":"publish","type":"product","link":"https:\/\/keweicorten.com\/hu\/pellet-turo\/","title":{"rendered":"pellet t\u00far\u00f3"},"content":{"rendered":"<p>A Rocket pelletk\u00e1lyh\u00e1k hat\u00e9kony, k\u00f6rnyezetbar\u00e1t t\u00fczel\u0151berendez\u00e9sek, amelyeket \u00e1ltal\u00e1ban otthoni f\u0171t\u00e9sre \u00e9s k\u00fclt\u00e9ri haszn\u00e1latra haszn\u00e1lnak. Egyes\u00edti a rak\u00e9tak\u00e1lyha \u00e9g\u00e9si hat\u00e9konys\u00e1g\u00e1t a pellet t\u00fczel\u0151anyag gazdas\u00e1goss\u00e1g\u00e1val \u00e9s fenntarthat\u00f3s\u00e1g\u00e1val.<\/p>\n<h2>Melyek a rak\u00e9ta pelletkemenc\u00e9k jellemz\u0151i\uff1f<\/h2>\n<ul>\n<li>Hat\u00e9kony \u00e9g\u00e9s:<br \/>\nA rak\u00e9takemence kialak\u00edt\u00e1s\u00e1val az \u00e9g\u00e9st\u00e9rben rendk\u00edv\u00fcl magas h\u0151m\u00e9rs\u00e9kletet lehet el\u0151\u00e1ll\u00edtani, \u00edgy a t\u00fczel\u0151anyag teljesen el\u00e9g, \u00e9s a f\u00fcstg\u00e1zkibocs\u00e1t\u00e1s cs\u00f6kken.<\/li>\n<li>Pellet t\u00fczel\u0151anyag haszn\u00e1lata:<br \/>\nA meg\u00fajul\u00f3 biomassza-t\u00fczel\u0151anyagok, mint p\u00e9ld\u00e1ul fa- \u00e9s gabonapellet, gazdas\u00e1gosan \u00e9s k\u00f6rnyezetbar\u00e1t m\u00f3don \u00e9gethet\u0151k.<\/li>\n<li>Alacsony k\u00e1rosanyag-kibocs\u00e1t\u00e1s:<br \/>\nCs\u00f6kkenti a sz\u00e9n-dioxid \u00e9s a k\u00e1ros anyagok kibocs\u00e1t\u00e1s\u00e1t, ami nagyon alkalmas a magas k\u00f6rnyezetv\u00e9delmi k\u00f6vetelm\u00e9nyekkel rendelkez\u0151 ter\u00fcleteken.<\/li>\n<li>Hordozhat\u00f3s\u00e1g:<br \/>\nEgyes modellek kicsik, k\u00f6nnyen hordozhat\u00f3k \u00e9s telep\u00edthet\u0151k, alkalmasak szabadt\u00e9ri kempingez\u00e9sre \u00e9s v\u00e9szhelyzeti haszn\u00e1latra.<\/li>\n<li>T\u00f6bbc\u00e9l\u00fa:<br \/>\nHaszn\u00e1lhat\u00f3 f\u0171t\u00e9shez, f\u0151z\u00e9shez, v\u00edzforral\u00e1shoz stb.<\/li>\n<\/ul>\n<p><a href=\"https:\/\/keweicorten.com\/hu\/kapcsolatfelvetel\/\"><img fetchpriority=\"high\" decoding=\"async\" class=\"alignnone wp-image-2645\" title=\"pellet t\u00far\u00f3\" src=\"https:\/\/keweicorten.com\/wp-content\/uploads\/2024\/12\/Pellet-torch-.jpg\" alt=\"pellet tourch Factory, porcel\u00e1n, \u00e1r, gy\u00e1rt\u00f3k, besz\u00e1ll\u00edt\u00f3k, testreszabott, nagykereskedelem, olcs\u00f3, elad\u00f3, rakt\u00e1ron.-keweicorten \" width=\"678\" height=\"678\" srcset=\"https:\/\/keweicorten.com\/wp-content\/uploads\/2024\/12\/Pellet-torch-.jpg 899w, https:\/\/keweicorten.com\/wp-content\/uploads\/2024\/12\/Pellet-torch--300x300.jpg 300w, https:\/\/keweicorten.com\/wp-content\/uploads\/2024\/12\/Pellet-torch--150x150.jpg 150w, https:\/\/keweicorten.com\/wp-content\/uploads\/2024\/12\/Pellet-torch--768x768.jpg 768w, https:\/\/keweicorten.com\/wp-content\/uploads\/2024\/12\/Pellet-torch--12x12.jpg 12w, https:\/\/keweicorten.com\/wp-content\/uploads\/2024\/12\/Pellet-torch--600x600.jpg 600w, https:\/\/keweicorten.com\/wp-content\/uploads\/2024\/12\/Pellet-torch--100x100.jpg 100w\" sizes=\"(max-width: 678px) 100vw, 678px\" \/><\/a><\/p>\n<p>Alkalmaz\u00e1si forgat\u00f3k\u00f6nyv<br \/>\nOtthoni f\u0171t\u00e9s: Alkalmas kis h\u00e1zak, fah\u00e1zak vagy gar\u00e1zsok sz\u00e1m\u00e1ra a hideg \u00e9vszakban.<br \/>\nSzabadt\u00e9ri tev\u00e9kenys\u00e9gek: kempingez\u00e9s, grillez\u00e9s stb.<\/p>\n<p>V\u00e1s\u00e1rl\u00e1si javaslat<br \/>\n\u00dczemanyag-kompatibilit\u00e1s: V\u00e1lassza ki a helyi biomassza-t\u00fczel\u0151anyagokhoz megfelel\u0151 modellt.<br \/>\nKemence anyaga: a kiv\u00e1l\u00f3 min\u0151s\u00e9g\u0171, magas h\u0151m\u00e9rs\u00e9kletnek ellen\u00e1ll\u00f3 ac\u00e9l vagy rozsdamentes ac\u00e9l anyag tart\u00f3sabb.<br \/>\nBiztons\u00e1gosan haszn\u00e1lhat\u00f3: Ellen\u0151rizze a f\u00fcstsz\u0171r\u00e9st \u00e9s a l\u00e1ngszab\u00e1lyoz\u00e1st.<br \/>\nM\u00e1rka\u00e9p\u00edt\u00e9s \u00e9s \u00e9rt\u00e9kes\u00edt\u00e9s ut\u00e1ni szolg\u00e1ltat\u00e1s: V\u00e1lasszon j\u00f3 h\u00edr\u0171 gy\u00e1rt\u00f3t vagy besz\u00e1ll\u00edt\u00f3t.<\/p>\n<p><a href=\"https:\/\/keweicorten.com\/hu\/kapcsolatfelvetel\/\"><img decoding=\"async\" class=\"alignnone wp-image-2646 size-full\" title=\"fa pellet f\u0171t\u0151berendez\u00e9s\" src=\"https:\/\/keweicorten.com\/wp-content\/uploads\/2024\/12\/s-l500.jpg\" alt=\"fa pellet f\u0171t\u0151berendez\u00e9s \u00e1ra, gy\u00e1rt\u00f3k, besz\u00e1ll\u00edt\u00f3k, testreszabott, nagykereskedelem, olcs\u00f3, elad\u00f3, rakt\u00e1ron.-keweicorten\" width=\"375\" height=\"500\" srcset=\"https:\/\/keweicorten.com\/wp-content\/uploads\/2024\/12\/s-l500.jpg 375w, https:\/\/keweicorten.com\/wp-content\/uploads\/2024\/12\/s-l500-225x300.jpg 225w, https:\/\/keweicorten.com\/wp-content\/uploads\/2024\/12\/s-l500-9x12.jpg 9w\" sizes=\"(max-width: 375px) 100vw, 375px\" \/><\/a><\/p>","protected":false},"excerpt":{"rendered":"<p>A pelletk\u00e1lyh\u00e1k olyan modern t\u00fczel\u0151berendez\u00e9sek, amelyek biomassza pellet t\u00fczel\u0151anyagot (p\u00e9ld\u00e1ul fa pelletet) haszn\u00e1lnak, \u00e9s sz\u00e9les k\u00f6rben elterjedtek az otthoni f\u0171t\u00e9sben \u00e9s a kereskedelmi helyeken.<\/p>","protected":false},"featured_media":2647,"comment_status":"open","ping_status":"closed","template":"","meta":{"_eb_attr":"","_monsterinsights_skip_tracking":false,"_monsterinsights_sitenote_active":false,"_monsterinsights_sitenote_note":"","_monsterinsights_sitenote_category":0,"_uf_show_specific_survey":0,"_uf_disable_surveys":false},"product_brand":[],"product_cat":[52],"product_tag":[],"class_list":{"0":"post-2644","1":"product","2":"type-product","3":"status-publish","4":"has-post-thumbnail","6":"product_cat-wood-pellet-tourch","8":"first","9":"instock","10":"shipping-taxable","11":"product-type-simple"},"_links":{"self":[{"href":"https:\/\/keweicorten.com\/hu\/wp-json\/wp\/v2\/product\/2644"}],"collection":[{"href":"https:\/\/keweicorten.com\/hu\/wp-json\/wp\/v2\/product"}],"about":[{"href":"https:\/\/keweicorten.com\/hu\/wp-json\/wp\/v2\/types\/product"}],"replies":[{"embeddable":true,"href":"https:\/\/keweicorten.com\/hu\/wp-json\/wp\/v2\/comments?post=2644"}],"version-history":[{"count":1,"href":"https:\/\/keweicorten.com\/hu\/wp-json\/wp\/v2\/product\/2644\/revisions"}],"predecessor-version":[{"id":2650,"href":"https:\/\/keweicorten.com\/hu\/wp-json\/wp\/v2\/product\/2644\/revisions\/2650"}],"wp:featuredmedia":[{"embeddable":true,"href":"https:\/\/keweicorten.com\/hu\/wp-json\/wp\/v2\/media\/2647"}],"wp:attachment":[{"href":"https:\/\/keweicorten.com\/hu\/wp-json\/wp\/v2\/media?parent=2644"}],"wp:term":[{"taxonomy":"product_brand","embeddable":true,"href":"https:\/\/keweicorten.com\/hu\/wp-json\/wp\/v2\/product_brand?post=2644"},{"taxonomy":"product_cat","embeddable":true,"href":"https:\/\/keweicorten.com\/hu\/wp-json\/wp\/v2\/product_cat?post=2644"},{"taxonomy":"product_tag","embeddable":true,"href":"https:\/\/keweicorten.com\/hu\/wp-json\/wp\/v2\/product_tag?post=2644"}],"curies":[{"name":"wp","href":"https:\/\/api.w.org\/{rel}","templated":true}]}}