{"id":2959,"date":"2024-12-18T08:36:47","date_gmt":"2024-12-18T08:36:47","guid":{"rendered":"https:\/\/keweicorten.com\/?post_type=product&#038;p=2959"},"modified":"2025-01-15T06:13:19","modified_gmt":"2025-01-15T06:13:19","slug":"propan-tuzgodor-keszlet","status":"publish","type":"product","link":"https:\/\/keweicorten.com\/hu\/propan-tuzgodor-keszlet\/","title":{"rendered":"prop\u00e1n t\u0171zg\u00f6d\u00f6r k\u00e9szlet"},"content":{"rendered":"<h2 data-pm-slice=\"1 3 []\"><strong>Prop\u00e1n t\u0171zg\u00f6d\u00f6r k\u00e9szletek: A v\u00e9gs\u0151 \u00fatmutat\u00f3 a k\u00fclt\u00e9ri t\u00e9r n\u00f6vel\u00e9s\u00e9hez<\/strong><\/h2>\n<p>Ha egy hangulatos \u00e9s h\u00edvogat\u00f3 k\u00fclt\u00e9ri t\u00e9r kialak\u00edt\u00e1s\u00e1r\u00f3l van sz\u00f3, kev\u00e9s dolog vetekszik a prop\u00e1n t\u0171zrak\u00f3hely var\u00e1zs\u00e1val. A prop\u00e1n t\u0171zrak\u00f3hely-k\u00e9szlet t\u00f6k\u00e9letes megold\u00e1s a h\u00e1ztulajdonosok \u00e9s a szabadt\u00e9ren tart\u00f3zkod\u00f3 rajong\u00f3k sz\u00e1m\u00e1ra, akik saj\u00e1t t\u0171zrak\u00f3helyet szeretn\u00e9nek \u00e9p\u00edteni an\u00e9lk\u00fcl, hogy a semmib\u0151l kellene kiindulniuk. Ebben az \u00fatmutat\u00f3ban elmer\u00fcl\u00fcnk mindenben, amit tudnia kell a prop\u00e1n t\u0171zrak\u00f3hely-k\u00e9szletekr\u0151l, azok el\u0151nyeir\u0151l, a telep\u00edt\u00e9si tippekr\u0151l \u00e9s arr\u00f3l, hogyan v\u00e1lassza ki az ig\u00e9nyeinek megfelel\u0151t.<\/p>\n<div style=\"width: 800px;\" class=\"wp-video\"><!--[if lt IE 9]><script>document.createElement('video');<\/script><![endif]-->\n<video class=\"wp-video-shortcode\" id=\"video-2959-1\" width=\"800\" height=\"453\" preload=\"metadata\" controls=\"controls\"><source type=\"video\/mp4\" src=\"https:\/\/keweicorten.com\/wp-content\/uploads\/2024\/12\/WeChat_20241210164550.mp4?_=1\" \/><a href=\"https:\/\/keweicorten.com\/wp-content\/uploads\/2024\/12\/WeChat_20241210164550.mp4\">https:\/\/keweicorten.com\/wp-content\/uploads\/2024\/12\/WeChat_20241210164550.mp4<\/a><\/video><\/div>\n<h3><strong>Mi az a prop\u00e1n t\u0171zrak\u00f3 k\u00e9szlet?<\/strong><\/h3>\n<p>A prop\u00e1n t\u0171zrak\u00f3 k\u00e9szlet tartalmazza a funkcion\u00e1lis \u00e9s st\u00edlusos t\u0171zrak\u00f3 \u00f6ssze\u00e9p\u00edt\u00e9s\u00e9hez sz\u00fcks\u00e9ges \u00f6sszes alapvet\u0151 alkatr\u00e9szt. Ezek a k\u00e9szletek \u00e1ltal\u00e1ban a k\u00f6vetkez\u0151ket tartalmazz\u00e1k:<\/p>\n<ul data-spread=\"false\">\n<li><strong>\u00c9g\u0151gy\u0171r\u0171 vagy serpeny\u0151<\/strong>: A k\u00f6z\u00e9ppont, amely egyenletesen osztja el a prop\u00e1ng\u00e1zt a gy\u00f6ny\u00f6r\u0171 l\u00e1ng \u00e9rdek\u00e9ben.<\/li>\n<li><strong>Vez\u00e9rl\u0151pult<\/strong>: Lehet\u0151v\u00e9 teszi a l\u00e1ng magass\u00e1g\u00e1nak be\u00e1ll\u00edt\u00e1s\u00e1t \u00e9s a t\u0171zrak\u00f3hely be- vagy kikapcsol\u00e1s\u00e1t.<\/li>\n<li><strong>Gy\u00fajt\u00e1si rendszer<\/strong>: Biztos\u00edtja a biztons\u00e1gos \u00e9s megb\u00edzhat\u00f3 gy\u00fajt\u00e1st, ak\u00e1r k\u00e9zzel, ak\u00e1r elektronikusan.<\/li>\n<li><strong>G\u00e1zcs\u0151 \u00e9s szab\u00e1lyoz\u00f3<\/strong>: A biztons\u00e1gos m\u0171k\u00f6d\u00e9s \u00e9rdek\u00e9ben a t\u0171zrak\u00f3helyet prop\u00e1ntart\u00e1lyhoz csatlakoztatja.<\/li>\n<li><strong>V\u00e1laszthat\u00f3 tartoz\u00e9kok<\/strong>: Olyan elemek, mint a l\u00e1vak\u00f6vek, t\u0171z\u00fcveg vagy fedelek a funkcionalit\u00e1s \u00e9s az eszt\u00e9tikum n\u00f6vel\u00e9se \u00e9rdek\u00e9ben.<\/li>\n<\/ul>\n<p>A prop\u00e1n t\u0171zrak\u00f3 k\u00e9szleteket \u00fagy tervezt\u00e9k, hogy felhaszn\u00e1l\u00f3bar\u00e1tok \u00e9s sokoldal\u00faak legyenek, \u00edgy alkalmasak a bark\u00e1csprojektekhez vagy a professzion\u00e1lis telep\u00edt\u00e9sekhez.<\/p>\n<p><a href=\"https:\/\/keweicorten.com\/hu\/kapcsolatfelvetel\/\"><img fetchpriority=\"high\" decoding=\"async\" class=\"alignnone wp-image-2965\" title=\"prop\u00e1n t\u0171zg\u00f6d\u00f6r k\u00e9szlet\" src=\"https:\/\/keweicorten.com\/wp-content\/uploads\/2024\/12\/Gas-fire-pit-pan-3-300x225.jpg\" alt=\"prop\u00e1n t\u0171zg\u00f6d\u00f6r k\u00e9szlet\" width=\"368\" height=\"276\" srcset=\"https:\/\/keweicorten.com\/wp-content\/uploads\/2024\/12\/Gas-fire-pit-pan-3-300x225.jpg 300w, https:\/\/keweicorten.com\/wp-content\/uploads\/2024\/12\/Gas-fire-pit-pan-3-768x576.jpg 768w, https:\/\/keweicorten.com\/wp-content\/uploads\/2024\/12\/Gas-fire-pit-pan-3-16x12.jpg 16w, https:\/\/keweicorten.com\/wp-content\/uploads\/2024\/12\/Gas-fire-pit-pan-3-600x450.jpg 600w, https:\/\/keweicorten.com\/wp-content\/uploads\/2024\/12\/Gas-fire-pit-pan-3.jpg 960w\" sizes=\"(max-width: 368px) 100vw, 368px\" \/><\/a> <a href=\"https:\/\/keweicorten.com\/hu\/kapcsolatfelvetel\/\"><img decoding=\"async\" class=\"alignnone wp-image-2966\" title=\"prop\u00e1n t\u0171zg\u00f6d\u00f6r k\u00e9szlet\" src=\"https:\/\/keweicorten.com\/wp-content\/uploads\/2024\/12\/Gas-fire-pit-pan-4-300x225.jpg\" alt=\"prop\u00e1n t\u0171zg\u00f6d\u00f6r k\u00e9szlet\" width=\"364\" height=\"273\" srcset=\"https:\/\/keweicorten.com\/wp-content\/uploads\/2024\/12\/Gas-fire-pit-pan-4-300x225.jpg 300w, https:\/\/keweicorten.com\/wp-content\/uploads\/2024\/12\/Gas-fire-pit-pan-4-768x576.jpg 768w, https:\/\/keweicorten.com\/wp-content\/uploads\/2024\/12\/Gas-fire-pit-pan-4-16x12.jpg 16w, https:\/\/keweicorten.com\/wp-content\/uploads\/2024\/12\/Gas-fire-pit-pan-4-600x450.jpg 600w, https:\/\/keweicorten.com\/wp-content\/uploads\/2024\/12\/Gas-fire-pit-pan-4.jpg 960w\" sizes=\"(max-width: 364px) 100vw, 364px\" \/><\/a><\/p>\n<h3><strong>A prop\u00e1n t\u0171zg\u00f6d\u00f6r k\u00e9szlet el\u0151nyei<\/strong><\/h3>\n<ol start=\"1\" data-spread=\"false\">\n<li><strong>K\u00f6nny\u0171 haszn\u00e1lat<\/strong>: A prop\u00e1n t\u0171zrak\u00f3helyek gombnyom\u00e1sra meggyulladnak, \u00edgy nincs sz\u00fcks\u00e9g t\u0171zif\u00e1ra vagy gy\u00fajt\u00f3sra.<\/li>\n<li><strong>Tiszta \u00e9g\u00e9s<\/strong>: A prop\u00e1n tiszta \u00e9g\u00e9s\u0171 t\u00fczel\u0151anyag, minim\u00e1lis f\u00fcst\u00f6t \u00e9s hamut termel.<\/li>\n<li><strong>Testreszabhat\u00f3 mint\u00e1k<\/strong>: A k\u00e9szletek rugalmass\u00e1got biztos\u00edtanak a k\u00fclt\u00e9ri dekor\u00e1ci\u00f3hoz ill\u0151 t\u0171zrak\u00f3hely l\u00e9trehoz\u00e1s\u00e1hoz.<\/li>\n<li><strong>Hordozhat\u00f3s\u00e1g<\/strong>: Sok k\u00e9szlet kompatibilis a hordozhat\u00f3 kialak\u00edt\u00e1sokkal, \u00edgy ide\u00e1lisak teraszokra, teraszokra vagy kempingez\u00e9sekre.<\/li>\n<li><strong>Energiahat\u00e9konys\u00e1g<\/strong>: A prop\u00e1n hat\u00e9kony t\u00fczel\u0151anyag, amely egyenletes h\u0151teljes\u00edtm\u00e9nyt biztos\u00edt.<\/li>\n<\/ol>","protected":false},"excerpt":{"rendered":"<p data-pm-slice=\"1 1 []\">A prop\u00e1n t\u0171zrak\u00f3 k\u00e9szletek gondtalan m\u00f3dot k\u00edn\u00e1lnak arra, hogy \u00e9lvezze a t\u0171zrak\u00f3hely meleg\u00e9t \u00e9s hangulat\u00e1t.<\/p>","protected":false},"featured_media":2960,"comment_status":"open","ping_status":"closed","template":"","meta":{"_eb_attr":"","_monsterinsights_skip_tracking":false,"_monsterinsights_sitenote_active":false,"_monsterinsights_sitenote_note":"","_monsterinsights_sitenote_category":0,"_uf_show_specific_survey":0,"_uf_disable_surveys":false},"product_brand":[],"product_cat":[53],"product_tag":[],"class_list":{"0":"post-2959","1":"product","2":"type-product","3":"status-publish","4":"has-post-thumbnail","6":"product_cat-gas-fire-pit-burner","8":"first","9":"instock","10":"shipping-taxable","11":"product-type-simple"},"_links":{"self":[{"href":"https:\/\/keweicorten.com\/hu\/wp-json\/wp\/v2\/product\/2959"}],"collection":[{"href":"https:\/\/keweicorten.com\/hu\/wp-json\/wp\/v2\/product"}],"about":[{"href":"https:\/\/keweicorten.com\/hu\/wp-json\/wp\/v2\/types\/product"}],"replies":[{"embeddable":true,"href":"https:\/\/keweicorten.com\/hu\/wp-json\/wp\/v2\/comments?post=2959"}],"version-history":[{"count":1,"href":"https:\/\/keweicorten.com\/hu\/wp-json\/wp\/v2\/product\/2959\/revisions"}],"predecessor-version":[{"id":2967,"href":"https:\/\/keweicorten.com\/hu\/wp-json\/wp\/v2\/product\/2959\/revisions\/2967"}],"wp:featuredmedia":[{"embeddable":true,"href":"https:\/\/keweicorten.com\/hu\/wp-json\/wp\/v2\/media\/2960"}],"wp:attachment":[{"href":"https:\/\/keweicorten.com\/hu\/wp-json\/wp\/v2\/media?parent=2959"}],"wp:term":[{"taxonomy":"product_brand","embeddable":true,"href":"https:\/\/keweicorten.com\/hu\/wp-json\/wp\/v2\/product_brand?post=2959"},{"taxonomy":"product_cat","embeddable":true,"href":"https:\/\/keweicorten.com\/hu\/wp-json\/wp\/v2\/product_cat?post=2959"},{"taxonomy":"product_tag","embeddable":true,"href":"https:\/\/keweicorten.com\/hu\/wp-json\/wp\/v2\/product_tag?post=2959"}],"curies":[{"name":"wp","href":"https:\/\/api.w.org\/{rel}","templated":true}]}}