{"id":2972,"date":"2024-12-19T01:47:45","date_gmt":"2024-12-19T01:47:45","guid":{"rendered":"https:\/\/keweicorten.com\/?post_type=product&#038;p=2972"},"modified":"2025-01-15T06:12:58","modified_gmt":"2025-01-15T06:12:58","slug":"corten-acel-kandallo-grill","status":"publish","type":"product","link":"https:\/\/keweicorten.com\/hu\/corten-acel-kandallo-grill\/","title":{"rendered":"corten ac\u00e9l kandall\u00f3 grill"},"content":{"rendered":"<h2 data-pm-slice=\"1 1 []\">Corten ac\u00e9l kandall\u00f3 grill: T\u00f6k\u00e9letes kieg\u00e9sz\u00edt\u0151je a szabadt\u00e9ri \u00e9letter\u00e9nek<\/h2>\n<p>Ha a k\u00fclt\u00e9ri \u00e9letter\u00e9nek fokoz\u00e1s\u00e1r\u00f3l van sz\u00f3, kev\u00e9s olyan sokoldal\u00fa \u00e9s vizu\u00e1lisan felt\u0171n\u0151 elem van, mint egy cortenac\u00e9l kandall\u00f3grill. A t\u0171zrak\u00f3hely meleg\u00e9t a grill funkcionalit\u00e1s\u00e1val kombin\u00e1lva ez az innovat\u00edv funkci\u00f3 feldobja a h\u00e1ts\u00f3 udvari \u00f6sszej\u00f6veteleket, mik\u00f6zben egy csipetnyi modern rusztikus b\u00e1jjal ruh\u00e1zza fel.<\/p>\n<h3>Mi az a Corten ac\u00e9l kandall\u00f3 grill?<\/h3>\n<p>A cortenac\u00e9l kandall\u00f3grill egy kett\u0151s rendeltet\u00e9s\u0171 k\u00fclt\u00e9ri funkci\u00f3, amelyet id\u0151j\u00e1r\u00e1s\u00e1ll\u00f3 ac\u00e9lb\u00f3l, \u00fagynevezett cortenac\u00e9lb\u00f3l k\u00e9sz\u00edtenek. Ez az anyag az id\u0151 m\u00fal\u00e1s\u00e1val rozsdaszer\u0171 patin\u00e1t fejleszt, ami egyedi, folyamatosan v\u00e1ltoz\u00f3 megjelen\u00e9st eredm\u00e9nyez, amely z\u00f6kken\u0151mentesen illeszkedik a term\u00e9szetes k\u00f6rnyezetbe. Az eszt\u00e9tikus megjelen\u00e9sre \u00e9s gyakorlati haszn\u00e1latra egyar\u00e1nt tervezett cortenac\u00e9l kandall\u00f3grillek tart\u00f3sak, alacsony karbantart\u00e1si ig\u00e9ny\u0171ek \u00e9s k\u00e9pesek ellen\u00e1llni a zord id\u0151j\u00e1r\u00e1si k\u00f6r\u00fclm\u00e9nyeknek.<\/p>\n<p><a href=\"https:\/\/keweicorten.com\/hu\/kapcsolatfelvetel\/\"><img fetchpriority=\"high\" decoding=\"async\" class=\"alignnone wp-image-2977 size-full\" title=\"corten t\u0171zg\u00f6d\u00f6r bbq \" src=\"https:\/\/keweicorten.com\/wp-content\/uploads\/2024\/12\/\u5fae\u4fe1\u56fe\u7247_20241105151017.png\" alt=\"corten t\u0171zg\u00f6d\u00f6r bbq Factory, porcel\u00e1n, \u00e1r, gy\u00e1rt\u00f3k, besz\u00e1ll\u00edt\u00f3k, testreszabott, nagykereskedelem, olcs\u00f3, elad\u00f3, rakt\u00e1ron.-keweicorten\" width=\"517\" height=\"517\" srcset=\"https:\/\/keweicorten.com\/wp-content\/uploads\/2024\/12\/\u5fae\u4fe1\u56fe\u7247_20241105151017.png 517w, https:\/\/keweicorten.com\/wp-content\/uploads\/2024\/12\/\u5fae\u4fe1\u56fe\u7247_20241105151017-300x300.png 300w, https:\/\/keweicorten.com\/wp-content\/uploads\/2024\/12\/\u5fae\u4fe1\u56fe\u7247_20241105151017-150x150.png 150w, https:\/\/keweicorten.com\/wp-content\/uploads\/2024\/12\/\u5fae\u4fe1\u56fe\u7247_20241105151017-12x12.png 12w, https:\/\/keweicorten.com\/wp-content\/uploads\/2024\/12\/\u5fae\u4fe1\u56fe\u7247_20241105151017-100x100.png 100w\" sizes=\"(max-width: 517px) 100vw, 517px\" \/><\/a><\/p>\n<h3>A Corten ac\u00e9l kandall\u00f3r\u00e1csok jellemz\u0151i<\/h3>\n<ol start=\"1\" data-spread=\"true\">\n<li><strong>Tart\u00f3ss\u00e1g:<\/strong> A Corten ac\u00e9l szil\u00e1rds\u00e1g\u00e1r\u00f3l \u00e9s korr\u00f3zi\u00f3\u00e1ll\u00f3s\u00e1g\u00e1r\u00f3l h\u00edres. \u00d6ngy\u00f3gyul\u00f3 fel\u00fclete hossz\u00fa \u00e9lettartamot biztos\u00edt, \u00edgy ide\u00e1lis anyag k\u00fclt\u00e9ri alkalmaz\u00e1sokhoz.<\/li>\n<li><strong>Rusztikus eszt\u00e9tika:<\/strong> A term\u00e9szetes patina egyedi, f\u00f6ldes megjelen\u00e9st k\u00f6lcs\u00f6n\u00f6z a grillnek, amely b\u00e1rmilyen k\u00fclt\u00e9ri k\u00f6rnyezetet feldob. A patina is fejl\u0151dik, karaktert \u00e9s egyedis\u00e9get k\u00f6lcs\u00f6n\u00f6zve.<\/li>\n<li><strong>Sokoldal\u00fas\u00e1g:<\/strong> Egyszerre szolg\u00e1lhat kandall\u00f3k\u00e9nt a meleg \u00e9s a hangulat \u00e9rdek\u00e9ben, \u00e9s grills\u00fct\u0151k\u00e9nt a f\u0151z\u00e9shez. Ez a kett\u0151s funkcionalit\u00e1s t\u00f6k\u00e9letess\u00e9 teszi a szabadt\u00e9ri partik \u00e9s csal\u00e1di \u00f6sszej\u00f6vetelek megrendez\u00e9s\u00e9hez.<\/li>\n<li><strong>Alacsony karbantart\u00e1s:<\/strong> A hagyom\u00e1nyos grillr\u00e1csokkal ellent\u00e9tben a cortenac\u00e9l minim\u00e1lis karbantart\u00e1st ig\u00e9nyel. A v\u00e9d\u0151 patina miatt nincs sz\u00fcks\u00e9g fest\u00e9sre vagy t\u00f6m\u00edt\u00e9sre.<\/li>\n<\/ol>\n<p><a href=\"https:\/\/keweicorten.com\/hu\/kapcsolatfelvetel\/\"><img decoding=\"async\" class=\"alignnone wp-image-2978\" title=\"corten t\u0171zrak\u00f3hely bbq \" src=\"https:\/\/keweicorten.com\/wp-content\/uploads\/2024\/12\/photobank-1.png\" alt=\"t\u0171zg\u00f6d\u00f6r bbq Factory, porcel\u00e1n, \u00e1r, gy\u00e1rt\u00f3k, besz\u00e1ll\u00edt\u00f3k, testreszabott, nagykereskedelem, olcs\u00f3, elad\u00f3, rakt\u00e1ron.-keweicorten\" width=\"463\" height=\"496\" srcset=\"https:\/\/keweicorten.com\/wp-content\/uploads\/2024\/12\/photobank-1.png 624w, https:\/\/keweicorten.com\/wp-content\/uploads\/2024\/12\/photobank-1-280x300.png 280w, https:\/\/keweicorten.com\/wp-content\/uploads\/2024\/12\/photobank-1-11x12.png 11w, https:\/\/keweicorten.com\/wp-content\/uploads\/2024\/12\/photobank-1-600x642.png 600w\" sizes=\"(max-width: 463px) 100vw, 463px\" \/><\/a><a href=\"https:\/\/keweicorten.com\/hu\/kapcsolatfelvetel\/\"><img decoding=\"async\" class=\"alignnone wp-image-2980\" title=\"t\u0171zrak\u00f3hely bbq\" src=\"https:\/\/keweicorten.com\/wp-content\/uploads\/2024\/12\/1.jpg\" alt=\"t\u0171zg\u00f6d\u00f6r bbq Factory, porcel\u00e1n, \u00e1r, gy\u00e1rt\u00f3k, besz\u00e1ll\u00edt\u00f3k, testreszabott, nagykereskedelem, olcs\u00f3, elad\u00f3, rakt\u00e1ron.-keweicorten\" width=\"472\" height=\"472\" srcset=\"https:\/\/keweicorten.com\/wp-content\/uploads\/2024\/12\/1.jpg 819w, https:\/\/keweicorten.com\/wp-content\/uploads\/2024\/12\/1-300x300.jpg 300w, https:\/\/keweicorten.com\/wp-content\/uploads\/2024\/12\/1-150x150.jpg 150w, https:\/\/keweicorten.com\/wp-content\/uploads\/2024\/12\/1-768x768.jpg 768w, https:\/\/keweicorten.com\/wp-content\/uploads\/2024\/12\/1-12x12.jpg 12w, https:\/\/keweicorten.com\/wp-content\/uploads\/2024\/12\/1-600x600.jpg 600w, https:\/\/keweicorten.com\/wp-content\/uploads\/2024\/12\/1-100x100.jpg 100w\" sizes=\"(max-width: 472px) 100vw, 472px\" \/><\/a><\/p>\n<h3>A Corten ac\u00e9l kandall\u00f3 grill kiv\u00e1laszt\u00e1s\u00e1nak el\u0151nyei<\/h3>\n<h4>1. Tov\u00e1bbfejlesztett szabadt\u00e9ri \u00e9lm\u00e9ny<\/h4>\n<p>A cortenac\u00e9l kandall\u00f3grill hangulatos, funkcion\u00e1lis helly\u00e9 var\u00e1zsolja a h\u00e1ts\u00f3 udvart az eg\u00e9sz \u00e9ves sz\u00f3rakoz\u00e1shoz. Ak\u00e1r m\u00e1lyvacukrot s\u00fct egy h\u0171v\u00f6s est\u00e9n, ak\u00e1r steakeket grillez egy ny\u00e1ri grillez\u00e9s sor\u00e1n, eml\u00e9kezetes \u00f6sszej\u00f6vetelek k\u00f6z\u00e9ppontjak\u00e9nt szolg\u00e1l.<\/p>\n<h4>2. K\u00f6rnyezetbar\u00e1t anyag<\/h4>\n<p>A Corten ac\u00e9l 100% \u00fajrahasznos\u00edthat\u00f3 \u00e9s hossz\u00fa \u00e9lettartam\u00fa, \u00edgy fenntarthat\u00f3 v\u00e1laszt\u00e1s a k\u00f6rnyezettudatos lak\u00e1stulajdonosok sz\u00e1m\u00e1ra.<\/p>\n<h4>3. Testreszabhat\u00f3 mint\u00e1k<\/h4>\n<p>A k\u00fcl\u00f6nb\u00f6z\u0151 form\u00e1kban \u00e9s m\u00e9retekben kaphat\u00f3 cortenac\u00e9l kandall\u00f3grillek a k\u00fclt\u00e9ri dekor\u00e1ci\u00f3hoz igaz\u00edthat\u00f3k. Az eleg\u00e1ns, modern kialak\u00edt\u00e1st\u00f3l a hagyom\u00e1nyosabb st\u00edlusokig minden \u00edzl\u00e9snek van v\u00e1laszt\u00e1si lehet\u0151s\u00e9g.<\/p>\n<h4>4. Id\u0151j\u00e1r\u00e1s\u00e1ll\u00f3s\u00e1g<\/h4>\n<p>A hagyom\u00e1nyos r\u00e1csokkal ellent\u00e9tben, amelyek az id\u0151 m\u00fal\u00e1s\u00e1val rozsd\u00e1sodhatnak vagy elhaszn\u00e1l\u00f3dhatnak, a cortenac\u00e9l patin\u00e1ja v\u00e9d\u0151r\u00e9tegk\u00e9nt m\u0171k\u00f6dik, \u00e9s m\u00e9g zord \u00e9ghajlaton is biztos\u00edtja a tart\u00f3ss\u00e1got.<\/p>\n<p><a href=\"https:\/\/keweicorten.com\/hu\/products\/\"><img loading=\"lazy\" decoding=\"async\" class=\"alignnone wp-image-2981 size-full\" title=\"corten ac\u00e9l t\u0171z grill \" src=\"https:\/\/keweicorten.com\/wp-content\/uploads\/2024\/12\/\u672a\u547d\u540d.jpg\" alt=\"t\u0171zg\u00f6d\u00f6r bbq Factory, porcel\u00e1n, \u00e1r, gy\u00e1rt\u00f3k, besz\u00e1ll\u00edt\u00f3k, testreszabott, nagykereskedelem, olcs\u00f3, elad\u00f3, rakt\u00e1ron.-keweicorten\" width=\"750\" height=\"750\" srcset=\"https:\/\/keweicorten.com\/wp-content\/uploads\/2024\/12\/\u672a\u547d\u540d.jpg 750w, https:\/\/keweicorten.com\/wp-content\/uploads\/2024\/12\/\u672a\u547d\u540d-300x300.jpg 300w, https:\/\/keweicorten.com\/wp-content\/uploads\/2024\/12\/\u672a\u547d\u540d-150x150.jpg 150w, https:\/\/keweicorten.com\/wp-content\/uploads\/2024\/12\/\u672a\u547d\u540d-12x12.jpg 12w, https:\/\/keweicorten.com\/wp-content\/uploads\/2024\/12\/\u672a\u547d\u540d-600x600.jpg 600w, https:\/\/keweicorten.com\/wp-content\/uploads\/2024\/12\/\u672a\u547d\u540d-100x100.jpg 100w\" sizes=\"(max-width: 750px) 100vw, 750px\" \/><\/a><\/p>\n<h3>Tippek a Corten ac\u00e9l grill haszn\u00e1lat\u00e1hoz \u00e9s karbantart\u00e1s\u00e1hoz<\/h3>\n<ul data-spread=\"false\">\n<li><strong>Kezdeti be\u00e1ll\u00edt\u00e1s:<\/strong> Ha a grillt kitessz\u00fck a k\u00fclt\u00e9ri elemeknek, a patina term\u00e9szetes m\u00f3don fejl\u0151dik.<\/li>\n<li><strong>Tiszt\u00edt\u00e1s:<\/strong> Haszn\u00e1ljon puha kef\u00e9t a t\u00f6rmel\u00e9k vagy a hamu elt\u00e1vol\u00edt\u00e1s\u00e1hoz. Ker\u00fclje a durva vegyszereket, mivel azok megzavarhatj\u00e1k a term\u00e9szetes patin\u00e1sod\u00e1si folyamatot.<\/li>\n<li><strong>F\u0151z\u00e9si fel\u00fclet \u00e1pol\u00e1sa:<\/strong> Rendszeresen tiszt\u00edtsa meg a grillr\u00e1csot a higi\u00e9nia fenntart\u00e1sa \u00e9s az \u00e9telmarad\u00e9kok felhalmoz\u00f3d\u00e1s\u00e1nak megel\u0151z\u00e9se \u00e9rdek\u00e9ben.<\/li>\n<\/ul>","protected":false},"excerpt":{"rendered":"<p>A cortenac\u00e9l kandall\u00f3grill t\u00f6bb, mint egy k\u00fclt\u00e9ri kieg\u00e9sz\u00edt\u0151 - ez egy befektet\u00e9s egy meleg, h\u00edvogat\u00f3 hely megteremt\u00e9s\u00e9be a csal\u00e1d \u00e9s a bar\u00e1tok sz\u00e1m\u00e1ra.<\/p>","protected":false},"featured_media":2977,"comment_status":"open","ping_status":"closed","template":"","meta":{"_eb_attr":"","_monsterinsights_skip_tracking":false,"_monsterinsights_sitenote_active":false,"_monsterinsights_sitenote_note":"","_monsterinsights_sitenote_category":0,"_uf_show_specific_survey":0,"_uf_disable_surveys":false},"product_brand":[],"product_cat":[63],"product_tag":[],"class_list":{"0":"post-2972","1":"product","2":"type-product","3":"status-publish","4":"has-post-thumbnail","6":"product_cat-steel-bbq-grill","8":"first","9":"instock","10":"shipping-taxable","11":"product-type-simple"},"_links":{"self":[{"href":"https:\/\/keweicorten.com\/hu\/wp-json\/wp\/v2\/product\/2972"}],"collection":[{"href":"https:\/\/keweicorten.com\/hu\/wp-json\/wp\/v2\/product"}],"about":[{"href":"https:\/\/keweicorten.com\/hu\/wp-json\/wp\/v2\/types\/product"}],"replies":[{"embeddable":true,"href":"https:\/\/keweicorten.com\/hu\/wp-json\/wp\/v2\/comments?post=2972"}],"version-history":[{"count":1,"href":"https:\/\/keweicorten.com\/hu\/wp-json\/wp\/v2\/product\/2972\/revisions"}],"predecessor-version":[{"id":2982,"href":"https:\/\/keweicorten.com\/hu\/wp-json\/wp\/v2\/product\/2972\/revisions\/2982"}],"wp:featuredmedia":[{"embeddable":true,"href":"https:\/\/keweicorten.com\/hu\/wp-json\/wp\/v2\/media\/2977"}],"wp:attachment":[{"href":"https:\/\/keweicorten.com\/hu\/wp-json\/wp\/v2\/media?parent=2972"}],"wp:term":[{"taxonomy":"product_brand","embeddable":true,"href":"https:\/\/keweicorten.com\/hu\/wp-json\/wp\/v2\/product_brand?post=2972"},{"taxonomy":"product_cat","embeddable":true,"href":"https:\/\/keweicorten.com\/hu\/wp-json\/wp\/v2\/product_cat?post=2972"},{"taxonomy":"product_tag","embeddable":true,"href":"https:\/\/keweicorten.com\/hu\/wp-json\/wp\/v2\/product_tag?post=2972"}],"curies":[{"name":"wp","href":"https:\/\/api.w.org\/{rel}","templated":true}]}}