{"id":2999,"date":"2024-12-25T07:01:12","date_gmt":"2024-12-25T07:01:12","guid":{"rendered":"https:\/\/keweicorten.com\/?post_type=product&#038;p=2999"},"modified":"2025-01-15T06:12:44","modified_gmt":"2025-01-15T06:12:44","slug":"barbecue-corten","status":"publish","type":"product","link":"https:\/\/keweicorten.com\/hu\/barbecue-corten\/","title":{"rendered":"barbecue corten"},"content":{"rendered":"<h2 data-pm-slice=\"1 3 []\">Grillez\u00e9s Corten ac\u00e9l: A t\u00f6k\u00e9letes v\u00e1laszt\u00e1s a szabadt\u00e9ri f\u0151z\u00e9s szerelmeseinek<\/h2>\n<p>Ha szenved\u00e9lyesen szereti a szabadt\u00e9ri f\u0151z\u00e9st, \u00e9s szeretn\u00e9 feldobni a grillez\u00e9s \u00e9lm\u00e9ny\u00e9t, akkor a cortenac\u00e9lb\u00f3l k\u00e9sz\u00fclt grills\u00fct\u0151 megv\u00e1ltoztatja a j\u00e1t\u00e9kot. A funkcionalit\u00e1st, a tart\u00f3ss\u00e1got \u00e9s az eszt\u00e9tikai vonzer\u0151t \u00f6tv\u00f6z\u0151 cortenac\u00e9l grillek egyre n\u00e9pszer\u0171bbek a szabadt\u00e9ri f\u0151z\u00e9s szerelmesei k\u00f6r\u00e9ben. Ez az anyag kiv\u00e1l\u00f3 v\u00e1laszt\u00e1s a k\u00f6vetkez\u0151 grillez\u00e9shez.<\/p>\n<h4>Mi az a Corten ac\u00e9l?<\/h4>\n<p>A Corten ac\u00e9l, m\u00e1s n\u00e9ven id\u0151j\u00e1r\u00e1s\u00e1ll\u00f3 ac\u00e9l, egy olyan t\u00edpus\u00fa ac\u00e9l\u00f6tv\u00f6zet, amelyet \u00fagy terveztek, hogy az id\u0151j\u00e1r\u00e1snak val\u00f3 kitetts\u00e9g ut\u00e1n stabil rozsdaszer\u0171 megjelen\u00e9st k\u00e9pezzen. Ez az egyed\u00fcl\u00e1ll\u00f3 tulajdons\u00e1ga vizu\u00e1lisan felt\u0171n\u0151v\u00e9 \u00e9s a korr\u00f3zi\u00f3val szemben rendk\u00edv\u00fcl ellen\u00e1ll\u00f3v\u00e1 teszi. A hagyom\u00e1nyos ac\u00e9llal ellent\u00e9tben a corten ac\u00e9l id\u0151vel v\u00e9d\u0151 patin\u00e1t fejleszt, amely megv\u00e9di az anyagot a tov\u00e1bbi k\u00e1rosod\u00e1st\u00f3l, \u00edgy biztos\u00edtva a hossz\u00fa t\u00e1v\u00fa teljes\u00edtm\u00e9nyt.<\/p>\n<h4>A Corten ac\u00e9l grills\u00fct\u0151 el\u0151nyei<\/h4>\n<ol start=\"1\" data-spread=\"true\">\n<li><strong>Tart\u00f3ss\u00e1g \u00e9s hossz\u00fa \u00e9lettartam<\/strong> A Corten-ac\u00e9lt \u00fagy tervezt\u00e9k, hogy ellen\u00e1lljon a zord id\u0151j\u00e1r\u00e1si k\u00f6r\u00fclm\u00e9nyeknek, \u00edgy ide\u00e1lis k\u00fclt\u00e9ri haszn\u00e1latra. Korr\u00f3zi\u00f3\u00e1ll\u00f3 tulajdons\u00e1gai miatt a grills\u00fct\u0151je m\u00e9g \u00e9vekig m\u0171k\u00f6d\u0151k\u00e9pes \u00e9s sz\u00e9p marad.<\/li>\n<li><strong>Alacsony karbantart\u00e1s<\/strong> A cortenac\u00e9lon kialakul\u00f3 term\u00e9szetes patina kik\u00fcsz\u00f6b\u00f6li a gyakori karbantart\u00e1s sz\u00fcks\u00e9gess\u00e9g\u00e9t. M\u00e1s anyagokkal ellent\u00e9tben, amelyek fest\u00e9st vagy t\u00f6m\u00edt\u00e9st ig\u00e9nyelnek, a cortenac\u00e9l grills\u00fct\u0151k gyakorlatilag probl\u00e9mamentesek.<\/li>\n<li><strong>Eszt\u00e9tikai vonzer\u0151<\/strong> A cortenac\u00e9l gazdag, f\u00f6ldsz\u00edn\u0171 t\u00f3nusai modern \u00e9s kifinomult hat\u00e1st k\u00f6lcs\u00f6n\u00f6znek b\u00e1rmely k\u00fclt\u00e9ri t\u00e9rnek. Ak\u00e1r a minimalista kialak\u00edt\u00e1st, ak\u00e1r a rusztikusabb megjelen\u00e9st kedveli, a cortenac\u00e9l k\u00fcl\u00f6nb\u00f6z\u0151 k\u00fclt\u00e9ri st\u00edlusokat eg\u00e9sz\u00edt ki.<\/li>\n<li><strong>H\u0151visszatart\u00e1s \u00e9s h\u0151eloszt\u00e1s<\/strong> A Corten ac\u00e9l kiv\u00e1l\u00f3 h\u0151vezet\u0151, ami egyenletes f\u0151z\u00e9si h\u0151m\u00e9rs\u00e9kletet biztos\u00edt. Ez a tulajdons\u00e1ga jav\u00edtja a grillezett \u00e9telek min\u0151s\u00e9g\u00e9t, \u00e9s minden alkalommal t\u00f6k\u00e9letes eredm\u00e9nyt biztos\u00edt.<\/li>\n<\/ol>\n<p><a href=\"https:\/\/keweicorten.com\/hu\"><img fetchpriority=\"high\" decoding=\"async\" class=\"alignnone wp-image-3004 size-medium\" title=\"corten bbq grill\u00a0\" src=\"https:\/\/keweicorten.com\/wp-content\/uploads\/2024\/12\/IMG20220916175214-300x300.jpg\" alt=\"v\u00e1s\u00e1rolni kedvezm\u00e9ny corten bbq grill ingyenes minta -keweicorten\" width=\"300\" height=\"300\" srcset=\"https:\/\/keweicorten.com\/wp-content\/uploads\/2024\/12\/IMG20220916175214-300x300.jpg 300w, https:\/\/keweicorten.com\/wp-content\/uploads\/2024\/12\/IMG20220916175214-150x150.jpg 150w, https:\/\/keweicorten.com\/wp-content\/uploads\/2024\/12\/IMG20220916175214-12x12.jpg 12w, https:\/\/keweicorten.com\/wp-content\/uploads\/2024\/12\/IMG20220916175214-600x600.jpg 600w, https:\/\/keweicorten.com\/wp-content\/uploads\/2024\/12\/IMG20220916175214-100x100.jpg 100w, https:\/\/keweicorten.com\/wp-content\/uploads\/2024\/12\/IMG20220916175214.jpg 750w\" sizes=\"(max-width: 300px) 100vw, 300px\" \/><\/a><a href=\"https:\/\/keweicorten.com\/hu\/kapcsolatfelvetel\/\"><img decoding=\"async\" class=\"alignnone wp-image-3001 size-medium\" title=\"corten bbq grill\u00a0\" src=\"https:\/\/keweicorten.com\/wp-content\/uploads\/2024\/12\/IMG20220916161902-300x300.jpg\" alt=\"v\u00e1s\u00e1rolni kedvezm\u00e9ny corten bbq grill ingyenes minta -keweicorten\" width=\"300\" height=\"300\" srcset=\"https:\/\/keweicorten.com\/wp-content\/uploads\/2024\/12\/IMG20220916161902-300x300.jpg 300w, https:\/\/keweicorten.com\/wp-content\/uploads\/2024\/12\/IMG20220916161902-150x150.jpg 150w, https:\/\/keweicorten.com\/wp-content\/uploads\/2024\/12\/IMG20220916161902-12x12.jpg 12w, https:\/\/keweicorten.com\/wp-content\/uploads\/2024\/12\/IMG20220916161902-600x600.jpg 600w, https:\/\/keweicorten.com\/wp-content\/uploads\/2024\/12\/IMG20220916161902-100x100.jpg 100w, https:\/\/keweicorten.com\/wp-content\/uploads\/2024\/12\/IMG20220916161902.jpg 750w\" sizes=\"(max-width: 300px) 100vw, 300px\" \/><\/a> <a href=\"https:\/\/keweicorten.com\/hu\/termekkategoria\/tuzrakohely\/\"><img decoding=\"async\" class=\"alignnone wp-image-3002 size-medium\" title=\"corten bbq grill\" src=\"https:\/\/keweicorten.com\/wp-content\/uploads\/2024\/12\/IMG20220916161905-300x300.jpg\" alt=\"v\u00e1s\u00e1rolni kedvezm\u00e9ny corten bbq grill ingyenes minta -keweicorten\" width=\"300\" height=\"300\" srcset=\"https:\/\/keweicorten.com\/wp-content\/uploads\/2024\/12\/IMG20220916161905-300x300.jpg 300w, https:\/\/keweicorten.com\/wp-content\/uploads\/2024\/12\/IMG20220916161905-150x150.jpg 150w, https:\/\/keweicorten.com\/wp-content\/uploads\/2024\/12\/IMG20220916161905-12x12.jpg 12w, https:\/\/keweicorten.com\/wp-content\/uploads\/2024\/12\/IMG20220916161905-600x600.jpg 600w, https:\/\/keweicorten.com\/wp-content\/uploads\/2024\/12\/IMG20220916161905-100x100.jpg 100w, https:\/\/keweicorten.com\/wp-content\/uploads\/2024\/12\/IMG20220916161905.jpg 750w\" sizes=\"(max-width: 300px) 100vw, 300px\" \/><\/a><\/p>\n<h4>N\u00e9pszer\u0171 mint\u00e1k a Corten ac\u00e9l grillekb\u0151l<\/h4>\n<ol start=\"1\" data-spread=\"true\">\n<li><strong>\u00d6n\u00e1ll\u00f3 BBQ grillek<\/strong> Ezek t\u00f6k\u00e9letesek azok sz\u00e1m\u00e1ra, akik sokoldal\u00fa \u00e9s hordozhat\u00f3 opci\u00f3t szeretn\u00e9nek. K\u00fcl\u00f6nb\u00f6z\u0151 form\u00e1kban \u00e9s m\u00e9retekben kaphat\u00f3k, hogy megfeleljenek a k\u00fcl\u00f6nb\u00f6z\u0151 f\u0151z\u00e9si ig\u00e9nyeknek.<\/li>\n<li><strong>BBQ t\u0171zrak\u00f3helyek<\/strong> A grillez\u00e9s funkcionalit\u00e1s\u00e1t \u00e9s a t\u0171zrak\u00f3hely hangulat\u00e1t \u00f6tv\u00f6z\u0151 kialak\u00edt\u00e1sok t\u00f6k\u00e9letesek a vend\u00e9gek sz\u00f3rakoztat\u00e1s\u00e1ra \u00e9s a hangulatos l\u00e9gk\u00f6r megteremt\u00e9s\u00e9re.<\/li>\n<li><strong>Be\u00e9p\u00edtett BBQ \u00e1llom\u00e1sok<\/strong> \u00c1lland\u00f3bb fel\u00e1ll\u00edt\u00e1s eset\u00e9n a cortenac\u00e9lb\u00f3l k\u00e9sz\u00fclt be\u00e9p\u00edtett grills\u00fct\u0151k kiv\u00e1l\u00f3 v\u00e1laszt\u00e1snak bizonyulnak. Testre szabhat\u00f3k, hogy z\u00f6kken\u0151mentesen illeszkedjenek a k\u00fclt\u00e9ri konyh\u00e1ba.<\/li>\n<\/ol>\n<p><a href=\"https:\/\/keweicorten.com\/hu\"><img loading=\"lazy\" decoding=\"async\" class=\"alignnone wp-image-2981 size-full\" title=\"corten barbecue\" src=\"https:\/\/keweicorten.com\/wp-content\/uploads\/2024\/12\/\u672a\u547d\u540d.jpg\" alt=\"v\u00e1s\u00e1rolni kedvezm\u00e9nyes corten barbecue \" width=\"750\" height=\"750\" srcset=\"https:\/\/keweicorten.com\/wp-content\/uploads\/2024\/12\/\u672a\u547d\u540d.jpg 750w, https:\/\/keweicorten.com\/wp-content\/uploads\/2024\/12\/\u672a\u547d\u540d-300x300.jpg 300w, https:\/\/keweicorten.com\/wp-content\/uploads\/2024\/12\/\u672a\u547d\u540d-150x150.jpg 150w, https:\/\/keweicorten.com\/wp-content\/uploads\/2024\/12\/\u672a\u547d\u540d-12x12.jpg 12w, https:\/\/keweicorten.com\/wp-content\/uploads\/2024\/12\/\u672a\u547d\u540d-600x600.jpg 600w, https:\/\/keweicorten.com\/wp-content\/uploads\/2024\/12\/\u672a\u547d\u540d-100x100.jpg 100w\" sizes=\"(max-width: 750px) 100vw, 750px\" \/><\/a><\/p>\n<h4>Mi\u00e9rt v\u00e1lassza a Corten ac\u00e9lt a grillez\u00e9shez?<\/h4>\n<ul data-spread=\"false\">\n<li><strong>K\u00f6rnyezetbar\u00e1t:<\/strong> A Corten ac\u00e9l \u00fajrahasznos\u00edthat\u00f3, \u00edgy fenntarthat\u00f3 v\u00e1laszt\u00e1s a k\u00f6rnyezettudatos fogyaszt\u00f3k sz\u00e1m\u00e1ra.<\/li>\n<li><strong>Egyedi \u00f6reged\u00e9si folyamat:<\/strong> Az id\u0151 m\u00fal\u00e1s\u00e1val az ac\u00e9l megjelen\u00e9se javul, \u00e9s karaktert k\u00f6lcs\u00f6n\u00f6z a k\u00fclt\u00e9ri t\u00e9rnek.<\/li>\n<li><strong>Id\u0151j\u00e1r\u00e1s\u00e1ll\u00f3s\u00e1g:<\/strong> A sz\u00e9ls\u0151s\u00e9ges k\u00f6r\u00fclm\u00e9nyeknek val\u00f3 ellen\u00e1ll\u00f3k\u00e9pess\u00e9ge biztos\u00edtja, hogy eg\u00e9sz \u00e9vben m\u0171k\u00f6d\u0151k\u00e9pes \u00e9s vizu\u00e1lisan vonz\u00f3 maradjon.<\/li>\n<\/ul>\n<p><a href=\"https:\/\/keweicorten.com\/hu\"><img loading=\"lazy\" decoding=\"async\" class=\"alignnone wp-image-2979 size-full\" title=\"corten ac\u00e9l BBQ grill \" src=\"https:\/\/keweicorten.com\/wp-content\/uploads\/2024\/12\/photobank-3.png\" alt=\"v\u00e1s\u00e1rolni kedvezm\u00e9nyes corten ac\u00e9l BBQ grill -keweicorten\" width=\"437\" height=\"195\" srcset=\"https:\/\/keweicorten.com\/wp-content\/uploads\/2024\/12\/photobank-3.png 437w, https:\/\/keweicorten.com\/wp-content\/uploads\/2024\/12\/photobank-3-300x134.png 300w, https:\/\/keweicorten.com\/wp-content\/uploads\/2024\/12\/photobank-3-18x8.png 18w\" sizes=\"(max-width: 437px) 100vw, 437px\" \/><\/a><\/p>\n<h4>Tippek a Corten ac\u00e9l grills\u00fct\u0151 karbantart\u00e1s\u00e1hoz<\/h4>\n<ul data-spread=\"false\">\n<li>A t\u00falzott rozsd\u00e1sod\u00e1s megel\u0151z\u00e9se \u00e9rdek\u00e9ben ker\u00fclje az \u00e1lland\u00f3 nedvess\u00e9ggel terhelt ter\u00fcletekre val\u00f3 helyez\u00e9st.<\/li>\n<li>Rendszeresen tiszt\u00edtsa meg a grill fel\u00fclet\u00e9t az \u00e9telmarad\u00e9kok elt\u00e1vol\u00edt\u00e1sa \u00e9rdek\u00e9ben.<\/li>\n<li>Haszn\u00e1ljon v\u00e9d\u0151burkolatot, ha olyan r\u00e9gi\u00f3ban \u00e9l, ahol nagy mennyis\u00e9g\u0171 es\u0151 vagy h\u00f3 esik.<\/li>\n<\/ul>","protected":false},"excerpt":{"rendered":"<p data-pm-slice=\"1 1 []\">A Corten ac\u00e9l grills\u00fct\u0151 nem csak a funkcionalit\u00e1sr\u00f3l sz\u00f3l; arr\u00f3l, hogy tart\u00f3s, alacsony karbantart\u00e1si ig\u00e9ny\u0171 \u00e9s vizu\u00e1lisan leny\u0171g\u00f6z\u0151 k\u00f6zponti elemmel gazdag\u00edtsa k\u00fclt\u00e9ri \u00e9letter\u00e9t.<\/p>","protected":false},"featured_media":3005,"comment_status":"open","ping_status":"closed","template":"","meta":{"_eb_attr":"","_monsterinsights_skip_tracking":false,"_monsterinsights_sitenote_active":false,"_monsterinsights_sitenote_note":"","_monsterinsights_sitenote_category":0,"_uf_show_specific_survey":0,"_uf_disable_surveys":false},"product_brand":[],"product_cat":[63],"product_tag":[],"class_list":{"0":"post-2999","1":"product","2":"type-product","3":"status-publish","4":"has-post-thumbnail","6":"product_cat-steel-bbq-grill","8":"first","9":"instock","10":"shipping-taxable","11":"product-type-simple"},"_links":{"self":[{"href":"https:\/\/keweicorten.com\/hu\/wp-json\/wp\/v2\/product\/2999"}],"collection":[{"href":"https:\/\/keweicorten.com\/hu\/wp-json\/wp\/v2\/product"}],"about":[{"href":"https:\/\/keweicorten.com\/hu\/wp-json\/wp\/v2\/types\/product"}],"replies":[{"embeddable":true,"href":"https:\/\/keweicorten.com\/hu\/wp-json\/wp\/v2\/comments?post=2999"}],"version-history":[{"count":1,"href":"https:\/\/keweicorten.com\/hu\/wp-json\/wp\/v2\/product\/2999\/revisions"}],"predecessor-version":[{"id":3007,"href":"https:\/\/keweicorten.com\/hu\/wp-json\/wp\/v2\/product\/2999\/revisions\/3007"}],"wp:featuredmedia":[{"embeddable":true,"href":"https:\/\/keweicorten.com\/hu\/wp-json\/wp\/v2\/media\/3005"}],"wp:attachment":[{"href":"https:\/\/keweicorten.com\/hu\/wp-json\/wp\/v2\/media?parent=2999"}],"wp:term":[{"taxonomy":"product_brand","embeddable":true,"href":"https:\/\/keweicorten.com\/hu\/wp-json\/wp\/v2\/product_brand?post=2999"},{"taxonomy":"product_cat","embeddable":true,"href":"https:\/\/keweicorten.com\/hu\/wp-json\/wp\/v2\/product_cat?post=2999"},{"taxonomy":"product_tag","embeddable":true,"href":"https:\/\/keweicorten.com\/hu\/wp-json\/wp\/v2\/product_tag?post=2999"}],"curies":[{"name":"wp","href":"https:\/\/api.w.org\/{rel}","templated":true}]}}